{"id":696,"date":"2025-08-21T09:48:11","date_gmt":"2025-08-21T01:48:11","guid":{"rendered":"https:\/\/mostebglass.com\/?post_type=product&#038;p=696"},"modified":"2026-03-20T13:25:38","modified_gmt":"2026-03-20T05:25:38","slug":"velkoobchodni-lahve-s-rakosovym-difuzerem-se-svislymi-pruhy","status":"publish","type":"product","link":"https:\/\/mostebglass.com\/cs\/wholesale-reed-diffuser-bottles-with-vertical-stripes\/","title":{"rendered":"Velkoobchodn\u00ed lahvi\u010dky s difuz\u00e9rem Reed 50ml 100ml se svisl\u00fdmi pruhy"},"content":{"rendered":"<p>Hled\u00e1te \u010dist\u00fd a profesion\u00e1ln\u00ed aromaterapeutick\u00fd difuz\u00e9r se sklen\u011bnou lahv\u00ed, kter\u00e1 reprezentuje va\u0161i zna\u010dku? Toto je difuz\u00e9r olej\u016f s ty\u010dinkami, charakteristick\u00fd pro pr\u016fhledn\u00fd ratanov\u00fd design, kter\u00fd m\u00e1 hladk\u00e9, zaoblen\u00e9 t\u011blo s vertik\u00e1ln\u00ed \u017eebrovanou texturou \u2013 jednoduch\u00fd a elegantn\u00ed design, d\u00edky kter\u00e9mu je ide\u00e1ln\u00ed aromaterapeutick\u00e1 lahvi\u010dka pro okam\u017eit\u00e9 pou\u017eit\u00ed.<\/p>\n<h2>Vlastnosti produktu<\/h2>\n<ul>\n<li><strong>Stylov\u00fd a praktick\u00fd design:<\/strong> Zaoblen\u00fd tvar se svisl\u00fdmi dr\u00e1\u017ekami dod\u00e1v\u00e1 va\u0161\u00ed sklen\u011bn\u00e9 lahvi\u010dce na aromaterapii modern\u00ed n\u00e1dech, zvy\u0161uje jej\u00ed \u00fachop a vizu\u00e1ln\u00ed hloubku.<\/li>\n<li><strong>Pr\u00e9miov\u00e9 sklo:<\/strong> Vyrobeno z vysoce kvalitn\u00edho skla, zabra\u0148uje zakalen\u00ed a zachov\u00e1v\u00e1 integritu va\u0161\u00ed v\u016fn\u011b, tak\u017ee je ide\u00e1ln\u00ed pro dlouhodob\u00e9 skladov\u00e1n\u00ed.<\/li>\n<li><strong>Z\u00e1vitov\u00fd krk:<\/strong> Z\u00e1vitov\u00e9 hrdlo umo\u017e\u0148uje snadnou integraci se \u0161roubovac\u00edm uz\u00e1v\u011brem a zaji\u0161\u0165uje tak bezpe\u010dn\u00e9 ut\u011bsn\u011bn\u00ed.<\/li>\n<\/ul>\n<h2>P\u0159\u00edpad \u00fasp\u011bchu<\/h2>\n<p>Jedna ze \u0161pan\u011blsk\u00fdch zna\u010dek bytov\u00fdch v\u016fn\u00ed si vybrala na\u0161i kulatou lahvi\u010dku s difuz\u00e9rem a \u017eebrovanou texturou o objemu 50 ml. Klient zvolil zak\u00e1zkovou, precizn\u011b z\u00e1vitovanou povrchovou \u00fapravu hrdla, kter\u00e1 umo\u017e\u0148uje perfektn\u00ed uchycen\u00ed s keramick\u00fdm l\u00edmcem navr\u017een\u00fdm spole\u010dnost\u00ed, ale tak\u00e9 nab\u00edz\u00ed mo\u017enost no\u0161en\u00ed jak\u00e9hokoli typu v\u00ed\u010dka. Z\u00e1kazn\u00edk d\u00e1le po\u017eadoval pou\u017eit\u00ed karbonov\u011b \u010dern\u00fdch vl\u00e1knit\u00fdch t\u0159pytek pro zaji\u0161t\u011bn\u00ed siln\u00e9 difuze v\u016fn\u011b; pomohli jsme mu tak\u00e9 s minimalistick\u00fdm designem etikety s jemnou mikroreli\u00e9fn\u00ed texturou.<\/p>\n<p>Po uveden\u00ed s\u00e9rie na trh dos\u00e1hla v pouh\u00e9m jednom \u010dtvrtlet\u00ed n\u00e1r\u016fstu maloobchodn\u00edch tr\u017eeb o 29 %; klient v n\u00e1sleduj\u00edc\u00edch p\u011bti m\u011bs\u00edc\u00edch provedl \u010dty\u0159i po sob\u011b jdouc\u00ed velkoobjemov\u00e9 op\u011btovn\u00e9 objedn\u00e1vky.<\/p>\n<h2>Tipy pro p\u0159izp\u016fsoben\u00ed<\/h2>\n<ul>\n<li>Barva lahvi\u010dky: M\u011bkk\u00e9 jantarov\u00e9 sklo (pro ochranu p\u0159ed UV z\u00e1\u0159en\u00edm)<\/li>\n<li>V\u00ed\u010dko: \u010cern\u00fd hlin\u00edkov\u00fd \u0161roubovac\u00ed uz\u00e1v\u011br s jaz\u00fd\u010dkovou vlo\u017ekou<\/li>\n<li>Velikost: Pot\u0159ebujete jedine\u010dn\u00fd tvar? M\u016f\u017eeme se p\u0159izp\u016fsobit va\u0161im specifick\u00fdm po\u017eadavk\u016fm na aromaterapii, abychom velikost p\u0159izp\u016fsobili.<\/li>\n<li>Logo: Zvy\u0161te pov\u011bdom\u00ed o zna\u010dce potiskem, embosov\u00e1n\u00edm nebo vyra\u017een\u00edm loga na lahvi nebo v\u00ed\u010dku.<\/li>\n<\/ul>\n<p>A\u0165 u\u017e prod\u00e1v\u00e1te difuz\u00e9r s ty\u010dinkami nebo difuz\u00e9r s esenci\u00e1ln\u00edmi oleji, tyto velkoobchodn\u00ed lahvi\u010dky s ty\u010dinkami zaru\u010duj\u00ed, \u017ee obdr\u017e\u00edte vysoce kvalitn\u00ed velkoobchodn\u00ed dod\u00e1vku. Nenechte si uj\u00edt na\u0161i produktovou \u0159adu je\u0161t\u011b dnes!<\/p>","protected":false},"excerpt":{"rendered":"<p>Velkoobchodn\u00ed prodej difuz\u00e9r\u016f ze skla a sklen\u011bn\u00fdch ty\u010dinek na zak\u00e1zku. Odoln\u00e9 sklen\u011bn\u00e9 obaly ve velk\u00e9m pro aromaterapii a bytov\u00e9 dekorace. Vzorky zdarma.<\/p>","protected":false},"featured_media":4836,"template":"","meta":{"site-sidebar-layout":"default","site-content-layout":"","ast-site-content-layout":"default","site-content-style":"default","site-sidebar-style":"default","ast-global-header-display":"","ast-banner-title-visibility":"","ast-main-header-display":"","ast-hfb-above-header-display":"","ast-hfb-below-header-display":"","ast-hfb-mobile-header-display":"","site-post-title":"","ast-breadcrumbs-content":"","ast-featured-img":"","footer-sml-layout":"","theme-transparent-header-meta":"default","adv-header-id-meta":"","stick-header-meta":"","header-above-stick-meta":"","header-main-stick-meta":"","header-below-stick-meta":"","astra-migrate-meta-layouts":"set","ast-page-background-enabled":"default","ast-page-background-meta":{"desktop":{"background-color":"var(--ast-global-color-5)","background-image":"","background-repeat":"repeat","background-position":"center center","background-size":"auto","background-attachment":"scroll","background-type":"","background-media":"","overlay-type":"","overlay-color":"","overlay-opacity":"","overlay-gradient":""},"tablet":{"background-color":"","background-image":"","background-repeat":"repeat","background-position":"center center","background-size":"auto","background-attachment":"scroll","background-type":"","background-media":"","overlay-type":"","overlay-color":"","overlay-opacity":"","overlay-gradient":""},"mobile":{"background-color":"","background-image":"","background-repeat":"repeat","background-position":"center center","background-size":"auto","background-attachment":"scroll","background-type":"","background-media":"","overlay-type":"","overlay-color":"","overlay-opacity":"","overlay-gradient":""}},"ast-content-background-meta":{"desktop":{"background-color":"var(--ast-global-color-4)","background-image":"","background-repeat":"repeat","background-position":"center center","background-size":"auto","background-attachment":"scroll","background-type":"","background-media":"","overlay-type":"","overlay-color":"","overlay-opacity":"","overlay-gradient":""},"tablet":{"background-color":"var(--ast-global-color-4)","background-image":"","background-repeat":"repeat","background-position":"center center","background-size":"auto","background-attachment":"scroll","background-type":"","background-media":"","overlay-type":"","overlay-color":"","overlay-opacity":"","overlay-gradient":""},"mobile":{"background-color":"var(--ast-global-color-4)","background-image":"","background-repeat":"repeat","background-position":"center center","background-size":"auto","background-attachment":"scroll","background-type":"","background-media":"","overlay-type":"","overlay-color":"","overlay-opacity":"","overlay-gradient":""}}},"product_brand":[],"product_cat":[54],"product_tag":[],"class_list":{"0":"post-696","1":"product","2":"type-product","3":"status-publish","4":"has-post-thumbnail","6":"product_cat-reed-diffuser-bottles","7":"desktop-align-left","8":"tablet-align-left","9":"mobile-align-left","11":"first","12":"instock","13":"shipping-taxable","14":"product-type-simple"},"jetpack_sharing_enabled":true,"_links":{"self":[{"href":"https:\/\/mostebglass.com\/cs\/wp-json\/wp\/v2\/product\/696","targetHints":{"allow":["GET"]}}],"collection":[{"href":"https:\/\/mostebglass.com\/cs\/wp-json\/wp\/v2\/product"}],"about":[{"href":"https:\/\/mostebglass.com\/cs\/wp-json\/wp\/v2\/types\/product"}],"wp:featuredmedia":[{"embeddable":true,"href":"https:\/\/mostebglass.com\/cs\/wp-json\/wp\/v2\/media\/4836"}],"wp:attachment":[{"href":"https:\/\/mostebglass.com\/cs\/wp-json\/wp\/v2\/media?parent=696"}],"wp:term":[{"taxonomy":"product_brand","embeddable":true,"href":"https:\/\/mostebglass.com\/cs\/wp-json\/wp\/v2\/product_brand?post=696"},{"taxonomy":"product_cat","embeddable":true,"href":"https:\/\/mostebglass.com\/cs\/wp-json\/wp\/v2\/product_cat?post=696"},{"taxonomy":"product_tag","embeddable":true,"href":"https:\/\/mostebglass.com\/cs\/wp-json\/wp\/v2\/product_tag?post=696"}],"curies":[{"name":"wp","href":"https:\/\/api.w.org\/{rel}","templated":true}]}}