{"id":706,"date":"2025-08-21T10:12:54","date_gmt":"2025-08-21T02:12:54","guid":{"rendered":"https:\/\/mostebglass.com\/?post_type=product&#038;p=706"},"modified":"2026-03-16T13:08:51","modified_gmt":"2026-03-16T05:08:51","slug":"volne-lozene-prazdne-difuzni-lahve-a-rakosy-se-spiralovym-designem","status":"publish","type":"product","link":"https:\/\/mostebglass.com\/cs\/bulk-empty-diffuser-bottles-and-reeds-with-spiral-design\/","title":{"rendered":"Pr\u00e1zdn\u00e9 lahvi\u010dky a trsy s difuz\u00e9rem o objemu 100 ml a 250 ml se spir\u00e1lov\u00fdm designem"},"content":{"rendered":"<p>Design pr\u00e1zdn\u00fdch difuz\u00e9rov\u00fdch lahvi\u010dek a ty\u010dinek je spir\u00e1lov\u00fd, co\u017e je jedine\u010dn\u00e9 a dod\u00e1v\u00e1 ka\u017ed\u00e9 m\u00edstnosti n\u00e1dech elegance. Pr\u016fhledn\u00e9 sklen\u011bn\u00e9 t\u011blo v\u00e1m d\u00e1v\u00e1 mo\u017enost vystavit barevnou tekutinu uvnit\u0159 a pevn\u00fd r\u00e1m je odoln\u00fd. Tato lahvi\u010dka difuz\u00e9ru je ide\u00e1ln\u00ed pro pou\u017eit\u00ed doma i v kancel\u00e1\u0159i a dob\u0159e se hod\u00ed k ty\u010dink\u00e1m pro st\u00e1lou a p\u0159\u00edjemnou v\u016fni. Jej\u00ed modern\u00ed, ale minimalistick\u00fd design se perfektn\u011b hod\u00ed do jak\u00e9hokoli interi\u00e9ru.<\/p>\n<h2>Vlastnosti produktu<\/h2>\n<ul>\n<li><strong>Poutav\u00e1 spir\u00e1lov\u00e1 textura:<\/strong> Rotuj\u00edc\u00ed \u017eebrovan\u00fd vzor dod\u00e1v\u00e1 va\u0161emu defuzoru pohyb a hloubku, d\u00edky \u010demu\u017e vynikne na polic\u00edch i na soci\u00e1ln\u00edch s\u00edt\u00edch.<\/li>\n<li><strong>Kulovit\u00fd tvar:<\/strong> Kruhov\u00fd tvar lahve s hladk\u00fdmi, zaoblen\u00fdmi liniemi vytv\u00e1\u0159\u00ed jedine\u010dnou a dekorativn\u00ed kr\u00e1su.<\/li>\n<li><strong>Odoln\u00e9 \u010dir\u00e9 sklo:<\/strong> Sklen\u011bn\u00e1 l\u00e1hev s vysok\u00fdm rozli\u0161en\u00edm je odoln\u00e1 proti po\u0161kr\u00e1b\u00e1n\u00ed a chemik\u00e1li\u00edm, co\u017e ji \u010din\u00ed ide\u00e1ln\u00ed pro dlouhodob\u00e9 skladov\u00e1n\u00ed a \u010dast\u00e9 pou\u017e\u00edv\u00e1n\u00ed.<\/li>\n<\/ul>\n<h2>Jak jedna zna\u010dka vybudovala bestseller<\/h2>\n<p>Jeden startup v aromaterapeutick\u00e9m pr\u016fmyslu jednou koupil 3 000 t\u011bchto pr\u00e1zdn\u00fdch difuz\u00e9rov\u00fdch lahvi\u010dek a ty\u010dinek. Pro t\u011blo lahvi\u010dky zvolil sv\u011btle zelenou barvu a p\u0159idal sv\u00e9 jedine\u010dn\u00e9 logo. Kombinace spir\u00e1lov\u00e9ho designu a vlastn\u00ed barvy zpopularizovala jejich produkty. B\u011bhem pouh\u00fdch dvou m\u011bs\u00edc\u016f obdr\u017eel mnoho opakovan\u00fdch objedn\u00e1vek a jejich prodeje se v\u00fdrazn\u011b zv\u00fd\u0161ily. To ukazuje, \u017ee tyto pr\u00e1zdn\u00e9 difuz\u00e9rov\u00e9 \u200b\u200blahvi\u010dky mohou skute\u010dn\u011b pomoci podpo\u0159it va\u0161e podnik\u00e1n\u00ed.<\/p>\n<h2>Va\u0161e zna\u010dka, va\u0161e pravidla<\/h2>\n<ul>\n<li>Zak\u00e1zkov\u00e9 \u0159emesln\u00e9 zpracov\u00e1n\u00ed: M\u016f\u017eete si vybrat polevu, malbu nebo \u0159ezbu, abyste sklen\u011bn\u00e9 l\u00e1hvi dodali speci\u00e1ln\u00ed texturu.<\/li>\n<li>V\u00ed\u010dka: Vym\u011b\u0148te standardn\u00ed z\u00e1tku za d\u0159ev\u011bn\u00e1, kovov\u00e1 nebo keramick\u00e1 v\u00ed\u010dka, kter\u00e1 budou odpov\u00eddat stylu va\u0161eho produktu.<\/li>\n<li>Velikost: Pokud 50ml a 100ml nespl\u0148uj\u00ed va\u0161e po\u017eadavky, m\u016f\u017eeme p\u0159izp\u016fsobit velikost dezinfek\u010dn\u00ed sklenice va\u0161im specifick\u00fdm po\u017eadavk\u016fm.<\/li>\n<\/ul>","protected":false},"excerpt":{"rendered":"<p>Velkoobchodn\u00ed prodej pr\u00e1zdn\u00fdch lahv\u00ed do difuz\u00e9ru a pr\u00e1zdn\u00fdch lahv\u00ed a ty\u010dinek do difuz\u00e9ru ve velk\u00e9m. Pr\u00e9miov\u00e1 kvalita, tov\u00e1rn\u00ed cena, vzorky zdarma pro B2B kupuj\u00edc\u00ed.<\/p>","protected":false},"featured_media":4780,"template":"","meta":{"site-sidebar-layout":"default","site-content-layout":"","ast-site-content-layout":"default","site-content-style":"default","site-sidebar-style":"default","ast-global-header-display":"","ast-banner-title-visibility":"","ast-main-header-display":"","ast-hfb-above-header-display":"","ast-hfb-below-header-display":"","ast-hfb-mobile-header-display":"","site-post-title":"","ast-breadcrumbs-content":"","ast-featured-img":"","footer-sml-layout":"","theme-transparent-header-meta":"default","adv-header-id-meta":"","stick-header-meta":"","header-above-stick-meta":"","header-main-stick-meta":"","header-below-stick-meta":"","astra-migrate-meta-layouts":"set","ast-page-background-enabled":"default","ast-page-background-meta":{"desktop":{"background-color":"var(--ast-global-color-5)","background-image":"","background-repeat":"repeat","background-position":"center center","background-size":"auto","background-attachment":"scroll","background-type":"","background-media":"","overlay-type":"","overlay-color":"","overlay-opacity":"","overlay-gradient":""},"tablet":{"background-color":"","background-image":"","background-repeat":"repeat","background-position":"center center","background-size":"auto","background-attachment":"scroll","background-type":"","background-media":"","overlay-type":"","overlay-color":"","overlay-opacity":"","overlay-gradient":""},"mobile":{"background-color":"","background-image":"","background-repeat":"repeat","background-position":"center center","background-size":"auto","background-attachment":"scroll","background-type":"","background-media":"","overlay-type":"","overlay-color":"","overlay-opacity":"","overlay-gradient":""}},"ast-content-background-meta":{"desktop":{"background-color":"var(--ast-global-color-4)","background-image":"","background-repeat":"repeat","background-position":"center center","background-size":"auto","background-attachment":"scroll","background-type":"","background-media":"","overlay-type":"","overlay-color":"","overlay-opacity":"","overlay-gradient":""},"tablet":{"background-color":"var(--ast-global-color-4)","background-image":"","background-repeat":"repeat","background-position":"center center","background-size":"auto","background-attachment":"scroll","background-type":"","background-media":"","overlay-type":"","overlay-color":"","overlay-opacity":"","overlay-gradient":""},"mobile":{"background-color":"var(--ast-global-color-4)","background-image":"","background-repeat":"repeat","background-position":"center center","background-size":"auto","background-attachment":"scroll","background-type":"","background-media":"","overlay-type":"","overlay-color":"","overlay-opacity":"","overlay-gradient":""}}},"product_brand":[],"product_cat":[54],"product_tag":[],"class_list":{"0":"post-706","1":"product","2":"type-product","3":"status-publish","4":"has-post-thumbnail","6":"product_cat-reed-diffuser-bottles","7":"desktop-align-left","8":"tablet-align-left","9":"mobile-align-left","11":"first","12":"instock","13":"shipping-taxable","14":"product-type-simple"},"jetpack_sharing_enabled":true,"_links":{"self":[{"href":"https:\/\/mostebglass.com\/cs\/wp-json\/wp\/v2\/product\/706","targetHints":{"allow":["GET"]}}],"collection":[{"href":"https:\/\/mostebglass.com\/cs\/wp-json\/wp\/v2\/product"}],"about":[{"href":"https:\/\/mostebglass.com\/cs\/wp-json\/wp\/v2\/types\/product"}],"wp:featuredmedia":[{"embeddable":true,"href":"https:\/\/mostebglass.com\/cs\/wp-json\/wp\/v2\/media\/4780"}],"wp:attachment":[{"href":"https:\/\/mostebglass.com\/cs\/wp-json\/wp\/v2\/media?parent=706"}],"wp:term":[{"taxonomy":"product_brand","embeddable":true,"href":"https:\/\/mostebglass.com\/cs\/wp-json\/wp\/v2\/product_brand?post=706"},{"taxonomy":"product_cat","embeddable":true,"href":"https:\/\/mostebglass.com\/cs\/wp-json\/wp\/v2\/product_cat?post=706"},{"taxonomy":"product_tag","embeddable":true,"href":"https:\/\/mostebglass.com\/cs\/wp-json\/wp\/v2\/product_tag?post=706"}],"curies":[{"name":"wp","href":"https:\/\/api.w.org\/{rel}","templated":true}]}}