{"id":717,"date":"2025-08-21T13:15:37","date_gmt":"2025-08-21T05:15:37","guid":{"rendered":"https:\/\/mostebglass.com\/?post_type=product&#038;p=717"},"modified":"2026-02-10T11:17:05","modified_gmt":"2026-02-10T03:17:05","slug":"glass-jars-with-cork-lids-candle-storage-spice-containers","status":"publish","type":"product","link":"https:\/\/mostebglass.com\/cs\/glass-jars-with-cork-lids-candle-storage-spice-containers\/","title":{"rendered":"Sklen\u011bn\u00e9 d\u00f3zy 100ml 200ml s korkov\u00fdm v\u00ed\u010dkem | D\u00f3zy na sv\u00ed\u010dky, ko\u0159en\u00ed a \u00falo\u017en\u00e9 n\u00e1doby"},"content":{"rendered":"<p>Tyto sklen\u011bn\u00e9 d\u00f3zy s korkov\u00fdmi v\u00ed\u010dky (100 ml a 200 ml) maj\u00ed zaoblen\u00fd v\u00e1lcov\u00fd tvar s hladk\u00fdmi a jemn\u011b zaoblen\u00fdmi bo\u010dn\u00edmi st\u011bnami a \u0161irok\u00fdm otvorem pro snadn\u00e9 pln\u011bn\u00ed a p\u0159\u00edstup. Jsou vyrobeny z t\u011b\u017ek\u00e9ho, pevn\u00e9ho skla a prod\u00e1vaj\u00ed se v \u010dir\u00e9, jantarov\u00e9, \u010dern\u00e9 a zelen\u00e9 barv\u011b. Poskytuj\u00ed vizu\u00e1ln\u00ed rozmanitost a provozn\u00ed ochranu p\u0159ed sv\u011btlem. D\u00f3zy jsou dopln\u011bny p\u0159\u00edrodn\u00edm korkov\u00fdm uz\u00e1v\u011brem, kter\u00fd t\u011bsn\u011b p\u0159il\u00e9h\u00e1 k \u00fast\u00ed, velmi snadno se uzav\u00edr\u00e1 a vytv\u00e1\u0159\u00ed tepl\u00fd a organick\u00fd kontrast se sklen\u011bn\u00fdm t\u011blem.<\/p>\n<figure id=\"attachment_4426\" aria-describedby=\"caption-attachment-4426\" style=\"width: 500px\" class=\"wp-caption aligncenter\"><img fetchpriority=\"high\" decoding=\"async\" class=\"wp-image-4426\" src=\"https:\/\/mostebglass.com\/wp-content\/uploads\/2025\/08\/100ml-200ml-glass-jars-with-cork-lids.webp\" alt=\"Sklen\u011bn\u00e9 d\u00f3zy o objemu 100 ml a 200 ml s korkov\u00fdm v\u00ed\u010dkem\" width=\"500\" height=\"500\" srcset=\"https:\/\/mostebglass.com\/wp-content\/uploads\/2025\/08\/100ml-200ml-glass-jars-with-cork-lids.webp 1024w, https:\/\/mostebglass.com\/wp-content\/uploads\/2025\/08\/100ml-200ml-glass-jars-with-cork-lids-768x768.webp 768w, https:\/\/mostebglass.com\/wp-content\/uploads\/2025\/08\/100ml-200ml-glass-jars-with-cork-lids-12x12.webp 12w, https:\/\/mostebglass.com\/wp-content\/uploads\/2025\/08\/100ml-200ml-glass-jars-with-cork-lids-300x300.webp 300w, https:\/\/mostebglass.com\/wp-content\/uploads\/2025\/08\/100ml-200ml-glass-jars-with-cork-lids-600x600.webp 600w, https:\/\/mostebglass.com\/wp-content\/uploads\/2025\/08\/100ml-200ml-glass-jars-with-cork-lids-100x100.webp 100w\" sizes=\"(max-width: 500px) 100vw, 500px\" \/><figcaption id=\"caption-attachment-4426\" class=\"wp-caption-text\">Sklen\u011bn\u00e9 d\u00f3zy o objemu 100 ml a 200 ml s korkov\u00fdm v\u00ed\u010dkem<\/figcaption><\/figure>\n<h2>Kl\u00ed\u010dov\u00e9 vlastnosti<\/h2>\n<p>Jsou vybaveny stabiln\u00ed plochou z\u00e1kladnou, rovnom\u011brnou tlou\u0161\u0165kou st\u011bny a mal\u00fdm p\u016fdorysem, kter\u00fd se hod\u00ed i do obal\u016f s mal\u00fdm objemem. Korkov\u00e9 v\u00edko zabra\u0148uje nadm\u011brn\u00e9mu vystaven\u00ed prachu a zaji\u0161\u0165uje, \u017ee v\u00edko lze opakovan\u011b otev\u00edrat a zav\u00edrat.<\/p>\n<h2>Aplikace<\/h2>\n<p>D\u00f3zy lze snadno pou\u017e\u00edt k \u0159ad\u011b \u00fa\u010del\u016f, nap\u0159\u00edklad jako d\u00f3zy na sv\u00ed\u010dky (k uchov\u00e1v\u00e1n\u00ed mal\u00fdch vonn\u00fdch sv\u00ed\u010dek), skladovac\u00ed d\u00f3zy (bylinky, ko\u0159en\u00ed, soli nebo \u010daj), dekorativn\u00ed d\u00f3zy (bytov\u00e9 dekorace nebo d\u00e1rkov\u00e9 sady) a n\u00e1doby (\u0159emesln\u00e9 p\u0159edm\u011bty nebo vzorky kosmetiky). Jejich multifunk\u010dn\u00ed vzhled je vhodn\u00fd pro maloobchodn\u00ed zna\u010dky, pohostinstv\u00ed a zak\u00e1zkov\u00e9 balic\u00ed programy.<\/p>\n<h2>Kl\u00ed\u010dov\u00e9 specifikace<\/h2>\n<table style=\"border-collapse: collapse; width: 80%; margin-right: auto; margin-left: auto;\" border=\"0\" width=\"144\" cellspacing=\"0\" cellpadding=\"0\">\n<tbody>\n<tr>\n<td width=\"72\">Funkce<\/td>\n<td width=\"72\">Podrobnosti<\/td>\n<\/tr>\n<tr>\n<td>Rozm\u011bry<\/td>\n<td>100 ml (64 mm * 63 mm), 200 ml (69 mm * 93 mm)<\/td>\n<\/tr>\n<tr>\n<td>Mo\u017enosti barev<\/td>\n<td>\u010cir\u00e1, zelen\u00e1, jantarov\u00e1, matn\u00e1 \u010dern\u00e1 nebo p\u0159izp\u016fsoben\u00e1 barva<\/td>\n<\/tr>\n<tr>\n<td>Materi\u00e1l<\/td>\n<td>Bezolovnat\u00e9 sodnov\u00e1penat\u00e9 sklo a p\u0159\u00edrodn\u00ed korek<\/td>\n<\/tr>\n<\/tbody>\n<\/table>\n<figure id=\"attachment_4430\" aria-describedby=\"caption-attachment-4430\" style=\"width: 500px\" class=\"wp-caption aligncenter\"><img decoding=\"async\" class=\"wp-image-4430\" src=\"https:\/\/mostebglass.com\/wp-content\/uploads\/2025\/08\/100ml-glass-jars-with-cork-lids.webp\" alt=\"Sklen\u011bn\u00e9 d\u00f3zy o objemu 100 ml s korkov\u00fdm v\u00ed\u010dkem\" width=\"500\" height=\"500\" srcset=\"https:\/\/mostebglass.com\/wp-content\/uploads\/2025\/08\/100ml-glass-jars-with-cork-lids.webp 1024w, https:\/\/mostebglass.com\/wp-content\/uploads\/2025\/08\/100ml-glass-jars-with-cork-lids-768x768.webp 768w, https:\/\/mostebglass.com\/wp-content\/uploads\/2025\/08\/100ml-glass-jars-with-cork-lids-12x12.webp 12w, https:\/\/mostebglass.com\/wp-content\/uploads\/2025\/08\/100ml-glass-jars-with-cork-lids-300x300.webp 300w, https:\/\/mostebglass.com\/wp-content\/uploads\/2025\/08\/100ml-glass-jars-with-cork-lids-600x600.webp 600w, https:\/\/mostebglass.com\/wp-content\/uploads\/2025\/08\/100ml-glass-jars-with-cork-lids-100x100.webp 100w\" sizes=\"(max-width: 500px) 100vw, 500px\" \/><figcaption id=\"caption-attachment-4430\" class=\"wp-caption-text\">Sklen\u011bn\u00e9 lahve o objemu 100 ml<\/figcaption><\/figure>\n<h2>N\u00e1pady na p\u0159izp\u016fsoben\u00ed pro v\u00e1s<\/h2>\n<ol>\n<li><strong>\u0160ablona sez\u00f3nn\u00ed textury:<\/strong>Aplikujte na sklo vlastn\u00ed zap\u00e1chaj\u00edc\u00ed texturu (nap\u0159. sn\u011bhov\u00e9 vlo\u010dky na zimu, sn\u011bhov\u00e9 vlo\u010dky, kvetouc\u00ed kv\u011btiny na jaro). Ide\u00e1ln\u00ed pro jantarov\u00e9 d\u00f3zy na sv\u00ed\u010dky v sez\u00f3nn\u00ed kolekci sv\u00ed\u010dek nebo velkoobchodn\u00ed prodej sv\u00ed\u010dek.<\/li>\n<li><strong>Zna\u010dkov\u00e9 korkov\u00e9 vlo\u017eky:<\/strong> Laserov\u00e9 opracov\u00e1n\u00ed pro vysoce kvalitn\u00ed dotyk ve velkoobchodn\u00edm balen\u00ed sv\u00ed\u010dek v korkov\u00e9m v\u00ed\u010dku s jejich logem nebo vzorem.<\/li>\n<\/ol>\n<p>&nbsp;<\/p>","protected":false},"excerpt":{"rendered":"<p>V\u0161estrann\u00e9 mal\u00e9 sklen\u011bn\u00e9 d\u00f3zy s korkov\u00fdm v\u00ed\u010dkem na sv\u00ed\u010dky, skladovac\u00ed d\u00f3zy, ko\u0159enky a dekorativn\u00ed obaly. \u0158e\u0161en\u00ed na m\u00edru pro maloobchod i velkoobchod.<\/p>","protected":false},"featured_media":4431,"template":"","meta":{"site-sidebar-layout":"default","site-content-layout":"","ast-site-content-layout":"default","site-content-style":"default","site-sidebar-style":"default","ast-global-header-display":"","ast-banner-title-visibility":"","ast-main-header-display":"","ast-hfb-above-header-display":"","ast-hfb-below-header-display":"","ast-hfb-mobile-header-display":"","site-post-title":"","ast-breadcrumbs-content":"","ast-featured-img":"","footer-sml-layout":"","theme-transparent-header-meta":"default","adv-header-id-meta":"","stick-header-meta":"","header-above-stick-meta":"","header-main-stick-meta":"","header-below-stick-meta":"","astra-migrate-meta-layouts":"set","ast-page-background-enabled":"default","ast-page-background-meta":{"desktop":{"background-color":"var(--ast-global-color-5)","background-image":"","background-repeat":"repeat","background-position":"center center","background-size":"auto","background-attachment":"scroll","background-type":"","background-media":"","overlay-type":"","overlay-color":"","overlay-opacity":"","overlay-gradient":""},"tablet":{"background-color":"","background-image":"","background-repeat":"repeat","background-position":"center center","background-size":"auto","background-attachment":"scroll","background-type":"","background-media":"","overlay-type":"","overlay-color":"","overlay-opacity":"","overlay-gradient":""},"mobile":{"background-color":"","background-image":"","background-repeat":"repeat","background-position":"center center","background-size":"auto","background-attachment":"scroll","background-type":"","background-media":"","overlay-type":"","overlay-color":"","overlay-opacity":"","overlay-gradient":""}},"ast-content-background-meta":{"desktop":{"background-color":"var(--ast-global-color-4)","background-image":"","background-repeat":"repeat","background-position":"center center","background-size":"auto","background-attachment":"scroll","background-type":"","background-media":"","overlay-type":"","overlay-color":"","overlay-opacity":"","overlay-gradient":""},"tablet":{"background-color":"var(--ast-global-color-4)","background-image":"","background-repeat":"repeat","background-position":"center center","background-size":"auto","background-attachment":"scroll","background-type":"","background-media":"","overlay-type":"","overlay-color":"","overlay-opacity":"","overlay-gradient":""},"mobile":{"background-color":"var(--ast-global-color-4)","background-image":"","background-repeat":"repeat","background-position":"center center","background-size":"auto","background-attachment":"scroll","background-type":"","background-media":"","overlay-type":"","overlay-color":"","overlay-opacity":"","overlay-gradient":""}}},"product_brand":[],"product_cat":[28,21],"product_tag":[],"class_list":{"0":"post-717","1":"product","2":"type-product","3":"status-publish","4":"has-post-thumbnail","6":"product_cat-glass-candle-jars","7":"product_cat-product","8":"desktop-align-left","9":"tablet-align-left","10":"mobile-align-left","12":"first","13":"instock","14":"shipping-taxable","15":"product-type-simple"},"jetpack_sharing_enabled":true,"_links":{"self":[{"href":"https:\/\/mostebglass.com\/cs\/wp-json\/wp\/v2\/product\/717","targetHints":{"allow":["GET"]}}],"collection":[{"href":"https:\/\/mostebglass.com\/cs\/wp-json\/wp\/v2\/product"}],"about":[{"href":"https:\/\/mostebglass.com\/cs\/wp-json\/wp\/v2\/types\/product"}],"wp:featuredmedia":[{"embeddable":true,"href":"https:\/\/mostebglass.com\/cs\/wp-json\/wp\/v2\/media\/4431"}],"wp:attachment":[{"href":"https:\/\/mostebglass.com\/cs\/wp-json\/wp\/v2\/media?parent=717"}],"wp:term":[{"taxonomy":"product_brand","embeddable":true,"href":"https:\/\/mostebglass.com\/cs\/wp-json\/wp\/v2\/product_brand?post=717"},{"taxonomy":"product_cat","embeddable":true,"href":"https:\/\/mostebglass.com\/cs\/wp-json\/wp\/v2\/product_cat?post=717"},{"taxonomy":"product_tag","embeddable":true,"href":"https:\/\/mostebglass.com\/cs\/wp-json\/wp\/v2\/product_tag?post=717"}],"curies":[{"name":"wp","href":"https:\/\/api.w.org\/{rel}","templated":true}]}}