{"id":729,"date":"2025-08-21T12:49:19","date_gmt":"2025-08-21T04:49:19","guid":{"rendered":"https:\/\/mostebglass.com\/?post_type=product&#038;p=729"},"modified":"2026-04-09T15:24:15","modified_gmt":"2026-04-09T07:24:15","slug":"clear-reed-diffuser-containers-with-vertical-stripes-wholesale","status":"publish","type":"product","link":"https:\/\/mostebglass.com\/cs\/clear-reed-diffuser-containers-with-vertical-stripes-wholesale\/","title":{"rendered":"Velkoobchodn\u00ed prodej pr\u016fhledn\u00fdch difuz\u00e9r\u016f s ty\u010dinkami 50ml\/100ml s vertik\u00e1ln\u00edmi pruhy"},"content":{"rendered":"<p>Tento sklen\u011bn\u00fd difuz\u00e9r s ty\u010dinkami \u2013 z\u00e1rove\u0148 elegantn\u00ed \u010dir\u00fd difuz\u00e9r s ty\u010dinkami \u2013 je vyroben z prvot\u0159\u00eddn\u00edho difuzn\u00edho skla a m\u00e1 elegantn\u00ed v\u00e1lcovit\u00fd tvar s ostr\u00fdmi svisl\u00fdmi hranami. Odoln\u00e1 \u010dir\u00e1 lahvi\u010dka s difuz\u00e9rem je k\u0159i\u0161\u0165\u00e1lov\u011b \u010dist\u00e1 a p\u0159edstavuje perfektn\u00ed zp\u016fsob, jak prezentovat svou jedine\u010dnou v\u016fni. Specializujeme se na velkoobjemov\u00e9 v\u016fn\u011b a \u0159adu difuz\u00e9r\u016f, v\u010detn\u011b v\u0161estrann\u00fdch n\u00e1dobek na difuz\u00e9ry a nab\u00edz\u00edme vysoce kvalitn\u00ed produkty za dostupn\u00e9 ceny.<\/p>\n<h2>Vlastnosti produktu<\/h2>\n<ul>\n<li>Praktick\u00fd design: Svisl\u00e9 pruhy a \u0161irok\u00e1 \u00fasta (sp\u00e1rovan\u00e1 s bezpe\u010dnou z\u00e1tkou) usnad\u0148uj\u00ed dopl\u0148ov\u00e1n\u00ed tohoto klasick\u00e9ho difuz\u00e9ru s ty\u010dinkou a snadno se kombinuje s jin\u00fdmi difuz\u00e9ry s ty\u010dinkami a n\u00e1dobkami na difuz\u00e9ry, tak\u017ee je ide\u00e1ln\u00ed pro ka\u017edodenn\u00ed pou\u017eit\u00ed.<\/li>\n<li>Pr\u016fhledn\u00e1: Vyrobena z prvot\u0159\u00eddn\u00edho difuzn\u00edho skla, v\u016fn\u011b uvnit\u0159 t\u00e9to pr\u016fhledn\u00e9 lahvi\u010dky s difuz\u00e9rem (v\u00fdjime\u010dn\u00fd pr\u016fhledn\u00fd difuz\u00e9r) je jasn\u011b viditeln\u00e1 a vytv\u00e1\u0159\u00ed sv\u011b\u017e\u00ed a \u010dist\u00fd vizu\u00e1ln\u00ed z\u00e1\u017eitek.<\/li>\n<li>\u0160t\u00edhl\u00fd design: \u0160t\u00edhl\u00e1 lahvi\u010dka a \u010dist\u00e9 linie tohoto sklen\u011bn\u00e9ho difuz\u00e9ru s ty\u010dinkami vytv\u00e1\u0159ej\u00ed jednoduch\u00fd a elegantn\u00ed design, kter\u00fd dopln\u00ed jak\u00fdkoli styl vystaven\u00ed a bez probl\u00e9m\u016f se hod\u00ed k difuz\u00e9r\u016fm s ty\u010dinkami.<\/li>\n<\/ul>\n<h2>Skute\u010dn\u00fd p\u0159\u00edb\u011bh: Jak jedna zna\u010dka zdvojn\u00e1sobila po\u010det vracej\u00edc\u00edch se z\u00e1kazn\u00edk\u016f<\/h2>\n<p>Kalifornsk\u00e1 zna\u010dka wellness produkt\u016f se sna\u017eila uv\u00e9st na trh unik\u00e1tn\u011b vypadaj\u00edc\u00ed difuz\u00e9r s ty\u010dinkou. Jejich z\u00e1kazn\u00edk\u016fm se v\u016fn\u011b l\u00edbila, ale nemohli si vzpomenout na jin\u00e9 lahvi\u010dky mezi b\u011b\u017en\u00fdmi sklen\u011bn\u00fdmi difuz\u00e9ry a n\u00e1dobkami na difuz\u00e9ry v reg\u00e1lech. Proto se rozhodli pro n\u00e1\u0161 difuz\u00e9r s pr\u016fhledn\u00fdmi ty\u010dinkami na m\u00edru, vyroben\u00fd z m\u011bkk\u00e9ho zelen\u00e9ho skla s zna\u010dkovou z\u00e1tkou a individu\u00e1ln\u011b tvarovan\u00fdm balen\u00edm. Produkt byl tak popul\u00e1rn\u00ed, \u017ee b\u011bhem \u0161esti m\u011bs\u00edc\u016f roz\u0161\u00ed\u0159ili svou produktovou \u0159adu o stejnou pr\u016fhlednou lahvi\u010dku s difuz\u00e9rem a zdvojn\u00e1sobili sv\u00e9 tr\u017eby.<\/p>\n<h2>Mo\u017enosti p\u0159izp\u016fsoben\u00ed<\/h2>\n<p>Nespokojte se s hotov\u00fdmi mo\u017enostmi. Snadno si p\u0159izp\u016fsob\u00edme ka\u017ed\u00fd detail va\u0161eho sklen\u011bn\u00e9ho difuz\u00e9ru pomoc\u00ed ty\u010dinek, pr\u016fhledn\u00e9 lahvi\u010dky s difuz\u00e9rem nebo ty\u010dinkov\u00fdch n\u00e1dobek s difuz\u00e9rem:<\/p>\n<ul>\n<li>Speci\u00e1ln\u00ed povrchov\u00e9 \u00fapravy: Matn\u00e9, ml\u00e9\u010dn\u00e9 nebo barevn\u00e9 difuzn\u00ed sklo pro luxusn\u00ed vzhled, vhodn\u00e9 jak pro \u010dir\u00e9 difuz\u00e9ry s r\u00e1kosem, tak pro difuz\u00e9ry v n\u00e1dob\u00e1ch.<\/li>\n<li>Dopl\u0148ky: Z\u00e1tky na m\u00edru a zna\u010dkov\u00e9 difuz\u00e9ry pro zv\u00fd\u0161en\u00ed atraktivity va\u0161eho produktu.<\/li>\n<li>Aplikace loga: S\u00edtotisk, popisov\u00e1n\u00ed nebo p\u00edskov\u00e1n\u00ed na sklen\u011bn\u00e9 povrchy difuz\u00e9r\u016f.<\/li>\n<\/ul>\n<p>Chcete skute\u010dn\u011b personalizovan\u00fd a exkluzivn\u00ed difuz\u00e9r v\u016fn\u011b s ty\u010dinkami, dopln\u011bn\u00fd o zak\u00e1zkov\u00e9 n\u00e1dobky na difuz\u00e9ry nebo unik\u00e1tn\u00ed balen\u00ed difuz\u00e9ru? Vyrob\u00edme v\u00e1m ho na m\u00edru.<\/p>","protected":false},"excerpt":{"rendered":"<p>Velkoobchodn\u00ed prodej pr\u016fhledn\u00fdch difuz\u00e9r\u016f a difuz\u00e9r\u016f ve tvaru ty\u010dinky. Hromadn\u00e9 objedn\u00e1vky, vzorky zdarma, pr\u00e9miov\u00e1 kvalita \u2013 ide\u00e1ln\u00ed pro zna\u010dky a dodavatele v\u016fn\u00ed.<\/p>","protected":false},"featured_media":5015,"template":"","meta":{"site-sidebar-layout":"default","site-content-layout":"","ast-site-content-layout":"default","site-content-style":"default","site-sidebar-style":"default","ast-global-header-display":"","ast-banner-title-visibility":"","ast-main-header-display":"","ast-hfb-above-header-display":"","ast-hfb-below-header-display":"","ast-hfb-mobile-header-display":"","site-post-title":"","ast-breadcrumbs-content":"","ast-featured-img":"","footer-sml-layout":"","theme-transparent-header-meta":"default","adv-header-id-meta":"","stick-header-meta":"","header-above-stick-meta":"","header-main-stick-meta":"","header-below-stick-meta":"","astra-migrate-meta-layouts":"set","ast-page-background-enabled":"default","ast-page-background-meta":{"desktop":{"background-color":"var(--ast-global-color-5)","background-image":"","background-repeat":"repeat","background-position":"center center","background-size":"auto","background-attachment":"scroll","background-type":"","background-media":"","overlay-type":"","overlay-color":"","overlay-opacity":"","overlay-gradient":""},"tablet":{"background-color":"","background-image":"","background-repeat":"repeat","background-position":"center center","background-size":"auto","background-attachment":"scroll","background-type":"","background-media":"","overlay-type":"","overlay-color":"","overlay-opacity":"","overlay-gradient":""},"mobile":{"background-color":"","background-image":"","background-repeat":"repeat","background-position":"center center","background-size":"auto","background-attachment":"scroll","background-type":"","background-media":"","overlay-type":"","overlay-color":"","overlay-opacity":"","overlay-gradient":""}},"ast-content-background-meta":{"desktop":{"background-color":"var(--ast-global-color-4)","background-image":"","background-repeat":"repeat","background-position":"center center","background-size":"auto","background-attachment":"scroll","background-type":"","background-media":"","overlay-type":"","overlay-color":"","overlay-opacity":"","overlay-gradient":""},"tablet":{"background-color":"var(--ast-global-color-4)","background-image":"","background-repeat":"repeat","background-position":"center center","background-size":"auto","background-attachment":"scroll","background-type":"","background-media":"","overlay-type":"","overlay-color":"","overlay-opacity":"","overlay-gradient":""},"mobile":{"background-color":"var(--ast-global-color-4)","background-image":"","background-repeat":"repeat","background-position":"center center","background-size":"auto","background-attachment":"scroll","background-type":"","background-media":"","overlay-type":"","overlay-color":"","overlay-opacity":"","overlay-gradient":""}}},"product_brand":[],"product_cat":[54],"product_tag":[],"class_list":{"0":"post-729","1":"product","2":"type-product","3":"status-publish","4":"has-post-thumbnail","6":"product_cat-reed-diffuser-bottles","7":"desktop-align-left","8":"tablet-align-left","9":"mobile-align-left","11":"first","12":"instock","13":"shipping-taxable","14":"product-type-simple"},"jetpack_sharing_enabled":true,"_links":{"self":[{"href":"https:\/\/mostebglass.com\/cs\/wp-json\/wp\/v2\/product\/729","targetHints":{"allow":["GET"]}}],"collection":[{"href":"https:\/\/mostebglass.com\/cs\/wp-json\/wp\/v2\/product"}],"about":[{"href":"https:\/\/mostebglass.com\/cs\/wp-json\/wp\/v2\/types\/product"}],"wp:featuredmedia":[{"embeddable":true,"href":"https:\/\/mostebglass.com\/cs\/wp-json\/wp\/v2\/media\/5015"}],"wp:attachment":[{"href":"https:\/\/mostebglass.com\/cs\/wp-json\/wp\/v2\/media?parent=729"}],"wp:term":[{"taxonomy":"product_brand","embeddable":true,"href":"https:\/\/mostebglass.com\/cs\/wp-json\/wp\/v2\/product_brand?post=729"},{"taxonomy":"product_cat","embeddable":true,"href":"https:\/\/mostebglass.com\/cs\/wp-json\/wp\/v2\/product_cat?post=729"},{"taxonomy":"product_tag","embeddable":true,"href":"https:\/\/mostebglass.com\/cs\/wp-json\/wp\/v2\/product_tag?post=729"}],"curies":[{"name":"wp","href":"https:\/\/api.w.org\/{rel}","templated":true}]}}