{"id":755,"date":"2025-08-21T19:14:33","date_gmt":"2025-08-21T11:14:33","guid":{"rendered":"https:\/\/mostebglass.com\/?post_type=product&#038;p=755"},"modified":"2026-03-13T14:29:12","modified_gmt":"2026-03-13T06:29:12","slug":"empty-glass-diffuser-bottles-in-pumpkin-shape-for-wholesale","status":"publish","type":"product","link":"https:\/\/mostebglass.com\/cs\/empty-glass-diffuser-bottles-in-pumpkin-shape-for-wholesale\/","title":{"rendered":"100ml 200ml pr\u00e1zdn\u00e9 sklen\u011bn\u00e9 difuzn\u00ed lahve ve tvaru d\u00fdn\u011b pro velkoobchod"},"content":{"rendered":"<p>A\u0165 u\u017e kupujete pr\u00e1zdn\u00e9 sklen\u011bn\u00e9 difuz\u00e9ry pro novou \u0159adu v\u016fn\u00ed, nebo vytv\u00e1\u0159\u00edte kompletn\u00ed kolekci obal\u016f na v\u016fn\u011b, tato n\u00edzk\u00e1, pln\u00e1 sklen\u011bn\u00e1 lahvi\u010dka s \u010dist\u00fdmi geometrick\u00fdmi hranami p\u0159ipom\u00edn\u00e1 modern\u00ed d\u00fdni zalitou slune\u010dn\u00edm sv\u011btlem. Je to v\u00edc ne\u017e jen oby\u010dejn\u00e1 lahvi\u010dka \u2013 je to sklen\u011bn\u00fd difuz\u00e9r na stopce, kter\u00fd je navr\u017een tak, aby prod\u00e1val.<\/p>\n<h2>Vlastnosti produktu<\/h2>\n<ul>\n<li><strong>Design fazetovan\u00e9ho skla:<\/strong> L\u00e1hev je navr\u017eena v mnoha vrstv\u00e1ch, m\u00e1 tvar d\u00fdn\u011b, kter\u00e1 odr\u00e1\u017e\u00ed sv\u011btlo nejelegantn\u011bj\u0161\u00edm zp\u016fsobem a z\u00e1rove\u0148 se sama o sob\u011b hod\u00ed do jak\u00e9hokoli interi\u00e9ru.<\/li>\n<li><strong>Stabiln\u00ed kulat\u00e1 z\u00e1kladna:<\/strong> Zaoblen\u00e9 a \u0161irok\u00e9 dno zabra\u0148uje p\u0159evr\u00e1cen\u00ed p\u0159i pou\u017e\u00edv\u00e1n\u00ed, tak\u017ee je bezpe\u010dn\u00e9 a pohodln\u00e9 pou\u017e\u00edvat ho na polic\u00edch, stolech a pracovn\u00edch desk\u00e1ch.<\/li>\n<li><strong>Mo\u017enosti pr\u00e9miov\u00fdch ozdobn\u00fdch obojk\u016f:<\/strong> Z\u00e1kazn\u00edci si mohou vybrat z elegantn\u00edho kovov\u00e9ho obojku ve zlat\u00e9 nebo \u010dern\u00e9 barv\u011b, kter\u00fd dod\u00e1v\u00e1 sofistikovan\u00fd n\u00e1dech a umoc\u0148uje celkovou atraktivitu.<\/li>\n<\/ul>\n<h2>Skute\u010dn\u00fd \u00fasp\u011bch: Jak zna\u010dka zdvojn\u00e1sobila z\u00e1jem maloobchodn\u00edk\u016f<\/h2>\n<p>Kalifornsk\u00e1 zna\u010dka p\u0159edstavuje novou \u0159adu aromaterapeutick\u00fdch produkt\u016f. Vybral si na\u0161e 100ml sklen\u011bn\u00e9 defusery. Pro sv\u00e9 zna\u010dky zvolil Custom Amber-Colored, Empty Glass Defuser Bottles a Laser Angrev. Tyto sklen\u011bn\u00e9 defusery s ty\u010dinkami se staly bestsellerem. Maloobchodn\u00edci p\u0159em\u00fd\u0161lej\u00ed o jedine\u010dn\u00e9m designu a prodej zna\u010dek se za t\u0159i m\u011bs\u00edce zv\u00fd\u0161il o 35 %. To ukazuje, jak dob\u0159e navr\u017een\u00e1 lahev m\u016f\u017ee zv\u00fd\u0161it atraktivitu produktu.<\/p>\n<h2>Tipy pro p\u0159izp\u016fsoben\u00ed<\/h2>\n<ol>\n<li>Belvormige elegantie:<\/li>\n<li>De gladde, ronde glazen diffuser straalt een luxueuze uitstraling uit, terwijl het matte, zittende oppervlak het licht zachtjes weerkaatst.<\/li>\n<li>Gefrustreerde textuur:<\/li>\n<\/ol>","protected":false},"excerpt":{"rendered":"<p>Met een inhoud van 10 ml is het gemakkelijk compact te maken en mee te nemen of op te hangen, waardoor het ruimte bespaart.<\/p>","protected":false},"featured_media":4752,"template":"","meta":{"site-sidebar-layout":"default","site-content-layout":"","ast-site-content-layout":"default","site-content-style":"default","site-sidebar-style":"default","ast-global-header-display":"","ast-banner-title-visibility":"","ast-main-header-display":"","ast-hfb-above-header-display":"","ast-hfb-below-header-display":"","ast-hfb-mobile-header-display":"","site-post-title":"","ast-breadcrumbs-content":"","ast-featured-img":"","footer-sml-layout":"","theme-transparent-header-meta":"default","adv-header-id-meta":"","stick-header-meta":"","header-above-stick-meta":"","header-main-stick-meta":"","header-below-stick-meta":"","astra-migrate-meta-layouts":"set","ast-page-background-enabled":"default","ast-page-background-meta":{"desktop":{"background-color":"var(--ast-global-color-5)","background-image":"","background-repeat":"repeat","background-position":"center center","background-size":"auto","background-attachment":"scroll","background-type":"","background-media":"","overlay-type":"","overlay-color":"","overlay-opacity":"","overlay-gradient":""},"tablet":{"background-color":"","background-image":"","background-repeat":"repeat","background-position":"center center","background-size":"auto","background-attachment":"scroll","background-type":"","background-media":"","overlay-type":"","overlay-color":"","overlay-opacity":"","overlay-gradient":""},"mobile":{"background-color":"","background-image":"","background-repeat":"repeat","background-position":"center center","background-size":"auto","background-attachment":"scroll","background-type":"","background-media":"","overlay-type":"","overlay-color":"","overlay-opacity":"","overlay-gradient":""}},"ast-content-background-meta":{"desktop":{"background-color":"var(--ast-global-color-4)","background-image":"","background-repeat":"repeat","background-position":"center center","background-size":"auto","background-attachment":"scroll","background-type":"","background-media":"","overlay-type":"","overlay-color":"","overlay-opacity":"","overlay-gradient":""},"tablet":{"background-color":"var(--ast-global-color-4)","background-image":"","background-repeat":"repeat","background-position":"center center","background-size":"auto","background-attachment":"scroll","background-type":"","background-media":"","overlay-type":"","overlay-color":"","overlay-opacity":"","overlay-gradient":""},"mobile":{"background-color":"var(--ast-global-color-4)","background-image":"","background-repeat":"repeat","background-position":"center center","background-size":"auto","background-attachment":"scroll","background-type":"","background-media":"","overlay-type":"","overlay-color":"","overlay-opacity":"","overlay-gradient":""}}},"product_brand":[],"product_cat":[54],"product_tag":[],"class_list":{"0":"post-755","1":"product","2":"type-product","3":"status-publish","4":"has-post-thumbnail","6":"product_cat-reed-diffuser-bottles","7":"desktop-align-left","8":"tablet-align-left","9":"mobile-align-left","11":"first","12":"instock","13":"shipping-taxable","14":"product-type-simple"},"jetpack_sharing_enabled":true,"_links":{"self":[{"href":"https:\/\/mostebglass.com\/cs\/wp-json\/wp\/v2\/product\/755","targetHints":{"allow":["GET"]}}],"collection":[{"href":"https:\/\/mostebglass.com\/cs\/wp-json\/wp\/v2\/product"}],"about":[{"href":"https:\/\/mostebglass.com\/cs\/wp-json\/wp\/v2\/types\/product"}],"wp:featuredmedia":[{"embeddable":true,"href":"https:\/\/mostebglass.com\/cs\/wp-json\/wp\/v2\/media\/4752"}],"wp:attachment":[{"href":"https:\/\/mostebglass.com\/cs\/wp-json\/wp\/v2\/media?parent=755"}],"wp:term":[{"taxonomy":"product_brand","embeddable":true,"href":"https:\/\/mostebglass.com\/cs\/wp-json\/wp\/v2\/product_brand?post=755"},{"taxonomy":"product_cat","embeddable":true,"href":"https:\/\/mostebglass.com\/cs\/wp-json\/wp\/v2\/product_cat?post=755"},{"taxonomy":"product_tag","embeddable":true,"href":"https:\/\/mostebglass.com\/cs\/wp-json\/wp\/v2\/product_tag?post=755"}],"curies":[{"name":"wp","href":"https:\/\/api.w.org\/{rel}","templated":true}]}}