{"id":760,"date":"2025-08-22T08:49:51","date_gmt":"2025-08-22T00:49:51","guid":{"rendered":"https:\/\/mostebglass.com\/?post_type=product&#038;p=760"},"modified":"2026-05-15T16:54:54","modified_gmt":"2026-05-15T08:54:54","slug":"glass-reed-diffuser-containers-with-ribbed-bulk","status":"publish","type":"product","link":"https:\/\/mostebglass.com\/cs\/glass-reed-diffuser-containers-with-ribbed-bulk\/","title":{"rendered":"100ml 200ml Glass Reed Diffuser Containers with Ribbed Bulk"},"content":{"rendered":"<p>Jedn\u00e1 se o soubor sklen\u011bn\u00fdch parf\u00e9mov\u00fdch lahvi\u010dek (100 ml a 200 ml) jako p\u0159\u00edklad difuz\u00e9ru s uspo\u0159\u00e1dan\u00fdm v\u00e1lcovit\u00fdm tvarem, jeho\u017e z\u00e1kladna m\u00e1 ov\u00e1ln\u00fd tvar a je schopna poskytovat rovnom\u011brnou oporu. Sklen\u011bn\u00e9 t\u011blo je texturovan\u00e9 vertik\u00e1ln\u011b \u017eebrovanou texturou, kter\u00e1 vytv\u00e1\u0159\u00ed rafinovan\u00fd a line\u00e1rn\u00ed vzhled a z\u00e1rove\u0148 p\u0159isp\u00edv\u00e1 ke zv\u00fd\u0161en\u00e9mu odrazu sv\u011btla d\u00edky barevn\u00e9 kapalin\u011b, kter\u00e1 je v n\u011bm obsa\u017eena.<\/p>\n<h2>P\u0159\u00edlohy<\/h2>\n<p>Z\u00e1tky lahv\u00ed ve tvaru T jsou rovn\u011b\u017e pozlaceny, tak\u017ee ka\u017ed\u00e1 z nich vytv\u00e1\u0159\u00ed \u010dist\u00fd a le\u0161t\u011bn\u00fd kontrast s pr\u016fhledn\u00fdm sklem. V otvoru se nach\u00e1zej\u00ed r\u016fzn\u00e9 t\u0159tinov\u00e9 ty\u010dinky, kter\u00e9 dob\u0159e \u0161\u00ed\u0159\u00ed v\u016fni. P\u0159esn\u011b uzav\u0159en\u00fd korek a v\u00ed\u010dko tak\u00e9 dod\u00e1vaj\u00ed lahvi\u010dk\u00e1m elegantn\u00ed a luxusn\u00ed vzhled, d\u00edky \u010demu\u017e se lahve \u0159ad\u00ed mezi \u0161pi\u010dkov\u00e9 difuz\u00e9ry.<\/p>\n<h2>Aplikace<\/h2>\n<p>Tyto luxusn\u00ed difuz\u00e9ry lze pou\u017e\u00edt v dom\u00e1c\u00edch parf\u00e9mov\u00fdch produktech jako ty\u010dinkov\u00e9 difuz\u00e9ry. Lze je tak\u00e9 pou\u017e\u00edt jako malou kv\u011btinovou v\u00e1zu v n\u00e1dob\u011b pro dekorativn\u00ed \u00fa\u010dely. Obvykle se pou\u017e\u00edvaj\u00ed v reziden\u010dn\u00edch sektorech, pohostinstv\u00edch a maloobchodn\u00edch prostor\u00e1ch s lifestylov\u00fdm zbo\u017e\u00edm. Kombinace texturovan\u00e9ho skla a kovov\u00e9ho uz\u00e1v\u011bru zaji\u0161\u0165uje, \u017ee ka\u017ed\u00fd ty\u010dinkov\u00fd difuz\u00e9r m\u00e1 n\u00e1dobku s c\u00edvkou, kterou lze dekorativn\u011b vystavit a zajistit tak nep\u0159etr\u017eit\u00e9 uvol\u0148ov\u00e1n\u00ed v\u016fn\u011b.<\/p>\n<h2>P\u0159\u00edpad \u00fasp\u011bchu<\/h2>\n<p>A French home fragrance company had to find a good packaging solution for its all-new high-end aromatherapy line. The client after a careful inspection of many suppliers chose one of our geometrically shaped glass diffuser bottles. The bottles were customised with bespoke spray-painted finishes in smoky gray and amber colours, to complement the company\u2019s unique fragrance lines. In addition, the client had a custom silk-screen print process for their brand logo and a thicker black fiber diffuser reed as well as electroplated gold neck rings to create a very polished and sophisticated look.<\/p>\n<p>Since launching this new collection, the client has seen a 35% uplift in sales of their premium fragrance category in the first quarter alone. These luxury diffuser bottles were met with a very positive response and reviews from both the distributors and online consumers and the brand subsequently made continuous orders for these items, thereby expanding the product line with limited edition seasonal releases.<\/p>\n<h2>Jak si p\u0159izp\u016fsobit vlastn\u00ed?<\/h2>\n<p>M\u00e1te mo\u017enosti \u2013 a my v\u00e1m pom\u016f\u017eeme doladit ka\u017ed\u00fd detail.<\/p>\n<ul>\n<li>Speci\u00e1ln\u00ed povrchov\u00e9 \u00fapravy: Vyzkou\u0161ejte matn\u00e9 sklo, barevn\u00e9 krytky nebo dokonce dvoubarevn\u00fd potisk pro vynikaj\u00edc\u00ed vzhled.<\/li>\n<li>Barva lahve: Vym\u011b\u0148te \u010dir\u00e9 sklo za kou\u0159ov\u011b \u010dernou, oce\u00e1nsky modrou nebo jemn\u011b jantarovou. Tmav\u00e9 rozptylovac\u00ed sklo sni\u017euje riziko z\u00e1\u0159en\u00ed a zachov\u00e1v\u00e1 kvalitu oleje.<\/li>\n<li>Velikost: Vyberte si 40 ml pro vzorky, 100 ml pro standardn\u00ed maloobchodn\u00ed prodej nebo 200 ml pro pr\u00e9miov\u00e9 d\u00e1rkov\u00e9 sady.<\/li>\n<li>Logo a branding: Vytiskn\u011bte si logo p\u0159\u00edmo na sklo nebo pou\u017eijte vlastn\u00ed \u0161t\u00edtky.<\/li>\n<\/ul>\n<p>Tyto velkoobchodn\u00ed difuz\u00e9ry nejsou jen n\u00e1doby. Jsou prvn\u00edm dojmem va\u0161\u00ed zna\u010dky. A\u0165 na n\u011bm z\u00e1le\u017e\u00ed.<\/p>","protected":false},"excerpt":{"rendered":"<p>The reed diffuser containers with ribbed glass, and gold stopper. These luxury diffuser bottles Ideal for brands and fragrance lines. Free samples.<\/p>","protected":false},"featured_media":5337,"template":"","meta":{"site-sidebar-layout":"default","site-content-layout":"","ast-site-content-layout":"default","site-content-style":"default","site-sidebar-style":"default","ast-global-header-display":"","ast-banner-title-visibility":"","ast-main-header-display":"","ast-hfb-above-header-display":"","ast-hfb-below-header-display":"","ast-hfb-mobile-header-display":"","site-post-title":"","ast-breadcrumbs-content":"","ast-featured-img":"","footer-sml-layout":"","theme-transparent-header-meta":"default","adv-header-id-meta":"","stick-header-meta":"","header-above-stick-meta":"","header-main-stick-meta":"","header-below-stick-meta":"","astra-migrate-meta-layouts":"set","ast-page-background-enabled":"default","ast-page-background-meta":{"desktop":{"background-color":"var(--ast-global-color-5)","background-image":"","background-repeat":"repeat","background-position":"center center","background-size":"auto","background-attachment":"scroll","background-type":"","background-media":"","overlay-type":"","overlay-color":"","overlay-opacity":"","overlay-gradient":""},"tablet":{"background-color":"","background-image":"","background-repeat":"repeat","background-position":"center center","background-size":"auto","background-attachment":"scroll","background-type":"","background-media":"","overlay-type":"","overlay-color":"","overlay-opacity":"","overlay-gradient":""},"mobile":{"background-color":"","background-image":"","background-repeat":"repeat","background-position":"center center","background-size":"auto","background-attachment":"scroll","background-type":"","background-media":"","overlay-type":"","overlay-color":"","overlay-opacity":"","overlay-gradient":""}},"ast-content-background-meta":{"desktop":{"background-color":"var(--ast-global-color-4)","background-image":"","background-repeat":"repeat","background-position":"center center","background-size":"auto","background-attachment":"scroll","background-type":"","background-media":"","overlay-type":"","overlay-color":"","overlay-opacity":"","overlay-gradient":""},"tablet":{"background-color":"var(--ast-global-color-4)","background-image":"","background-repeat":"repeat","background-position":"center center","background-size":"auto","background-attachment":"scroll","background-type":"","background-media":"","overlay-type":"","overlay-color":"","overlay-opacity":"","overlay-gradient":""},"mobile":{"background-color":"var(--ast-global-color-4)","background-image":"","background-repeat":"repeat","background-position":"center center","background-size":"auto","background-attachment":"scroll","background-type":"","background-media":"","overlay-type":"","overlay-color":"","overlay-opacity":"","overlay-gradient":""}}},"product_brand":[],"product_cat":[54,21],"product_tag":[],"class_list":{"0":"post-760","1":"product","2":"type-product","3":"status-publish","4":"has-post-thumbnail","6":"product_cat-reed-diffuser-bottles","7":"product_cat-product","8":"desktop-align-left","9":"tablet-align-left","10":"mobile-align-left","12":"first","13":"instock","14":"shipping-taxable","15":"product-type-simple"},"jetpack_sharing_enabled":true,"_links":{"self":[{"href":"https:\/\/mostebglass.com\/cs\/wp-json\/wp\/v2\/product\/760","targetHints":{"allow":["GET"]}}],"collection":[{"href":"https:\/\/mostebglass.com\/cs\/wp-json\/wp\/v2\/product"}],"about":[{"href":"https:\/\/mostebglass.com\/cs\/wp-json\/wp\/v2\/types\/product"}],"wp:featuredmedia":[{"embeddable":true,"href":"https:\/\/mostebglass.com\/cs\/wp-json\/wp\/v2\/media\/5337"}],"wp:attachment":[{"href":"https:\/\/mostebglass.com\/cs\/wp-json\/wp\/v2\/media?parent=760"}],"wp:term":[{"taxonomy":"product_brand","embeddable":true,"href":"https:\/\/mostebglass.com\/cs\/wp-json\/wp\/v2\/product_brand?post=760"},{"taxonomy":"product_cat","embeddable":true,"href":"https:\/\/mostebglass.com\/cs\/wp-json\/wp\/v2\/product_cat?post=760"},{"taxonomy":"product_tag","embeddable":true,"href":"https:\/\/mostebglass.com\/cs\/wp-json\/wp\/v2\/product_tag?post=760"}],"curies":[{"name":"wp","href":"https:\/\/api.w.org\/{rel}","templated":true}]}}