{"id":766,"date":"2025-08-22T10:26:40","date_gmt":"2025-08-22T02:26:40","guid":{"rendered":"https:\/\/mostebglass.com\/?post_type=product&#038;p=766"},"modified":"2026-03-03T14:08:27","modified_gmt":"2026-03-03T06:08:27","slug":"glass-round-votive-candle-holders-in-ball-style-bulk","status":"publish","type":"product","link":"https:\/\/mostebglass.com\/cs\/glass-round-votive-candle-holders-in-ball-style-bulk\/","title":{"rendered":"Sklen\u011bn\u00e9 kulat\u00e9 votivn\u00ed sv\u00edcny ve velk\u00e9m stylu"},"content":{"rendered":"<p>Jedn\u00e1 se o kulat\u00e9 sklen\u011bn\u00e9 votivn\u00ed sv\u00edcny, kter\u00e9 jsou vysoce pr\u016fhledn\u00e9, proto\u017ee maj\u00ed vynikaj\u00edc\u00ed \u010dirost a hladk\u00fd a le\u0161t\u011bn\u00fd povrch, kter\u00fd dod\u00e1v\u00e1 kr\u00e1su pohledu na plamen sv\u00ed\u010dky. Pevn\u00e1 z\u00e1kladna je siln\u00e1, tak\u017ee je odoln\u00e1 a tepeln\u011b odoln\u00e1 v\u016f\u010di ho\u0159en\u00ed. Zak\u0159iven\u00e9 tvary a zaoblen\u00fd vn\u011bj\u0161\u00ed design j\u00ed dod\u00e1vaj\u00ed m\u011bkk\u00fd a modern\u00ed vzhled a hlubok\u00fd vnit\u0159ek pevn\u011b dr\u017e\u00ed vosk, aby se nerozlil. To umo\u017e\u0148uje \u0161irok\u00e9 nal\u00e9v\u00e1n\u00ed a um\u00edst\u011bn\u00ed knotu, co\u017e je ide\u00e1ln\u00ed jak pro ru\u010dn\u011b lit\u00e9, tak pro strojov\u011b pln\u011bn\u00e9 sv\u00ed\u010dky.<\/p>\n<h2>Vlastnosti produktu<\/h2>\n<ul>\n<li><strong>Dvouvrstv\u00e1 vizu\u00e1ln\u00ed struktura:<\/strong> Zaoblen\u00e1 st\u011bna a vnit\u0159n\u00ed kal\u00ed\u0161ek vytv\u00e1\u0159ej\u00ed zvl\u00e1\u0161tn\u00ed efekt hloubky akv\u00e1ria.<\/li>\n<li><strong>\u0160irok\u00e9 otev\u0159en\u00ed \u00fast:<\/strong> Vosk se snadno nal\u00e9v\u00e1, knot se vycentruje a snadno se \u010dist\u00ed.<\/li>\n<li><strong>Hlubok\u00e1 vnit\u0159n\u00ed dutina:<\/strong> Minimalizuje riziko p\u0159ete\u010den\u00ed vosku a udr\u017euje roztaven\u00fd vosk v \u010dist\u00e9 n\u00e1dob\u011b.<\/li>\n<\/ul>\n<h2>Kl\u00ed\u010dov\u00e9 specifikace<\/h2>\n<table style=\"border-collapse: collapse; width: 80%; margin-left: auto; margin-right: auto;\" border=\"0\" width=\"144\" cellspacing=\"0\" cellpadding=\"0\">\n<tbody>\n<tr style=\"height: 13.50pt;\">\n<td style=\"height: 13.5pt; width: 54pt; text-align: center;\" width=\"72\" height=\"18\">Funkce<\/td>\n<td style=\"width: 54pt; text-align: center;\" width=\"72\">Podrobnosti<\/td>\n<\/tr>\n<tr style=\"height: 13.50pt;\">\n<td style=\"height: 13.5pt; text-align: center;\" height=\"18\">Rozm\u011bry<\/td>\n<td style=\"text-align: center;\">68*25 mm<\/td>\n<\/tr>\n<tr style=\"height: 13.50pt;\">\n<td style=\"height: 13.5pt; text-align: center;\" height=\"18\">Materi\u00e1l<\/td>\n<td style=\"text-align: center;\">K\u0159i\u0161\u0165\u00e1lov\u00e9 sklo<\/td>\n<\/tr>\n<tr style=\"height: 13.50pt;\">\n<td style=\"height: 13.5pt; text-align: center;\" height=\"18\">Mo\u017enosti barev<\/td>\n<td style=\"text-align: center;\">Jasn\u00e9, jak pot\u0159ebujete<\/td>\n<\/tr>\n<\/tbody>\n<\/table>\n<h2>P\u0159\u00edpad \u00fasp\u011bchu<\/h2>\n<p>Jedna ze severoitalsk\u00fdch zna\u010dek bytov\u00fdch v\u016fn\u00ed specializuj\u00edc\u00edch se na botanick\u00e9 s\u00f3jov\u00e9 sv\u00ed\u010dky se rozhodla navrhnout n\u00e1\u0161 sklen\u011bn\u00fd sv\u00edcen ve tvaru misky na zak\u00e1zku. Sv\u00edcen se t\u0159pyt\u00ed matn\u00fdm povrchem, kter\u00fd dod\u00e1v\u00e1 efekt su\u0161en\u00fdch kv\u011btin zasazen\u00fdch do vosku a dopl\u0148uje tak minimalistick\u00fd st\u0159edomo\u0159sk\u00fd design. Velk\u00e1 z\u00e1kladna je vyra\u017eena jemn\u00fdm vzorem olivov\u00e9 ratolesti, zat\u00edmco logo zna\u010dky je nati\u0161t\u011bno matnou zlatou f\u00f3li\u00ed na vn\u011bj\u0161\u00edm okraji. Tak\u00e9 jsme si objednali na m\u00edru vyroben\u00e9 jasanov\u00e9 v\u00edko, kter\u00e9 bylo vyryto laserem a dokonale odpov\u00edd\u00e1 \u0161irok\u00e9mu otvoru ve sv\u00edcnu.<\/p>\n<p>Zp\u011btn\u00e1 vazba od z\u00e1kazn\u00edk\u016f ukazuje, \u017ee vn\u00edman\u00e1 pr\u00e9miov\u00e1 kvalita se v dob\u011b testov\u00e1n\u00ed v obchod\u011b zv\u00fd\u0161ila o 35 procent. Do\u0161lo tak\u00e9 k n\u00e1r\u016fstu cen produktu, kter\u00fd byl znovu zakoupen do dvou m\u011bs\u00edc\u016f od jeho uveden\u00ed na trh, o 28 procent.<\/p>\n<h2>N\u00e1pady na p\u0159izp\u016fsoben\u00ed pro v\u00e1s<\/h2>\n<ol>\n<li><strong>\u00da\u010dinky povrchov\u00e9 \u00fapravy:<\/strong> Matn\u00e1 povrchov\u00e1 \u00faprava, vnit\u0159n\u00ed n\u00e1st\u0159ik, vn\u011bj\u0161\u00ed matn\u00fd n\u00e1t\u011br nebo duhov\u00e9 galvanick\u00e9 pokovov\u00e1n\u00ed pro zv\u00fd\u0161en\u00ed hloubky vizu\u00e1ln\u00edho efektu.<\/li>\n<li><strong>Z\u00e1kladn\u00ed grav\u00edrov\u00e1n\u00ed nebo tvarov\u00e1n\u00ed:<\/strong> Vlastn\u00ed reli\u00e9fn\u00ed zna\u010dka zna\u010dky nebo spodn\u00ed strana s hlubok\u00fdm vzorem pro m\u00edrnou identifikaci zna\u010dky.<\/li>\n<li><strong>Odpov\u00eddaj\u00edc\u00ed v\u00edko:<\/strong> Sklen\u011bn\u00e9 v\u00edko, d\u0159ev\u011bn\u00e9 v\u00edko, bambusov\u00e9 v\u00edko nebo kovov\u00e9 v\u00ed\u010dko, kter\u00e9 se vejde do \u0161irok\u00e9 okrajov\u00e9 konstrukce.<\/li>\n<\/ol>","protected":false},"excerpt":{"rendered":"<p>Zvy\u0161te prodej s kulat\u00fdmi votivn\u00edmi sv\u00edcny! Doprava zdarma na velkoobchodn\u00ed prodej d\u00f3z na sv\u00ed\u010dky + exkluzivn\u00ed designov\u00e9 \u0161ablony. Ide\u00e1ln\u00ed pro luxusn\u00ed zna\u010dky sv\u00ed\u010dek.<\/p>","protected":false},"featured_media":4575,"template":"","meta":{"site-sidebar-layout":"default","site-content-layout":"","ast-site-content-layout":"default","site-content-style":"default","site-sidebar-style":"default","ast-global-header-display":"","ast-banner-title-visibility":"","ast-main-header-display":"","ast-hfb-above-header-display":"","ast-hfb-below-header-display":"","ast-hfb-mobile-header-display":"","site-post-title":"","ast-breadcrumbs-content":"","ast-featured-img":"","footer-sml-layout":"","theme-transparent-header-meta":"default","adv-header-id-meta":"","stick-header-meta":"","header-above-stick-meta":"","header-main-stick-meta":"","header-below-stick-meta":"","astra-migrate-meta-layouts":"set","ast-page-background-enabled":"default","ast-page-background-meta":{"desktop":{"background-color":"var(--ast-global-color-5)","background-image":"","background-repeat":"repeat","background-position":"center center","background-size":"auto","background-attachment":"scroll","background-type":"","background-media":"","overlay-type":"","overlay-color":"","overlay-opacity":"","overlay-gradient":""},"tablet":{"background-color":"","background-image":"","background-repeat":"repeat","background-position":"center center","background-size":"auto","background-attachment":"scroll","background-type":"","background-media":"","overlay-type":"","overlay-color":"","overlay-opacity":"","overlay-gradient":""},"mobile":{"background-color":"","background-image":"","background-repeat":"repeat","background-position":"center center","background-size":"auto","background-attachment":"scroll","background-type":"","background-media":"","overlay-type":"","overlay-color":"","overlay-opacity":"","overlay-gradient":""}},"ast-content-background-meta":{"desktop":{"background-color":"var(--ast-global-color-4)","background-image":"","background-repeat":"repeat","background-position":"center center","background-size":"auto","background-attachment":"scroll","background-type":"","background-media":"","overlay-type":"","overlay-color":"","overlay-opacity":"","overlay-gradient":""},"tablet":{"background-color":"var(--ast-global-color-4)","background-image":"","background-repeat":"repeat","background-position":"center center","background-size":"auto","background-attachment":"scroll","background-type":"","background-media":"","overlay-type":"","overlay-color":"","overlay-opacity":"","overlay-gradient":""},"mobile":{"background-color":"var(--ast-global-color-4)","background-image":"","background-repeat":"repeat","background-position":"center center","background-size":"auto","background-attachment":"scroll","background-type":"","background-media":"","overlay-type":"","overlay-color":"","overlay-opacity":"","overlay-gradient":""}}},"product_brand":[],"product_cat":[28],"product_tag":[],"class_list":{"0":"post-766","1":"product","2":"type-product","3":"status-publish","4":"has-post-thumbnail","6":"product_cat-glass-candle-jars","7":"desktop-align-left","8":"tablet-align-left","9":"mobile-align-left","11":"first","12":"instock","13":"shipping-taxable","14":"product-type-simple"},"jetpack_sharing_enabled":true,"_links":{"self":[{"href":"https:\/\/mostebglass.com\/cs\/wp-json\/wp\/v2\/product\/766","targetHints":{"allow":["GET"]}}],"collection":[{"href":"https:\/\/mostebglass.com\/cs\/wp-json\/wp\/v2\/product"}],"about":[{"href":"https:\/\/mostebglass.com\/cs\/wp-json\/wp\/v2\/types\/product"}],"wp:featuredmedia":[{"embeddable":true,"href":"https:\/\/mostebglass.com\/cs\/wp-json\/wp\/v2\/media\/4575"}],"wp:attachment":[{"href":"https:\/\/mostebglass.com\/cs\/wp-json\/wp\/v2\/media?parent=766"}],"wp:term":[{"taxonomy":"product_brand","embeddable":true,"href":"https:\/\/mostebglass.com\/cs\/wp-json\/wp\/v2\/product_brand?post=766"},{"taxonomy":"product_cat","embeddable":true,"href":"https:\/\/mostebglass.com\/cs\/wp-json\/wp\/v2\/product_cat?post=766"},{"taxonomy":"product_tag","embeddable":true,"href":"https:\/\/mostebglass.com\/cs\/wp-json\/wp\/v2\/product_tag?post=766"}],"curies":[{"name":"wp","href":"https:\/\/api.w.org\/{rel}","templated":true}]}}