{"id":788,"date":"2025-08-22T13:27:34","date_gmt":"2025-08-22T05:27:34","guid":{"rendered":"https:\/\/mostebglass.com\/?post_type=product&#038;p=788"},"modified":"2026-03-18T11:38:33","modified_gmt":"2026-03-18T03:38:33","slug":"hanging-empty-car-diffuser-bottles-with-wood-lids-wholesale","status":"publish","type":"product","link":"https:\/\/mostebglass.com\/cs\/hanging-empty-car-diffuser-bottles-with-wood-lids-wholesale\/","title":{"rendered":"10ml z\u00e1v\u011bsn\u00e9 pr\u00e1zdn\u00e9 lahvi\u010dky do auta s difuz\u00e9rem a d\u0159ev\u011bn\u00fdmi v\u00ed\u010dky - velkoobchod"},"content":{"rendered":"<p>Tato z\u00e1v\u011bsn\u00e1 difuzn\u00ed lahev, navr\u017een\u00e1 speci\u00e1ln\u011b pro auta, se stala obl\u00edbenou. Jej\u00ed m\u011bkk\u00fd, zaoblen\u00fd tvar zvonu nab\u00edz\u00ed hladk\u00e9 k\u0159ivky a \u017e\u00e1dn\u00e9 ostr\u00e9 rohy. Je vyrobena z vysoce kvalitn\u00edho skla s m\u011bkk\u00fdm matn\u00fdm povrchem. Ml\u00e9\u010dn\u00fd povrch j\u00ed dod\u00e1v\u00e1 chladivou eleganci a v ruce je c\u00edtit z\u0159eteln\u00e1 kvalita.<\/p>\n<h2>Vlastnosti produktu<\/h2>\n<ul>\n<li><strong>Elegance ve tvaru zvonu:<\/strong> Hladk\u00fd, kulat\u00fd sklen\u011bn\u00fd odml\u017eova\u010d uvol\u0148uje luxusn\u00ed auru, zat\u00edmco mrazuvzdorn\u00fd povrch jemn\u011b odr\u00e1\u017e\u00ed sv\u011btlo.<\/li>\n<li><strong>Frustrovan\u00e1 textura:<\/strong> Matn\u00e9 sklo p\u016fsob\u00ed dojmem dezinfek\u010dn\u00ed t\u0159\u00eddy a je odoln\u00e9 v\u016f\u010di skvrn\u00e1m, t\u00e9m\u011b\u0159 proti otisk\u016fm prst\u016f.<\/li>\n<li><strong>Kompaktn\u00ed a lehk\u00fd:<\/strong> S objemem 10 ml se snadno skl\u00e1d\u00e1 a p\u0159en\u00e1\u0161\u00ed nebo zav\u011bs\u00ed, \u010d\u00edm\u017e \u0161et\u0159\u00ed m\u00edsto.<\/li>\n<\/ul>\n<h2>P\u0159\u00edpad \u00fasp\u011bchu<\/h2>\n<p>Na\u0161i malou kulatou lahvi\u010dku s v\u016fn\u00ed do auta o objemu 10 ml si vybrala n\u011bmeck\u00e1 zna\u010dka automobilov\u00e9ho \u017eivotn\u00edho stylu. Ve f\u00e1zi personalizace si klient vybral barevn\u00e9 varianty, jako je jantarov\u00e1, r\u016f\u017eov\u00e1, modr\u00e1 a pr\u016fhledn\u00e1, aby ladily a odli\u0161ovaly r\u016fzn\u00e9 verze v\u016fn\u00ed. Z\u00e1v\u011bsn\u00e1 \u0161\u0148\u016frka byla nav\u00edc vylep\u0161ena na ploch\u00fd, pleten\u00fd ko\u017een\u00fd p\u00e1sek s tepeln\u011b sva\u0159en\u00fdmi konci; a nakonec se klient rozhodl zahrnout techniku \u200b\u200bmikro-ra\u017eba na horn\u00ed \u010d\u00e1st v\u00ed\u010dka lahvi\u010dky s pou\u017eit\u00edm symbolick\u00e9 ikony nam\u00edsto firemn\u00edho loga zna\u010dky.<\/p>\n<p>Po uveden\u00ed na trh dos\u00e1hla produktov\u00e1 \u0159ada b\u011bhem prvn\u00edch dvou m\u011bs\u00edc\u016f od uveden\u00ed na trh o 44 procent vy\u0161\u0161\u00edho online prodeje. B\u011bhem pouh\u00fdch dev\u00edti m\u011bs\u00edc\u016f klient provedl p\u011bt po sob\u011b jdouc\u00edch objedn\u00e1vek na dopln\u011bn\u00ed z\u00e1sob.<\/p>\n<h2>Hled\u00e1te p\u0159izp\u016fsoben\u00ed? Za\u010dn\u011bte zde<\/h2>\n<ul>\n<li>Barva lahvi\u010dky: Zm\u011b\u0148te matnou pr\u016fhlednou lahvi\u010dku na \u010dernou, \u0161alv\u011bjov\u011b zelenou, tmav\u011b modrou nebo vlastn\u00ed barevnou paletu. Matn\u00e9 barvy okam\u017eit\u011b pozvednou v\u00e1\u0161 difuz\u00e9r.<\/li>\n<li>Tvar lahve: geometrick\u00e9 v\u00fdbrusy, jako jsou diamanty, slza a \u0161esti\u00faheln\u00edkov\u00e9 (pro zv\u00fd\u0161en\u00fd odraz sv\u011btla).<\/li>\n<li>Mo\u017enost velikosti: Ide\u00e1ln\u00ed je 10 ml, ale pro sady vzork\u016f nebo dlouhodob\u00e9 pou\u017eit\u00ed dok\u00e1\u017eeme vyrobit a\u017e 8 ml nebo 12 ml.<\/li>\n<li>Logo a branding: Vytiskn\u011bte si logo na obal nebo si vytvo\u0159te speci\u00e1ln\u00ed sv\u00e1te\u010dn\u00ed verzi pro pos\u00edlen\u00ed zapamatovatelnosti zna\u010dky.<\/li>\n<li>Doris a kor\u00e1lky: sla\u010fte barvy s va\u0161\u00ed zna\u010dkou. Pro v\u00fdrazn\u00fd vzhled pou\u017eijte organickou bavlnu, recyklovan\u00e9 nit\u011b nebo dokonce ko\u017een\u00e9 \u0161\u0148\u016frky.<\/li>\n<\/ul>","protected":false},"excerpt":{"rendered":"<p>Pr\u00e9miov\u00e9 z\u00e1v\u011bsn\u00e9 difuz\u00e9ry a pr\u00e1zdn\u00e9 difuz\u00e9ry do auta ve velk\u00e9m. Objednejte si nyn\u00ed za konkurenceschopn\u00e9 ceny, rychl\u00e9 dod\u00e1n\u00ed a z\u00e1ruku kvality.<\/p>","protected":false},"featured_media":4801,"template":"","meta":{"site-sidebar-layout":"default","site-content-layout":"","ast-site-content-layout":"default","site-content-style":"default","site-sidebar-style":"default","ast-global-header-display":"","ast-banner-title-visibility":"","ast-main-header-display":"","ast-hfb-above-header-display":"","ast-hfb-below-header-display":"","ast-hfb-mobile-header-display":"","site-post-title":"","ast-breadcrumbs-content":"","ast-featured-img":"","footer-sml-layout":"","theme-transparent-header-meta":"default","adv-header-id-meta":"","stick-header-meta":"","header-above-stick-meta":"","header-main-stick-meta":"","header-below-stick-meta":"","astra-migrate-meta-layouts":"set","ast-page-background-enabled":"default","ast-page-background-meta":{"desktop":{"background-color":"var(--ast-global-color-5)","background-image":"","background-repeat":"repeat","background-position":"center center","background-size":"auto","background-attachment":"scroll","background-type":"","background-media":"","overlay-type":"","overlay-color":"","overlay-opacity":"","overlay-gradient":""},"tablet":{"background-color":"","background-image":"","background-repeat":"repeat","background-position":"center center","background-size":"auto","background-attachment":"scroll","background-type":"","background-media":"","overlay-type":"","overlay-color":"","overlay-opacity":"","overlay-gradient":""},"mobile":{"background-color":"","background-image":"","background-repeat":"repeat","background-position":"center center","background-size":"auto","background-attachment":"scroll","background-type":"","background-media":"","overlay-type":"","overlay-color":"","overlay-opacity":"","overlay-gradient":""}},"ast-content-background-meta":{"desktop":{"background-color":"var(--ast-global-color-4)","background-image":"","background-repeat":"repeat","background-position":"center center","background-size":"auto","background-attachment":"scroll","background-type":"","background-media":"","overlay-type":"","overlay-color":"","overlay-opacity":"","overlay-gradient":""},"tablet":{"background-color":"var(--ast-global-color-4)","background-image":"","background-repeat":"repeat","background-position":"center center","background-size":"auto","background-attachment":"scroll","background-type":"","background-media":"","overlay-type":"","overlay-color":"","overlay-opacity":"","overlay-gradient":""},"mobile":{"background-color":"var(--ast-global-color-4)","background-image":"","background-repeat":"repeat","background-position":"center center","background-size":"auto","background-attachment":"scroll","background-type":"","background-media":"","overlay-type":"","overlay-color":"","overlay-opacity":"","overlay-gradient":""}}},"product_brand":[],"product_cat":[54],"product_tag":[],"class_list":{"0":"post-788","1":"product","2":"type-product","3":"status-publish","4":"has-post-thumbnail","6":"product_cat-reed-diffuser-bottles","7":"desktop-align-left","8":"tablet-align-left","9":"mobile-align-left","11":"first","12":"instock","13":"shipping-taxable","14":"product-type-simple"},"jetpack_sharing_enabled":true,"_links":{"self":[{"href":"https:\/\/mostebglass.com\/cs\/wp-json\/wp\/v2\/product\/788","targetHints":{"allow":["GET"]}}],"collection":[{"href":"https:\/\/mostebglass.com\/cs\/wp-json\/wp\/v2\/product"}],"about":[{"href":"https:\/\/mostebglass.com\/cs\/wp-json\/wp\/v2\/types\/product"}],"wp:featuredmedia":[{"embeddable":true,"href":"https:\/\/mostebglass.com\/cs\/wp-json\/wp\/v2\/media\/4801"}],"wp:attachment":[{"href":"https:\/\/mostebglass.com\/cs\/wp-json\/wp\/v2\/media?parent=788"}],"wp:term":[{"taxonomy":"product_brand","embeddable":true,"href":"https:\/\/mostebglass.com\/cs\/wp-json\/wp\/v2\/product_brand?post=788"},{"taxonomy":"product_cat","embeddable":true,"href":"https:\/\/mostebglass.com\/cs\/wp-json\/wp\/v2\/product_cat?post=788"},{"taxonomy":"product_tag","embeddable":true,"href":"https:\/\/mostebglass.com\/cs\/wp-json\/wp\/v2\/product_tag?post=788"}],"curies":[{"name":"wp","href":"https:\/\/api.w.org\/{rel}","templated":true}]}}