{"id":805,"date":"2025-08-22T17:00:16","date_gmt":"2025-08-22T09:00:16","guid":{"rendered":"https:\/\/mostebglass.com\/?post_type=product&#038;p=805"},"modified":"2026-03-16T16:09:15","modified_gmt":"2026-03-16T08:09:15","slug":"diffuser-glass-bottle-with-diamond-pattern-bulk","status":"publish","type":"product","link":"https:\/\/mostebglass.com\/cs\/diffuser-glass-bottle-with-diamond-pattern-bulk\/","title":{"rendered":"200ml difuz\u00e9r sklen\u011bn\u00e1 lahvi\u010dka s diamantov\u00fdm vzorem"},"content":{"rendered":"<p>Hled\u00e1te sofistikovanou sklen\u011bnou lahvi\u010dku s difuz\u00e9rem? Tato \u010dir\u00e1 sklen\u011bn\u00e1 lahvi\u010dka m\u00e1 elegantn\u00ed, zaoblen\u00fd tvar. Je zdobena jemn\u00fdm diamantov\u00fdm vzorem a m\u00e1 \u00fazk\u00e9 hrdlo. Je dostate\u010dn\u011b v\u0161estrann\u00e1, aby splnila v\u0161echny va\u0161e aromaterapeutick\u00e9 pot\u0159eby, a je perfektn\u00ed jako difuz\u00e9r s ty\u010dinkami nebo jin\u00e9 velk\u00e9 lahvi\u010dky s difuz\u00e9rem.<\/p>\n<h2>Vlastnosti produktu<\/h2>\n<ul>\n<li><strong>Klasick\u00fd tvar:<\/strong> Elegantn\u00ed, \u00fazk\u00e9 hrdlo vytv\u00e1\u0159\u00ed elegantn\u00ed tvar, kter\u00fd dopl\u0148uje r\u016fzn\u00e9 styly aromaterapie a na displeji vypad\u00e1 kr\u00e1sn\u011b.<\/li>\n<li><strong>Texturovan\u00fd diamantov\u00fd design:<\/strong> Diamantov\u00fd vzor dod\u00e1v\u00e1 t\u011bmto ty\u010dinkov\u00fdm difuz\u00e9r\u016fm n\u00e1dech sofistikovanosti, d\u00edky \u010demu\u017e na poli\u010dce vynikaj\u00ed.<\/li>\n<li><strong>Pr\u00e9miov\u00e9 sklo:<\/strong> Tyto difuz\u00e9rov\u00e9 \u200b\u200blahvi\u010dky, vyroben\u00e9 z vysoce kvalitn\u00edho skla, jsou odoln\u00e9 a stylov\u00e9 a vylep\u0161\u00ed jak\u00e9koli aromaterapeutick\u00e9 balen\u00ed.<\/li>\n<\/ul>\n<h2>P\u0159\u00edb\u011bhy \u00fasp\u011bchu<\/h2>\n<p>N\u00e1\u0161 difuz\u00e9r o objemu 200 ml si vybrala francouzsk\u00e1 parfum\u00e9rsk\u00e1 spole\u010dnost, proto\u017ee m\u00e1 design s k\u0159i\u0161\u0165\u00e1lovou texturou. Lahvi\u010dka je vyrobena z vysoce \u010dir\u00e9ho skla a d\u00e1le zu\u0161lecht\u011bna hlubokou fazetovanou reli\u00e9fn\u00ed rytinou, kter\u00e1 maximalizuje lom sv\u011btla. M\u00e1 l\u00edmec z galvanicky pozlacen\u00e9ho hlin\u00edku a je dopln\u011bn \u010dern\u00fdmi difuz\u00e9rov\u00fdmi ty\u010dinkami z vl\u00e1ken; logo zna\u010dky je tak\u00e9 s\u00edtotiskem vyti\u0161t\u011bno b\u00edlou barvou na rameni lahvi\u010dky.<\/p>\n<p>Po ofici\u00e1ln\u00edm uveden\u00ed na trh produkt zaznamenal b\u011bhem sez\u00f3ny fenomen\u00e1ln\u00ed n\u00e1r\u016fst tr\u017eeb o 38 procent. Pozd\u011bji klient v prvn\u00edm roce od uveden\u00ed produktu na trh provedl p\u011bt po sob\u011b jdouc\u00edch hromadn\u00fdch objedn\u00e1vek.<\/p>\n<h2>Chcete si to p\u0159izp\u016fsobit? Zde je m\u00edsto, kde za\u010d\u00edt<\/h2>\n<ul>\n<li>Hra barev: P\u0159ep\u00edn\u00e1n\u00ed z \u010dir\u00e9 na \u010dernou, modrou nebo vlastn\u00ed odst\u00edny.<\/li>\n<li>Styly z\u00e1tek: Vyberte si d\u0159evo, kov nebo bambus \u2013 ka\u017ed\u00fd z nich dod\u00e1 jin\u00fd vzhled.<\/li>\n<li>\u00dapravy velikosti: I kdy\u017e je 200ml verze obl\u00edben\u00e1 u davu, m\u016f\u017eete si objemy upravit hromadn\u011b a nab\u00eddnout tak rozmanitost \u2013 100ml pro cestovn\u00ed sady nebo 300ml pro v\u011bt\u0161\u00ed dom\u00e1c\u00ed pou\u017eit\u00ed. Zkombinujte je jako sadu a prod\u00e1vejte tak sv\u00e9 difuz\u00e9ry.<\/li>\n<\/ul>\n<p>Tyto lahvi\u010dky s difuz\u00e9rem nejsou jen funk\u010dn\u00ed. Jsou prvn\u00edm dojmem na va\u0161i zna\u010dku.<\/p>","protected":false},"excerpt":{"rendered":"<p>Velkoobchodn\u00ed prodej difuz\u00e9r\u016f a sklen\u011bn\u00fdch difuz\u00e9r\u016f. Pr\u00e9miov\u00e1 kvalita, mo\u017enost p\u0159izp\u016fsoben\u00ed, mno\u017estevn\u00ed slevy pro va\u0161i firmu.<\/p>","protected":false},"featured_media":4786,"template":"","meta":{"site-sidebar-layout":"default","site-content-layout":"","ast-site-content-layout":"default","site-content-style":"default","site-sidebar-style":"default","ast-global-header-display":"","ast-banner-title-visibility":"","ast-main-header-display":"","ast-hfb-above-header-display":"","ast-hfb-below-header-display":"","ast-hfb-mobile-header-display":"","site-post-title":"","ast-breadcrumbs-content":"","ast-featured-img":"","footer-sml-layout":"","theme-transparent-header-meta":"default","adv-header-id-meta":"","stick-header-meta":"","header-above-stick-meta":"","header-main-stick-meta":"","header-below-stick-meta":"","astra-migrate-meta-layouts":"set","ast-page-background-enabled":"default","ast-page-background-meta":{"desktop":{"background-color":"var(--ast-global-color-5)","background-image":"","background-repeat":"repeat","background-position":"center center","background-size":"auto","background-attachment":"scroll","background-type":"","background-media":"","overlay-type":"","overlay-color":"","overlay-opacity":"","overlay-gradient":""},"tablet":{"background-color":"","background-image":"","background-repeat":"repeat","background-position":"center center","background-size":"auto","background-attachment":"scroll","background-type":"","background-media":"","overlay-type":"","overlay-color":"","overlay-opacity":"","overlay-gradient":""},"mobile":{"background-color":"","background-image":"","background-repeat":"repeat","background-position":"center center","background-size":"auto","background-attachment":"scroll","background-type":"","background-media":"","overlay-type":"","overlay-color":"","overlay-opacity":"","overlay-gradient":""}},"ast-content-background-meta":{"desktop":{"background-color":"var(--ast-global-color-4)","background-image":"","background-repeat":"repeat","background-position":"center center","background-size":"auto","background-attachment":"scroll","background-type":"","background-media":"","overlay-type":"","overlay-color":"","overlay-opacity":"","overlay-gradient":""},"tablet":{"background-color":"var(--ast-global-color-4)","background-image":"","background-repeat":"repeat","background-position":"center center","background-size":"auto","background-attachment":"scroll","background-type":"","background-media":"","overlay-type":"","overlay-color":"","overlay-opacity":"","overlay-gradient":""},"mobile":{"background-color":"var(--ast-global-color-4)","background-image":"","background-repeat":"repeat","background-position":"center center","background-size":"auto","background-attachment":"scroll","background-type":"","background-media":"","overlay-type":"","overlay-color":"","overlay-opacity":"","overlay-gradient":""}}},"product_brand":[],"product_cat":[54],"product_tag":[],"class_list":{"0":"post-805","1":"product","2":"type-product","3":"status-publish","4":"has-post-thumbnail","6":"product_cat-reed-diffuser-bottles","7":"desktop-align-left","8":"tablet-align-left","9":"mobile-align-left","11":"first","12":"instock","13":"shipping-taxable","14":"product-type-simple"},"jetpack_sharing_enabled":true,"_links":{"self":[{"href":"https:\/\/mostebglass.com\/cs\/wp-json\/wp\/v2\/product\/805","targetHints":{"allow":["GET"]}}],"collection":[{"href":"https:\/\/mostebglass.com\/cs\/wp-json\/wp\/v2\/product"}],"about":[{"href":"https:\/\/mostebglass.com\/cs\/wp-json\/wp\/v2\/types\/product"}],"wp:featuredmedia":[{"embeddable":true,"href":"https:\/\/mostebglass.com\/cs\/wp-json\/wp\/v2\/media\/4786"}],"wp:attachment":[{"href":"https:\/\/mostebglass.com\/cs\/wp-json\/wp\/v2\/media?parent=805"}],"wp:term":[{"taxonomy":"product_brand","embeddable":true,"href":"https:\/\/mostebglass.com\/cs\/wp-json\/wp\/v2\/product_brand?post=805"},{"taxonomy":"product_cat","embeddable":true,"href":"https:\/\/mostebglass.com\/cs\/wp-json\/wp\/v2\/product_cat?post=805"},{"taxonomy":"product_tag","embeddable":true,"href":"https:\/\/mostebglass.com\/cs\/wp-json\/wp\/v2\/product_tag?post=805"}],"curies":[{"name":"wp","href":"https:\/\/api.w.org\/{rel}","templated":true}]}}