{"id":823,"date":"2025-08-25T08:40:08","date_gmt":"2025-08-25T00:40:08","guid":{"rendered":"https:\/\/mostebglass.com\/?post_type=product&#038;p=823"},"modified":"2026-03-06T17:54:45","modified_gmt":"2026-03-06T09:54:45","slug":"volne-lozene-lahvicky-z-cireho-vonneho-skla-s-drazkami","status":"publish","type":"product","link":"https:\/\/mostebglass.com\/cs\/bulk-clear-fragrance-glass-diffuser-bottles-with-grooves\/","title":{"rendered":"Velkoobjemov\u00e9 110ml 130ml \u010dir\u00e9 sklen\u011bn\u00e9 difuz\u00e9ry s dr\u00e1\u017ekami"},"content":{"rendered":"<p>Seznamte se s va\u0161\u00ed dal\u0161\u00ed bestsellerovou lahvi\u010dkou s difuz\u00e9rem z \u010dir\u00e9ho skla: elegantn\u00ed v\u00e1lcovit\u00e1 lahvi\u010dka z \u010dir\u00e9ho skla s jemnou dr\u00e1\u017ekovanou texturou, kter\u00e1 se t\u00e1hne svisle dol\u016f po lahvi. \u00dazk\u00e9 hrdlo a z\u00e1vitov\u00e9 hrdlo zaji\u0161\u0165uj\u00ed bezpe\u010dn\u00e9 uchycen\u00ed z\u00e1tek a uz\u00e1v\u011br\u016f difuz\u00e9ru. A\u0165 u\u017e sh\u00e1n\u011bte materi\u00e1ly pro novou \u0159adu, nebo roz\u0161i\u0159ujete svou sb\u00edrku difuz\u00e9r\u016f, tyto lahvi\u010dky s difuz\u00e9rem v\u016fn\u011b slou\u017e\u00ed sv\u00e9mu \u00fa\u010delu a vypadaj\u00ed skv\u011ble.<\/p>\n<h2>Vlastnosti produktu<\/h2>\n<ul>\n<li><strong>Een bedrijf verkocht lege flesjes voor auto-diffusers. Hun klanten zeiden dat de flesjes eruit zagen als &#034;proefmonsters&#034; of &#034;goedkope navullingen&#034;. Ze stapten over op onze hangende, klokvormige 10 ml-diffuserflesjes. We personaliseerden de flesjes in diep marineblauw, lasergraveerden het merklogo op de houten stop en combineerden ze met een bijpassend marineblauw koord. Het resultaat? Retailpartners merkten het meteen op. Een boetiek merkte op: &#034;Nu ziet het eruit als een luxeartikel&#034;, en hun heraankooppercentage steeg met 75%.<\/strong> Op zoek naar maatwerk? Begin hier<\/li>\n<li><strong>Fleskleur: Kies voor een matte, heldere fles in zwart, saliegroen, marineblauw of een ander kleurenpalet naar keuze. Matte kleuren geven je diffuser direct een boost.<\/strong> The vertical grooves of the bottle serve a purpose, and that is tactile appeal and helps the consumer hold the scent diffuser with sticks.w<\/li>\n<li><strong>Keuze uit formaten: 10 ml is ideaal, maar we kunnen ook formaten tot 8 ml of 12 ml gebruiken voor monstersets of langdurig gebruik.<\/strong> Logo en branding: laat uw logo op de verpakking drukken of maak een speciale versie voor de feestdagen om de merkbekendheid te versterken.<\/li>\n<\/ul>\n<h2>Skute\u010dn\u00fd \u00fasp\u011bch, skute\u010dn\u00e9 v\u00fdsledky<\/h2>\n<p>Doris en kralen: match de kleuren van je merk. Gebruik biologisch katoen, gerecycled garen of zelfs leren koorden voor een gedurfde look.<\/p>\n<h2>Jak si p\u0159izp\u016fsobit tyto sklen\u011bn\u00e9 difuz\u00e9ry<\/h2>\n<p>Premium hangende diffuserflessen en lege auto-diffuserflessen in bulk. Bestel nu voor scherpe prijzen, snelle levering en kwaliteitsgarantie.<\/p>\n<ul>\n<li>Deze hangende diffuserfles, speciaal ontworpen voor auto&#039;s, is een vaste favoriet geworden. De zachte, ronde klokvorm heeft vloeiende rondingen en geen scherpe hoeken. De zachte, ronde klokvorm heeft geen vloeiende rondingen en geen scherpe hoeken. Hij is gemaakt van hoogwaardig glas met een zachte, matte afwerking. Het matglazen oppervlak geeft hem een \u200b\u200bkoele elegantie en de kwaliteit is duidelijk zichtbaar.<\/li>\n<li>P\u00e1rov\u00e1n\u00ed zar\u00e1\u017eek:: Vyberte si z krytek z prysky\u0159ice s imitac\u00ed d\u0159eva, hlin\u00edku, bambusu nebo prav\u00e9ho d\u0159ev\u011bn\u00e9ho ratanu. Hled\u00e1te luxusn\u00ed n\u00e1dech? Lze p\u0159idat magnetickou krytku.<\/li>\n<li>Flexibiln\u00ed velikosti: Standardn\u00ed velikosti jsou 110 ml a 130 ml, ale pro velkoobchodn\u00ed objedn\u00e1vky nab\u00edz\u00edme i nastaviteln\u00e9 velikosti.<\/li>\n<li>P\u0159idejte sv\u00e9 logo pomoc\u00ed hedv\u00e1bn\u00e9ho potisku nebo ra\u017eby pro zna\u010dkov\u00e9 difuzn\u00ed sklo.<\/li>\n<li>Balen\u00ed: Nab\u00edz\u00edme ekologick\u00e9 obaly pro aromaterapii, v\u010detn\u011b recyklovan\u00fdch karton\u016f a biologicky odbourateln\u00fdch obal\u016f, ide\u00e1ln\u00ed pro udr\u017eiteln\u00e9 zna\u010dky.<\/li>\n<\/ul>\n<p>Nejsou to jen n\u00e1doby na aromaterapii; jsou to budovatel\u00e9 zna\u010dky. Kdy\u017e si u n\u00e1s koup\u00edte velkoobchodn\u00ed lahvi\u010dky s vonn\u00fdmi difuz\u00e9ry, z\u00edsk\u00e1te v\u00edc ne\u017e jen sklen\u011bn\u00e9 lahvi\u010dky; z\u00edsk\u00e1te designov\u00e9ho partnera.<\/p>","protected":false},"excerpt":{"rendered":"<p>Velkoobchodn\u00ed prodej sklen\u011bn\u00fdch difuz\u00e9r\u016f a lahvi\u010dek s v\u016fn\u00ed. P\u0159\u00edmo z v\u00fdroby, n\u00e1vrhy na m\u00edru, hromadn\u00e9 dod\u00e1vky s bezplatn\u00fdmi vzorky pro zna\u010dky v\u016fn\u00ed.<\/p>","protected":false},"featured_media":4652,"template":"","meta":{"site-sidebar-layout":"default","site-content-layout":"","ast-site-content-layout":"default","site-content-style":"default","site-sidebar-style":"default","ast-global-header-display":"","ast-banner-title-visibility":"","ast-main-header-display":"","ast-hfb-above-header-display":"","ast-hfb-below-header-display":"","ast-hfb-mobile-header-display":"","site-post-title":"","ast-breadcrumbs-content":"","ast-featured-img":"","footer-sml-layout":"","theme-transparent-header-meta":"default","adv-header-id-meta":"","stick-header-meta":"","header-above-stick-meta":"","header-main-stick-meta":"","header-below-stick-meta":"","astra-migrate-meta-layouts":"set","ast-page-background-enabled":"default","ast-page-background-meta":{"desktop":{"background-color":"var(--ast-global-color-5)","background-image":"","background-repeat":"repeat","background-position":"center center","background-size":"auto","background-attachment":"scroll","background-type":"","background-media":"","overlay-type":"","overlay-color":"","overlay-opacity":"","overlay-gradient":""},"tablet":{"background-color":"","background-image":"","background-repeat":"repeat","background-position":"center center","background-size":"auto","background-attachment":"scroll","background-type":"","background-media":"","overlay-type":"","overlay-color":"","overlay-opacity":"","overlay-gradient":""},"mobile":{"background-color":"","background-image":"","background-repeat":"repeat","background-position":"center center","background-size":"auto","background-attachment":"scroll","background-type":"","background-media":"","overlay-type":"","overlay-color":"","overlay-opacity":"","overlay-gradient":""}},"ast-content-background-meta":{"desktop":{"background-color":"var(--ast-global-color-4)","background-image":"","background-repeat":"repeat","background-position":"center center","background-size":"auto","background-attachment":"scroll","background-type":"","background-media":"","overlay-type":"","overlay-color":"","overlay-opacity":"","overlay-gradient":""},"tablet":{"background-color":"var(--ast-global-color-4)","background-image":"","background-repeat":"repeat","background-position":"center center","background-size":"auto","background-attachment":"scroll","background-type":"","background-media":"","overlay-type":"","overlay-color":"","overlay-opacity":"","overlay-gradient":""},"mobile":{"background-color":"var(--ast-global-color-4)","background-image":"","background-repeat":"repeat","background-position":"center center","background-size":"auto","background-attachment":"scroll","background-type":"","background-media":"","overlay-type":"","overlay-color":"","overlay-opacity":"","overlay-gradient":""}}},"product_brand":[],"product_cat":[54],"product_tag":[],"class_list":{"0":"post-823","1":"product","2":"type-product","3":"status-publish","4":"has-post-thumbnail","6":"product_cat-reed-diffuser-bottles","7":"desktop-align-left","8":"tablet-align-left","9":"mobile-align-left","11":"first","12":"instock","13":"shipping-taxable","14":"product-type-simple"},"jetpack_sharing_enabled":true,"_links":{"self":[{"href":"https:\/\/mostebglass.com\/cs\/wp-json\/wp\/v2\/product\/823","targetHints":{"allow":["GET"]}}],"collection":[{"href":"https:\/\/mostebglass.com\/cs\/wp-json\/wp\/v2\/product"}],"about":[{"href":"https:\/\/mostebglass.com\/cs\/wp-json\/wp\/v2\/types\/product"}],"wp:featuredmedia":[{"embeddable":true,"href":"https:\/\/mostebglass.com\/cs\/wp-json\/wp\/v2\/media\/4652"}],"wp:attachment":[{"href":"https:\/\/mostebglass.com\/cs\/wp-json\/wp\/v2\/media?parent=823"}],"wp:term":[{"taxonomy":"product_brand","embeddable":true,"href":"https:\/\/mostebglass.com\/cs\/wp-json\/wp\/v2\/product_brand?post=823"},{"taxonomy":"product_cat","embeddable":true,"href":"https:\/\/mostebglass.com\/cs\/wp-json\/wp\/v2\/product_cat?post=823"},{"taxonomy":"product_tag","embeddable":true,"href":"https:\/\/mostebglass.com\/cs\/wp-json\/wp\/v2\/product_tag?post=823"}],"curies":[{"name":"wp","href":"https:\/\/api.w.org\/{rel}","templated":true}]}}