{"id":841,"date":"2025-08-25T17:35:42","date_gmt":"2025-08-25T09:35:42","guid":{"rendered":"https:\/\/mostebglass.com\/?post_type=product&#038;p=841"},"modified":"2026-03-02T17:23:30","modified_gmt":"2026-03-02T09:23:30","slug":"double-ended-tall-candle-holders-with-lantern-design-bulk","status":"publish","type":"product","link":"https:\/\/mostebglass.com\/cs\/double-ended-tall-candle-holders-with-lantern-design-bulk\/","title":{"rendered":"Vysok\u00e9 sv\u00edcny s dvojit\u00fdm koncem a designem lucerny, objemov\u00e9"},"content":{"rendered":"<p>Tyto vysok\u00e9 sklen\u011bn\u00e9 sv\u00edcny dva v jednom maj\u00ed speci\u00e1ln\u00ed design v podob\u011b lucerny, kter\u00e1 je pou\u017eita na obou stran\u00e1ch v z\u00e1vislosti na velikosti sv\u00ed\u010dky. Jsou vyrobeny z pr\u016fhledn\u00e9ho skla s vysokou pr\u016fhlednost\u00ed, kter\u00e9 jim dod\u00e1v\u00e1 kr\u00e1snou \u017eebrovanou texturu se symetrick\u00fdmi detaily. Horn\u00ed \u010d\u00e1st je zaoblen\u00e1 a \u0161ir\u0161\u00ed s vertik\u00e1ln\u00edm r\u00fdhov\u00e1n\u00edm a druh\u00fd konec je \u0161t\u00edhlej\u0161\u00ed a strukturovan\u011bj\u0161\u00ed s podobn\u00fdmi texturovan\u00fdmi vzory. Vyv\u00e1\u017een\u00e1 silueta a hladk\u00fd reli\u00e9fn\u00ed povrch dod\u00e1vaj\u00ed sv\u00ed\u010dce vintage a modern\u00ed vzhled.<\/p>\n<h2>Vlastnosti produktu<\/h2>\n<ul>\n<li><strong>Oboustrann\u00fd oboustrann\u00fd design:<\/strong> U tohoto designu je jedna strana osazena ku\u017eelov\u00fdmi sv\u00ed\u010dkami a druh\u00e1 strana \u010dajov\u00fdmi sv\u00ed\u010dkami nebo mal\u00fdmi sloupkov\u00fdmi sv\u00ed\u010dkami.<\/li>\n<li><strong>Symetrick\u00e1 silueta p\u0159es\u00fdpac\u00edch hodin:<\/strong> Zm\u011bna sm\u011bru T\u011blo p\u0159es\u00fdpac\u00edch hodin je symetrick\u00e9, co\u017e zaru\u010duje vizu\u00e1ln\u00ed harmonii a nestabiln\u00ed polohu v p\u0159\u00edpad\u011b inverze.<\/li>\n<li><strong>\u0160irok\u00fd stabiln\u00ed r\u00e1fek na obou konc\u00edch:<\/strong> Vyrobeno s konstrukc\u00ed, kter\u00e1 sni\u017euje riziko p\u00e1du sv\u00ed\u010dek.<\/li>\n<\/ul>\n<h2>Kl\u00ed\u010dov\u00e9 specifikace<\/h2>\n<table style=\"border-collapse: collapse; width: 80%; margin-left: auto; margin-right: auto;\" border=\"0\" width=\"144\" cellspacing=\"0\" cellpadding=\"0\">\n<tbody>\n<tr style=\"height: 13.50pt;\">\n<td style=\"height: 13.5pt; width: 54pt; text-align: center;\" width=\"72\" height=\"18\">Funkce<\/td>\n<td style=\"width: 54pt; text-align: center;\" width=\"72\">Podrobnosti<\/td>\n<\/tr>\n<tr style=\"height: 13.50pt;\">\n<td style=\"height: 13.5pt; text-align: center;\" height=\"18\">Rozm\u011bry<\/td>\n<td style=\"text-align: center;\">79\/52*4*6 mm<\/td>\n<\/tr>\n<tr style=\"height: 13.50pt;\">\n<td style=\"height: 13.5pt; text-align: center;\" height=\"18\">Materi\u00e1l<\/td>\n<td style=\"text-align: center;\">K\u0159i\u0161\u0165\u00e1lov\u00e9 sklo<\/td>\n<\/tr>\n<tr style=\"height: 13.50pt;\">\n<td style=\"height: 13.5pt; text-align: center;\" height=\"18\">Mo\u017enosti barev<\/td>\n<td style=\"text-align: center;\">Transparentn\u00ed nebo p\u0159izp\u016fsoben\u00e9<\/td>\n<\/tr>\n<\/tbody>\n<\/table>\n<h2>P\u0159\u00edpad \u00fasp\u011bchu<\/h2>\n<p>Jedna z butikov\u00fdch zna\u010dek bytov\u00fdch dekorac\u00ed si vybrala na\u0161e sklen\u011bn\u00e9 sv\u00edcny se dv\u011bma hlavicemi, ale s jemn\u00fdm kou\u0159ov\u011b \u0161ed\u00fdm odst\u00ednem a galvanicky pokoven\u00fdm zlat\u00fdm lemem pod\u00e9l zu\u017euj\u00edc\u00edho se konce, kter\u00fd jim dod\u00e1v\u00e1 v\u011bt\u0161\u00ed eleganci. Pro pos\u00edlen\u00ed image zna\u010dky laserem vygrav\u00edrovali sv\u00e9 logo do spodn\u00ed \u010d\u00e1sti podstavce, kter\u00e1 byla men\u0161\u00ed.<\/p>\n<p>Zna\u010dka zaznamenala po zaveden\u00ed p\u0159izp\u016fsoben\u00e9 verze pr\u016fm\u011brn\u00fd n\u00e1r\u016fst hodnoty objedn\u00e1vek o 35 %, co\u017e vedlo k 42% n\u00e1r\u016fstu objemov\u00fdch n\u00e1kup\u016f b\u011bhem dvou \u010dtvrtlet\u00ed.<\/p>\n<h2>N\u00e1pady na p\u0159izp\u016fsoben\u00ed pro v\u00e1s<\/h2>\n<ol>\n<li><strong>Variace kv\u011btinov\u00fdch textur:<\/strong> P\u0159idejte na vysok\u00fd sv\u00edcen r\u016fzn\u00e9 v\u00ed\u0159iv\u00e9 verze matn\u00fdch textur a vytvo\u0159te tak jedine\u010dn\u00fd sv\u011bteln\u00fd efekt, kter\u00fd odli\u0161\u00ed va\u0161i luxusn\u00ed sv\u00ed\u010dku.<\/li>\n<li><strong>Kovov\u00e9 akcentovan\u00e9 podstavce:<\/strong> Pou\u017eijte zlat\u00e9 nebo st\u0159\u00edbrn\u00e9 pokoven\u00ed na z\u00e1kladn\u011b k \u00faprav\u011b n\u00e1dob na sv\u00ed\u010dky ve velkoobchodn\u00edch d\u00f3z\u00e1ch na sv\u00ed\u010dky a vytvo\u0159te si tak kvalitn\u00ed luxusn\u00ed n\u00e1dobu na sv\u00ed\u010dky.<\/li>\n<li><strong>Miniaturn\u00ed \u0161t\u00edtky na v\u00edku:<\/strong> Pro snadn\u00e9 brandingov\u00e1n\u00ed p\u0159idejte do v\u00ed\u010dka odn\u00edmateln\u00e9 samolepic\u00ed \u0161t\u00edtky p\u0159i v\u00fdrob\u011b hromadn\u00fdch balen\u00ed sv\u00ed\u010dek!<\/li>\n<\/ol>","protected":false},"excerpt":{"rendered":"<p>Elegantn\u00ed vysok\u00e9 sv\u00edcny s dvojit\u00fdm koncem a designem lucerny. Vhodn\u00e9 pro konusov\u00e9 i \u010dajov\u00e9 sv\u00ed\u010dky, ide\u00e1ln\u00ed na svatby a j\u00eddeln\u00ed stoly. Doprava p\u0159\u00edmo od v\u00fdrobce.<\/p>","protected":false},"featured_media":4559,"template":"","meta":{"site-sidebar-layout":"default","site-content-layout":"","ast-site-content-layout":"default","site-content-style":"default","site-sidebar-style":"default","ast-global-header-display":"","ast-banner-title-visibility":"","ast-main-header-display":"","ast-hfb-above-header-display":"","ast-hfb-below-header-display":"","ast-hfb-mobile-header-display":"","site-post-title":"","ast-breadcrumbs-content":"","ast-featured-img":"","footer-sml-layout":"","theme-transparent-header-meta":"default","adv-header-id-meta":"","stick-header-meta":"","header-above-stick-meta":"","header-main-stick-meta":"","header-below-stick-meta":"","astra-migrate-meta-layouts":"set","ast-page-background-enabled":"default","ast-page-background-meta":{"desktop":{"background-color":"var(--ast-global-color-5)","background-image":"","background-repeat":"repeat","background-position":"center center","background-size":"auto","background-attachment":"scroll","background-type":"","background-media":"","overlay-type":"","overlay-color":"","overlay-opacity":"","overlay-gradient":""},"tablet":{"background-color":"","background-image":"","background-repeat":"repeat","background-position":"center center","background-size":"auto","background-attachment":"scroll","background-type":"","background-media":"","overlay-type":"","overlay-color":"","overlay-opacity":"","overlay-gradient":""},"mobile":{"background-color":"","background-image":"","background-repeat":"repeat","background-position":"center center","background-size":"auto","background-attachment":"scroll","background-type":"","background-media":"","overlay-type":"","overlay-color":"","overlay-opacity":"","overlay-gradient":""}},"ast-content-background-meta":{"desktop":{"background-color":"var(--ast-global-color-4)","background-image":"","background-repeat":"repeat","background-position":"center center","background-size":"auto","background-attachment":"scroll","background-type":"","background-media":"","overlay-type":"","overlay-color":"","overlay-opacity":"","overlay-gradient":""},"tablet":{"background-color":"var(--ast-global-color-4)","background-image":"","background-repeat":"repeat","background-position":"center center","background-size":"auto","background-attachment":"scroll","background-type":"","background-media":"","overlay-type":"","overlay-color":"","overlay-opacity":"","overlay-gradient":""},"mobile":{"background-color":"var(--ast-global-color-4)","background-image":"","background-repeat":"repeat","background-position":"center center","background-size":"auto","background-attachment":"scroll","background-type":"","background-media":"","overlay-type":"","overlay-color":"","overlay-opacity":"","overlay-gradient":""}}},"product_brand":[],"product_cat":[28,21],"product_tag":[],"class_list":{"0":"post-841","1":"product","2":"type-product","3":"status-publish","4":"has-post-thumbnail","6":"product_cat-glass-candle-jars","7":"product_cat-product","8":"desktop-align-left","9":"tablet-align-left","10":"mobile-align-left","12":"first","13":"instock","14":"shipping-taxable","15":"product-type-simple"},"jetpack_sharing_enabled":true,"_links":{"self":[{"href":"https:\/\/mostebglass.com\/cs\/wp-json\/wp\/v2\/product\/841","targetHints":{"allow":["GET"]}}],"collection":[{"href":"https:\/\/mostebglass.com\/cs\/wp-json\/wp\/v2\/product"}],"about":[{"href":"https:\/\/mostebglass.com\/cs\/wp-json\/wp\/v2\/types\/product"}],"wp:featuredmedia":[{"embeddable":true,"href":"https:\/\/mostebglass.com\/cs\/wp-json\/wp\/v2\/media\/4559"}],"wp:attachment":[{"href":"https:\/\/mostebglass.com\/cs\/wp-json\/wp\/v2\/media?parent=841"}],"wp:term":[{"taxonomy":"product_brand","embeddable":true,"href":"https:\/\/mostebglass.com\/cs\/wp-json\/wp\/v2\/product_brand?post=841"},{"taxonomy":"product_cat","embeddable":true,"href":"https:\/\/mostebglass.com\/cs\/wp-json\/wp\/v2\/product_cat?post=841"},{"taxonomy":"product_tag","embeddable":true,"href":"https:\/\/mostebglass.com\/cs\/wp-json\/wp\/v2\/product_tag?post=841"}],"curies":[{"name":"wp","href":"https:\/\/api.w.org\/{rel}","templated":true}]}}