{"id":846,"date":"2025-08-25T10:49:52","date_gmt":"2025-08-25T02:49:52","guid":{"rendered":"https:\/\/mostebglass.com\/?post_type=product&#038;p=846"},"modified":"2026-03-19T14:48:34","modified_gmt":"2026-03-19T06:48:34","slug":"empty-car-hanging-diffuser-bottles-with-wood-lids-wholesale","status":"publish","type":"product","link":"https:\/\/mostebglass.com\/cs\/empty-car-hanging-diffuser-bottles-with-wood-lids-wholesale\/","title":{"rendered":"8ml pr\u00e1zdn\u00e9 lahvi\u010dky s difuz\u00e9rem do auta s d\u0159ev\u011bn\u00fdmi v\u00ed\u010dky, velkoobchod"},"content":{"rendered":"<p>Na\u0161e pr\u00e1zdn\u00e9 lahvi\u010dky do auta s difuz\u00e9rem jsou mobiln\u00edm z\u00e1\u017eitkem z v\u016fn\u011b. D\u00edky pr\u016fhledn\u00e9mu, \u010dtvercov\u00e9mu sklen\u011bn\u00e9mu t\u011blu jsou kompaktn\u00ed a elegantn\u00ed, ide\u00e1ln\u00ed pro p\u0159en\u00e1\u0161en\u00ed aromaterapie na cesty. D\u0159ev\u011bn\u00fd uz\u00e1v\u011br ut\u011bs\u0148uje lahvi\u010dku a flexibiln\u00ed \u0161\u0148\u016frka se k n\u00ed p\u0159ipojuje, \u010d\u00edm\u017e se lahvi\u010dka prom\u011bn\u00ed v za\u0159\u00edzen\u00ed p\u0159ipraven\u00e9 k zav\u011b\u0161en\u00ed.<\/p>\n<h2>Vlastnosti produktu<\/h2>\n<ul>\n<li><strong>Materi\u00e1lov\u00e9 spojov\u00e1n\u00ed:<\/strong> Pr\u016fhledn\u00e9 sklo a p\u0159\u00edrodn\u00ed d\u0159evo se spojuj\u00ed a vytv\u00e1\u0159ej\u00ed p\u0159irozen\u00fd a h\u0159ejiv\u00fd pocit, zat\u00edmco d\u0159ev\u011bn\u00e1 krytka dod\u00e1v\u00e1 p\u0159irozen\u00fd a h\u0159ejiv\u00fd n\u00e1dech a vytv\u00e1\u0159\u00ed vizu\u00e1ln\u011b i hmatov\u011b bohat\u00fd z\u00e1\u017eitek.<\/li>\n<li><strong>Kompaktn\u00ed a p\u0159enosn\u00fd:<\/strong> D\u00edky objemu 8 ml je kompaktn\u00ed a snadno se zav\u011bs\u00ed v aut\u011b nebo na jin\u00e9m m\u00edst\u011b, co\u017e \u0161et\u0159\u00ed m\u00edsto.<\/li>\n<li><strong>\u010ctvercov\u00fd tvar:<\/strong> \u010ctvercov\u00fd tvar sklen\u011bn\u00e9 n\u00e1doby s \u010dist\u00fdmi a jednoduch\u00fdmi liniemi ji odli\u0161uje od b\u011b\u017en\u00fdch kulat\u00fdch lahv\u00ed. Jej\u00ed jedine\u010dn\u00fd tvar z n\u00ed d\u011bl\u00e1 dekorativn\u00ed prvek, a\u0165 u\u017e ji um\u00edst\u00edte nebo zav\u011bs\u00edte.<\/li>\n<\/ul>\n<h2>Jak jedna zna\u010dka prom\u011bnila tento flakon na parf\u00e9m v bestseller za t\u0159i m\u011bs\u00edce<\/h2>\n<p>Jedna spole\u010dnost cht\u011bla uv\u00e9st na trh \u0159adu v\u016fn\u00ed do auta pro m\u011bstsk\u00e9 doj\u00ed\u017ed\u011bj\u00edc\u00ed. Pro jej\u00ed \u010dist\u00fd vzhled a kompaktn\u00ed velikost si vybrala tuto 8ml pr\u00e1zdnou lahvi\u010dku s v\u016fn\u00ed do auta. Lahvi\u010dky zvolila v tmav\u011b modr\u00e9, mechov\u011b zelen\u00e9 a p\u00edskov\u011b b\u00e9\u017eov\u00e9 barv\u011b. D\u0159ev\u011bn\u00fd uz\u00e1v\u011br byl tak\u00e9 lehce t\u00f3nov\u00e1n, aby ladil s barvou. Na \u0161\u0148\u016frku p\u0159idala malou visa\u010dku s logem. V\u00fdsledek? Pr\u00e1zdn\u00e9 lahvi\u010dky s difuz\u00e9rem do auta se vyprodaly b\u011bhem 10 dn\u016f na pop-up trhu. \u0158idi\u010di milovali vzhled a snadnou zm\u011bnu v\u016fn\u011b. Maloobchodn\u00ed partne\u0159i se tak\u00e9 ptali na dal\u0161\u00ed.<\/p>\n<h2>Chcete si p\u0159izp\u016fsobit z\u00e1v\u011bsn\u00e9 difuz\u00e9ry do auta? Vyzkou\u0161ejte tyto n\u00e1pady<\/h2>\n<ul>\n<li>Vybarv\u011bte sklo: Vyzkou\u0161ejte jemn\u00e9 odst\u00edny \u2013 kou\u0159ov\u011b \u0161edou, oce\u00e1nsky modrou nebo r\u016f\u017eovo-zlatou. I sv\u011btl\u00e1 barva m\u016f\u017ee va\u0161i n\u00e1dobku s v\u016fn\u00ed odli\u0161it.<\/li>\n<li>Vylep\u0161ete d\u0159evo: Pou\u017eijte bambus, o\u0159ech nebo vy\u0159ez\u00e1vanou z\u00e1tku. P\u0159idejte sv\u016fj branding, aby jednoduch\u00e1 z\u00e1tka vynikla.<\/li>\n<li>Zm\u011b\u0148te tkani\u010dku: Vym\u011b\u0148te b\u00e9\u017eovou za \u010dernou, \u010dervenou nebo pletenou k\u016f\u017ei. Nebo nab\u00eddn\u011bte sez\u00f3nn\u00ed barevn\u00e9 kombinace. Z\u00e1kazn\u00edci miluj\u00ed limitovan\u00e9 edice.<\/li>\n<\/ul>","protected":false},"excerpt":{"rendered":"<p>Velkoobchodn\u00ed prodej pr\u00e1zdn\u00fdch lahvi\u010dek do difuz\u00e9r\u016f do auta a z\u00e1v\u011bsn\u00fdch lahvi\u010dek do auta. Mo\u017enost \u00faprav, v\u00edt\u00e1ny hromadn\u00e9 objedn\u00e1vky, vzorky zdarma pro zna\u010dky v\u016fn\u00ed a prodejce.<\/p>","protected":false},"featured_media":4817,"template":"","meta":{"site-sidebar-layout":"default","site-content-layout":"","ast-site-content-layout":"default","site-content-style":"default","site-sidebar-style":"default","ast-global-header-display":"","ast-banner-title-visibility":"","ast-main-header-display":"","ast-hfb-above-header-display":"","ast-hfb-below-header-display":"","ast-hfb-mobile-header-display":"","site-post-title":"","ast-breadcrumbs-content":"","ast-featured-img":"","footer-sml-layout":"","theme-transparent-header-meta":"default","adv-header-id-meta":"","stick-header-meta":"","header-above-stick-meta":"","header-main-stick-meta":"","header-below-stick-meta":"","astra-migrate-meta-layouts":"set","ast-page-background-enabled":"default","ast-page-background-meta":{"desktop":{"background-color":"var(--ast-global-color-5)","background-image":"","background-repeat":"repeat","background-position":"center center","background-size":"auto","background-attachment":"scroll","background-type":"","background-media":"","overlay-type":"","overlay-color":"","overlay-opacity":"","overlay-gradient":""},"tablet":{"background-color":"","background-image":"","background-repeat":"repeat","background-position":"center center","background-size":"auto","background-attachment":"scroll","background-type":"","background-media":"","overlay-type":"","overlay-color":"","overlay-opacity":"","overlay-gradient":""},"mobile":{"background-color":"","background-image":"","background-repeat":"repeat","background-position":"center center","background-size":"auto","background-attachment":"scroll","background-type":"","background-media":"","overlay-type":"","overlay-color":"","overlay-opacity":"","overlay-gradient":""}},"ast-content-background-meta":{"desktop":{"background-color":"var(--ast-global-color-4)","background-image":"","background-repeat":"repeat","background-position":"center center","background-size":"auto","background-attachment":"scroll","background-type":"","background-media":"","overlay-type":"","overlay-color":"","overlay-opacity":"","overlay-gradient":""},"tablet":{"background-color":"var(--ast-global-color-4)","background-image":"","background-repeat":"repeat","background-position":"center center","background-size":"auto","background-attachment":"scroll","background-type":"","background-media":"","overlay-type":"","overlay-color":"","overlay-opacity":"","overlay-gradient":""},"mobile":{"background-color":"var(--ast-global-color-4)","background-image":"","background-repeat":"repeat","background-position":"center center","background-size":"auto","background-attachment":"scroll","background-type":"","background-media":"","overlay-type":"","overlay-color":"","overlay-opacity":"","overlay-gradient":""}}},"product_brand":[],"product_cat":[54],"product_tag":[],"class_list":{"0":"post-846","1":"product","2":"type-product","3":"status-publish","4":"has-post-thumbnail","6":"product_cat-reed-diffuser-bottles","7":"desktop-align-left","8":"tablet-align-left","9":"mobile-align-left","11":"first","12":"instock","13":"shipping-taxable","14":"product-type-simple"},"jetpack_sharing_enabled":true,"_links":{"self":[{"href":"https:\/\/mostebglass.com\/cs\/wp-json\/wp\/v2\/product\/846","targetHints":{"allow":["GET"]}}],"collection":[{"href":"https:\/\/mostebglass.com\/cs\/wp-json\/wp\/v2\/product"}],"about":[{"href":"https:\/\/mostebglass.com\/cs\/wp-json\/wp\/v2\/types\/product"}],"wp:featuredmedia":[{"embeddable":true,"href":"https:\/\/mostebglass.com\/cs\/wp-json\/wp\/v2\/media\/4817"}],"wp:attachment":[{"href":"https:\/\/mostebglass.com\/cs\/wp-json\/wp\/v2\/media?parent=846"}],"wp:term":[{"taxonomy":"product_brand","embeddable":true,"href":"https:\/\/mostebglass.com\/cs\/wp-json\/wp\/v2\/product_brand?post=846"},{"taxonomy":"product_cat","embeddable":true,"href":"https:\/\/mostebglass.com\/cs\/wp-json\/wp\/v2\/product_cat?post=846"},{"taxonomy":"product_tag","embeddable":true,"href":"https:\/\/mostebglass.com\/cs\/wp-json\/wp\/v2\/product_tag?post=846"}],"curies":[{"name":"wp","href":"https:\/\/api.w.org\/{rel}","templated":true}]}}