{"id":889,"date":"2025-08-26T09:37:30","date_gmt":"2025-08-26T01:37:30","guid":{"rendered":"https:\/\/mostebglass.com\/?post_type=product&#038;p=889"},"modified":"2026-03-13T14:41:08","modified_gmt":"2026-03-13T06:41:08","slug":"wholesale-short-candle-holders-clear-glass-candlestick-holders","status":"publish","type":"product","link":"https:\/\/mostebglass.com\/cs\/wholesale-short-candle-holders-clear-glass-candlestick-holders\/","title":{"rendered":"Velkoobchodn\u00ed prodej kr\u00e1tk\u00fdch sv\u00edcn\u016f \u2013 sv\u00edcny z \u010dir\u00e9ho skla"},"content":{"rendered":"<p>Tyto kr\u00e1tk\u00e9 sv\u00edcny jsou vyrobeny z \u010dir\u00e9ho sodno-v\u00e1penat\u00e9ho skla a nab\u00edzej\u00ed dva kompaktn\u00ed designy: stoj\u00edc\u00ed sv\u00edcen ve tvaru pupenu a kulat\u00fd sklen\u011bn\u00fd sv\u00edcen. Oba typy maj\u00ed t\u011b\u017ekou z\u00e1kladnu pro zaji\u0161t\u011bn\u00ed stability a hladk\u00fd pr\u016fhledn\u00fd povlak, kter\u00fd zlep\u0161uje odraz sv\u011btla sv\u00ed\u010dek. D\u00edky minimalistick\u00e9mu designu jsou vhodn\u00e9 jako sv\u00edcny, stoln\u00ed dekorace, votivn\u00ed sv\u00edcny a mal\u00e9 stojany na sv\u00edcny. Tyto sklen\u011bn\u00e9 sv\u00edcny jsou velmi \u017e\u00e1dan\u00e9 v dom\u00e1cnostech, kav\u00e1rn\u00e1ch, barech, na svatb\u00e1ch, ve fotografick\u00fdch studi\u00edch a l\u00e1ze\u0148sk\u00fdch prostor\u00e1ch, kde lid\u00e9 pot\u0159ebuj\u00ed m\u011bkk\u00e9 sv\u011btlo a dekorace.<\/p>\n<h2>Kl\u00ed\u010dov\u00e9 specifikace<\/h2>\n<table style=\"border-collapse: collapse; width: 80%; margin-right: auto; margin-left: auto;\" border=\"0\" width=\"712\" cellspacing=\"0\" cellpadding=\"0\">\n<tbody>\n<tr style=\"height: 13.50pt;\">\n<td style=\"height: 13.50pt; width: 143.25pt;\" width=\"191\" height=\"18\">N\u00e1zev produktu<\/td>\n<td style=\"width: 390.75pt;\" width=\"521\">Kr\u00e1tk\u00e9 sv\u00edcny<\/td>\n<\/tr>\n<tr style=\"height: 13.50pt;\">\n<td style=\"height: 13.50pt;\" height=\"18\">Tvary<\/td>\n<td>Tvar pupenu (48 \u00d7 46 \u00d7 64 mm); Kulat\u00fd tvar (42 \u00d7 53 \u00d7 56 mm)<\/td>\n<\/tr>\n<tr style=\"height: 13.50pt;\">\n<td style=\"height: 13.50pt;\" height=\"18\">Materi\u00e1l<\/td>\n<td>Sodnov\u00e1penat\u00e9 sklo<\/td>\n<\/tr>\n<tr style=\"height: 13.50pt;\">\n<td style=\"height: 13.50pt;\" height=\"18\">V\u00fdrobn\u00ed proces<\/td>\n<td>Strojov\u011b foukan\u00e9<\/td>\n<\/tr>\n<tr style=\"height: 13.50pt;\">\n<td style=\"height: 13.50pt;\" height=\"18\">Povrchov\u00e1 dekorace<\/td>\n<td>Hedv\u00e1bn\u00fd tisk, hork\u00e1 ra\u017eba<\/td>\n<\/tr>\n<tr style=\"height: 13.50pt;\">\n<td style=\"height: 13.50pt;\" height=\"18\">Barva<\/td>\n<td>Ve v\u00fdchoz\u00edm nastaven\u00ed jasn\u00e9, k dispozici je vlastn\u00ed barva<\/td>\n<\/tr>\n<tr style=\"height: 13.50pt;\">\n<td style=\"height: 13.50pt;\" height=\"18\">Obal<\/td>\n<td>Ochrana bublinkov\u00e9 f\u00f3lie p\u0159i p\u0159eprav\u011b<\/td>\n<\/tr>\n<tr style=\"height: 13.50pt;\">\n<td style=\"height: 13.50pt;\" height=\"18\">Logo<\/td>\n<td>Podpora mal\u00fdch samolepic\u00edch \u0161t\u00edtk\u016f<\/td>\n<\/tr>\n<tr style=\"height: 13.50pt;\">\n<td style=\"height: 13.50pt;\" height=\"18\">Styl<\/td>\n<td>Minimalistick\u00fd dekorativn\u00ed sv\u00edcen<\/td>\n<\/tr>\n<tr style=\"height: 13.50pt;\">\n<td style=\"height: 13.50pt;\" height=\"18\">Aplikace<\/td>\n<td>Bytov\u00e9 dekorace, svatby, ve\u010d\u00edrky, d\u00e1rky<\/td>\n<\/tr>\n<tr style=\"height: 13.50pt;\">\n<td style=\"height: 13.50pt;\" height=\"18\">Vhodn\u00e1 m\u00edsta<\/td>\n<td>Bary, kav\u00e1rny, ob\u0159ady, SPA centra, showroomy<\/td>\n<\/tr>\n<tr style=\"height: 13.50pt;\">\n<td style=\"height: 13.50pt;\" height=\"18\">Re\u017eim nap\u00e1jen\u00ed<\/td>\n<td>Velkoobchod, hromadn\u00e9 sv\u00edcny, p\u0159\u00edmo od v\u00fdrobce<\/td>\n<\/tr>\n<\/tbody>\n<\/table>\n<h2>Vlastnosti produktu<\/h2>\n<ol>\n<li><strong>Kompaktn\u00ed dekorativn\u00ed design<\/strong>Elegantn\u00ed kr\u00e1tk\u00e9 sv\u00edcny se vyzna\u010duj\u00ed rafinovan\u00fdmi konturami, kter\u00e9 se skv\u011ble hod\u00ed jako dekorativn\u00ed sady sv\u00edcn\u016f na stoly, svatby a styling akc\u00ed.<\/li>\n<li><strong>Stabiln\u00ed tlust\u00e1 sklen\u011bn\u00e1 z\u00e1kladna<\/strong>Ka\u017ed\u00fd sv\u00edcen bude vyroben z t\u011b\u017ek\u00e9ho sodno-v\u00e1penat\u00e9ho skla a bude m\u00edt z\u00e1va\u017e\u00ed, kter\u00e9 zajist\u00ed stabiln\u00ed a bezpe\u010dn\u00e9 ho\u0159en\u00ed sv\u00ed\u010dek.<\/li>\n<li><strong>Velkoobchodn\u00ed dod\u00e1vky, akce a maloobchod<\/strong>Sv\u00edcny nebo sv\u00edcny ve velk\u00e9m balen\u00ed, kter\u00e9 jsou ide\u00e1ln\u00ed, kdy\u017e distributor, svatebn\u00ed pl\u00e1nova\u010d nebo zna\u010dka dekorac\u00ed na akce pot\u0159ebuje z\u00edskat zbo\u017e\u00ed od zaveden\u00e9ho v\u00fdrobce nebo dodavatele.<\/li>\n<\/ol>\n<h2>P\u0159\u00edpadov\u00e1 studie \u00fasp\u011bchu B2B<\/h2>\n<p>Italsk\u00e1 firma zab\u00fdvaj\u00edc\u00ed se svatebn\u00ed v\u00fdzdobou, kter\u00e1 se zam\u011b\u0159uje na styling akc\u00ed, objednala 2 000 sad sklen\u011bn\u00fdch sv\u00edcn\u016f pro pou\u017eit\u00ed v sez\u00f3nn\u00edch svatebn\u00edch dekorac\u00edch. Klient si objednal sv\u00edcny ve tvaru pupenu i kulat\u00e9ho tvaru. K dispozici bylo i personalizovan\u00e9 proveden\u00ed s pou\u017eit\u00edm zlat\u00e9 ra\u017eby a zna\u010dkov\u00fdmi etiketami na obalech.<\/p>\n<p>Sv\u00edcny byly pou\u017eity ve velk\u00fdch aran\u017em\u00e1 stol\u016f v kombinaci s votivn\u00edmi sv\u00ed\u010dkami. Spole\u010dnost zaznamenala po uveden\u00ed kolekce na trh 32% n\u00e1r\u016fst po\u010dtu objedn\u00e1vek dekorac\u00ed na akce d\u00edky minimalisticky elegantn\u00ed kvalit\u011b dekorace. \u010cir\u00fd sklen\u011bn\u00fd stojan na sv\u00ed\u010dky se skv\u011ble hodil k v\u011bt\u0161in\u011b svatebn\u00edch t\u00e9mat, a proto klient za t\u0159i m\u011bs\u00edce zopakoval velkoobchodn\u00ed objedn\u00e1vku a objednal 5 000 kus\u016f.<\/p>\n<h2>Doporu\u010den\u00ed pro diferenciaci pro B2B kupuj\u00edc\u00ed<\/h2>\n<ol>\n<li><strong>T\u00e9mata ud\u00e1lost\u00ed ve vlastn\u00edch barv\u00e1ch<\/strong>Zna\u010dky dekorac\u00ed a pl\u00e1nova\u010di akc\u00ed mohou m\u00edt sklen\u011bn\u00e9 sv\u00edcny na zak\u00e1zku v barv\u00e1ch, jako je jantarov\u00e1, kou\u0159ov\u011b \u0161ed\u00e1 nebo pastelov\u00e9 barvy, kter\u00e9 lze vyrobit na m\u00edru tak, aby odpov\u00eddaly svatebn\u00ed palet\u011b.<\/li>\n<li><strong>Dekorativn\u00ed sv\u00edcny<\/strong>Maloobchodn\u00ed zna\u010dky mohou do sv\u00edcn\u016f za\u010dlenit hedv\u00e1bn\u011b poti\u0161t\u011bn\u00fd vzor nebo kovov\u00e9 detaily jako dekorativn\u00ed prvky, \u010d\u00edm\u017e z nich vytvo\u0159\u00ed sez\u00f3nn\u011b jedine\u010dn\u00e9 produktov\u00e9 \u0159ady.<\/li>\n<li><strong>Sady sv\u00edcn\u016f v balen\u00ed<\/strong>Distributo\u0159i mohou balit sm\u00ed\u0161en\u00e9 sady sv\u00edcn\u016f kombinuj\u00edc\u00ed sv\u00edcny ve tvaru pupenu a kr\u00e1tk\u00e9 kulat\u00e9 sv\u00edcny a vytv\u00e1\u0159et tak atraktivn\u00ed maloobchodn\u00ed nebo velkoobchodn\u00ed nab\u00eddky.<\/li>\n<\/ol>","protected":false},"excerpt":{"rendered":"<p>Kr\u00e1tk\u00e9 sv\u00edcny a stoj\u00e1nky na sv\u00edcny z \u010dir\u00e9ho skla. Odoln\u00e9 dekorativn\u00ed sklen\u011bn\u00e9 sv\u00edcny dostupn\u00e9 velkoobchodn\u011b s mo\u017enost\u00ed zak\u00e1zkov\u00e9ho proveden\u00ed od v\u00fdrobce.<\/p>","protected":false},"featured_media":4746,"template":"","meta":{"site-sidebar-layout":"default","site-content-layout":"","ast-site-content-layout":"default","site-content-style":"default","site-sidebar-style":"default","ast-global-header-display":"","ast-banner-title-visibility":"","ast-main-header-display":"","ast-hfb-above-header-display":"","ast-hfb-below-header-display":"","ast-hfb-mobile-header-display":"","site-post-title":"","ast-breadcrumbs-content":"","ast-featured-img":"","footer-sml-layout":"","theme-transparent-header-meta":"default","adv-header-id-meta":"","stick-header-meta":"","header-above-stick-meta":"","header-main-stick-meta":"","header-below-stick-meta":"","astra-migrate-meta-layouts":"set","ast-page-background-enabled":"default","ast-page-background-meta":{"desktop":{"background-color":"var(--ast-global-color-5)","background-image":"","background-repeat":"repeat","background-position":"center center","background-size":"auto","background-attachment":"scroll","background-type":"","background-media":"","overlay-type":"","overlay-color":"","overlay-opacity":"","overlay-gradient":""},"tablet":{"background-color":"","background-image":"","background-repeat":"repeat","background-position":"center center","background-size":"auto","background-attachment":"scroll","background-type":"","background-media":"","overlay-type":"","overlay-color":"","overlay-opacity":"","overlay-gradient":""},"mobile":{"background-color":"","background-image":"","background-repeat":"repeat","background-position":"center center","background-size":"auto","background-attachment":"scroll","background-type":"","background-media":"","overlay-type":"","overlay-color":"","overlay-opacity":"","overlay-gradient":""}},"ast-content-background-meta":{"desktop":{"background-color":"var(--ast-global-color-4)","background-image":"","background-repeat":"repeat","background-position":"center center","background-size":"auto","background-attachment":"scroll","background-type":"","background-media":"","overlay-type":"","overlay-color":"","overlay-opacity":"","overlay-gradient":""},"tablet":{"background-color":"var(--ast-global-color-4)","background-image":"","background-repeat":"repeat","background-position":"center center","background-size":"auto","background-attachment":"scroll","background-type":"","background-media":"","overlay-type":"","overlay-color":"","overlay-opacity":"","overlay-gradient":""},"mobile":{"background-color":"var(--ast-global-color-4)","background-image":"","background-repeat":"repeat","background-position":"center center","background-size":"auto","background-attachment":"scroll","background-type":"","background-media":"","overlay-type":"","overlay-color":"","overlay-opacity":"","overlay-gradient":""}}},"product_brand":[],"product_cat":[28,21],"product_tag":[],"class_list":{"0":"post-889","1":"product","2":"type-product","3":"status-publish","4":"has-post-thumbnail","6":"product_cat-glass-candle-jars","7":"product_cat-product","8":"desktop-align-left","9":"tablet-align-left","10":"mobile-align-left","12":"first","13":"instock","14":"shipping-taxable","15":"product-type-simple"},"jetpack_sharing_enabled":true,"_links":{"self":[{"href":"https:\/\/mostebglass.com\/cs\/wp-json\/wp\/v2\/product\/889","targetHints":{"allow":["GET"]}}],"collection":[{"href":"https:\/\/mostebglass.com\/cs\/wp-json\/wp\/v2\/product"}],"about":[{"href":"https:\/\/mostebglass.com\/cs\/wp-json\/wp\/v2\/types\/product"}],"wp:featuredmedia":[{"embeddable":true,"href":"https:\/\/mostebglass.com\/cs\/wp-json\/wp\/v2\/media\/4746"}],"wp:attachment":[{"href":"https:\/\/mostebglass.com\/cs\/wp-json\/wp\/v2\/media?parent=889"}],"wp:term":[{"taxonomy":"product_brand","embeddable":true,"href":"https:\/\/mostebglass.com\/cs\/wp-json\/wp\/v2\/product_brand?post=889"},{"taxonomy":"product_cat","embeddable":true,"href":"https:\/\/mostebglass.com\/cs\/wp-json\/wp\/v2\/product_cat?post=889"},{"taxonomy":"product_tag","embeddable":true,"href":"https:\/\/mostebglass.com\/cs\/wp-json\/wp\/v2\/product_tag?post=889"}],"curies":[{"name":"wp","href":"https:\/\/api.w.org\/{rel}","templated":true}]}}