{"id":911,"date":"2025-08-26T11:10:37","date_gmt":"2025-08-26T03:10:37","guid":{"rendered":"https:\/\/mostebglass.com\/?post_type=product&#038;p=911"},"modified":"2026-04-10T13:34:15","modified_gmt":"2026-04-10T05:34:15","slug":"custom-square-votive-candle-holders-wholesale","status":"publish","type":"product","link":"https:\/\/mostebglass.com\/cs\/custom-square-votive-candle-holders-wholesale\/","title":{"rendered":"Velkoobchodn\u00ed votivn\u00ed sv\u00edcny o objemu 80-640 ml na zak\u00e1zku, \u010dtvercov\u00e9"},"content":{"rendered":"<p>Pot\u0159ebujete votivn\u00ed sv\u00edcny, kter\u00e9 spojuj\u00ed funk\u010dnost s modern\u00ed eleganc\u00ed? Na\u0161e \u010dtvercov\u00e9 votivn\u00ed sv\u00edcny jsou vyrobeny z vysoce kvalitn\u00edho skla a nab\u00edzej\u00ed v\u00fdb\u011br balen\u00ed sv\u00ed\u010dek, kter\u00e9 pozvedne v\u00fdzdobu domova, restaurace i luxusn\u00ed kolekce sv\u00ed\u010dek. D\u00edky \u010dty\u0159em velikostem (80 ml a\u017e 640 ml) a mo\u017enostem p\u0159izp\u016fsoben\u00ed jsou obl\u00edbenou volbou pro velkoobchodn\u00ed dodavatele sv\u00ed\u010dek i hromadn\u00e9 odb\u011bratele.<\/p>\n<h2>Vlastnosti produktu<\/h2>\n<ul>\n<li><strong>Siln\u00fd design t\u0159\u00eddy pro stabilitu: <\/strong>Stojan na sv\u00ed\u010dky Vote m\u00e1 silnou sklen\u011bnou z\u00e1kladnu (52\u2013100 mm) a pravo\u00fahl\u00e9 rohy, co\u017e zaji\u0161\u0165uje, \u017ee va\u0161e d\u00f3za na sv\u00ed\u010dky bude rovn\u00e1 i ve velkoobchodn\u00edch z\u00e1silk\u00e1ch sv\u00ed\u010dek nebo v prostor\u00e1ch s vysokou korunou.<\/li>\n<li><strong>\u010cir\u00e9 sklo pro maxim\u00e1ln\u00ed lom sv\u011btla: <\/strong>Crystal-Calier zvy\u0161uje kvalitu sv\u011btla sv\u00ed\u010dek a prom\u011b\u0148uje tyto n\u00e1doby na sv\u00ed\u010dky v \u00fachvatn\u00e9 dekorace na svatby, ve\u010de\u0159e nebo v d\u00f3ze na sv\u00ed\u010dky v butikov\u00fdch obchodech.<\/li>\n<li><strong>P\u0159izp\u016fsobiteln\u00e1 barevn\u00e1 varianta: <\/strong>Tato n\u00e1doba na sv\u00ed\u010dky, kter\u00e1 je k dispozici v pr\u016fhledn\u00e9 nebo lakovan\u00e9 variant\u011b (jantarov\u00e1, matn\u00e1), se optimalizuje pro sez\u00f3nn\u00ed t\u00e9mata nebo produktov\u00e9 \u0159ady va\u0161\u00ed zna\u010dky.<\/li>\n<\/ul>\n<h2>Kl\u00ed\u010dov\u00e9 specifikace<\/h2>\n<table style=\"border-collapse: collapse; width: 80%; margin-left: auto; margin-right: auto;\" border=\"0\" width=\"360\" cellspacing=\"0\" cellpadding=\"0\">\n<tbody>\n<tr style=\"height: 13.50pt;\">\n<td style=\"height: 13.5pt; width: 54pt; text-align: center;\" width=\"72\" height=\"18\">Kapacita (ml)<\/td>\n<td style=\"width: 54pt; text-align: center;\" width=\"72\">80<\/td>\n<td style=\"width: 54pt; text-align: center;\" width=\"72\">120<\/td>\n<td style=\"width: 54pt; text-align: center;\" width=\"72\">300<\/td>\n<td style=\"width: 54pt; text-align: center;\" width=\"72\">640<\/td>\n<\/tr>\n<tr style=\"height: 13.50pt;\">\n<td style=\"height: 13.5pt; text-align: center;\" height=\"18\">Hmotnost (g)<\/td>\n<td style=\"text-align: center;\">100<\/td>\n<td style=\"text-align: center;\">164<\/td>\n<td style=\"text-align: center;\">164<\/td>\n<td style=\"text-align: center;\">164<\/td>\n<\/tr>\n<tr style=\"height: 13.50pt;\">\n<td style=\"height: 13.5pt; text-align: center;\" height=\"18\">Rozm\u011bry (mm)<\/td>\n<td style=\"text-align: center;\">52 x 48 x 52<\/td>\n<td style=\"text-align: center;\">60 \u00d7 58 \u00d7 60<\/td>\n<td style=\"text-align: center;\">80 \u00d7 75 \u00d7 80<\/td>\n<td style=\"text-align: center;\">100 \u00d7 95 \u00d7 100<\/td>\n<\/tr>\n<tr style=\"height: 13.50pt;\">\n<td style=\"height: 13.5pt; text-align: center;\" height=\"18\">Materi\u00e1l<\/td>\n<td class=\"et2\" style=\"text-align: center;\" colspan=\"4\">K\u0159i\u0161\u0165\u00e1lov\u00e9 sklo<\/td>\n<\/tr>\n<tr style=\"height: 13.50pt;\">\n<td style=\"height: 13.5pt; text-align: center;\" height=\"18\">Mo\u017enosti barev<\/td>\n<td class=\"et2\" style=\"text-align: center;\" colspan=\"4\">Vymazat \/ Vlastn\u00ed<\/td>\n<\/tr>\n<\/tbody>\n<\/table>\n<h2>N\u00e1pad na adaptaci pro v\u00e1s<\/h2>\n<ol>\n<li><strong>Gradientn\u00ed odst\u00edny:<\/strong> Nab\u00eddn\u011bte \u010dtvercov\u00e9 sv\u00edcny s motivem hlasu v gradientn\u00edch barv\u00e1ch (nap\u0159. od horn\u00ed ke zlat\u00e9) pro svatby nebo luxusn\u00ed zna\u010dky sv\u00ed\u010dek zam\u011b\u0159en\u00e9 na sv\u00e1tky.<\/li>\n<li><strong>Logo Laser-d\u016fchodce:<\/strong> Pro velkoobchodn\u00ed i velkoobchodn\u00ed odb\u011bratele, kte\u0159\u00ed cht\u011bj\u00ed diskr\u00e9tn\u00ed balen\u00ed, p\u0159idejte do d\u00f3zy na sv\u00ed\u010dky mikroskopick\u00fd branding.<\/li>\n<li><strong>Stabiln\u00ed sada:<\/strong> N\u00e1vrh stojanu na hlasovac\u00ed sv\u00ed\u010dky pro stavbu hn\u00edzd do sebe, \u00faprava skladu pro velkoobchodn\u00ed p\u0159epravu sv\u00ed\u010dek.<\/li>\n<\/ol>","protected":false},"excerpt":{"rendered":"<p>\u010ctvercov\u00e9 votivn\u00ed sv\u00edcny v klasick\u00e9m designu! Vysoce kvalitn\u00ed votivn\u00ed sv\u00edcny za konkurenceschopn\u00e9 ceny pro velkoobchodn\u00ed i hromadn\u00e9 objedn\u00e1vky.<\/p>","protected":false},"featured_media":912,"template":"","meta":{"site-sidebar-layout":"default","site-content-layout":"","ast-site-content-layout":"default","site-content-style":"default","site-sidebar-style":"default","ast-global-header-display":"","ast-banner-title-visibility":"","ast-main-header-display":"","ast-hfb-above-header-display":"","ast-hfb-below-header-display":"","ast-hfb-mobile-header-display":"","site-post-title":"","ast-breadcrumbs-content":"","ast-featured-img":"","footer-sml-layout":"","theme-transparent-header-meta":"default","adv-header-id-meta":"","stick-header-meta":"","header-above-stick-meta":"","header-main-stick-meta":"","header-below-stick-meta":"","astra-migrate-meta-layouts":"set","ast-page-background-enabled":"default","ast-page-background-meta":{"desktop":{"background-color":"var(--ast-global-color-5)","background-image":"","background-repeat":"repeat","background-position":"center center","background-size":"auto","background-attachment":"scroll","background-type":"","background-media":"","overlay-type":"","overlay-color":"","overlay-opacity":"","overlay-gradient":""},"tablet":{"background-color":"","background-image":"","background-repeat":"repeat","background-position":"center center","background-size":"auto","background-attachment":"scroll","background-type":"","background-media":"","overlay-type":"","overlay-color":"","overlay-opacity":"","overlay-gradient":""},"mobile":{"background-color":"","background-image":"","background-repeat":"repeat","background-position":"center center","background-size":"auto","background-attachment":"scroll","background-type":"","background-media":"","overlay-type":"","overlay-color":"","overlay-opacity":"","overlay-gradient":""}},"ast-content-background-meta":{"desktop":{"background-color":"var(--ast-global-color-4)","background-image":"","background-repeat":"repeat","background-position":"center center","background-size":"auto","background-attachment":"scroll","background-type":"","background-media":"","overlay-type":"","overlay-color":"","overlay-opacity":"","overlay-gradient":""},"tablet":{"background-color":"var(--ast-global-color-4)","background-image":"","background-repeat":"repeat","background-position":"center center","background-size":"auto","background-attachment":"scroll","background-type":"","background-media":"","overlay-type":"","overlay-color":"","overlay-opacity":"","overlay-gradient":""},"mobile":{"background-color":"var(--ast-global-color-4)","background-image":"","background-repeat":"repeat","background-position":"center center","background-size":"auto","background-attachment":"scroll","background-type":"","background-media":"","overlay-type":"","overlay-color":"","overlay-opacity":"","overlay-gradient":""}}},"product_brand":[],"product_cat":[28,21],"product_tag":[],"class_list":{"0":"post-911","1":"product","2":"type-product","3":"status-publish","4":"has-post-thumbnail","6":"product_cat-glass-candle-jars","7":"product_cat-product","8":"desktop-align-left","9":"tablet-align-left","10":"mobile-align-left","12":"first","13":"instock","14":"shipping-taxable","15":"product-type-simple"},"jetpack_sharing_enabled":true,"_links":{"self":[{"href":"https:\/\/mostebglass.com\/cs\/wp-json\/wp\/v2\/product\/911","targetHints":{"allow":["GET"]}}],"collection":[{"href":"https:\/\/mostebglass.com\/cs\/wp-json\/wp\/v2\/product"}],"about":[{"href":"https:\/\/mostebglass.com\/cs\/wp-json\/wp\/v2\/types\/product"}],"wp:featuredmedia":[{"embeddable":true,"href":"https:\/\/mostebglass.com\/cs\/wp-json\/wp\/v2\/media\/912"}],"wp:attachment":[{"href":"https:\/\/mostebglass.com\/cs\/wp-json\/wp\/v2\/media?parent=911"}],"wp:term":[{"taxonomy":"product_brand","embeddable":true,"href":"https:\/\/mostebglass.com\/cs\/wp-json\/wp\/v2\/product_brand?post=911"},{"taxonomy":"product_cat","embeddable":true,"href":"https:\/\/mostebglass.com\/cs\/wp-json\/wp\/v2\/product_cat?post=911"},{"taxonomy":"product_tag","embeddable":true,"href":"https:\/\/mostebglass.com\/cs\/wp-json\/wp\/v2\/product_tag?post=911"}],"curies":[{"name":"wp","href":"https:\/\/api.w.org\/{rel}","templated":true}]}}