{"id":928,"date":"2025-08-26T13:25:22","date_gmt":"2025-08-26T05:25:22","guid":{"rendered":"https:\/\/mostebglass.com\/?post_type=product&#038;p=928"},"modified":"2026-03-10T13:50:13","modified_gmt":"2026-03-10T05:50:13","slug":"apothecary-diffuser-glass-bottles-with-oval-shape-wholesale","status":"publish","type":"product","link":"https:\/\/mostebglass.com\/cs\/apothecary-diffuser-glass-bottles-with-oval-shape-wholesale\/","title":{"rendered":"100ml 150ml l\u00e9k\u00e1rensk\u00e9 difuz\u00e9ry sklen\u011bn\u00e9 lahve s ov\u00e1ln\u00fdm tvarem velkoobchod"},"content":{"rendered":"<p>Tyto z\u0159eteln\u00e9 difuz\u00e9rov\u00e9 \u200b\u200bsklen\u011bn\u00e9 lahvi\u010dky maj\u00ed hladk\u00e9 okraje a hladk\u00e9 ov\u00e1ln\u00e9 tvary s decentn\u00edmi z\u00e1vitov\u00fdmi hrdly. Siln\u00e9 a odoln\u00e9, s ploch\u00fdm, stabiln\u00edm dnem, vytv\u00e1\u0159ej\u00ed rovnov\u00e1hu mezi eleganc\u00ed a modern\u00ed jednoduchost\u00ed \u2013 vynikaj\u00ed jak pro l\u00e9k\u00e1rensk\u00e9 difuz\u00e9ry, tak pro jakoukoli kolekci difuz\u00e9r\u016f.<\/p>\n<h2>Vlastnosti produktu<\/h2>\n<ul>\n<li><strong>Vysoce kvalitn\u00ed sklo:<\/strong> Na\u0161e siln\u00e9 k\u0159i\u0161\u0165\u00e1lov\u00e9 sklo poskytuje bohat\u00fd, rozt\u0159\u00ed\u0161t\u011bn\u00fd a rozptyluj\u00edc\u00ed z\u00e1\u017eitek, kter\u00fd je ide\u00e1ln\u00ed pro dlouhodob\u00e9 pou\u017e\u00edv\u00e1n\u00ed a pro z\u00e1kazn\u00edky, kte\u0159\u00ed si ho r\u00e1di opakovan\u011b objednaj\u00ed.<\/li>\n<li><strong>Unik\u00e1tn\u00ed tvar:<\/strong> Ov\u00e1ln\u00fd, ploch\u00fd a kulat\u00fd tvar lahve vynik\u00e1 mezi lahvemi jednoduch\u00e9 aromaterapie a vytv\u00e1\u0159\u00ed tak jedine\u010dn\u00fd dekorativn\u00ed estetick\u00fd dojem.<\/li>\n<li><strong>Rovn\u00e1, stabiln\u00ed podlaha:<\/strong> Stabiln\u00ed dno zaji\u0161\u0165uje bezpe\u010dn\u00e9 um\u00edst\u011bn\u00ed a zabra\u0148uje p\u0159evr\u00e1cen\u00ed.<\/li>\n<\/ul>\n<h2>P\u0159\u00edb\u011bh \u00fasp\u011bchu<\/h2>\n<p>Na\u0161e 100ml \u010dir\u00e1 sklen\u011bn\u00e1 lahvi\u010dka s kulat\u00fdm okrajem byla zvolena luxusn\u00ed zna\u010dkou bytov\u00fdch v\u016fn\u00ed jako z\u00e1klad. Hladk\u00e1 p\u0159edn\u00ed strana lahvi\u010dky byla upravena logem zna\u010dky nati\u0161t\u011bn\u00fdm s\u00edtotiskem za vysok\u00e9 teploty; pr\u016fm\u011br hrdla lahvi\u010dky byl optimalizov\u00e1n tak, aby se do n\u011bj ve\u0161el kart\u00e1\u010dovan\u00fd hlin\u00edkov\u00fd krou\u017eek a p\u011bt vl\u00e1knit\u00fdch \u00faponk\u016f pro rovnom\u011brn\u00e9 rozpt\u00fdlen\u00ed v\u016fn\u011b.<\/p>\n<p>Po uveden\u00ed na trh personalizovan\u00e9 difuz\u00e9rov\u00e9 \u200b\u200blahve zna\u010dka tak\u00e9 uvedla, \u017ee se v\u00fdrazn\u011b zlep\u0161ila prezentace produktu v maloobchodn\u00edch prodejn\u00e1ch a \u017ee zna\u010dka zaznamenala 37% n\u00e1r\u016fst prodeje d\u00e1rkov\u00fdch sad b\u011bhem prvn\u00edch dvou m\u011bs\u00edc\u016f od uveden\u00ed na trh. Spole\u010dnost tak\u00e9 nad\u00e1le opakovan\u011b objedn\u00e1v\u00e1 r\u016fzn\u00e9 sez\u00f3nn\u00ed \u0159ady produkt\u016f.<\/p>\n<h2>Tipy pro personalizaci zna\u010dky<\/h2>\n<p>Chcete vyniknout? Zde je pops\u00e1no, jak si vyrobit jedine\u010dn\u00fd difuz\u00e9r:<\/p>\n<ul>\n<li>Barva: Pro vintage l\u00e9k\u00e1rensk\u00fd n\u00e1dech vyzkou\u0161ejte jantarovou nebo kobaltov\u011b modrou barvu skla.<\/li>\n<li>\u00daprava pom\u011bru (voliteln\u00e9): Chcete dlouh\u00fd nebo p\u0159il\u00e9hav\u00fd ov\u00e1l? M\u016f\u017eeme pom\u011br upravit. Dlouh\u00e1 l\u00e1hev vypad\u00e1 elegantn\u011bji. \u0160ir\u0161\u00ed p\u016fsob\u00ed uzemn\u011bn\u011bji.<\/li>\n<li>\u0160t\u00edtek: Pro skv\u011bl\u00fd z\u00e1\u017eitek pou\u017eijte minimalistick\u00e9 p\u00edsmo nebo reli\u00e9fn\u00ed logo.<\/li>\n<li>Obal: Zvy\u0161te z\u00e1\u017eitek z rozbalov\u00e1n\u00ed s recyklovanou krabic\u00ed a kartou s p\u0159\u00edb\u011bhem v\u016fn\u011b.<\/li>\n<\/ul>\n<p>Tyto defusery nejsou jen praktick\u00e9; jsou tak\u00e9 pl\u00e1tnem. Velkoobchodn\u00ed n\u00e1kup defuser\u016f nejen u\u0161et\u0159\u00ed pen\u00edze, ale tak\u00e9 vytvo\u0159\u00ed konzistentn\u00ed a profesion\u00e1ln\u00ed image.<\/p>","protected":false},"excerpt":{"rendered":"<p>Objevte stylov\u00e9 difuzn\u00ed lahvi\u010dky z l\u00e9k\u00e1rny a sklen\u011bn\u00e9 difuzn\u00ed lahvi\u010dky. Pr\u00e9miov\u00e1 kvalita, mo\u017enost \u00fapravy, v\u00edt\u00e1ny jsou hromadn\u00e9 objedn\u00e1vky a k dispozici jsou vzorky zdarma.<\/p>","protected":false},"featured_media":4704,"template":"","meta":{"site-sidebar-layout":"default","site-content-layout":"","ast-site-content-layout":"default","site-content-style":"default","site-sidebar-style":"default","ast-global-header-display":"","ast-banner-title-visibility":"","ast-main-header-display":"","ast-hfb-above-header-display":"","ast-hfb-below-header-display":"","ast-hfb-mobile-header-display":"","site-post-title":"","ast-breadcrumbs-content":"","ast-featured-img":"","footer-sml-layout":"","theme-transparent-header-meta":"default","adv-header-id-meta":"","stick-header-meta":"","header-above-stick-meta":"","header-main-stick-meta":"","header-below-stick-meta":"","astra-migrate-meta-layouts":"set","ast-page-background-enabled":"default","ast-page-background-meta":{"desktop":{"background-color":"var(--ast-global-color-5)","background-image":"","background-repeat":"repeat","background-position":"center center","background-size":"auto","background-attachment":"scroll","background-type":"","background-media":"","overlay-type":"","overlay-color":"","overlay-opacity":"","overlay-gradient":""},"tablet":{"background-color":"","background-image":"","background-repeat":"repeat","background-position":"center center","background-size":"auto","background-attachment":"scroll","background-type":"","background-media":"","overlay-type":"","overlay-color":"","overlay-opacity":"","overlay-gradient":""},"mobile":{"background-color":"","background-image":"","background-repeat":"repeat","background-position":"center center","background-size":"auto","background-attachment":"scroll","background-type":"","background-media":"","overlay-type":"","overlay-color":"","overlay-opacity":"","overlay-gradient":""}},"ast-content-background-meta":{"desktop":{"background-color":"var(--ast-global-color-4)","background-image":"","background-repeat":"repeat","background-position":"center center","background-size":"auto","background-attachment":"scroll","background-type":"","background-media":"","overlay-type":"","overlay-color":"","overlay-opacity":"","overlay-gradient":""},"tablet":{"background-color":"var(--ast-global-color-4)","background-image":"","background-repeat":"repeat","background-position":"center center","background-size":"auto","background-attachment":"scroll","background-type":"","background-media":"","overlay-type":"","overlay-color":"","overlay-opacity":"","overlay-gradient":""},"mobile":{"background-color":"var(--ast-global-color-4)","background-image":"","background-repeat":"repeat","background-position":"center center","background-size":"auto","background-attachment":"scroll","background-type":"","background-media":"","overlay-type":"","overlay-color":"","overlay-opacity":"","overlay-gradient":""}}},"product_brand":[],"product_cat":[54],"product_tag":[],"class_list":{"0":"post-928","1":"product","2":"type-product","3":"status-publish","4":"has-post-thumbnail","6":"product_cat-reed-diffuser-bottles","7":"desktop-align-left","8":"tablet-align-left","9":"mobile-align-left","11":"first","12":"instock","13":"shipping-taxable","14":"product-type-simple"},"jetpack_sharing_enabled":true,"_links":{"self":[{"href":"https:\/\/mostebglass.com\/cs\/wp-json\/wp\/v2\/product\/928","targetHints":{"allow":["GET"]}}],"collection":[{"href":"https:\/\/mostebglass.com\/cs\/wp-json\/wp\/v2\/product"}],"about":[{"href":"https:\/\/mostebglass.com\/cs\/wp-json\/wp\/v2\/types\/product"}],"wp:featuredmedia":[{"embeddable":true,"href":"https:\/\/mostebglass.com\/cs\/wp-json\/wp\/v2\/media\/4704"}],"wp:attachment":[{"href":"https:\/\/mostebglass.com\/cs\/wp-json\/wp\/v2\/media?parent=928"}],"wp:term":[{"taxonomy":"product_brand","embeddable":true,"href":"https:\/\/mostebglass.com\/cs\/wp-json\/wp\/v2\/product_brand?post=928"},{"taxonomy":"product_cat","embeddable":true,"href":"https:\/\/mostebglass.com\/cs\/wp-json\/wp\/v2\/product_cat?post=928"},{"taxonomy":"product_tag","embeddable":true,"href":"https:\/\/mostebglass.com\/cs\/wp-json\/wp\/v2\/product_tag?post=928"}],"curies":[{"name":"wp","href":"https:\/\/api.w.org\/{rel}","templated":true}]}}