{"id":978,"date":"2025-08-27T10:49:56","date_gmt":"2025-08-27T02:49:56","guid":{"rendered":"https:\/\/mostebglass.com\/?post_type=product&#038;p=978"},"modified":"2026-03-05T17:04:02","modified_gmt":"2026-03-05T09:04:02","slug":"velkoobchodni-ctvercove-difuzni-lahve-se-sroubovacimi-vicky","status":"publish","type":"product","link":"https:\/\/mostebglass.com\/cs\/wholesale-square-diffuser-bottles-with-screw-lids\/","title":{"rendered":"200ml 250ml \u010dtvercov\u00e9 difuz\u00e9rov\u00e9 \u200b\u200blahve se \u0161roubovac\u00edmi v\u00ed\u010dky Velkoobchod"},"content":{"rendered":"<p>Kupujete si v\u00edc ne\u017e jen l\u00e9k\u00e1rensk\u00e9 difuz\u00e9ry, vyb\u00edr\u00e1te si prvn\u00ed dojem. Tyto \u010dtvercov\u00e9 difuz\u00e9ry se vyzna\u010duj\u00ed \u010dist\u00fdmi liniemi a elegantn\u00edm designem. Jsou vyrobeny z tlust\u00e9ho, \u010dir\u00e9ho skla a dod\u00e1vaj\u00ed jim n\u00e1dech luxusu.<\/p>\n<h2>Vlastnosti produktu<\/h2>\n<ul>\n<li><strong>Modern Style:<\/strong> The clean, square silhouette creates a contemporary look that complements a variety of decor styles.<\/li>\n<li><strong>Pr\u00e9miov\u00e9 sklo:<\/strong> Our bottles are made from thick, high-quality glass that\u2019s shatter-resistant and comfortable to the touch, making them ideal for luxurious fragrances.<\/li>\n<li><strong>Leak-Proof Stopper and Bottle Neck:<\/strong> The threaded bottle neck features a secure stopper and leak-proof stopper to prevent leaks, eliminating the need for leak-proof nails.<\/li>\n<\/ul>\n<h2>\u00dasp\u011bch v re\u00e1ln\u00e9m sv\u011bt\u011b: Jak jedna zna\u010dka rychle rostla<\/h2>\n<p>Kalifornsk\u00fd startup uv\u00e1d\u011bl na trh svou prvn\u00ed \u0159adu aromaterapeutick\u00fdch lahvi\u010dek. Pot\u0159ebovali elegantn\u00ed a z\u00e1rove\u0148 cenov\u011b dostupn\u00fd produkt \u2013 takov\u00fd, kter\u00fd by vypadal butikov\u011b, ale z\u00e1rove\u0148 by se dal vyr\u00e1b\u011bt ve velk\u00e9m. Vybrali si na\u0161e zak\u00e1zkov\u00e9 tmav\u011b zelen\u00e9 \u010dtvercov\u00e9 difuzn\u00ed lahvi\u010dky o objemu 200 ml. V\u00fdsledn\u00e1 aromaterapeutick\u00e1 lahvi\u010dka s minimalistickou etiketou a p\u0159\u00edrodn\u00edm d\u0159ev\u011bn\u00fdm jaz\u00fd\u010dkem vypadala jako z luxusn\u00ed l\u00e1zn\u011b. B\u011bhem \u0161esti m\u011bs\u00edc\u016f? U\u017e byly ve dvou velk\u00fdch maloobchodn\u00edch \u0159et\u011bzc\u00edch. Pro\u010d? Proto\u017ee tyto aromaterapeutick\u00e9 lahvi\u010dky nejsou jen na esenci\u00e1ln\u00ed oleje; jsou tak\u00e9 poutav\u00e9.<\/p>\n<h2>Hled\u00e1te p\u0159izp\u016fsoben\u00ed? Za\u010dn\u011bte zde!<\/h2>\n<p>Neomezujte se jen na z\u00e1klady. Zkuste toto:<\/p>\n<ul>\n<li>Vym\u011b\u0148te \u010dir\u00e9 sklo za jantarovou nebo kobaltov\u011b modrou, abyste ochr\u00e1nili esenci\u00e1ln\u00ed oleje citliv\u00e9 na sv\u011btlo.<\/li>\n<li>Pro kontrast p\u0159idejte matn\u011b \u010dernou z\u00e1tku \u2013 jednoduch\u00e9, ale v\u00fdrazn\u00e9.<\/li>\n<li>Zvolte si vlastn\u00ed aromaterapeutick\u00e9 balen\u00ed se zna\u010dkov\u00fdmi obaly nebo d\u00e1rkov\u00fdmi krabi\u010dkami.<\/li>\n<li>Je\u0161t\u011b lep\u0161\u00ed je sm\u00edchat sklen\u011bn\u00e9 difuz\u00e9ry o objemu 200 ml a 250 ml ve stejn\u00e9m po\u0159ad\u00ed. Nab\u00eddn\u011bte sv\u00fdm z\u00e1kazn\u00edk\u016fm v\u00fdb\u011br z r\u016fzn\u00fdch velikost\u00ed.<\/li>\n<\/ul>","protected":false},"excerpt":{"rendered":"<p>Velkoobchodn\u00ed prodej \u010dtvercov\u00fdch difuz\u00e9r\u016f a l\u00e9k\u00e1rnick\u00fdch difuz\u00e9r\u016f. Pr\u00e9miov\u00e9 sklo, mo\u017enost zak\u00e1zkov\u00e9ho dod\u00e1n\u00ed, velkoobchodn\u00ed dod\u00e1vky a bezplatn\u00e9 vzorky pro zna\u010dky v\u016fn\u00ed.<\/p>","protected":false},"featured_media":4636,"template":"","meta":{"site-sidebar-layout":"default","site-content-layout":"","ast-site-content-layout":"default","site-content-style":"default","site-sidebar-style":"default","ast-global-header-display":"","ast-banner-title-visibility":"","ast-main-header-display":"","ast-hfb-above-header-display":"","ast-hfb-below-header-display":"","ast-hfb-mobile-header-display":"","site-post-title":"","ast-breadcrumbs-content":"","ast-featured-img":"","footer-sml-layout":"","theme-transparent-header-meta":"default","adv-header-id-meta":"","stick-header-meta":"","header-above-stick-meta":"","header-main-stick-meta":"","header-below-stick-meta":"","astra-migrate-meta-layouts":"set","ast-page-background-enabled":"default","ast-page-background-meta":{"desktop":{"background-color":"var(--ast-global-color-5)","background-image":"","background-repeat":"repeat","background-position":"center center","background-size":"auto","background-attachment":"scroll","background-type":"","background-media":"","overlay-type":"","overlay-color":"","overlay-opacity":"","overlay-gradient":""},"tablet":{"background-color":"","background-image":"","background-repeat":"repeat","background-position":"center center","background-size":"auto","background-attachment":"scroll","background-type":"","background-media":"","overlay-type":"","overlay-color":"","overlay-opacity":"","overlay-gradient":""},"mobile":{"background-color":"","background-image":"","background-repeat":"repeat","background-position":"center center","background-size":"auto","background-attachment":"scroll","background-type":"","background-media":"","overlay-type":"","overlay-color":"","overlay-opacity":"","overlay-gradient":""}},"ast-content-background-meta":{"desktop":{"background-color":"var(--ast-global-color-4)","background-image":"","background-repeat":"repeat","background-position":"center center","background-size":"auto","background-attachment":"scroll","background-type":"","background-media":"","overlay-type":"","overlay-color":"","overlay-opacity":"","overlay-gradient":""},"tablet":{"background-color":"var(--ast-global-color-4)","background-image":"","background-repeat":"repeat","background-position":"center center","background-size":"auto","background-attachment":"scroll","background-type":"","background-media":"","overlay-type":"","overlay-color":"","overlay-opacity":"","overlay-gradient":""},"mobile":{"background-color":"var(--ast-global-color-4)","background-image":"","background-repeat":"repeat","background-position":"center center","background-size":"auto","background-attachment":"scroll","background-type":"","background-media":"","overlay-type":"","overlay-color":"","overlay-opacity":"","overlay-gradient":""}}},"product_brand":[],"product_cat":[54],"product_tag":[],"class_list":{"0":"post-978","1":"product","2":"type-product","3":"status-publish","4":"has-post-thumbnail","6":"product_cat-reed-diffuser-bottles","7":"desktop-align-left","8":"tablet-align-left","9":"mobile-align-left","11":"first","12":"instock","13":"shipping-taxable","14":"product-type-simple"},"jetpack_sharing_enabled":true,"_links":{"self":[{"href":"https:\/\/mostebglass.com\/cs\/wp-json\/wp\/v2\/product\/978","targetHints":{"allow":["GET"]}}],"collection":[{"href":"https:\/\/mostebglass.com\/cs\/wp-json\/wp\/v2\/product"}],"about":[{"href":"https:\/\/mostebglass.com\/cs\/wp-json\/wp\/v2\/types\/product"}],"wp:featuredmedia":[{"embeddable":true,"href":"https:\/\/mostebglass.com\/cs\/wp-json\/wp\/v2\/media\/4636"}],"wp:attachment":[{"href":"https:\/\/mostebglass.com\/cs\/wp-json\/wp\/v2\/media?parent=978"}],"wp:term":[{"taxonomy":"product_brand","embeddable":true,"href":"https:\/\/mostebglass.com\/cs\/wp-json\/wp\/v2\/product_brand?post=978"},{"taxonomy":"product_cat","embeddable":true,"href":"https:\/\/mostebglass.com\/cs\/wp-json\/wp\/v2\/product_cat?post=978"},{"taxonomy":"product_tag","embeddable":true,"href":"https:\/\/mostebglass.com\/cs\/wp-json\/wp\/v2\/product_tag?post=978"}],"curies":[{"name":"wp","href":"https:\/\/api.w.org\/{rel}","templated":true}]}}