{"id":1004,"date":"2025-08-27T13:47:46","date_gmt":"2025-08-27T05:47:46","guid":{"rendered":"https:\/\/mostebglass.com\/?post_type=product&#038;p=1004"},"modified":"2026-03-16T11:22:15","modified_gmt":"2026-03-16T03:22:15","slug":"nachfullbare-diffusorflaschen-mit-achteckiger-form","status":"publish","type":"product","link":"https:\/\/mostebglass.com\/de\/bulk-refillable-diffuser-bottles-with-octagon-shape\/","title":{"rendered":"Nachf\u00fcllbare Diffusorflaschen in Gro\u00dfpackungen mit 100 ml und 200 ml in Achteckform"},"content":{"rendered":"<p>Sie w\u00fcnschen sich eine Aromatherapie-Flasche, die wie ein modernes Kunstwerk aussieht? Diese wiederbef\u00fcllbare Diffusorflasche besticht durch ihr geometrisches Design. Acht flache Fl\u00e4chen treffen an scharfen Kanten aufeinander. Die robuste Form, die klaren Linien und die schlichte Eleganz der Flasche ergeben ein klares und modernes Erscheinungsbild.<\/p>\n<h2>Produkteigenschaften<\/h2>\n<ul>\n<li><strong>Achteckig:<\/strong> Die achteckige Form f\u00e4ngt das Licht aus allen Winkeln ein und sorgt so daf\u00fcr, dass sich Ihre Aromatherapie-Flasche nahtlos in den Hintergrund einf\u00fcgt.<\/li>\n<li><strong>Flache Wand:<\/strong> Sie m\u00fcssen sich keine Gedanken um die Anpassung der Flaschenform machen. Das Etikett haftet glatt und rutscht nicht von den Fingern. Praktisch und sch\u00f6n.<\/li>\n<li><strong>Glatte Linien:<\/strong> Die klaren Linien der Flasche erzeugen einen starken dreidimensionalen Effekt und verleihen ihr beim Ausstellen einen Hauch von Eleganz.<\/li>\n<\/ul>\n<h2>Wie Marken geometrische Formen in Loyalit\u00e4t verwandeln<\/h2>\n<p>Eine Marke wollte, dass Kunden ihre Aromatherapie-Flaschen wiederverwenden, anstatt sie wegzuwerfen. Sie entschieden sich f\u00fcr diese nachf\u00fcllbare Diffusorflasche, deren Glas einen tiefen smaragdgr\u00fcnen Farbton aufweist und die mit einem mattschwarzen Metallschraubverschluss versehen ist. Dank des achteckigen Designs l\u00e4sst sie sich einfach und auslaufsicher nachf\u00fcllen. Anschlie\u00dfend startete die Marke ein Nachf\u00fcllprogramm. Kunden konnten ihre leeren Flaschen gegen einen Rabatt zur\u00fcckgeben, und die meisten nutzten das Angebot. Sie sagen, die Flasche f\u00fchle sich \u201ezu sch\u00f6n an, um sie wegzuwerfen\u201c.<\/p>\n<h2>So personalisieren Sie diese nachf\u00fcllbare Diffusorflasche<\/h2>\n<p>Beginnen Sie mit dieser wiederbef\u00fcllbaren Aromatherapie-Flasche. Gestalten Sie sie dann ganz individuell in einer Glasflasche.<\/p>\n<ul>\n<li>F\u00e4rben Sie die Glasflasche \u2013 versuchen Sie es mit Schwarz, Bernstein oder einem sanften Blau. Farbe verleiht Tiefe und st\u00e4rkt die Markenidentit\u00e4t.<\/li>\n<li>Kantensch\u00e4rfe anpassen \u2013 Scharfe Kanten wirken modern. Leicht abgerundete Kanten bieten mehr Sicherheit.<\/li>\n<li>Eine Seite gl\u00e4tten \u2013 So entsteht ein \u201eEtikettenfeld\u201c f\u00fcr die Lasergravur oder den Direktdruck.<\/li>\n<li>Verj\u00fcngung \u2013 unten breit, oben schmal. Sorgt f\u00fcr optische Akzente, ohne die Stabilit\u00e4t zu beeintr\u00e4chtigen.<\/li>\n<\/ul>\n<p>Diese Gro\u00dfpackungen f\u00fcr Duftzerst\u00e4uber sind mehr als nur Duftstoffvorr\u00e4te; sie sind langfristige Partner f\u00fcr Ihre Marke.<\/p>","protected":false},"excerpt":{"rendered":"<p>Entdecken Sie unsere Diffusorflaschen in Gro\u00dfpackungen und unsere nachf\u00fcllbaren Diffusorflaschen. Minimalistisches, achteckiges Design, schnelle Lieferung \u2013 ideal f\u00fcr B2B-Duftmarken und Gro\u00dfbestellungen.<\/p>","protected":false},"featured_media":4777,"template":"","meta":{"site-sidebar-layout":"default","site-content-layout":"","ast-site-content-layout":"default","site-content-style":"default","site-sidebar-style":"default","ast-global-header-display":"","ast-banner-title-visibility":"","ast-main-header-display":"","ast-hfb-above-header-display":"","ast-hfb-below-header-display":"","ast-hfb-mobile-header-display":"","site-post-title":"","ast-breadcrumbs-content":"","ast-featured-img":"","footer-sml-layout":"","theme-transparent-header-meta":"default","adv-header-id-meta":"","stick-header-meta":"","header-above-stick-meta":"","header-main-stick-meta":"","header-below-stick-meta":"","astra-migrate-meta-layouts":"set","ast-page-background-enabled":"default","ast-page-background-meta":{"desktop":{"background-color":"var(--ast-global-color-5)","background-image":"","background-repeat":"repeat","background-position":"center center","background-size":"auto","background-attachment":"scroll","background-type":"","background-media":"","overlay-type":"","overlay-color":"","overlay-opacity":"","overlay-gradient":""},"tablet":{"background-color":"","background-image":"","background-repeat":"repeat","background-position":"center center","background-size":"auto","background-attachment":"scroll","background-type":"","background-media":"","overlay-type":"","overlay-color":"","overlay-opacity":"","overlay-gradient":""},"mobile":{"background-color":"","background-image":"","background-repeat":"repeat","background-position":"center center","background-size":"auto","background-attachment":"scroll","background-type":"","background-media":"","overlay-type":"","overlay-color":"","overlay-opacity":"","overlay-gradient":""}},"ast-content-background-meta":{"desktop":{"background-color":"var(--ast-global-color-4)","background-image":"","background-repeat":"repeat","background-position":"center center","background-size":"auto","background-attachment":"scroll","background-type":"","background-media":"","overlay-type":"","overlay-color":"","overlay-opacity":"","overlay-gradient":""},"tablet":{"background-color":"var(--ast-global-color-4)","background-image":"","background-repeat":"repeat","background-position":"center center","background-size":"auto","background-attachment":"scroll","background-type":"","background-media":"","overlay-type":"","overlay-color":"","overlay-opacity":"","overlay-gradient":""},"mobile":{"background-color":"var(--ast-global-color-4)","background-image":"","background-repeat":"repeat","background-position":"center center","background-size":"auto","background-attachment":"scroll","background-type":"","background-media":"","overlay-type":"","overlay-color":"","overlay-opacity":"","overlay-gradient":""}}},"product_brand":[],"product_cat":[54],"product_tag":[],"class_list":{"0":"post-1004","1":"product","2":"type-product","3":"status-publish","4":"has-post-thumbnail","6":"product_cat-reed-diffuser-bottles","7":"desktop-align-left","8":"tablet-align-left","9":"mobile-align-left","11":"first","12":"instock","13":"shipping-taxable","14":"product-type-simple"},"jetpack_sharing_enabled":true,"_links":{"self":[{"href":"https:\/\/mostebglass.com\/de\/wp-json\/wp\/v2\/product\/1004","targetHints":{"allow":["GET"]}}],"collection":[{"href":"https:\/\/mostebglass.com\/de\/wp-json\/wp\/v2\/product"}],"about":[{"href":"https:\/\/mostebglass.com\/de\/wp-json\/wp\/v2\/types\/product"}],"wp:featuredmedia":[{"embeddable":true,"href":"https:\/\/mostebglass.com\/de\/wp-json\/wp\/v2\/media\/4777"}],"wp:attachment":[{"href":"https:\/\/mostebglass.com\/de\/wp-json\/wp\/v2\/media?parent=1004"}],"wp:term":[{"taxonomy":"product_brand","embeddable":true,"href":"https:\/\/mostebglass.com\/de\/wp-json\/wp\/v2\/product_brand?post=1004"},{"taxonomy":"product_cat","embeddable":true,"href":"https:\/\/mostebglass.com\/de\/wp-json\/wp\/v2\/product_cat?post=1004"},{"taxonomy":"product_tag","embeddable":true,"href":"https:\/\/mostebglass.com\/de\/wp-json\/wp\/v2\/product_tag?post=1004"}],"curies":[{"name":"wp","href":"https:\/\/api.w.org\/{rel}","templated":true}]}}