{"id":1406,"date":"2025-09-09T12:04:32","date_gmt":"2025-09-09T04:04:32","guid":{"rendered":"https:\/\/mostebglass.com\/?post_type=product&#038;p=1406"},"modified":"2026-03-10T13:54:34","modified_gmt":"2026-03-10T05:54:34","slug":"green-glass-vases-with-vertical-stripes-bulk","status":"publish","type":"product","link":"https:\/\/mostebglass.com\/de\/green-glass-vases-with-vertical-stripes-bulk\/","title":{"rendered":"Gr\u00fcne Glasvasen mit vertikalen Streifen (Gro\u00dfpackung)"},"content":{"rendered":"<p>Es handelt sich um eine Glasvase mit feinem Rippenmuster in Hellgr\u00fcn, die in drei h\u00fcbschen Formen erh\u00e4ltlich ist: K\u00fcrbis, Kegel und Zylinder. Die Vasen haben eine schmal zulaufende \u00d6ffnung, die das Arrangieren von Blumen erleichtert.<\/p>\n<h2>Produktmerkmale<\/h2>\n<ul>\n<li><strong>Es gibt drei Formen:<\/strong> W\u00e4hlen Sie einen h\u00fcbschen K\u00fcrbis, einen modernen Kegel oder einen altmodischen Zylinder, passend zu Ihrem Dekorationsstil.<\/li>\n<li><strong>Sanfter Gr\u00fcnstich und Riffelung:<\/strong> Die weiche, hellgr\u00fcne Farbe und die sch\u00f6nen Rillen mit ihrer vertikalen Kante pr\u00e4gen die Oberfl\u00e4che und verleihen ihr ein archaisches Aussehen.<\/li>\n<li><strong>Stabiler, ebener Untergrund:<\/strong> Die Vasen sind mit einem flachen Boden gefertigt, um die Stabilit\u00e4t auf jeder Art von Oberfl\u00e4che zu gew\u00e4hrleisten.<\/li>\n<\/ul>\n<h2>Wichtige Spezifikationen<\/h2>\n<table style=\"border-collapse: collapse; width: 80%; margin-left: auto; margin-right: auto;\" border=\"0\" width=\"288\" cellspacing=\"0\" cellpadding=\"0\">\n<tbody>\n<tr style=\"height: 13.50pt;\">\n<td style=\"height: 13.5pt; width: 54pt; text-align: center;\" width=\"72\" height=\"18\">Stil<\/td>\n<td style=\"width: 54pt; text-align: center;\" width=\"72\">Gr\u00f6\u00dfe<\/td>\n<td style=\"width: 54pt; text-align: center;\" width=\"72\">Material<\/td>\n<td style=\"width: 54pt; text-align: center;\" width=\"72\">Farboptionen<\/td>\n<\/tr>\n<tr style=\"height: 13.50pt;\">\n<td style=\"height: 13.5pt; text-align: center;\" height=\"18\">Hohe Vase<\/td>\n<td style=\"text-align: center;\">68 x 110 x 35 mm<\/td>\n<td class=\"et2\" style=\"text-align: center;\" rowspan=\"3\">Glas<\/td>\n<td class=\"et2\" style=\"text-align: center;\" rowspan=\"3\">Transparent, Grau, Gr\u00fcn, Rosa, Benutzerdefiniert<\/td>\n<\/tr>\n<tr style=\"height: 13.50pt;\">\n<td style=\"height: 13.5pt; text-align: center;\" height=\"18\">Runde Vase<\/td>\n<td style=\"text-align: center;\">70 x 120 x 40 mm<\/td>\n<\/tr>\n<tr style=\"height: 13.50pt;\">\n<td style=\"height: 13.5pt; text-align: center;\" height=\"18\">Ovale Vase<\/td>\n<td style=\"text-align: center;\">106 x 90 x 40 mm<\/td>\n<\/tr>\n<\/tbody>\n<\/table>\n<h2>Erfolgsgeschichte<\/h2>\n<p>Einer unserer Kunden ist eine gro\u00dfe Einrichtungshauskette, die unser salbeigr\u00fcnes, strukturiertes Vasen-Set mit je 5.000 St\u00fcck bestellt hat. Der durchschnittliche Absatz dieses aufeinander abgestimmten Vasenbestands stieg um 40 Prozent. Die Vasen wiesen bei der Auslieferung in die Filialen eine stabile Bodenform auf, waren nicht besch\u00e4digt und die Auslagequote lag bei 99,9 Prozent. Aufgrund der enormen Beliebtheit bei der Kette wurde eine weitere Lieferung von 1,2 Millionen Vasen bestellt, um die Nachfrage in allen Filialen w\u00e4hrend der beiden Weihnachtssaisons zu decken.<\/p>\n<h2>Personalisierungsideen f\u00fcr Sie<\/h2>\n<ol>\n<li><strong>gerippte Texturvarianten:<\/strong> Rishi- oder vertikales Rippenmuster in Rosa f\u00fcr eine moderne Vasenoptik.<\/li>\n<li><strong>Saisonales Farbset:<\/strong> Bieten Sie blau-wei\u00dfe Tischvasen-Sets f\u00fcr Sommerhochzeiten oder rosafarbene f\u00fcr die Fr\u00fchlingsdekoration von H\u00e4usern an.<\/li>\n<li><strong>Monogrammierte Inricals:<\/strong> F\u00fcr individuelle Vasensets k\u00f6nnen Sie mikroskopisch kleine Goldfolien-Einlagen in die Glasr\u00e4nder einarbeiten. So wird die Vase zu einem luxuri\u00f6sen Blickfang f\u00fcr Hochzeiten oder Firmenveranstaltungen \u2013 ideal f\u00fcr gr\u00f6\u00dfere Bestellungen von Blumenvasen.<\/li>\n<\/ol>","protected":false},"excerpt":{"rendered":"<p>Dekorative Glasvasen-Kollektion in K\u00fcrbis-, Kegel- und Zylinderform. Die strukturierten Tischvasen werten moderne Wohnr\u00e4ume auf. Schneller Versand bei gr\u00f6\u00dferen Bestellmengen.<\/p>","protected":false},"featured_media":1416,"template":"","meta":{"site-sidebar-layout":"default","site-content-layout":"","ast-site-content-layout":"default","site-content-style":"default","site-sidebar-style":"default","ast-global-header-display":"","ast-banner-title-visibility":"","ast-main-header-display":"","ast-hfb-above-header-display":"","ast-hfb-below-header-display":"","ast-hfb-mobile-header-display":"","site-post-title":"","ast-breadcrumbs-content":"","ast-featured-img":"","footer-sml-layout":"","theme-transparent-header-meta":"default","adv-header-id-meta":"","stick-header-meta":"","header-above-stick-meta":"","header-main-stick-meta":"","header-below-stick-meta":"","astra-migrate-meta-layouts":"set","ast-page-background-enabled":"default","ast-page-background-meta":{"desktop":{"background-color":"var(--ast-global-color-5)","background-image":"","background-repeat":"repeat","background-position":"center center","background-size":"auto","background-attachment":"scroll","background-type":"","background-media":"","overlay-type":"","overlay-color":"","overlay-opacity":"","overlay-gradient":""},"tablet":{"background-color":"","background-image":"","background-repeat":"repeat","background-position":"center center","background-size":"auto","background-attachment":"scroll","background-type":"","background-media":"","overlay-type":"","overlay-color":"","overlay-opacity":"","overlay-gradient":""},"mobile":{"background-color":"","background-image":"","background-repeat":"repeat","background-position":"center center","background-size":"auto","background-attachment":"scroll","background-type":"","background-media":"","overlay-type":"","overlay-color":"","overlay-opacity":"","overlay-gradient":""}},"ast-content-background-meta":{"desktop":{"background-color":"var(--ast-global-color-4)","background-image":"","background-repeat":"repeat","background-position":"center center","background-size":"auto","background-attachment":"scroll","background-type":"","background-media":"","overlay-type":"","overlay-color":"","overlay-opacity":"","overlay-gradient":""},"tablet":{"background-color":"var(--ast-global-color-4)","background-image":"","background-repeat":"repeat","background-position":"center center","background-size":"auto","background-attachment":"scroll","background-type":"","background-media":"","overlay-type":"","overlay-color":"","overlay-opacity":"","overlay-gradient":""},"mobile":{"background-color":"var(--ast-global-color-4)","background-image":"","background-repeat":"repeat","background-position":"center center","background-size":"auto","background-attachment":"scroll","background-type":"","background-media":"","overlay-type":"","overlay-color":"","overlay-opacity":"","overlay-gradient":""}}},"product_brand":[],"product_cat":[57,21],"product_tag":[],"class_list":{"0":"post-1406","1":"product","2":"type-product","3":"status-publish","4":"has-post-thumbnail","6":"product_cat-glass-vases","7":"product_cat-product","8":"desktop-align-left","9":"tablet-align-left","10":"mobile-align-left","12":"first","13":"instock","14":"shipping-taxable","15":"product-type-simple"},"jetpack_sharing_enabled":true,"_links":{"self":[{"href":"https:\/\/mostebglass.com\/de\/wp-json\/wp\/v2\/product\/1406","targetHints":{"allow":["GET"]}}],"collection":[{"href":"https:\/\/mostebglass.com\/de\/wp-json\/wp\/v2\/product"}],"about":[{"href":"https:\/\/mostebglass.com\/de\/wp-json\/wp\/v2\/types\/product"}],"wp:featuredmedia":[{"embeddable":true,"href":"https:\/\/mostebglass.com\/de\/wp-json\/wp\/v2\/media\/1416"}],"wp:attachment":[{"href":"https:\/\/mostebglass.com\/de\/wp-json\/wp\/v2\/media?parent=1406"}],"wp:term":[{"taxonomy":"product_brand","embeddable":true,"href":"https:\/\/mostebglass.com\/de\/wp-json\/wp\/v2\/product_brand?post=1406"},{"taxonomy":"product_cat","embeddable":true,"href":"https:\/\/mostebglass.com\/de\/wp-json\/wp\/v2\/product_cat?post=1406"},{"taxonomy":"product_tag","embeddable":true,"href":"https:\/\/mostebglass.com\/de\/wp-json\/wp\/v2\/product_tag?post=1406"}],"curies":[{"name":"wp","href":"https:\/\/api.w.org\/{rel}","templated":true}]}}