{"id":1621,"date":"2025-09-11T11:39:16","date_gmt":"2025-09-11T03:39:16","guid":{"rendered":"https:\/\/mostebglass.com\/?post_type=product&#038;p=1621"},"modified":"2026-03-10T14:22:20","modified_gmt":"2026-03-10T06:22:20","slug":"clear-flower-bud-vases-with-thick-base-bulk","status":"publish","type":"product","link":"https:\/\/mostebglass.com\/de\/clear-flower-bud-vases-with-thick-base-bulk\/","title":{"rendered":"Klare Blumenvasen mit dickem Boden (Gro\u00dfpackung)"},"content":{"rendered":"<p>Diese Blumenknospenvasen zeichnen sich durch ein klares, glattes Design aus und sind in drei verschiedenen Formen erh\u00e4ltlich: rund, trapezf\u00f6rmig und kugelf\u00f6rmig. Sie bestehen aus kristallklarem Glas und haben einen stabilen, verdickten Boden.<\/p>\n<h2>Produkteigenschaften<\/h2>\n<ul>\n<li><strong>Glasmaterial mit hoher Transparenz:<\/strong> Es besteht aus hochreinem, transparentem Glas, das eine hohe Klarheit aufweist und den Anblick der Blumen oder der Fl\u00fcssigkeit im Inneren in einem leichten und luftigen Muster pr\u00e4sentiert.<\/li>\n<li><strong>Mehrere Formen:<\/strong> Es gibt drei verschiedene Formen: abgerundet und gedrungen, trapezf\u00f6rmig und abgerundet. Sie k\u00f6nnen einzeln oder zusammen verwendet werden, um den unterschiedlichsten Anforderungen an die Raumgestaltung gerecht zu werden.<\/li>\n<li><strong>Verdickte Basiskonstruktion:<\/strong> Dies dient der Stabilisierung der Flasche; dar\u00fcber hinaus werden auch die Textur und Haltbarkeit der Flasche verbessert.<\/li>\n<\/ul>\n<h2><strong data-spm-anchor-id=\"5176.28103460.0.i16.29ab2e31arMQTt\">Wichtige Spezifikationen<\/strong><\/h2>\n<table style=\"border-collapse: collapse; width: 80%; margin-left: auto; margin-right: auto;\" border=\"0\" width=\"216\" cellspacing=\"0\" cellpadding=\"0\">\n<tbody>\n<tr style=\"height: 13.50pt;\">\n<td style=\"height: 13.5pt; width: 54pt; text-align: center;\" width=\"72\" height=\"18\">Stil<\/td>\n<td style=\"width: 54pt; text-align: center;\" width=\"72\">Abmessungen<\/td>\n<td style=\"width: 54pt; text-align: center;\" width=\"72\">Farboptionen<\/td>\n<\/tr>\n<tr style=\"height: 13.50pt;\">\n<td style=\"height: 13.5pt; text-align: center;\" height=\"18\">Kleine Bauchvase<\/td>\n<td style=\"text-align: center;\">50 x 68 x 28 mm<\/td>\n<td class=\"et2\" style=\"text-align: center;\" rowspan=\"3\">Klar oder benutzerdefiniert<\/td>\n<\/tr>\n<tr style=\"height: 13.50pt;\">\n<td style=\"height: 13.5pt; text-align: center;\" height=\"18\">Mittlere Jurtenvase<\/td>\n<td style=\"text-align: center;\">70 x 76 x 33 mm<\/td>\n<\/tr>\n<tr style=\"height: 13.50pt;\">\n<td style=\"height: 13.5pt; text-align: center;\" height=\"18\">Gro\u00dfe Bauchvase<\/td>\n<td style=\"text-align: center;\">67 x 100 x 45 mm<\/td>\n<\/tr>\n<\/tbody>\n<\/table>\n<h2>Erfolgsgeschichte: Standardisierung einer multinationalen Hotelkette<\/h2>\n<p>Eine internationale Hotelkette bestellte unser dreiteiliges Set aus Klarglasvasen \u2013 und zwar gleich 20.000 St\u00fcck. Dank des massiven Sockels wurde der Reinigungsaufwand um 95 Prozent reduziert. Das transparente Material passt zu jedem Einrichtungsstil und senkt den Bedarf an Vasen anderer Marken um 70 Prozent. Das Hotel war begeistert und bestellte zus\u00e4tzlich 500.000 Vasen f\u00fcr Renovierungen und Erweiterungen in den n\u00e4chsten zehn Jahren.<\/p>\n<h2>Alternativen f\u00fcr die Massenanpassung von Glasvasen<\/h2>\n<ul>\n<li>Details zum Sockel: Das Hinzuf\u00fcgen eines dezenten, vertieften Rings oder einer Fase an der Unterseite des beschwerten Sockels wirkt gestalterisch ansprechender.<\/li>\n<li>Halsvarianten: Geringf\u00fcgige \u00c4nderungen am ausgestellten oder hohen Hals der verschiedenen Halsformen verleihen ihnen unterschiedliche Grade an Vorbauunterst\u00fctzung.<\/li>\n<li>Montageoptionen: Es sollte mehr Optionen in unserem Katalog geben, mit denen Kunden ein dreiteiliges Set individuell zusammenstellen k\u00f6nnen.<\/li>\n<\/ul>","protected":false},"excerpt":{"rendered":"<p>Transparente Blumenvasen aus kristallklarem Glas mit dickem Boden. Robuste Glasvasen in gro\u00dfen Mengen, ideal f\u00fcr Floristen und Eventdekoration. Schneller Versand.<\/p>","protected":false},"featured_media":1623,"template":"","meta":{"site-sidebar-layout":"default","site-content-layout":"","ast-site-content-layout":"default","site-content-style":"default","site-sidebar-style":"default","ast-global-header-display":"","ast-banner-title-visibility":"","ast-main-header-display":"","ast-hfb-above-header-display":"","ast-hfb-below-header-display":"","ast-hfb-mobile-header-display":"","site-post-title":"","ast-breadcrumbs-content":"","ast-featured-img":"","footer-sml-layout":"","theme-transparent-header-meta":"default","adv-header-id-meta":"","stick-header-meta":"","header-above-stick-meta":"","header-main-stick-meta":"","header-below-stick-meta":"","astra-migrate-meta-layouts":"set","ast-page-background-enabled":"default","ast-page-background-meta":{"desktop":{"background-color":"var(--ast-global-color-5)","background-image":"","background-repeat":"repeat","background-position":"center center","background-size":"auto","background-attachment":"scroll","background-type":"","background-media":"","overlay-type":"","overlay-color":"","overlay-opacity":"","overlay-gradient":""},"tablet":{"background-color":"","background-image":"","background-repeat":"repeat","background-position":"center center","background-size":"auto","background-attachment":"scroll","background-type":"","background-media":"","overlay-type":"","overlay-color":"","overlay-opacity":"","overlay-gradient":""},"mobile":{"background-color":"","background-image":"","background-repeat":"repeat","background-position":"center center","background-size":"auto","background-attachment":"scroll","background-type":"","background-media":"","overlay-type":"","overlay-color":"","overlay-opacity":"","overlay-gradient":""}},"ast-content-background-meta":{"desktop":{"background-color":"var(--ast-global-color-4)","background-image":"","background-repeat":"repeat","background-position":"center center","background-size":"auto","background-attachment":"scroll","background-type":"","background-media":"","overlay-type":"","overlay-color":"","overlay-opacity":"","overlay-gradient":""},"tablet":{"background-color":"var(--ast-global-color-4)","background-image":"","background-repeat":"repeat","background-position":"center center","background-size":"auto","background-attachment":"scroll","background-type":"","background-media":"","overlay-type":"","overlay-color":"","overlay-opacity":"","overlay-gradient":""},"mobile":{"background-color":"var(--ast-global-color-4)","background-image":"","background-repeat":"repeat","background-position":"center center","background-size":"auto","background-attachment":"scroll","background-type":"","background-media":"","overlay-type":"","overlay-color":"","overlay-opacity":"","overlay-gradient":""}}},"product_brand":[],"product_cat":[57,21],"product_tag":[],"class_list":{"0":"post-1621","1":"product","2":"type-product","3":"status-publish","4":"has-post-thumbnail","6":"product_cat-glass-vases","7":"product_cat-product","8":"desktop-align-left","9":"tablet-align-left","10":"mobile-align-left","12":"first","13":"instock","14":"shipping-taxable","15":"product-type-simple"},"jetpack_sharing_enabled":true,"_links":{"self":[{"href":"https:\/\/mostebglass.com\/de\/wp-json\/wp\/v2\/product\/1621","targetHints":{"allow":["GET"]}}],"collection":[{"href":"https:\/\/mostebglass.com\/de\/wp-json\/wp\/v2\/product"}],"about":[{"href":"https:\/\/mostebglass.com\/de\/wp-json\/wp\/v2\/types\/product"}],"wp:featuredmedia":[{"embeddable":true,"href":"https:\/\/mostebglass.com\/de\/wp-json\/wp\/v2\/media\/1623"}],"wp:attachment":[{"href":"https:\/\/mostebglass.com\/de\/wp-json\/wp\/v2\/media?parent=1621"}],"wp:term":[{"taxonomy":"product_brand","embeddable":true,"href":"https:\/\/mostebglass.com\/de\/wp-json\/wp\/v2\/product_brand?post=1621"},{"taxonomy":"product_cat","embeddable":true,"href":"https:\/\/mostebglass.com\/de\/wp-json\/wp\/v2\/product_cat?post=1621"},{"taxonomy":"product_tag","embeddable":true,"href":"https:\/\/mostebglass.com\/de\/wp-json\/wp\/v2\/product_tag?post=1621"}],"curies":[{"name":"wp","href":"https:\/\/api.w.org\/{rel}","templated":true}]}}