{"id":1761,"date":"2025-09-12T18:06:26","date_gmt":"2025-09-12T10:06:26","guid":{"rendered":"https:\/\/mostebglass.com\/?post_type=product&#038;p=1761"},"modified":"2026-03-03T16:42:27","modified_gmt":"2026-03-03T08:42:27","slug":"clear-apothecary-style-glass-vases-bulk","status":"publish","type":"product","link":"https:\/\/mostebglass.com\/de\/clear-apothecary-style-glass-vases-bulk\/","title":{"rendered":"Klare Apothekerglasvasen (Gro\u00dfpackung)"},"content":{"rendered":"<p>Diese Apotheker-Knospenvasen sind aus hochtransparentem, dickwandigem Glas gefertigt und zeichnen sich durch einen soliden Boden und einen glatten, weiten Hals aus.<\/p>\n<h2>Produkteigenschaften<\/h2>\n<ul>\n<li><strong>Das verdickte Glas von hoher Genauigkeit:<\/strong> Diese Vasen werden aus hochtransparentem und verdicktem Glas hergestellt, sodass sie eine ausgezeichnete Klarheit aufweisen und zudem haltbarer und stabiler sind.<\/li>\n<li><strong>Design in zwei Gr\u00f6\u00dfen:<\/strong> Es ist in zwei Gr\u00f6\u00dfen erh\u00e4ltlich, wodurch es je nach verf\u00fcgbarem Blumenmaterial und Platzbedarf auf unterschiedliche Weise arrangiert und pr\u00e4sentiert werden kann.<\/li>\n<li><strong>Vielseitige Anpassungsf\u00e4higkeit:<\/strong> Diese Vasen eignen sich f\u00fcr den Einsatz zu Hause, im B\u00fcro und in Ausstellungsr\u00e4umen, da sie zur Pr\u00e4sentation von Blumenstr\u00e4u\u00dfen oder Fl\u00fcssigkeiten konzipiert sind.<\/li>\n<\/ul>\n<h3><strong data-spm-anchor-id=\"5176.28103460.0.i15.29ab2e31VyCSpX\">Wichtige Spezifikationen<\/strong><\/h3>\n<table style=\"border-collapse: collapse; width: 80%; margin-left: auto; margin-right: auto;\" border=\"0\" width=\"216\" cellspacing=\"0\" cellpadding=\"0\">\n<tbody>\n<tr style=\"height: 13.50pt;\">\n<td style=\"height: 13.50pt; width: 54.00pt;\" width=\"72\" height=\"18\">\n<p style=\"text-align: center;\">Stil<\/p>\n<\/td>\n<td style=\"width: 54pt; text-align: center;\" width=\"72\">Abmessungen<\/td>\n<td style=\"width: 54pt; text-align: center;\" width=\"72\">Farboptionen<\/td>\n<\/tr>\n<tr style=\"height: 13.50pt;\">\n<td style=\"height: 13.5pt; text-align: center;\" height=\"18\">Kurzbauchvase<\/td>\n<td style=\"text-align: center;\">51 x 70 x 28 mm<\/td>\n<td class=\"et2\" style=\"text-align: center;\" rowspan=\"2\">Klar, individuell<\/td>\n<\/tr>\n<tr style=\"height: 13.50pt;\">\n<td style=\"height: 13.5pt; text-align: center;\" height=\"18\">Hohe Bauchvase<\/td>\n<td style=\"text-align: center;\">60 x 132 x 38 mm<\/td>\n<\/tr>\n<\/tbody>\n<\/table>\n<h2>Erfolgsgeschichte<\/h2>\n<p>Eine der bekanntesten schwedischen Marken f\u00fcr Wohnaccessoires gab unsere Glasvasen im Apothekerstil in Auftrag. Die Vasen zeichnen sich durch ihre dicke, flache \u00d6ffnung aus und wurden speziell als solche entworfen. Die klaren Linien steigerten die Wirkung der Vasen um 52 %, und ihre Vielseitigkeit \u2013 sie eigneten sich sowohl f\u00fcr einzelne Bl\u00fcten als auch f\u00fcr Trockenblumen und Fl\u00fcssigkeiten \u2013 f\u00fchrte zu einem Umsatzplus von 41 %. Aufgrund dieses Markterfolgs bestellte die Marke weitere 370.000 Vasen, um ihr Angebot im globalen Gro\u00dfhandel zu erweitern.<\/p>\n<h2><a href=\"https:\/\/mostebglass.com\/de\/kerzenglaser-aus-glas\/\"><img fetchpriority=\"high\" decoding=\"async\" class=\"wp-image-4184 aligncenter\" src=\"https:\/\/mostebglass.com\/wp-content\/uploads\/2025\/09\/glass-vases-bulk-with-reed.webp\" alt=\"Glasvasen in gro\u00dfen Mengen\" width=\"500\" height=\"386\" srcset=\"https:\/\/mostebglass.com\/wp-content\/uploads\/2025\/09\/glass-vases-bulk-with-reed.webp 1024w, https:\/\/mostebglass.com\/wp-content\/uploads\/2025\/09\/glass-vases-bulk-with-reed-768x593.webp 768w, https:\/\/mostebglass.com\/wp-content\/uploads\/2025\/09\/glass-vases-bulk-with-reed-16x12.webp 16w, https:\/\/mostebglass.com\/wp-content\/uploads\/2025\/09\/glass-vases-bulk-with-reed-600x463.webp 600w\" sizes=\"(max-width: 500px) 100vw, 500px\" \/><\/a>Individuelle Gestaltung von Glasvasen in gro\u00dfen Mengen<\/h2>\n<ol>\n<li><strong>Speziell f\u00fcr Bloom entwickeltes Vasenset: <\/strong>W\u00e4hlen Sie die Glasvasen passend zu den Blumenarten: Eine kleine Vase eignet sich f\u00fcr Knospen, eine hohe f\u00fcr Bl\u00fctenarrangements. Beispiel: Ein Paar blau-wei\u00dfe Glasvasen mit Lilien f\u00fcr Hochzeitsanz\u00fcge.<\/li>\n<li><strong>Limitierte Weihnachtsedition: <\/strong>Saisonale Glasvasen f\u00fcr Weihnachten: Gro\u00dfpackungen in Wei\u00df, f\u00fcr Thanksgiving in Salbeigr\u00fcn.<\/li>\n<\/ol>","protected":false},"excerpt":{"rendered":"<p>Glasvasen im Apothekerstil mit dickem Boden und weiter \u00d6ffnung. Kristallklare Glasvasen in gro\u00dfen Mengen f\u00fcr Blumen- oder Fl\u00fcssigkeitspr\u00e4sentation. Schneller Versand.<\/p>","protected":false},"featured_media":2721,"template":"","meta":{"site-sidebar-layout":"default","site-content-layout":"","ast-site-content-layout":"default","site-content-style":"default","site-sidebar-style":"default","ast-global-header-display":"","ast-banner-title-visibility":"","ast-main-header-display":"","ast-hfb-above-header-display":"","ast-hfb-below-header-display":"","ast-hfb-mobile-header-display":"","site-post-title":"","ast-breadcrumbs-content":"","ast-featured-img":"","footer-sml-layout":"","theme-transparent-header-meta":"default","adv-header-id-meta":"","stick-header-meta":"","header-above-stick-meta":"","header-main-stick-meta":"","header-below-stick-meta":"","astra-migrate-meta-layouts":"set","ast-page-background-enabled":"default","ast-page-background-meta":{"desktop":{"background-color":"var(--ast-global-color-5)","background-image":"","background-repeat":"repeat","background-position":"center center","background-size":"auto","background-attachment":"scroll","background-type":"","background-media":"","overlay-type":"","overlay-color":"","overlay-opacity":"","overlay-gradient":""},"tablet":{"background-color":"","background-image":"","background-repeat":"repeat","background-position":"center center","background-size":"auto","background-attachment":"scroll","background-type":"","background-media":"","overlay-type":"","overlay-color":"","overlay-opacity":"","overlay-gradient":""},"mobile":{"background-color":"","background-image":"","background-repeat":"repeat","background-position":"center center","background-size":"auto","background-attachment":"scroll","background-type":"","background-media":"","overlay-type":"","overlay-color":"","overlay-opacity":"","overlay-gradient":""}},"ast-content-background-meta":{"desktop":{"background-color":"var(--ast-global-color-4)","background-image":"","background-repeat":"repeat","background-position":"center center","background-size":"auto","background-attachment":"scroll","background-type":"","background-media":"","overlay-type":"","overlay-color":"","overlay-opacity":"","overlay-gradient":""},"tablet":{"background-color":"var(--ast-global-color-4)","background-image":"","background-repeat":"repeat","background-position":"center center","background-size":"auto","background-attachment":"scroll","background-type":"","background-media":"","overlay-type":"","overlay-color":"","overlay-opacity":"","overlay-gradient":""},"mobile":{"background-color":"var(--ast-global-color-4)","background-image":"","background-repeat":"repeat","background-position":"center center","background-size":"auto","background-attachment":"scroll","background-type":"","background-media":"","overlay-type":"","overlay-color":"","overlay-opacity":"","overlay-gradient":""}}},"product_brand":[],"product_cat":[21,57],"product_tag":[],"class_list":{"0":"post-1761","1":"product","2":"type-product","3":"status-publish","4":"has-post-thumbnail","6":"product_cat-product","7":"product_cat-glass-vases","8":"desktop-align-left","9":"tablet-align-left","10":"mobile-align-left","12":"first","13":"instock","14":"shipping-taxable","15":"product-type-simple"},"jetpack_sharing_enabled":true,"_links":{"self":[{"href":"https:\/\/mostebglass.com\/de\/wp-json\/wp\/v2\/product\/1761","targetHints":{"allow":["GET"]}}],"collection":[{"href":"https:\/\/mostebglass.com\/de\/wp-json\/wp\/v2\/product"}],"about":[{"href":"https:\/\/mostebglass.com\/de\/wp-json\/wp\/v2\/types\/product"}],"wp:featuredmedia":[{"embeddable":true,"href":"https:\/\/mostebglass.com\/de\/wp-json\/wp\/v2\/media\/2721"}],"wp:attachment":[{"href":"https:\/\/mostebglass.com\/de\/wp-json\/wp\/v2\/media?parent=1761"}],"wp:term":[{"taxonomy":"product_brand","embeddable":true,"href":"https:\/\/mostebglass.com\/de\/wp-json\/wp\/v2\/product_brand?post=1761"},{"taxonomy":"product_cat","embeddable":true,"href":"https:\/\/mostebglass.com\/de\/wp-json\/wp\/v2\/product_cat?post=1761"},{"taxonomy":"product_tag","embeddable":true,"href":"https:\/\/mostebglass.com\/de\/wp-json\/wp\/v2\/product_tag?post=1761"}],"curies":[{"name":"wp","href":"https:\/\/api.w.org\/{rel}","templated":true}]}}