{"id":2313,"date":"2025-09-22T15:27:00","date_gmt":"2025-09-22T07:27:00","guid":{"rendered":"https:\/\/mostebglass.com\/?post_type=product&#038;p=2313"},"modified":"2026-03-24T13:21:17","modified_gmt":"2026-03-24T05:21:17","slug":"unique-transparent-glass-vases-in-textured-cylinder-bulk","status":"publish","type":"product","link":"https:\/\/mostebglass.com\/de\/unique-transparent-glass-vases-in-textured-cylinder-bulk\/","title":{"rendered":"Einzigartige transparente Glasvasen in strukturierter Zylinderform (lose)"},"content":{"rendered":"<p>Diese modernen, einzigartigen Vasen bestechen durch ihr schlichtes, zylindrisches Design. Ihre Oberfl\u00e4che ist geriffelt statt glatt. Erh\u00e4ltlich in zwei Gr\u00f6\u00dfen, verleihen sie Ihren Blumenarrangements eine besondere, k\u00fcnstlerische Note.<\/p>\n<h2><strong>Produkteigenschaften<\/strong><\/h2>\n<ul>\n<li><strong>Strukturiertes Rippendesign:<\/strong> Die gerippte Oberfl\u00e4che verleiht Tiefe und Dimension und verwandelt eine einfache Glasvase in ein haptisch ansprechendes Dekorationsobjekt.<\/li>\n<li><strong>Kristallklar:<\/strong> Hergestellt aus hochwertigem Klarglas, gibt es den Blick auf den Stamm und die Bl\u00fctenknospen einzelner Blumen frei und ist somit eine ideale Option f\u00fcr minimalistische, moderne Wohndekorationen.<\/li>\n<li><strong>Robuste und funktionale Konstruktion:<\/strong> Der dicke, stabile Sockel verhindert ein Umkippen und ist daher ideal f\u00fcr den privaten Gebrauch sowie f\u00fcr gewerbliche Blumenarrangements.<\/li>\n<\/ul>\n<h2>Wichtige Spezifikationen<\/h2>\n<table style=\"border-collapse: collapse; margin-left: auto; margin-right: auto; width: 435.02pt;\" border=\"0\" width=\"580\" cellspacing=\"0\" cellpadding=\"0\">\n<tbody>\n<tr style=\"height: 13.50pt;\">\n<td style=\"height: 13.5pt; width: 105pt; text-align: center;\" width=\"140\" height=\"18\">Attribut<\/td>\n<td style=\"width: 330pt; text-align: center;\" width=\"440\">Detail<\/td>\n<\/tr>\n<tr style=\"height: 13.50pt;\">\n<td style=\"height: 13.5pt; text-align: center;\" height=\"18\">Form<\/td>\n<td style=\"text-align: center;\">Zylindrisch<\/td>\n<\/tr>\n<tr style=\"height: 13.50pt;\">\n<td style=\"height: 13.5pt; text-align: center;\" height=\"18\">Material<\/td>\n<td style=\"text-align: center;\">Klarglas<\/td>\n<\/tr>\n<tr style=\"height: 13.50pt;\">\n<td style=\"height: 13.5pt; text-align: center;\" height=\"18\">H\u00f6hen<\/td>\n<td style=\"text-align: center;\">19 cm, 24 cm<\/td>\n<\/tr>\n<tr style=\"height: 13.50pt;\">\n<td style=\"height: 13.5pt; text-align: center;\" height=\"18\">Durchmesser<\/td>\n<td style=\"text-align: center;\">7,5 cm, 9 cm<\/td>\n<\/tr>\n<tr style=\"height: 13.50pt;\">\n<td style=\"height: 13.5pt; text-align: center;\" height=\"18\">Oberfl\u00e4che<\/td>\n<td style=\"text-align: center;\">Konkave und konvexe Textur<\/td>\n<\/tr>\n<tr style=\"height: 13.50pt;\">\n<td style=\"height: 13.5pt; text-align: center;\" height=\"18\">Stil<\/td>\n<td style=\"text-align: center;\">Modern, dekorativ<\/td>\n<\/tr>\n<tr style=\"height: 13.50pt;\">\n<td style=\"height: 13.5pt; text-align: center;\" height=\"18\">Anwendungsfall<\/td>\n<td style=\"text-align: center;\">Knospenvase, k\u00fcnstliches Blumenarrangement, Tischdekoration<\/td>\n<\/tr>\n<\/tbody>\n<\/table>\n<h2>Erfolgsbeispiel<\/h2>\n<p>Unsere Serie strukturierter Glasvasen wurde von einer kanadischen Lifestyle-Marke in ihre Wohnaccessoires-Kollektion aufgenommen. Das Produkt zeichnet sich durch ein zweifarbiges Farbverlaufsfinish aus, bei dem die Grundfarbe leicht abgedunkelt, die obere H\u00e4lfte jedoch hell bleibt. Dadurch erhalten die Vasen eine ansprechende optische Tiefe. F\u00fcr einen sicheren Stand sorgen rutschfeste Silikonringe an den Vasenf\u00fc\u00dfen.<\/p>\n<p>Die Marke verzeichnete in der Vasenkategorie innerhalb von nur 10 Wochen nach Markteinf\u00fchrung auch einen Preisanstieg von 31 Prozent; der Erfolg war auf eine hohe Online-Pr\u00e4senz zur\u00fcckzuf\u00fchren, die wiederum zu einer weiteren Bestellung von 45.000 Einheiten f\u00fchrte.<\/p>\n<h2>Tipps zur Personalisierung Ihrer Glasvasenbestellung<\/h2>\n<ul>\n<li>F\u00e4rben Sie das Glas \u2013 versuchen Sie es mit einem sanften Bernsteinton, einem rauchigen Grau oder einem hellen Blau f\u00fcr eine farbige, transparente Glasvase.<\/li>\n<li>\u00c4ndern Sie den Zylinder in einen leicht konischen \u2013 das erh\u00f6ht die optische H\u00f6he und passt besser zu Arrangements mit langen Stielen.<\/li>\n<li>Die gesamte Oberfl\u00e4che wird sandgestrahlt \u2013 dadurch entsteht eine gleichm\u00e4\u00dfige, matte Textur, w\u00e4hrend die elegante Form erhalten bleibt.<\/li>\n<\/ul>\n<p>Diese modernen Vasen sind nicht nur Beh\u00e4lter \u2013 sie sind Gespr\u00e4chsanl\u00e4sse.<\/p>","protected":false},"excerpt":{"rendered":"<p>Elegante, transparente Glasvase mit unebener, strukturierter Oberfl\u00e4che. Ideal f\u00fcr moderne Dekoration, Blumenarrangements und als einzigartige Vase im Gro\u00dfhandel. Kostenloses Muster.<\/p>\n<p>&nbsp;<\/p>","protected":false},"featured_media":4887,"template":"","meta":{"site-sidebar-layout":"default","site-content-layout":"","ast-site-content-layout":"default","site-content-style":"default","site-sidebar-style":"default","ast-global-header-display":"","ast-banner-title-visibility":"","ast-main-header-display":"","ast-hfb-above-header-display":"","ast-hfb-below-header-display":"","ast-hfb-mobile-header-display":"","site-post-title":"","ast-breadcrumbs-content":"","ast-featured-img":"","footer-sml-layout":"","theme-transparent-header-meta":"default","adv-header-id-meta":"","stick-header-meta":"","header-above-stick-meta":"","header-main-stick-meta":"","header-below-stick-meta":"","astra-migrate-meta-layouts":"set","ast-page-background-enabled":"default","ast-page-background-meta":{"desktop":{"background-color":"var(--ast-global-color-5)","background-image":"","background-repeat":"repeat","background-position":"center center","background-size":"auto","background-attachment":"scroll","background-type":"","background-media":"","overlay-type":"","overlay-color":"","overlay-opacity":"","overlay-gradient":""},"tablet":{"background-color":"","background-image":"","background-repeat":"repeat","background-position":"center center","background-size":"auto","background-attachment":"scroll","background-type":"","background-media":"","overlay-type":"","overlay-color":"","overlay-opacity":"","overlay-gradient":""},"mobile":{"background-color":"","background-image":"","background-repeat":"repeat","background-position":"center center","background-size":"auto","background-attachment":"scroll","background-type":"","background-media":"","overlay-type":"","overlay-color":"","overlay-opacity":"","overlay-gradient":""}},"ast-content-background-meta":{"desktop":{"background-color":"var(--ast-global-color-4)","background-image":"","background-repeat":"repeat","background-position":"center center","background-size":"auto","background-attachment":"scroll","background-type":"","background-media":"","overlay-type":"","overlay-color":"","overlay-opacity":"","overlay-gradient":""},"tablet":{"background-color":"var(--ast-global-color-4)","background-image":"","background-repeat":"repeat","background-position":"center center","background-size":"auto","background-attachment":"scroll","background-type":"","background-media":"","overlay-type":"","overlay-color":"","overlay-opacity":"","overlay-gradient":""},"mobile":{"background-color":"var(--ast-global-color-4)","background-image":"","background-repeat":"repeat","background-position":"center center","background-size":"auto","background-attachment":"scroll","background-type":"","background-media":"","overlay-type":"","overlay-color":"","overlay-opacity":"","overlay-gradient":""}}},"product_brand":[],"product_cat":[57,21],"product_tag":[],"class_list":{"0":"post-2313","1":"product","2":"type-product","3":"status-publish","4":"has-post-thumbnail","6":"product_cat-glass-vases","7":"product_cat-product","8":"desktop-align-left","9":"tablet-align-left","10":"mobile-align-left","12":"first","13":"instock","14":"shipping-taxable","15":"product-type-simple"},"jetpack_sharing_enabled":true,"_links":{"self":[{"href":"https:\/\/mostebglass.com\/de\/wp-json\/wp\/v2\/product\/2313","targetHints":{"allow":["GET"]}}],"collection":[{"href":"https:\/\/mostebglass.com\/de\/wp-json\/wp\/v2\/product"}],"about":[{"href":"https:\/\/mostebglass.com\/de\/wp-json\/wp\/v2\/types\/product"}],"wp:featuredmedia":[{"embeddable":true,"href":"https:\/\/mostebglass.com\/de\/wp-json\/wp\/v2\/media\/4887"}],"wp:attachment":[{"href":"https:\/\/mostebglass.com\/de\/wp-json\/wp\/v2\/media?parent=2313"}],"wp:term":[{"taxonomy":"product_brand","embeddable":true,"href":"https:\/\/mostebglass.com\/de\/wp-json\/wp\/v2\/product_brand?post=2313"},{"taxonomy":"product_cat","embeddable":true,"href":"https:\/\/mostebglass.com\/de\/wp-json\/wp\/v2\/product_cat?post=2313"},{"taxonomy":"product_tag","embeddable":true,"href":"https:\/\/mostebglass.com\/de\/wp-json\/wp\/v2\/product_tag?post=2313"}],"curies":[{"name":"wp","href":"https:\/\/api.w.org\/{rel}","templated":true}]}}