{"id":2334,"date":"2025-09-22T16:54:35","date_gmt":"2025-09-22T08:54:35","guid":{"rendered":"https:\/\/mostebglass.com\/?post_type=product&#038;p=2334"},"modified":"2026-01-26T18:04:44","modified_gmt":"2026-01-26T10:04:44","slug":"large-glass-vases-hurricane-candle-holders-wholesale","status":"publish","type":"product","link":"https:\/\/mostebglass.com\/de\/large-glass-vases-hurricane-candle-holders-wholesale\/","title":{"rendered":"Gro\u00dfe Glasvasen (4800\/5600\/6500 ml) \u2013 Windlichter im Gro\u00dfhandel"},"content":{"rendered":"<p>Unser Set aus gro\u00dfen Borosilikatglasvasen umfasst 3 Vasen in verschiedenen Gr\u00f6\u00dfen mit unterschiedlichen H\u00f6hen und Durchmessern. Es enth\u00e4lt sowohl frei verwendbare Vasen als auch Windschutz f\u00fcr Kerzen (Windlichter).<\/p>\n<h2>Hauptmerkmale:<\/h2>\n<ul>\n<li><strong>Mehrzweckger\u00e4t<\/strong>Diese Glasbeh\u00e4lter werden nicht nur f\u00fcr Blumenarrangements, Schwimmkerzen und Stumpenkerzenarrangements sowie als F\u00fclldekorationen verwendet, sondern auch als Mini-Landschaftspflanzgef\u00e4\u00dfe.<\/li>\n<li><strong>Ewiges Design<\/strong>Dieses Set zeichnet sich durch seine minimalistische zylindrische Form und kristallklare Transparenz aus und passt perfekt zu jedem Einrichtungsstil oder Veranstaltungsthema, wie z. B. Hochzeiten, Partys und der allt\u00e4glichen Heimdekoration.<\/li>\n<li><strong>Hochwertiges Material<\/strong>Hergestellt aus hochwertigem Borosilikatglas mit glatter Oberfl\u00e4che und ausgezeichneter Klarheit, wodurch es hitzebest\u00e4ndig und langlebig ist.<\/li>\n<li><strong>Mehrzweckgr\u00f6\u00dfen<\/strong>Es ist in drei Gr\u00f6\u00dfen mit einem Fassungsverm\u00f6gen von 4800 ml, 5600 ml und 6500 ml als 3-teiliges Set erh\u00e4ltlich, um verschiedenen Dekorationsanforderungen gerecht zu werden.<\/li>\n<\/ul>\n<h2>Spezifikationen<\/h2>\n<table style=\"border-collapse: collapse; margin-left: auto; margin-right: auto; width: 477.02pt;\" border=\"0\" width=\"636\" cellspacing=\"0\" cellpadding=\"0\">\n<tbody>\n<tr style=\"height: 13.50pt;\">\n<td style=\"height: 13.50pt; width: 105.00pt;\" width=\"140\" height=\"18\">Attribut<\/td>\n<td style=\"width: 372.00pt;\" width=\"496\">Detail<\/td>\n<\/tr>\n<tr style=\"height: 13.50pt;\">\n<td style=\"height: 13.50pt;\" height=\"18\">Form<\/td>\n<td>Zylindrisch<\/td>\n<\/tr>\n<tr style=\"height: 13.50pt;\">\n<td style=\"height: 13.50pt;\" height=\"18\">Material<\/td>\n<td>Klarglas<\/td>\n<\/tr>\n<tr style=\"height: 13.50pt;\">\n<td style=\"height: 13.50pt;\" height=\"18\">H\u00f6hen<\/td>\n<td>30 cm, 35 cm, 40 cm<\/td>\n<\/tr>\n<tr style=\"height: 13.50pt;\">\n<td style=\"height: 13.50pt;\" height=\"18\">Durchmesser<\/td>\n<td>15 cm (alle Gr\u00f6\u00dfen)<\/td>\n<\/tr>\n<tr style=\"height: 13.50pt;\">\n<td style=\"height: 13.50pt;\" height=\"18\">Kapazit\u00e4t<\/td>\n<td>4800 ml, 5600 ml, 6500 ml<\/td>\n<\/tr>\n<tr style=\"height: 13.50pt;\">\n<td style=\"height: 13.50pt;\" height=\"18\">Oberfl\u00e4che<\/td>\n<td>Glatt, poliert<\/td>\n<\/tr>\n<tr style=\"height: 13.50pt;\">\n<td style=\"height: 13.50pt;\" height=\"18\">Stil<\/td>\n<td>Modern, minimalist<\/td>\n<\/tr>\n<tr style=\"height: 13.50pt;\">\n<td style=\"height: 13.50pt;\" height=\"18\">Ideal f\u00fcr<\/td>\n<td>Raumaufteilung, Lobbys, Hochzeitsdekoration, Verkaufsdisplays<\/td>\n<\/tr>\n<\/tbody>\n<\/table>\n<h2>Reales Anwendungsbeispiel: Luxus-Einzelhandelskette<\/h2>\n<p>Ein exklusiver Modeh\u00e4ndler wollte die Atmosph\u00e4re seines Gesch\u00e4fts verbessern und das Chaos reduzieren. Er platzierte gro\u00dfe Glasvasen am Eingang und in den Ecken der Umkleidekabinen. Jede gro\u00dfe, transparente Vase enth\u00e4lt einen k\u00fcnstlich geformten Zweig \u2013 ohne Bl\u00fcten, nur die Form. Das klare Glas verleiht der Pr\u00e4sentation Leichtigkeit. Zudem lenkt das schlichte Design der Vasen nicht von der Kleidung ab. Dadurch erh\u00f6hte sich die durchschnittliche Verweildauer im Gesch\u00e4ft um 18 %. Auch die Mitarbeiter schw\u00e4rmen von der \u201eruhigen, eleganten\u201c Atmosph\u00e4re im Gesch\u00e4ft. Ein Manager bemerkte sogar: \u201eEs ist mehr als nur Dekoration; es ist eine Erweiterung des Raumes.\u201c<\/p>\n<h2>Tipps zum Gestalten gro\u00dfer, durchsichtiger Vasen<\/h2>\n<ul>\n<li>Get\u00f6ntes Glas \u2013 In stark frequentierten Bereichen sollten Sie sanfte Grau- oder Bronzet\u00f6ne verwenden, um eine angenehme Atmosph\u00e4re zu schaffen und die Sichtbarkeit des Wassers zu reduzieren.<\/li>\n<li>Verst\u00e4rkter Sockel \u2013 F\u00fcr eine bessere Stabilit\u00e4t bei hohen k\u00fcnstlichen Dekorationen ist der Sockel schwerer gestaltet.<\/li>\n<li>Sandgestrahltes Klebeband \u2013 Bringen Sie einen d\u00fcnnen horizontalen Streifen auf der Unterseite f\u00fcr Brandingzwecke an \u2013 perfekt f\u00fcr die sp\u00e4tere Lasergravur.<\/li>\n<\/ul>\n<p>Diese gro\u00dfen Glasvasen sind nicht einfach nur eine Option. Sie verwandeln eine gro\u00dfe, durchsichtige Vase in ein echtes Statement-Piece.<\/p>","protected":false},"excerpt":{"rendered":"<p data-pm-slice=\"1 1 []\">Gro\u00dfes Glasvasen-Set: 3 vielseitige Zylinder aus Borosilikatglas f\u00fcr Blumen, Kerzen und Dekoration. Hitzebest\u00e4ndig, elegant und perfekt f\u00fcr Hochzeiten oder die Gestaltung von Wohnr\u00e4umen.<\/p>","protected":false},"featured_media":2440,"template":"","meta":{"site-sidebar-layout":"default","site-content-layout":"","ast-site-content-layout":"default","site-content-style":"default","site-sidebar-style":"default","ast-global-header-display":"","ast-banner-title-visibility":"","ast-main-header-display":"","ast-hfb-above-header-display":"","ast-hfb-below-header-display":"","ast-hfb-mobile-header-display":"","site-post-title":"","ast-breadcrumbs-content":"","ast-featured-img":"","footer-sml-layout":"","theme-transparent-header-meta":"default","adv-header-id-meta":"","stick-header-meta":"","header-above-stick-meta":"","header-main-stick-meta":"","header-below-stick-meta":"","astra-migrate-meta-layouts":"set","ast-page-background-enabled":"default","ast-page-background-meta":{"desktop":{"background-color":"var(--ast-global-color-5)","background-image":"","background-repeat":"repeat","background-position":"center center","background-size":"auto","background-attachment":"scroll","background-type":"","background-media":"","overlay-type":"","overlay-color":"","overlay-opacity":"","overlay-gradient":""},"tablet":{"background-color":"","background-image":"","background-repeat":"repeat","background-position":"center center","background-size":"auto","background-attachment":"scroll","background-type":"","background-media":"","overlay-type":"","overlay-color":"","overlay-opacity":"","overlay-gradient":""},"mobile":{"background-color":"","background-image":"","background-repeat":"repeat","background-position":"center center","background-size":"auto","background-attachment":"scroll","background-type":"","background-media":"","overlay-type":"","overlay-color":"","overlay-opacity":"","overlay-gradient":""}},"ast-content-background-meta":{"desktop":{"background-color":"var(--ast-global-color-4)","background-image":"","background-repeat":"repeat","background-position":"center center","background-size":"auto","background-attachment":"scroll","background-type":"","background-media":"","overlay-type":"","overlay-color":"","overlay-opacity":"","overlay-gradient":""},"tablet":{"background-color":"var(--ast-global-color-4)","background-image":"","background-repeat":"repeat","background-position":"center center","background-size":"auto","background-attachment":"scroll","background-type":"","background-media":"","overlay-type":"","overlay-color":"","overlay-opacity":"","overlay-gradient":""},"mobile":{"background-color":"var(--ast-global-color-4)","background-image":"","background-repeat":"repeat","background-position":"center center","background-size":"auto","background-attachment":"scroll","background-type":"","background-media":"","overlay-type":"","overlay-color":"","overlay-opacity":"","overlay-gradient":""}}},"product_brand":[],"product_cat":[57,21],"product_tag":[],"class_list":{"0":"post-2334","1":"product","2":"type-product","3":"status-publish","4":"has-post-thumbnail","6":"product_cat-glass-vases","7":"product_cat-product","8":"desktop-align-left","9":"tablet-align-left","10":"mobile-align-left","12":"first","13":"instock","14":"shipping-taxable","15":"product-type-simple"},"jetpack_sharing_enabled":true,"_links":{"self":[{"href":"https:\/\/mostebglass.com\/de\/wp-json\/wp\/v2\/product\/2334","targetHints":{"allow":["GET"]}}],"collection":[{"href":"https:\/\/mostebglass.com\/de\/wp-json\/wp\/v2\/product"}],"about":[{"href":"https:\/\/mostebglass.com\/de\/wp-json\/wp\/v2\/types\/product"}],"wp:featuredmedia":[{"embeddable":true,"href":"https:\/\/mostebglass.com\/de\/wp-json\/wp\/v2\/media\/2440"}],"wp:attachment":[{"href":"https:\/\/mostebglass.com\/de\/wp-json\/wp\/v2\/media?parent=2334"}],"wp:term":[{"taxonomy":"product_brand","embeddable":true,"href":"https:\/\/mostebglass.com\/de\/wp-json\/wp\/v2\/product_brand?post=2334"},{"taxonomy":"product_cat","embeddable":true,"href":"https:\/\/mostebglass.com\/de\/wp-json\/wp\/v2\/product_cat?post=2334"},{"taxonomy":"product_tag","embeddable":true,"href":"https:\/\/mostebglass.com\/de\/wp-json\/wp\/v2\/product_tag?post=2334"}],"curies":[{"name":"wp","href":"https:\/\/api.w.org\/{rel}","templated":true}]}}