{"id":2718,"date":"2025-09-25T09:17:05","date_gmt":"2025-09-25T01:17:05","guid":{"rendered":"https:\/\/mostebglass.com\/?post_type=product&#038;p=2718"},"modified":"2026-03-23T13:29:33","modified_gmt":"2026-03-23T05:29:33","slug":"gradient-glass-vase-set-in-different-shape-bulk","status":"publish","type":"product","link":"https:\/\/mostebglass.com\/de\/gradient-glass-vase-set-in-different-shape-bulk\/","title":{"rendered":"Set mit Farbverlauf-Glasvasen in verschiedenen Formen (gro\u00dfe Menge)"},"content":{"rendered":"<p>Diese f\u00fcnfteilige Vasenkollektion \u2013 die Glasvasen-Sets weisen einen Farbverlauf von Blau zu Gelb auf, sind in verschiedenen Formen erh\u00e4ltlich und mit feinen Texturen verziert, darunter gepr\u00e4gte Blumenmuster, Diamantschliffe sowie gerippte und spiralf\u00f6rmige Designs, wobei jede Vase ihre eigene, unverwechselbare Sch\u00f6nheit zur Geltung bringt.<\/p>\n<h2><strong>Produkteigenschaften<\/strong><\/h2>\n<ul>\n<li><strong>Vielf\u00e4ltige Formen<\/strong>: Diese 5 Glasvasen haben unterschiedliche Formen, darunter schlanke, spiralf\u00f6rmige usw., die an verschiedene Blumenformen und Dekorationsszenen angepasst werden k\u00f6nnen.<\/li>\n<li><strong>Farbverlauf<\/strong>: Die Farbkombination aus Blau und Gelb mit Farbverlauf ist frisch und vielschichtig und verleiht dem Blumenarrangement optische Sch\u00f6nheit.<\/li>\n<li><strong>Reichhaltige Oberfl\u00e4chenstruktur<\/strong>: Rauten-, Spiral-, Rippen- und Blumenstrukturdetails verleihen jeder Glasvase das Gef\u00fchl, handgefertigt zu sein.<\/li>\n<\/ul>\n<h2>Wichtige Spezifikationen<\/h2>\n<table style=\"border-collapse: collapse; margin-left: auto; margin-right: auto; width: 468.77pt;\" border=\"0\" width=\"625\" cellspacing=\"0\" cellpadding=\"0\">\n<tbody>\n<tr style=\"height: 13.50pt;\">\n<td style=\"height: 13.5pt; width: 105pt; text-align: center;\" width=\"140\" height=\"18\">Besonderheit<\/td>\n<td style=\"width: 363.75pt; text-align: center;\" width=\"485\">Details<\/td>\n<\/tr>\n<tr style=\"height: 13.50pt;\">\n<td style=\"height: 13.5pt; text-align: center;\" height=\"18\">Gr\u00f6\u00dfe festlegen<\/td>\n<td style=\"text-align: center;\">5 St\u00fcck<\/td>\n<\/tr>\n<tr style=\"height: 13.50pt;\">\n<td style=\"height: 13.5pt; text-align: center;\" height=\"18\">Material<\/td>\n<td style=\"text-align: center;\">Kalk-Natron-Glas<\/td>\n<\/tr>\n<tr style=\"height: 13.50pt;\">\n<td style=\"height: 13.5pt; text-align: center;\" height=\"18\">Farbe<\/td>\n<td style=\"text-align: center;\">Blau-Gelb-Farbverlauf (anpassbar)<\/td>\n<\/tr>\n<tr style=\"height: 13.50pt;\">\n<td style=\"height: 13.5pt; text-align: center;\" height=\"18\">Designvielfalt<\/td>\n<td style=\"text-align: center;\">Hoch, schmal, spiralf\u00f6rmig, gerippt, ausgestellt, strukturiert<\/td>\n<\/tr>\n<tr style=\"height: 13.50pt;\">\n<td style=\"height: 13.5pt; text-align: center;\" height=\"18\">Oberfl\u00e4chendetails<\/td>\n<td style=\"text-align: center;\">Rautenmuster, Spiralrille, florales Relief<\/td>\n<\/tr>\n<tr style=\"height: 13.50pt;\">\n<td style=\"height: 13.5pt; text-align: center;\" height=\"18\">Am besten f\u00fcr<\/td>\n<td style=\"text-align: center;\">Vasenknospe, Blumenvase, k\u00fcnstlicher Stiel, Pflanzgef\u00e4\u00df<\/td>\n<\/tr>\n<tr style=\"height: 13.50pt;\">\n<td style=\"height: 13.5pt; text-align: center;\" height=\"18\">Stil<\/td>\n<td style=\"text-align: center;\">Moderne Vase, elegante Dekovasen<\/td>\n<\/tr>\n<\/tbody>\n<\/table>\n<h2>Erfolgsgeschichte<\/h2>\n<p>Unsere Kollektion kleiner Tischvasen wurde von einer italienischen Marke f\u00fcr Wohnaccessoires ausgew\u00e4hlt. Da deren besonderer Wert auf eine optisch ansprechende Pr\u00e4sentation gelegt wurde, w\u00e4hlten wir eine differenzierte Individualisierungsstrategie: Wir verst\u00e4rkten den Glanz der verschiedenen Oberfl\u00e4chenstrukturen (Diamantpr\u00e4gung, vertikale Streifen und Wellenmuster), sodass die Produkte je nach Lichteinfall unterschiedliche Lichtreflexionen aufweisen. Dar\u00fcber hinaus vereinheitlichten wir die \u00d6ffnungen der Vasen und vergr\u00f6\u00dferten sie, um die Platzierung einzelner Stiele oder Trockenblumenarrangements zu optimieren. Abschlie\u00dfend entwarfen wir eine ma\u00dfgeschneiderte Geschenkverpackung, die \u00e4sthetisch an die Vasen selbst ankn\u00fcpft und somit perfekt zum Gesamtbild der Marke passt.<\/p>\n<p>Mit der Markteinf\u00fchrung stieg der Absatz dieser Serie im ersten Quartal um rund 58 Prozent. Im zweiten Quartal bestellte die Marke die gesamte Serie in gro\u00dfen Mengen nach und machte sie zu einem der wichtigsten Produkte in ihren Schaufenstern.<\/p>\n<h2>Glasvasen-Set individuell gestalten<\/h2>\n<ul>\n<li>Lasergravieren Sie ein charakteristisches Motiv \u2013 ein kleines Blatt, eine Sonne oder eine abstrakte Form in der N\u00e4he der Basis \u2013 nur aus der N\u00e4he sichtbar.<\/li>\n<li>Strukturieren Sie den Hals \u2013 Ein geriffelter oder geriffelter Rand sorgt f\u00fcr haptischen Luxus und verbirgt Fingerabdr\u00fccke.<\/li>\n<li>T\u00f6nen Sie das klare Glas leicht \u2013 Auch \u201eklare\u201c Varianten k\u00f6nnen mit einem Hauch von W\u00e4rme oder K\u00fchle f\u00fcr subtile Abwechslung sorgen.<\/li>\n<\/ul>\n<p>Dabei handelt es sich nicht nur um kosmetische \u00c4nderungen. Sie machen aus einer sch\u00f6nen Glasvase ein unverwechselbares Produkt.<\/p>","protected":false},"excerpt":{"rendered":"<p data-pm-slice=\"1 1 []\">Set aus Knospen- und Glasvase mit gepr\u00e4gten Details und eleganten Formen im Gro\u00dfhandel erh\u00e4ltlich. Gepr\u00e4gte und spiralf\u00f6rmige Strukturen verleihen den Vasen einen charmanten Vintage-Look. Kostenlose Muster verf\u00fcgbar.<\/p>","protected":false},"featured_media":2741,"template":"","meta":{"site-sidebar-layout":"default","site-content-layout":"","ast-site-content-layout":"default","site-content-style":"default","site-sidebar-style":"default","ast-global-header-display":"","ast-banner-title-visibility":"","ast-main-header-display":"","ast-hfb-above-header-display":"","ast-hfb-below-header-display":"","ast-hfb-mobile-header-display":"","site-post-title":"","ast-breadcrumbs-content":"","ast-featured-img":"","footer-sml-layout":"","theme-transparent-header-meta":"default","adv-header-id-meta":"","stick-header-meta":"","header-above-stick-meta":"","header-main-stick-meta":"","header-below-stick-meta":"","astra-migrate-meta-layouts":"set","ast-page-background-enabled":"default","ast-page-background-meta":{"desktop":{"background-color":"var(--ast-global-color-5)","background-image":"","background-repeat":"repeat","background-position":"center center","background-size":"auto","background-attachment":"scroll","background-type":"","background-media":"","overlay-type":"","overlay-color":"","overlay-opacity":"","overlay-gradient":""},"tablet":{"background-color":"","background-image":"","background-repeat":"repeat","background-position":"center center","background-size":"auto","background-attachment":"scroll","background-type":"","background-media":"","overlay-type":"","overlay-color":"","overlay-opacity":"","overlay-gradient":""},"mobile":{"background-color":"","background-image":"","background-repeat":"repeat","background-position":"center center","background-size":"auto","background-attachment":"scroll","background-type":"","background-media":"","overlay-type":"","overlay-color":"","overlay-opacity":"","overlay-gradient":""}},"ast-content-background-meta":{"desktop":{"background-color":"var(--ast-global-color-4)","background-image":"","background-repeat":"repeat","background-position":"center center","background-size":"auto","background-attachment":"scroll","background-type":"","background-media":"","overlay-type":"","overlay-color":"","overlay-opacity":"","overlay-gradient":""},"tablet":{"background-color":"var(--ast-global-color-4)","background-image":"","background-repeat":"repeat","background-position":"center center","background-size":"auto","background-attachment":"scroll","background-type":"","background-media":"","overlay-type":"","overlay-color":"","overlay-opacity":"","overlay-gradient":""},"mobile":{"background-color":"var(--ast-global-color-4)","background-image":"","background-repeat":"repeat","background-position":"center center","background-size":"auto","background-attachment":"scroll","background-type":"","background-media":"","overlay-type":"","overlay-color":"","overlay-opacity":"","overlay-gradient":""}}},"product_brand":[],"product_cat":[57,21],"product_tag":[],"class_list":{"0":"post-2718","1":"product","2":"type-product","3":"status-publish","4":"has-post-thumbnail","6":"product_cat-glass-vases","7":"product_cat-product","8":"desktop-align-left","9":"tablet-align-left","10":"mobile-align-left","12":"first","13":"instock","14":"shipping-taxable","15":"product-type-simple"},"jetpack_sharing_enabled":true,"_links":{"self":[{"href":"https:\/\/mostebglass.com\/de\/wp-json\/wp\/v2\/product\/2718","targetHints":{"allow":["GET"]}}],"collection":[{"href":"https:\/\/mostebglass.com\/de\/wp-json\/wp\/v2\/product"}],"about":[{"href":"https:\/\/mostebglass.com\/de\/wp-json\/wp\/v2\/types\/product"}],"wp:featuredmedia":[{"embeddable":true,"href":"https:\/\/mostebglass.com\/de\/wp-json\/wp\/v2\/media\/2741"}],"wp:attachment":[{"href":"https:\/\/mostebglass.com\/de\/wp-json\/wp\/v2\/media?parent=2718"}],"wp:term":[{"taxonomy":"product_brand","embeddable":true,"href":"https:\/\/mostebglass.com\/de\/wp-json\/wp\/v2\/product_brand?post=2718"},{"taxonomy":"product_cat","embeddable":true,"href":"https:\/\/mostebglass.com\/de\/wp-json\/wp\/v2\/product_cat?post=2718"},{"taxonomy":"product_tag","embeddable":true,"href":"https:\/\/mostebglass.com\/de\/wp-json\/wp\/v2\/product_tag?post=2718"}],"curies":[{"name":"wp","href":"https:\/\/api.w.org\/{rel}","templated":true}]}}