{"id":2750,"date":"2025-09-25T17:13:49","date_gmt":"2025-09-25T09:13:49","guid":{"rendered":"https:\/\/mostebglass.com\/?post_type=product&#038;p=2750"},"modified":"2025-09-25T17:13:52","modified_gmt":"2025-09-25T09:13:52","slug":"vintage-kamee-glasmalerei-knospe-vasen-bulk","status":"publish","type":"product","link":"https:\/\/mostebglass.com\/de\/vintage-cameo-stained-glass-bud-vases-bulk\/","title":{"rendered":"Vintage Kamee Buntglas Knospenvasen Bulk f\u00fcr Blumenarrangement"},"content":{"rendered":"<p>Sie haben genug von kleinen Blumenvasen, die entt\u00e4uschen? Wir fertigen Blumenvasen in Gro\u00dfpackungen aus Klarglas mit floralen Strukturdetails \u2013 ganz ohne k\u00fcnstliche Stiele. Diese modernen Vasen verwandeln k\u00fcnstliche Stiele in bl\u00fchende Momente. Gro\u00dfbestellungen erhalten individuelle Farboptionen \u2013 Ihr Vasenset wird zum Highlight.<\/p>\n<h2>Produkteigenschaften<\/h2>\n<p><strong>Elegante florale Textur<\/strong><\/p>\n<p>Die handgepressten Blumenmuster auf klarem Glas verleihen jeder Vase das Gef\u00fchl von Handarbeit und nicht von Massenware.<\/p>\n<p><strong>Perfektion in der Knospenvase<\/strong><\/p>\n<p>In die Knospenvasen passen problemlos einzelne oder unreife Bl\u00fctenstiele \u2013 ideal als Dekoration f\u00fcr den Schreibtisch oder Tisch.<\/p>\n<p><strong>Benutzerdefinierte Farbharmonie<\/strong><\/p>\n<p>W\u00e4hlen Sie Blau, Gr\u00fcn, Braun oder Transparent \u2013 \u200b\u200bIhre Vase passt zur Stimmung Ihrer Marke, nicht nur zur Jahreszeit.<\/p>\n<h2><strong data-spm-anchor-id=\"5176.28103460.0.i14.29ab2e314T5xkY\">Wichtige Spezifikationen<\/strong><\/h2>\n<table style=\"border-collapse: collapse; width: 80%; margin-left: auto; margin-right: auto;\" border=\"0\" width=\"288\" cellspacing=\"0\" cellpadding=\"0\">\n<tbody>\n<tr style=\"height: 13.50pt;\">\n<td style=\"height: 13.5pt; width: 54pt; text-align: center;\" width=\"72\" height=\"18\">Stil<\/td>\n<td style=\"width: 54pt; text-align: center;\" width=\"72\">Gr\u00f6\u00dfe (mm)<\/td>\n<td style=\"width: 54pt; text-align: center;\" width=\"72\">Material<\/td>\n<td style=\"width: 54pt; text-align: center;\" width=\"72\">Farboptionen<\/td>\n<\/tr>\n<tr style=\"height: 13.50pt;\">\n<td style=\"height: 13.5pt; text-align: center;\" height=\"18\">Gepr\u00e4gtes Muster<\/td>\n<td style=\"text-align: center;\">68 x 127 x 33<\/td>\n<td style=\"text-align: center;\">Glas<\/td>\n<td style=\"text-align: center;\">Klar, Blau, Gr\u00fcn, Braun<\/td>\n<\/tr>\n<\/tbody>\n<\/table>\n<h3>Ma\u00dfgeschneiderte Vorschl\u00e4ge<\/h3>\n<ol>\n<li><strong>Saisonale Farbtropfer:<\/strong>F\u00fcr den Fr\u00fchling ist eine blau-wei\u00dfe Vase in gro\u00dfen Mengen erh\u00e4ltlich, und f\u00fcr den Sommer ist eine grau-gr\u00fcne Vase in gro\u00dfen Mengen erh\u00e4ltlich \u2013 keine zus\u00e4tzliche Geb\u00fchr f\u00fcr Balk-Bestellungen.<\/li>\n<li><strong>Gepr\u00e4gtes Design:<\/strong>Diese kleine Vase hat ein einzigartiges Vintage-Pr\u00e4gemuster und eignet sich perfekt f\u00fcr Blumenarrangements oder als dekorativer Akzent im Wohnzimmer, auf dem Esstisch und in Arbeitszimmern.<\/li>\n<\/ol>\n<p>&nbsp;<\/p>","protected":false},"excerpt":{"rendered":"<p>Blumenvasen in Gro\u00dfpackungen und kleinen Vasen f\u00fcr Blumen. Individuelles Glas, florale Textur. Perfekt f\u00fcr Wohndeko und Hochzeiten. Gro\u00dfhandelspreise. Veredeln Sie Ihr Arrangement noch heute!<\/p>","protected":false},"featured_media":2756,"template":"","meta":{"site-sidebar-layout":"default","site-content-layout":"","ast-site-content-layout":"default","site-content-style":"default","site-sidebar-style":"default","ast-global-header-display":"","ast-banner-title-visibility":"","ast-main-header-display":"","ast-hfb-above-header-display":"","ast-hfb-below-header-display":"","ast-hfb-mobile-header-display":"","site-post-title":"","ast-breadcrumbs-content":"","ast-featured-img":"","footer-sml-layout":"","theme-transparent-header-meta":"default","adv-header-id-meta":"","stick-header-meta":"","header-above-stick-meta":"","header-main-stick-meta":"","header-below-stick-meta":"","astra-migrate-meta-layouts":"set","ast-page-background-enabled":"default","ast-page-background-meta":{"desktop":{"background-color":"var(--ast-global-color-5)","background-image":"","background-repeat":"repeat","background-position":"center center","background-size":"auto","background-attachment":"scroll","background-type":"","background-media":"","overlay-type":"","overlay-color":"","overlay-opacity":"","overlay-gradient":""},"tablet":{"background-color":"","background-image":"","background-repeat":"repeat","background-position":"center center","background-size":"auto","background-attachment":"scroll","background-type":"","background-media":"","overlay-type":"","overlay-color":"","overlay-opacity":"","overlay-gradient":""},"mobile":{"background-color":"","background-image":"","background-repeat":"repeat","background-position":"center center","background-size":"auto","background-attachment":"scroll","background-type":"","background-media":"","overlay-type":"","overlay-color":"","overlay-opacity":"","overlay-gradient":""}},"ast-content-background-meta":{"desktop":{"background-color":"var(--ast-global-color-4)","background-image":"","background-repeat":"repeat","background-position":"center center","background-size":"auto","background-attachment":"scroll","background-type":"","background-media":"","overlay-type":"","overlay-color":"","overlay-opacity":"","overlay-gradient":""},"tablet":{"background-color":"var(--ast-global-color-4)","background-image":"","background-repeat":"repeat","background-position":"center center","background-size":"auto","background-attachment":"scroll","background-type":"","background-media":"","overlay-type":"","overlay-color":"","overlay-opacity":"","overlay-gradient":""},"mobile":{"background-color":"var(--ast-global-color-4)","background-image":"","background-repeat":"repeat","background-position":"center center","background-size":"auto","background-attachment":"scroll","background-type":"","background-media":"","overlay-type":"","overlay-color":"","overlay-opacity":"","overlay-gradient":""}}},"product_brand":[],"product_cat":[21,57],"product_tag":[],"class_list":{"0":"post-2750","1":"product","2":"type-product","3":"status-publish","4":"has-post-thumbnail","6":"product_cat-product","7":"product_cat-glass-vases","8":"desktop-align-left","9":"tablet-align-left","10":"mobile-align-left","12":"first","13":"instock","14":"shipping-taxable","15":"product-type-simple"},"jetpack_sharing_enabled":true,"_links":{"self":[{"href":"https:\/\/mostebglass.com\/de\/wp-json\/wp\/v2\/product\/2750","targetHints":{"allow":["GET"]}}],"collection":[{"href":"https:\/\/mostebglass.com\/de\/wp-json\/wp\/v2\/product"}],"about":[{"href":"https:\/\/mostebglass.com\/de\/wp-json\/wp\/v2\/types\/product"}],"wp:featuredmedia":[{"embeddable":true,"href":"https:\/\/mostebglass.com\/de\/wp-json\/wp\/v2\/media\/2756"}],"wp:attachment":[{"href":"https:\/\/mostebglass.com\/de\/wp-json\/wp\/v2\/media?parent=2750"}],"wp:term":[{"taxonomy":"product_brand","embeddable":true,"href":"https:\/\/mostebglass.com\/de\/wp-json\/wp\/v2\/product_brand?post=2750"},{"taxonomy":"product_cat","embeddable":true,"href":"https:\/\/mostebglass.com\/de\/wp-json\/wp\/v2\/product_cat?post=2750"},{"taxonomy":"product_tag","embeddable":true,"href":"https:\/\/mostebglass.com\/de\/wp-json\/wp\/v2\/product_tag?post=2750"}],"curies":[{"name":"wp","href":"https:\/\/api.w.org\/{rel}","templated":true}]}}