{"id":3110,"date":"2025-10-22T17:23:26","date_gmt":"2025-10-22T09:23:26","guid":{"rendered":"https:\/\/mostebglass.com\/?post_type=product&#038;p=3110"},"modified":"2025-10-22T18:01:35","modified_gmt":"2025-10-22T10:01:35","slug":"antike-glasvasen-fur-haus-und-eventdekoration","status":"publish","type":"product","link":"https:\/\/mostebglass.com\/de\/antique-glass-vases-set-for-home-and-event-decor\/","title":{"rendered":"Klares antikes Glasvasen-Set f\u00fcr die Heim- und Eventdekoration"},"content":{"rendered":"<p>Sind Sie es leid, dass Ihre Blumenarrangements in Vasen ersticken? Wir fertigen charmante, kurze Blumenvasen-Sets aus Klarglas \u2013 Schluss mit langweiliger Deko! Diese transparenten Vasen verwandeln Ihr Zuhause in eine bl\u00fchende Oase. Bei gr\u00f6\u00dferen Bestellmengen erhalten Sie individuell gestaltete Glasvasen, die perfekt zu Ihrem Stil passen.<\/p>\n<h2>Produkteigenschaften<\/h2>\n<p><strong>Strukturierte Eleganz<\/strong><\/p>\n<p>Die Rippen und das Muster verleihen dem Ganzen mehr Tiefe \u2013 Ihre kleine Blumenvase sieht aus wie ein dekoratives Kunstwerk aus Glas.<\/p>\n<p><strong>Kristallklare<\/strong><\/p>\n<p>Das hochwertige, transparente Glas gibt jedes einzelne Bl\u00fctenblatt preis \u2013 K\u00e4ufer k\u00f6nnen der klaren Vase auf den ersten Blick nicht widerstehen.<\/p>\n<p><strong>Vielseitiges Display<\/strong><\/p>\n<p>Ideal f\u00fcr den Arbeitstisch, Regale oder als dekorativer, hohler Stielhalter \u2013 Ihre Vasen\/Glasgef\u00e4\u00dfe erstrahlen.<\/p>\n<h2>Wichtige Spezifikationen<\/h2>\n<table style=\"border-collapse: collapse; width: 216.03pt;\" border=\"0\" width=\"288\" cellspacing=\"0\" cellpadding=\"0\">\n<tbody>\n<tr style=\"height: 13.50pt;\">\n<td style=\"height: 13.50pt; width: 54.00pt;\" width=\"72\" height=\"18\">Stil<\/td>\n<td style=\"width: 54.00pt;\" width=\"72\">Gr\u00f6\u00dfe (cm)<\/td>\n<td style=\"width: 54.00pt;\" width=\"72\">Material<\/td>\n<td style=\"width: 54.00pt;\" width=\"72\">Farbe<\/td>\n<\/tr>\n<tr style=\"height: 13.50pt;\">\n<td style=\"height: 13.50pt;\" height=\"18\">Gerippt<\/td>\n<td>5.5&#215;11.2&#215;3.8<\/td>\n<td class=\"et2\" rowspan=\"3\">Glas<\/td>\n<td class=\"et2\" rowspan=\"3\">Klar oder benutzerdefiniert<\/td>\n<\/tr>\n<tr style=\"height: 13.50pt;\">\n<td style=\"height: 13.50pt;\" height=\"18\">K\u00fcrbis<\/td>\n<td>6.0&#215;11.5&#215;3.8<\/td>\n<\/tr>\n<tr style=\"height: 13.50pt;\">\n<td style=\"height: 13.50pt;\" height=\"18\">Spiral<\/td>\n<td>5.9&#215;11.5&#215;3.8<\/td>\n<\/tr>\n<\/tbody>\n<\/table>\n<h2>Erfolgsbeispiel<\/h2>\n<p>Decor unterst\u00fctzte Home mit einem Studio bei der Gestaltung wundersch\u00f6ner, individuell angefertigter, niedriger Glasvasen f\u00fcr ihre saisonale Blumenkollektion. Jedes Arrangement zeichnet sich durch eine handpolierte \u00d6ffnung und dickes, hochtransparentes Glas aus, das den Blumen einen eleganten, raffinierten und galerieartigen Effekt verleiht. Das Studio entwarf eine Reihe ma\u00dfgefertigter Glasgef\u00e4\u00dfe f\u00fcr verschiedene Einrichtungsstile \u2013 von matten bis hin zu hellbernsteinfarbenen und rauchgrauen Sockeln.<\/p>\n<p>Die perfekten Vasen heben die Maserung und die Farben jeder einzelnen Blume hervor und versch\u00f6nern so das Gesamtbild.<\/p>\n<p>Das Studio erreichte dies in nur zwei Monaten: Der Umsatz stieg um 80 % und die Produktbeschwerden sanken um 70 %.<\/p>\n<h2>Ihr Playbook zur individuellen Anpassung<\/h2>\n<ol>\n<li><strong>Verstellbare Flaschenoberfl\u00e4che:<\/strong> Je nach Stil Ihrer Marke k\u00f6nnen Sie eine dieser drei Optionen w\u00e4hlen: Sandstrahlen, Lasergravur oder Galvanisierung. Dadurch wird die Vase unverwechselbarer und dekorativer.<\/li>\n<li><strong>Marken- und Accessoire-Personalisierung:<\/strong> Neben einer individuell gestalteten Geschenkbox k\u00f6nnen auch getrocknete Blumen oder ein Duftst\u00e4bchen-Set zum Verschenken oder f\u00fcr Aromatherapiezwecke verwendet werden, wodurch der Eigenwert des Produkts und seine Anwendungsm\u00f6glichkeiten erh\u00f6ht werden.<\/li>\n<\/ol>\n<p>&nbsp;<\/p>\n<p>&nbsp;<\/p>","protected":false},"excerpt":{"rendered":"<p>Hochwertige antike Glasvasen f\u00fcr Ihr Unternehmen. Unsere klaren Vasen bieten zeitlose Eleganz und setzen Ihre Blumenarrangements perfekt in Szene. Bereichern Sie Ihr Sortiment mit dieser klassischen, hochwertigen Kollektion. Mengenrabatte auf Anfrage.<\/p>","protected":false},"featured_media":3111,"template":"","meta":{"site-sidebar-layout":"default","site-content-layout":"","ast-site-content-layout":"default","site-content-style":"default","site-sidebar-style":"default","ast-global-header-display":"","ast-banner-title-visibility":"","ast-main-header-display":"","ast-hfb-above-header-display":"","ast-hfb-below-header-display":"","ast-hfb-mobile-header-display":"","site-post-title":"","ast-breadcrumbs-content":"","ast-featured-img":"","footer-sml-layout":"","theme-transparent-header-meta":"default","adv-header-id-meta":"","stick-header-meta":"","header-above-stick-meta":"","header-main-stick-meta":"","header-below-stick-meta":"","astra-migrate-meta-layouts":"set","ast-page-background-enabled":"default","ast-page-background-meta":{"desktop":{"background-color":"var(--ast-global-color-5)","background-image":"","background-repeat":"repeat","background-position":"center center","background-size":"auto","background-attachment":"scroll","background-type":"","background-media":"","overlay-type":"","overlay-color":"","overlay-opacity":"","overlay-gradient":""},"tablet":{"background-color":"","background-image":"","background-repeat":"repeat","background-position":"center center","background-size":"auto","background-attachment":"scroll","background-type":"","background-media":"","overlay-type":"","overlay-color":"","overlay-opacity":"","overlay-gradient":""},"mobile":{"background-color":"","background-image":"","background-repeat":"repeat","background-position":"center center","background-size":"auto","background-attachment":"scroll","background-type":"","background-media":"","overlay-type":"","overlay-color":"","overlay-opacity":"","overlay-gradient":""}},"ast-content-background-meta":{"desktop":{"background-color":"var(--ast-global-color-4)","background-image":"","background-repeat":"repeat","background-position":"center center","background-size":"auto","background-attachment":"scroll","background-type":"","background-media":"","overlay-type":"","overlay-color":"","overlay-opacity":"","overlay-gradient":""},"tablet":{"background-color":"var(--ast-global-color-4)","background-image":"","background-repeat":"repeat","background-position":"center center","background-size":"auto","background-attachment":"scroll","background-type":"","background-media":"","overlay-type":"","overlay-color":"","overlay-opacity":"","overlay-gradient":""},"mobile":{"background-color":"var(--ast-global-color-4)","background-image":"","background-repeat":"repeat","background-position":"center center","background-size":"auto","background-attachment":"scroll","background-type":"","background-media":"","overlay-type":"","overlay-color":"","overlay-opacity":"","overlay-gradient":""}}},"product_brand":[],"product_cat":[21,57],"product_tag":[],"class_list":{"0":"post-3110","1":"product","2":"type-product","3":"status-publish","4":"has-post-thumbnail","6":"product_cat-product","7":"product_cat-glass-vases","8":"desktop-align-left","9":"tablet-align-left","10":"mobile-align-left","12":"first","13":"instock","14":"shipping-taxable","15":"product-type-simple"},"jetpack_sharing_enabled":true,"_links":{"self":[{"href":"https:\/\/mostebglass.com\/de\/wp-json\/wp\/v2\/product\/3110","targetHints":{"allow":["GET"]}}],"collection":[{"href":"https:\/\/mostebglass.com\/de\/wp-json\/wp\/v2\/product"}],"about":[{"href":"https:\/\/mostebglass.com\/de\/wp-json\/wp\/v2\/types\/product"}],"wp:featuredmedia":[{"embeddable":true,"href":"https:\/\/mostebglass.com\/de\/wp-json\/wp\/v2\/media\/3111"}],"wp:attachment":[{"href":"https:\/\/mostebglass.com\/de\/wp-json\/wp\/v2\/media?parent=3110"}],"wp:term":[{"taxonomy":"product_brand","embeddable":true,"href":"https:\/\/mostebglass.com\/de\/wp-json\/wp\/v2\/product_brand?post=3110"},{"taxonomy":"product_cat","embeddable":true,"href":"https:\/\/mostebglass.com\/de\/wp-json\/wp\/v2\/product_cat?post=3110"},{"taxonomy":"product_tag","embeddable":true,"href":"https:\/\/mostebglass.com\/de\/wp-json\/wp\/v2\/product_tag?post=3110"}],"curies":[{"name":"wp","href":"https:\/\/api.w.org\/{rel}","templated":true}]}}