{"id":3208,"date":"2025-10-29T14:47:45","date_gmt":"2025-10-29T06:47:45","guid":{"rendered":"https:\/\/mostebglass.com\/?post_type=product&#038;p=3208"},"modified":"2025-10-29T17:50:28","modified_gmt":"2025-10-29T09:50:28","slug":"wholesale-short-glass-vase-bud-vases-supplier","status":"publish","type":"product","link":"https:\/\/mostebglass.com\/de\/wholesale-short-glass-vase-bud-vases-supplier\/","title":{"rendered":"Kurze, kegelf\u00f6rmige Glasvase f\u00fcr minimalistische Blumenarrangements"},"content":{"rendered":"<p>Schluss mit langweiligen Vasenglas-Dekorationsst\u00fccken, die Ihre florale Ausstrahlung zerst\u00f6ren. Wir fertigen kurze Knospenvasen mit geometrischer Struktur an - keine flache Dekoration mehr. Diese kurzen Glasvasen-Sets verwandeln Ihren Raum in einen floralen Traum. Bei Gro\u00dfbestellungen erhalten Sie individuelle Glasvasen, die zur Seele Ihrer Marke passen.<\/p>\n<h2>Produkteigenschaften<\/h2>\n<p><strong>Geometrische Textur<\/strong><\/p>\n<p>Die Rippen im Stoff verleihen ihm mehr Tiefe, wirken aber gleichzeitig nicht aufdringlich \u2013 Ihre minimalistische Vase sieht in jedem Raum stilvoll und modern aus.<\/p>\n<p><strong>Kristallklar<\/strong><\/p>\n<p>Ein idealer transparenter Beh\u00e4lter ist derjenige, der jede Blume zeigt - die Kunden werden von Anfang an von seiner klaren und transparenten Beschaffenheit angetan sein.<\/p>\n<p><strong>Verschiedene Gr\u00f6\u00dfen<\/strong><\/p>\n<p>Drei verschiedene Gr\u00f6\u00dfen, n\u00e4mlich klein, mittel und gro\u00df, um den unterschiedlichen Bed\u00fcrfnissen der R\u00e4ume gerecht zu werden - Ihre Vasen-Kollektion kann auf einem Couchtisch, einem B\u00fccherregal oder einem Hochzeitstisch stehen\u200d\u200d\u200d\u200d\u200d.<\/p>\n<h2>Wichtige Spezifikationen<\/h2>\n<table style=\"border-collapse: collapse; width: 80%; margin-left: auto; margin-right: auto;\" border=\"0\" width=\"288\" cellspacing=\"0\" cellpadding=\"0\">\n<tbody>\n<tr style=\"height: 13.50pt;\">\n<td style=\"height: 13.5pt; width: 54pt; text-align: center;\" width=\"72\" height=\"18\">Stil<\/td>\n<td style=\"width: 54pt; text-align: center;\" width=\"72\">Gr\u00f6\u00dfe (cm)<\/td>\n<td style=\"width: 54pt; text-align: center;\" width=\"72\">Material<\/td>\n<td style=\"width: 54pt; text-align: center;\" width=\"72\">Farbe<\/td>\n<\/tr>\n<tr style=\"height: 13.50pt;\">\n<td style=\"height: 13.5pt; text-align: center;\" height=\"18\">Klein<\/td>\n<td style=\"text-align: center;\">5.0&#215;11.5&#215;2.9<\/td>\n<td class=\"et2\" style=\"text-align: center;\" rowspan=\"3\">Glas<\/td>\n<td class=\"et2\" style=\"text-align: center;\" rowspan=\"3\">Klar oder benutzerdefiniert<\/td>\n<\/tr>\n<tr style=\"height: 13.50pt;\">\n<td style=\"height: 13.5pt; text-align: center;\" height=\"18\">Medium<\/td>\n<td style=\"text-align: center;\">6.6\u00d713.0x3.7<\/td>\n<\/tr>\n<tr style=\"height: 13.50pt;\">\n<td style=\"height: 13.5pt; text-align: center;\" height=\"18\">Gro\u00df<\/td>\n<td style=\"text-align: center;\">7.0&#215;14.6&#215;3.5<\/td>\n<\/tr>\n<\/tbody>\n<\/table>\n<h2>Erfolgsbeispiel<\/h2>\n<p>Wir\u200d\u200d\u200d\u200d\u200d\u200d hatten eine gro\u00dfartige Zusammenarbeit mit einem Blumenstudio aus Melbourne, Australien, um eine Reihe von individuell gestalteten Minimal-Glasvasen f\u00fcr ihre neue Linie herzustellen. Die Marke kreierte drei verschiedene Gr\u00f6\u00dfen der Vasen mit einem Rautenmuster, das die Vasen visuell vereint, w\u00e4hrend jede einzelne individuell bleibt. Au\u00dferdem haben die Vasen eine matte Oberfl\u00e4che und es besteht die M\u00f6glichkeit, ein individuelles Logo in den Boden jeder Vase eingravieren zu lassen.<\/p>\n<p>Die Vasen-Kollektion erwies sich bei ihrer Ver\u00f6ffentlichung als die attraktivste Wahl f\u00fcr Hochzeitsgeschenke und Heimdekoration. Die Vasenverk\u00e4ufe des Studios sind in nur zwei Monaten um 40% gestiegen.<\/p>\n<h2>Ihr Playbook zur individuellen Anpassung<\/h2>\n<ol>\n<li><strong>Anpassung\u200d\u200d\u200d\u200d\u200d\u200d Teile:<\/strong> Um der Vase ein eleganteres und komplexeres Aussehen zu verleihen, gibt es einige M\u00f6glichkeiten wie die Spritzlackierung (bernsteinfarben, rauchgrau, mattes Milchwei\u00df usw.) oder die Galvanisierung mit einem Goldrand.<\/li>\n<li><strong>Logo-Anwendung:<\/strong> Die Marke der Vase kann auf subtile und effektive Weise durch Siebdruck, Hei\u00dfpr\u00e4gung oder Einpr\u00e4gung des Logos auf dem Boden oder dem Hals der Vase erkannt werden.<\/li>\n<\/ol>","protected":false},"excerpt":{"rendered":"<p>Elegantes, kurzes Glasvasen-Set f\u00fcr minimalistische Dekoration. Diese kurzen Knospenvasen bringen einzelne Bl\u00fcten wundersch\u00f6n zur Geltung, perfekt f\u00fcr Hochzeiten, Tische oder Geschenke.<\/p>","protected":false},"featured_media":3209,"template":"","meta":{"site-sidebar-layout":"default","site-content-layout":"","ast-site-content-layout":"default","site-content-style":"default","site-sidebar-style":"default","ast-global-header-display":"","ast-banner-title-visibility":"","ast-main-header-display":"","ast-hfb-above-header-display":"","ast-hfb-below-header-display":"","ast-hfb-mobile-header-display":"","site-post-title":"","ast-breadcrumbs-content":"","ast-featured-img":"","footer-sml-layout":"","theme-transparent-header-meta":"default","adv-header-id-meta":"","stick-header-meta":"","header-above-stick-meta":"","header-main-stick-meta":"","header-below-stick-meta":"","astra-migrate-meta-layouts":"set","ast-page-background-enabled":"default","ast-page-background-meta":{"desktop":{"background-color":"var(--ast-global-color-5)","background-image":"","background-repeat":"repeat","background-position":"center center","background-size":"auto","background-attachment":"scroll","background-type":"","background-media":"","overlay-type":"","overlay-color":"","overlay-opacity":"","overlay-gradient":""},"tablet":{"background-color":"","background-image":"","background-repeat":"repeat","background-position":"center center","background-size":"auto","background-attachment":"scroll","background-type":"","background-media":"","overlay-type":"","overlay-color":"","overlay-opacity":"","overlay-gradient":""},"mobile":{"background-color":"","background-image":"","background-repeat":"repeat","background-position":"center center","background-size":"auto","background-attachment":"scroll","background-type":"","background-media":"","overlay-type":"","overlay-color":"","overlay-opacity":"","overlay-gradient":""}},"ast-content-background-meta":{"desktop":{"background-color":"var(--ast-global-color-4)","background-image":"","background-repeat":"repeat","background-position":"center center","background-size":"auto","background-attachment":"scroll","background-type":"","background-media":"","overlay-type":"","overlay-color":"","overlay-opacity":"","overlay-gradient":""},"tablet":{"background-color":"var(--ast-global-color-4)","background-image":"","background-repeat":"repeat","background-position":"center center","background-size":"auto","background-attachment":"scroll","background-type":"","background-media":"","overlay-type":"","overlay-color":"","overlay-opacity":"","overlay-gradient":""},"mobile":{"background-color":"var(--ast-global-color-4)","background-image":"","background-repeat":"repeat","background-position":"center center","background-size":"auto","background-attachment":"scroll","background-type":"","background-media":"","overlay-type":"","overlay-color":"","overlay-opacity":"","overlay-gradient":""}}},"product_brand":[],"product_cat":[21,57],"product_tag":[],"class_list":{"0":"post-3208","1":"product","2":"type-product","3":"status-publish","4":"has-post-thumbnail","6":"product_cat-product","7":"product_cat-glass-vases","8":"desktop-align-left","9":"tablet-align-left","10":"mobile-align-left","12":"first","13":"instock","14":"shipping-taxable","15":"product-type-simple"},"jetpack_sharing_enabled":true,"_links":{"self":[{"href":"https:\/\/mostebglass.com\/de\/wp-json\/wp\/v2\/product\/3208","targetHints":{"allow":["GET"]}}],"collection":[{"href":"https:\/\/mostebglass.com\/de\/wp-json\/wp\/v2\/product"}],"about":[{"href":"https:\/\/mostebglass.com\/de\/wp-json\/wp\/v2\/types\/product"}],"wp:featuredmedia":[{"embeddable":true,"href":"https:\/\/mostebglass.com\/de\/wp-json\/wp\/v2\/media\/3209"}],"wp:attachment":[{"href":"https:\/\/mostebglass.com\/de\/wp-json\/wp\/v2\/media?parent=3208"}],"wp:term":[{"taxonomy":"product_brand","embeddable":true,"href":"https:\/\/mostebglass.com\/de\/wp-json\/wp\/v2\/product_brand?post=3208"},{"taxonomy":"product_cat","embeddable":true,"href":"https:\/\/mostebglass.com\/de\/wp-json\/wp\/v2\/product_cat?post=3208"},{"taxonomy":"product_tag","embeddable":true,"href":"https:\/\/mostebglass.com\/de\/wp-json\/wp\/v2\/product_tag?post=3208"}],"curies":[{"name":"wp","href":"https:\/\/api.w.org\/{rel}","templated":true}]}}