{"id":383,"date":"2025-08-13T17:49:49","date_gmt":"2025-08-13T09:49:49","guid":{"rendered":"https:\/\/mostebglass.com\/?post_type=product&#038;p=383"},"modified":"2026-03-13T15:26:44","modified_gmt":"2026-03-13T07:26:44","slug":"recycled-glass-candle-jars-in-bulk-embossed-wide-mouth","status":"publish","type":"product","link":"https:\/\/mostebglass.com\/de\/recycled-glass-candle-jars-in-bulk-embossed-wide-mouth\/","title":{"rendered":"Kerzengl\u00e4ser aus Recyclingglas in gro\u00dfen Mengen \u2013 gepr\u00e4gte Weithalsform"},"content":{"rendered":"<p>Diese recycelten Glaskerzengl\u00e4ser in gro\u00dfen Mengen zeichnen sich durch ihre weite, runde Form und elegante Pr\u00e4gemuster wie Punkte, Wellen, Waben, geometrische und vertikale Strukturen aus. Die transparenten Gl\u00e4ser wirken elegant und gleichzeitig schlicht genug, um vielseitig f\u00fcr Kerzenbeh\u00e4lter geeignet zu sein. Sie eignen sich als universelle Kerzenvasen f\u00fcr Zuhause, Hochzeiten, Spas, Caf\u00e9s und Bars sowie f\u00fcr die Warenpr\u00e4sentation im Einzelhandel. Die robuste Glasverpackung verleiht ihnen ein hochwertiges Aussehen und macht sie gleichzeitig praktisch f\u00fcr den Gro\u00dfhandel mit Kerzengl\u00e4sern, der von Marken und H\u00e4ndlern genutzt wird.<\/p>\n<h2>Wichtige Spezifikationen<\/h2>\n<table style=\"border-collapse: collapse; width: 80%; margin-right: auto; margin-left: auto;\" border=\"0\" width=\"80%\" cellspacing=\"0\" cellpadding=\"0\">\n<tbody>\n<tr style=\"height: 13.50pt;\">\n<td style=\"height: 13.50pt; width: 143.25pt;\" width=\"191\" height=\"18\">Produktname<\/td>\n<td style=\"width: 375.00pt;\" width=\"500\">Weithalsiges Glas-Kerzenglas<\/td>\n<\/tr>\n<tr style=\"height: 13.50pt;\">\n<td style=\"height: 13.50pt;\" height=\"18\">Material<\/td>\n<td>Hochtransparentes, dickes Recyclingglas<\/td>\n<\/tr>\n<tr style=\"height: 13.50pt;\">\n<td style=\"height: 13.50pt;\" height=\"18\">Herstellungsprozess<\/td>\n<td>Maschinell gepresst<\/td>\n<\/tr>\n<tr style=\"height: 13.50pt;\">\n<td style=\"height: 13.50pt;\" height=\"18\">Form<\/td>\n<td>Rundes, gepr\u00e4gtes Glas<\/td>\n<\/tr>\n<tr style=\"height: 13.50pt;\">\n<td style=\"height: 13.50pt;\" height=\"18\">Gr\u00f6\u00dfe<\/td>\n<td>H\u00f6he 60 mm \u00d7 Durchmesser 80 mm<\/td>\n<\/tr>\n<tr style=\"height: 13.50pt;\">\n<td style=\"height: 13.50pt;\" height=\"18\">Stil<\/td>\n<td>Minimal \/ dekorativ gepr\u00e4gt<\/td>\n<\/tr>\n<tr style=\"height: 13.50pt;\">\n<td style=\"height: 13.50pt;\" height=\"18\">Farbe<\/td>\n<td>Klare Standardausf\u00fchrung, Sonderfarben erh\u00e4ltlich<\/td>\n<\/tr>\n<tr style=\"height: 13.50pt;\">\n<td style=\"height: 13.50pt;\" height=\"18\">Deckel<\/td>\n<td>Optional, abh\u00e4ngig von den Projektanforderungen<\/td>\n<\/tr>\n<tr style=\"height: 13.50pt;\">\n<td style=\"height: 13.50pt;\" height=\"18\">Logo<\/td>\n<td>Anpassung des Bodenetiketts<\/td>\n<\/tr>\n<tr style=\"height: 15.00pt;\">\n<td style=\"height: 15.00pt;\" height=\"20\">Anwendung<\/td>\n<td>Wohnaccessoires, Hochzeitsdekoration, Geschenksets, Caf\u00e9s, Bars, Spa-Zentren<\/td>\n<\/tr>\n<tr style=\"height: 13.50pt;\">\n<td style=\"height: 13.50pt;\" height=\"18\">Versorgungsart<\/td>\n<td>Gro\u00dfhandel und lose Ware \/ Kerzengl\u00e4ser in gro\u00dfen Mengen<\/td>\n<\/tr>\n<\/tbody>\n<\/table>\n<h2>Produkteigenschaften<\/h2>\n<ol>\n<li><strong>Elegante, gepr\u00e4gte Textur<\/strong>Eine Vielzahl von Reliefmustern wird verwendet, um einen optischen Effekt zu erzielen und schlichte Kerzengl\u00e4ser wie luxuri\u00f6se und teure Kerzengef\u00e4\u00dfe wirken zu lassen.<\/li>\n<li><strong>Konstruktion aus dickem Recyclingglas<\/strong>Hergestellt aus robustem Recyclingglas, bietet dieses Material ein stabiles und hitzebest\u00e4ndiges Kerzengef\u00e4\u00df, das sich f\u00fcr die Massenproduktion von Kerzen eignet.<\/li>\n<li><strong>Weitm\u00fcndiges F\u00fcllsystem<\/strong>Die weite \u00d6ffnung erm\u00f6glicht ein einfaches Bef\u00fcllen des Glases mit dem Docht und sieht dabei auch noch gut aus. Daher eignet es sich besonders f\u00fcr die professionelle Herstellung von Kerzenbeh\u00e4ltern und die Lieferung gro\u00dfer Mengen von Kerzengl\u00e4sern im Gro\u00dfhandel.<\/li>\n<\/ol>\n<h2>Erfolgreicher B2B-Fall<\/h2>\n<p>Ein kanadischer Hersteller von Boutique-Kerzen bezog Kerzengl\u00e4ser in gro\u00dfen Mengen f\u00fcr seine saisonale Aromatherapie-Kerzenlinie. Der Kunde bestellte 12.000 Glaskerzengl\u00e4ser mit individueller Farbt\u00f6nung und Bodenetikett. Die Gl\u00e4ser dienten als luxuri\u00f6se Kerzenbeh\u00e4lter f\u00fcr Geschenksets, die \u00fcber Lifestyle-L\u00e4den und Online-Plattformen vertrieben wurden. Innerhalb von drei Monaten war die Produktlinie aufgrund des dekorativen, gepr\u00e4gten Designs und der hochwertigen Glasverpackung ausverkauft. F\u00fcr die Weihnachtszeit bestellte der Kunde erneut 18.000 Kerzengl\u00e4ser und erweiterte das Sortiment um weitere individuelle Farbvarianten.<\/p>\n<h2>Personalisierungsempfehlung f\u00fcr B2B-K\u00e4ufer<\/h2>\n<ol>\n<li><strong>Glas in Sonderfarbe<\/strong>Duftmarken k\u00f6nnen die Glaskerzengl\u00e4ser unter anderem durch die Verwendung von Bernstein-, Rauchgrau- oder Pastellfarben differenziert haben.<\/li>\n<li><strong>Passender Deckel und Verpackung<\/strong>Kombinieren Sie den Deckel aus Bambus, Metall oder Glas mit dem Kerzenbeh\u00e4lter und heben Sie das Produkt auf die n\u00e4chste Stufe des Luxuskerzen-Segments.<\/li>\n<li><strong>Private-Label-L\u00f6sungen<\/strong>Bei Gro\u00df- und Abnehmern von gro\u00dfen Mengen hilft die Kennzeichnung des Bodens in Verbindung mit kundenspezifischen Kartons bei der Herstellung einheitlicher, verkaufsfertiger Kerzenbeh\u00e4lter, die an gro\u00dfe Einzelh\u00e4ndler vertrieben werden k\u00f6nnen.<\/li>\n<\/ol>","protected":false},"excerpt":{"rendered":"<p>Hochwertige Kerzengl\u00e4ser aus Recyclingglas in gro\u00dfen Mengen mit eleganten Pr\u00e4gemustern. Ideal f\u00fcr Marken, die stilvolle Kerzengef\u00e4\u00dfe und hochwertige Glasverpackungen im Gro\u00dfhandel suchen.<\/p>","protected":false},"featured_media":4757,"template":"","meta":{"site-sidebar-layout":"default","site-content-layout":"","ast-site-content-layout":"default","site-content-style":"default","site-sidebar-style":"default","ast-global-header-display":"","ast-banner-title-visibility":"","ast-main-header-display":"","ast-hfb-above-header-display":"","ast-hfb-below-header-display":"","ast-hfb-mobile-header-display":"","site-post-title":"","ast-breadcrumbs-content":"","ast-featured-img":"","footer-sml-layout":"","theme-transparent-header-meta":"default","adv-header-id-meta":"","stick-header-meta":"","header-above-stick-meta":"","header-main-stick-meta":"","header-below-stick-meta":"","astra-migrate-meta-layouts":"set","ast-page-background-enabled":"default","ast-page-background-meta":{"desktop":{"background-color":"var(--ast-global-color-5)","background-image":"","background-repeat":"repeat","background-position":"center center","background-size":"auto","background-attachment":"scroll","background-type":"","background-media":"","overlay-type":"","overlay-color":"","overlay-opacity":"","overlay-gradient":""},"tablet":{"background-color":"","background-image":"","background-repeat":"repeat","background-position":"center center","background-size":"auto","background-attachment":"scroll","background-type":"","background-media":"","overlay-type":"","overlay-color":"","overlay-opacity":"","overlay-gradient":""},"mobile":{"background-color":"","background-image":"","background-repeat":"repeat","background-position":"center center","background-size":"auto","background-attachment":"scroll","background-type":"","background-media":"","overlay-type":"","overlay-color":"","overlay-opacity":"","overlay-gradient":""}},"ast-content-background-meta":{"desktop":{"background-color":"var(--ast-global-color-4)","background-image":"","background-repeat":"repeat","background-position":"center center","background-size":"auto","background-attachment":"scroll","background-type":"","background-media":"","overlay-type":"","overlay-color":"","overlay-opacity":"","overlay-gradient":""},"tablet":{"background-color":"var(--ast-global-color-4)","background-image":"","background-repeat":"repeat","background-position":"center center","background-size":"auto","background-attachment":"scroll","background-type":"","background-media":"","overlay-type":"","overlay-color":"","overlay-opacity":"","overlay-gradient":""},"mobile":{"background-color":"var(--ast-global-color-4)","background-image":"","background-repeat":"repeat","background-position":"center center","background-size":"auto","background-attachment":"scroll","background-type":"","background-media":"","overlay-type":"","overlay-color":"","overlay-opacity":"","overlay-gradient":""}}},"product_brand":[],"product_cat":[28,21],"product_tag":[30,29],"class_list":{"0":"post-383","1":"product","2":"type-product","3":"status-publish","4":"has-post-thumbnail","6":"product_cat-glass-candle-jars","7":"product_cat-product","8":"product_tag-candle-jars-unique","9":"product_tag-glass-candle-jars","10":"desktop-align-left","11":"tablet-align-left","12":"mobile-align-left","14":"first","15":"instock","16":"shipping-taxable","17":"product-type-simple"},"jetpack_sharing_enabled":true,"_links":{"self":[{"href":"https:\/\/mostebglass.com\/de\/wp-json\/wp\/v2\/product\/383","targetHints":{"allow":["GET"]}}],"collection":[{"href":"https:\/\/mostebglass.com\/de\/wp-json\/wp\/v2\/product"}],"about":[{"href":"https:\/\/mostebglass.com\/de\/wp-json\/wp\/v2\/types\/product"}],"wp:featuredmedia":[{"embeddable":true,"href":"https:\/\/mostebglass.com\/de\/wp-json\/wp\/v2\/media\/4757"}],"wp:attachment":[{"href":"https:\/\/mostebglass.com\/de\/wp-json\/wp\/v2\/media?parent=383"}],"wp:term":[{"taxonomy":"product_brand","embeddable":true,"href":"https:\/\/mostebglass.com\/de\/wp-json\/wp\/v2\/product_brand?post=383"},{"taxonomy":"product_cat","embeddable":true,"href":"https:\/\/mostebglass.com\/de\/wp-json\/wp\/v2\/product_cat?post=383"},{"taxonomy":"product_tag","embeddable":true,"href":"https:\/\/mostebglass.com\/de\/wp-json\/wp\/v2\/product_tag?post=383"}],"curies":[{"name":"wp","href":"https:\/\/api.w.org\/{rel}","templated":true}]}}