{"id":404,"date":"2025-08-13T17:48:15","date_gmt":"2025-08-13T09:48:15","guid":{"rendered":"https:\/\/mostebglass.com\/?post_type=product&#038;p=404"},"modified":"2026-03-19T18:02:29","modified_gmt":"2026-03-19T10:02:29","slug":"candle-jar-wholesale-16oz-candle-jars-bulk-supply","status":"publish","type":"product","link":"https:\/\/mostebglass.com\/de\/candle-jar-wholesale-16oz-candle-jars-bulk-supply\/","title":{"rendered":"Kerzengl\u00e4ser Gro\u00dfhandel 16oz | Kerzengl\u00e4ser in gro\u00dfen Mengen"},"content":{"rendered":"<p>Diese Kerzengl\u00e4ser aus gepr\u00e4gtem Glas mit breitem, rundem Rand und stabilem Boden sind sowohl \u00e4sthetisch als auch praktisch gestaltet. Die Kerzengl\u00e4ser zeichnen sich durch ihre besondere Textur aus, die f\u00fcr eine effektive Lichtstreuung sorgt. Dadurch verleihen die Gl\u00e4ser den Kerzen ein hochwertiges Erscheinungsbild und passen ideal zu exklusiven Kerzenhaltern. Die Gl\u00e4ser fassen 460 ml (16 oz) und eignen sich hervorragend zur Aufbewahrung von Sojakerzen, Duftkerzen und exklusiven Kerzenkollektionen. Hergestellt von einem professionellen Glasverpackungshersteller, vereinen diese recycelten Glasgl\u00e4ser Langlebigkeit mit elegantem Design und sind daher ideal f\u00fcr den Gro\u00dfhandel und die Lieferung von Kerzengl\u00e4sern in gro\u00dfen Mengen geeignet.<\/p>\n<h2>Wichtige Spezifikationen<\/h2>\n<table style=\"border-collapse: collapse; width: 80%; margin-left: auto; margin-right: auto;\" border=\"0\" width=\"637\" cellspacing=\"0\" cellpadding=\"0\">\n<tbody>\n<tr style=\"height: 13.50pt;\">\n<td style=\"height: 13.50pt; width: 153.00pt;\" width=\"204\" height=\"18\">Produktname<\/td>\n<td style=\"width: 324.75pt;\" width=\"433\">Kerzenglas aus gepr\u00e4gtem Glas<\/td>\n<\/tr>\n<tr style=\"height: 13.50pt;\">\n<td style=\"height: 13.50pt;\" height=\"18\">Kapazit\u00e4t<\/td>\n<td>460 ml \/ 16 oz<\/td>\n<\/tr>\n<tr style=\"height: 13.50pt;\">\n<td style=\"height: 13.50pt;\" height=\"18\">Material<\/td>\n<td>Bleifreies Natronkalkglas (Recyclingglas)<\/td>\n<\/tr>\n<tr style=\"height: 13.50pt;\">\n<td style=\"height: 13.50pt;\" height=\"18\">Form<\/td>\n<td>Runde, weite \u00d6ffnung mit Boden<\/td>\n<\/tr>\n<tr style=\"height: 13.50pt;\">\n<td style=\"height: 13.50pt;\" height=\"18\">Durchmesser (oben \/ unten)<\/td>\n<td>85 mm \/ 67 mm<\/td>\n<\/tr>\n<tr style=\"height: 13.50pt;\">\n<td style=\"height: 13.50pt;\" height=\"18\">H\u00f6he<\/td>\n<td>130 mm<\/td>\n<\/tr>\n<tr style=\"height: 13.50pt;\">\n<td style=\"height: 13.50pt;\" height=\"18\">Farbe<\/td>\n<td>Transparent (kundenspezifische Anpassung m\u00f6glich)<\/td>\n<\/tr>\n<tr style=\"height: 13.50pt;\">\n<td style=\"height: 13.50pt;\" height=\"18\">Verfahren<\/td>\n<td>Maschinell gepresst<\/td>\n<\/tr>\n<tr style=\"height: 13.50pt;\">\n<td style=\"height: 13.50pt;\" height=\"18\">Deckeloption<\/td>\n<td>Anpassbar<\/td>\n<\/tr>\n<tr style=\"height: 13.50pt;\">\n<td style=\"height: 13.50pt;\" height=\"18\">Anwendung<\/td>\n<td>Sojakerzen, Duftkerzen, Kerzenproduktion in gro\u00dfen Mengen<\/td>\n<\/tr>\n<tr style=\"height: 13.50pt;\">\n<td style=\"height: 13.50pt;\" height=\"18\">Verpackungsart<\/td>\n<td>Gro\u00dfhandel und Massenware<\/td>\n<\/tr>\n<\/tbody>\n<\/table>\n<h2>Hauptmerkmale<\/h2>\n<ol>\n<li><strong>Elegante, gepr\u00e4gte Verzierung<\/strong>Die Oberfl\u00e4chengestaltung verleiht der Oberfl\u00e4che eine besondere Note und f\u00fchrt zur Herstellung hochwertiger Luxus-Kerzenbeh\u00e4lter f\u00fcr den Einsatz im Premium-Markenbereich.<\/li>\n<li><strong>Optimierte Kerzenherstellung:<\/strong> Die dicke Glasstruktur sorgt f\u00fcr eine gleichm\u00e4\u00dfige Abk\u00fchlung und einen gleichm\u00e4\u00dfigen Ausguss zur Herstellung von Kerzen in gro\u00dfen Mengen.<\/li>\n<li><strong>Effiziente Belieferung des Gro\u00dfhandels<\/strong>Die homogene Form und die robuste Beh\u00e4lterstruktur erm\u00f6glichen das automatisierte Abf\u00fcllen, Etikettieren und den skalierbaren Gro\u00dfhandel mit Kerzengl\u00e4sern.<\/li>\n<\/ol>\n<h2>Erfolgreiche Fallstudie<\/h2>\n<p>Eine in den USA ans\u00e4ssige Premiummarke f\u00fcr Raumd\u00fcfte bezog 80.000 dieser 16-Unzen-Kerzengl\u00e4ser \u00fcber unser Gro\u00dfhandelsprogramm f\u00fcr Kerzengl\u00e4ser. Der Kunde ist ein hybrides Einzelhandelsunternehmen, das sowohl direkt an Endkunden vertreibt als auch umweltfreundliche Kerzenprodukte anbietet.<\/p>\n<p>Sie w\u00e4hlten transparente Recyclinggl\u00e4ser, pr\u00e4gten deren Boden mit ihren eigenen Logos und versahen jedes Glas mit einem mattschwarzen Holzdeckel. Die Gl\u00e4ser wurden f\u00fcr eine saisonale Aromatherapie-Kollektion verwendet, die \u00fcber Online-Plattformen und in Boutiquen verkauft wurde.<\/p>\n<p>Die Produktlinie verzeichnete innerhalb eines Quartals ein Umsatzwachstum von 42 Prozent, was auf das einzigartige Design der Kerzengef\u00e4\u00dfe und die ansprechende Verpackung zur\u00fcckzuf\u00fchren ist. Seitdem hat der Kunde mehrfach Gro\u00dfbestellungen aufgegeben, die sich auf \u00fcber 200.000 Einheiten pro Jahr belaufen.<\/p>\n<h2>Individualisierungsempfehlungen f\u00fcr B2B-K\u00e4ufer<\/h2>\n<ul>\n<li><strong>Oberfl\u00e4chengestaltung &amp; Branding<\/strong>Lassen Sie Ihren Kerzenhalter mattieren, galvanisieren oder bedrucken, um eine individuelle Verpackung zu schaffen, die Ihre Unternehmenspers\u00f6nlichkeit widerspiegelt.<\/li>\n<li><strong>Deckelpaarung<\/strong>: Dient als anspruchsvollere Aufwertung des wahrgenommenen Wertes, indem das Einmachglas mit Deckeloptionen aus Holz, Metall oder Glas im Gro\u00df- und Einzelhandel kombiniert wird.<\/li>\n<li><strong>Farbstrategie\/Kollektionsstrategie<\/strong>: Entwicklung einer abgestimmten Farbvariation f\u00fcr saisonale oder Duftproduktlinien, die die Pr\u00e4senz im Regal und das Markenimage verbessert.<\/li>\n<\/ul>\n<p>Diese Gro\u00dfpackungsl\u00f6sungen f\u00fcr Kerzengl\u00e4ser wurden f\u00fcr Marken entwickelt, die zuverl\u00e4ssige, skalierbare und optisch unverwechselbare Glasverpackungen f\u00fcr den modernen Kerzenmarkt suchen.<\/p>","protected":false},"excerpt":{"rendered":"<p>Kerzengl\u00e4ser im Gro\u00dfhandel, 16-Unzen-Kerzengl\u00e4ser in gro\u00dfen Mengen. Hochwertige Kerzenbeh\u00e4lter aus Recyclingglas f\u00fcr luxuri\u00f6se Verpackungen und Gro\u00dfbestellungen.<\/p>","protected":false},"featured_media":4832,"template":"","meta":{"site-sidebar-layout":"default","site-content-layout":"","ast-site-content-layout":"default","site-content-style":"default","site-sidebar-style":"default","ast-global-header-display":"","ast-banner-title-visibility":"","ast-main-header-display":"","ast-hfb-above-header-display":"","ast-hfb-below-header-display":"","ast-hfb-mobile-header-display":"","site-post-title":"","ast-breadcrumbs-content":"","ast-featured-img":"","footer-sml-layout":"","theme-transparent-header-meta":"default","adv-header-id-meta":"","stick-header-meta":"","header-above-stick-meta":"","header-main-stick-meta":"","header-below-stick-meta":"","astra-migrate-meta-layouts":"set","ast-page-background-enabled":"default","ast-page-background-meta":{"desktop":{"background-color":"var(--ast-global-color-5)","background-image":"","background-repeat":"repeat","background-position":"center center","background-size":"auto","background-attachment":"scroll","background-type":"","background-media":"","overlay-type":"","overlay-color":"","overlay-opacity":"","overlay-gradient":""},"tablet":{"background-color":"","background-image":"","background-repeat":"repeat","background-position":"center center","background-size":"auto","background-attachment":"scroll","background-type":"","background-media":"","overlay-type":"","overlay-color":"","overlay-opacity":"","overlay-gradient":""},"mobile":{"background-color":"","background-image":"","background-repeat":"repeat","background-position":"center center","background-size":"auto","background-attachment":"scroll","background-type":"","background-media":"","overlay-type":"","overlay-color":"","overlay-opacity":"","overlay-gradient":""}},"ast-content-background-meta":{"desktop":{"background-color":"var(--ast-global-color-4)","background-image":"","background-repeat":"repeat","background-position":"center center","background-size":"auto","background-attachment":"scroll","background-type":"","background-media":"","overlay-type":"","overlay-color":"","overlay-opacity":"","overlay-gradient":""},"tablet":{"background-color":"var(--ast-global-color-4)","background-image":"","background-repeat":"repeat","background-position":"center center","background-size":"auto","background-attachment":"scroll","background-type":"","background-media":"","overlay-type":"","overlay-color":"","overlay-opacity":"","overlay-gradient":""},"mobile":{"background-color":"var(--ast-global-color-4)","background-image":"","background-repeat":"repeat","background-position":"center center","background-size":"auto","background-attachment":"scroll","background-type":"","background-media":"","overlay-type":"","overlay-color":"","overlay-opacity":"","overlay-gradient":""}}},"product_brand":[],"product_cat":[28,21],"product_tag":[36,35],"class_list":{"0":"post-404","1":"product","2":"type-product","3":"status-publish","4":"has-post-thumbnail","6":"product_cat-glass-candle-jars","7":"product_cat-product","8":"product_tag-candle-jars-bulk","9":"product_tag-glass-jar-candles","10":"desktop-align-left","11":"tablet-align-left","12":"mobile-align-left","14":"first","15":"instock","16":"shipping-taxable","17":"product-type-simple"},"jetpack_sharing_enabled":true,"_links":{"self":[{"href":"https:\/\/mostebglass.com\/de\/wp-json\/wp\/v2\/product\/404","targetHints":{"allow":["GET"]}}],"collection":[{"href":"https:\/\/mostebglass.com\/de\/wp-json\/wp\/v2\/product"}],"about":[{"href":"https:\/\/mostebglass.com\/de\/wp-json\/wp\/v2\/types\/product"}],"wp:featuredmedia":[{"embeddable":true,"href":"https:\/\/mostebglass.com\/de\/wp-json\/wp\/v2\/media\/4832"}],"wp:attachment":[{"href":"https:\/\/mostebglass.com\/de\/wp-json\/wp\/v2\/media?parent=404"}],"wp:term":[{"taxonomy":"product_brand","embeddable":true,"href":"https:\/\/mostebglass.com\/de\/wp-json\/wp\/v2\/product_brand?post=404"},{"taxonomy":"product_cat","embeddable":true,"href":"https:\/\/mostebglass.com\/de\/wp-json\/wp\/v2\/product_cat?post=404"},{"taxonomy":"product_tag","embeddable":true,"href":"https:\/\/mostebglass.com\/de\/wp-json\/wp\/v2\/product_tag?post=404"}],"curies":[{"name":"wp","href":"https:\/\/api.w.org\/{rel}","templated":true}]}}