{"id":414,"date":"2025-08-18T17:54:30","date_gmt":"2025-08-18T09:54:30","guid":{"rendered":"https:\/\/mostebglass.com\/?post_type=product&#038;p=414"},"modified":"2026-03-23T17:51:35","modified_gmt":"2026-03-23T09:51:35","slug":"wholesale-small-candle-containers-embossed-glass-candle-jars","status":"publish","type":"product","link":"https:\/\/mostebglass.com\/de\/wholesale-small-candle-containers-embossed-glass-candle-jars\/","title":{"rendered":"Gro\u00dfhandel f\u00fcr kleine Kerzenbeh\u00e4lter \u2013 90-ml-Kerzengl\u00e4ser aus gepr\u00e4gtem Glas"},"content":{"rendered":"<p>Unsere kleinen Kerzenbeh\u00e4lter sind zylindrisch geformt, fassen 90 ml und sind mit verschiedenen Pr\u00e4gemustern verziert. Alle Beh\u00e4lter bestehen aus hochwertigem, transparentem Glas mit besonderen Designs wie geometrischen Rauten, vertikalen Rillen, kreisf\u00f6rmigen Blasenmustern oder antiken Motiven. Die extra dicken Glasw\u00e4nde sorgen f\u00fcr hohe Stabilit\u00e4t und eine edle Optik. Das transparente Glas l\u00e4sst das Kerzenlicht sanft streuen und verleiht den Beh\u00e4ltern eine warme und dekorative Atmosph\u00e4re.<\/p>\n<h2>Anwendung<\/h2>\n<p>Diese leeren Glasbeh\u00e4lter eignen sich f\u00fcr Duftkerzen, Votivkerzen, Produktproben und andere Kleinprodukte. Sie k\u00f6nnen in der Inneneinrichtung, im Event-Styling, f\u00fcr Geschenksets und im Gastgewerbe mit einem bestimmten Dekorationsthema eingesetzt werden. Die 90-ml-Gr\u00f6\u00dfe ist besonders f\u00fcr Marken und Gro\u00dfh\u00e4ndler geeignet, beispielsweise f\u00fcr Probierpackungen, Aktionskollektionen oder Kollektionen mit hohem Umsatz im Einzelhandel.<\/p>\n<h2>Wichtige Spezifikationen<\/h2>\n<p>&nbsp;<\/p>\n<table style=\"border-collapse: collapse; width: 80%; margin-left: auto; margin-right: auto;\" border=\"0\" width=\"144\" cellspacing=\"0\" cellpadding=\"0\">\n<tbody>\n<tr style=\"height: 13.50pt;\">\n<td style=\"height: 13.50pt; width: 54.00pt;\" width=\"72\" height=\"18\">Besonderheit<\/td>\n<td style=\"width: 54.00pt;\" width=\"72\">Details<\/td>\n<\/tr>\n<tr style=\"height: 13.50pt;\">\n<td style=\"height: 13.50pt;\" height=\"18\">Kapazit\u00e4t<\/td>\n<td>90 ml ( 55 mm Durchmesser, 52 mm Bodendurchmesser, 65 mm H\u00f6he )<\/td>\n<\/tr>\n<tr style=\"height: 13.50pt;\">\n<td style=\"height: 13.50pt;\" height=\"18\">Gewicht<\/td>\n<td>120 g<\/td>\n<\/tr>\n<tr style=\"height: 13.50pt;\">\n<td style=\"height: 13.50pt;\" height=\"18\">Muster<\/td>\n<td>Schnecke, Punktmuster, Rautenmuster, Vertikalmuster, L\u00f6wenzahnmuster, Spiralmuster, Sonnenblume, Rechteckige Punkte, F\u00e4cherf\u00f6rmiges Muster, Vertikale Punkte<\/td>\n<\/tr>\n<tr style=\"height: 13.50pt;\">\n<td style=\"height: 13.50pt;\" height=\"18\">Material<\/td>\n<td>Kalk-Natron-Glas<\/td>\n<\/tr>\n<tr style=\"height: 13.50pt;\">\n<td style=\"height: 13.50pt;\" height=\"18\">Anpassungsoptionen<\/td>\n<td>Farbe, Logo, Deckel, Form, Gr\u00f6\u00dfe, Verpackungskarton<\/td>\n<\/tr>\n<\/tbody>\n<\/table>\n<h2>Produkteigenschaften<\/h2>\n<ul>\n<li data-section-id=\"15qnsrz\" data-start=\"867\" data-end=\"932\">Vielfalt an Pr\u00e4gemustern f\u00fcr differenzierte Produktlinien<\/li>\n<li data-section-id=\"1itew8e\" data-start=\"933\" data-end=\"1000\">Kompaktes Fassungsverm\u00f6gen von 90 ml, ideal f\u00fcr Reise- und Probierkerzen.<\/li>\n<li data-section-id=\"12u51z5\" data-start=\"1001\" data-end=\"1056\">Dickes, robustes Glas mit hervorragender Lichtstreuung<\/li>\n<\/ul>\n<h2>Tipps zur individuellen Anpassung<\/h2>\n<ol>\n<li><strong>Deckel\/Verpackung\/Etikettierung<\/strong>: Steigern Sie den Wert des Produkts durch passendes Zubeh\u00f6r und Verpackungsoptionen \u2013 Individuelle Deckel (Metall, Bambus, Holz, Kork), Innenverpackungen (Schaumstoffkissen, Kraftkartons, Geschenksets), Mehrdosen-Sets (f\u00fcr den Einzelhandel oder Werbeaktionen).<\/li>\n<li><strong>Interaktive Verpackungen f\u00fcr Gro\u00dfh\u00e4ndler von Kerzengl\u00e4sern:<\/strong>F\u00fcgen Sie Ihrer Kerzenverpackung einen QR-Code hinzu, der zu Ihrer Unternehmensgeschichte oder zu einem informativen Artikel \u00fcber Kerzen f\u00fchrt. Dies informiert nicht nur die Kunden, sondern st\u00e4rkt auch das Vertrauen in Ihr Unternehmen.<\/li>\n<\/ol>","protected":false},"excerpt":{"rendered":"<p>Entdecken Sie kleine 90-ml-Kerzenbeh\u00e4lter mit gepr\u00e4gten Designs. Diese leeren Kerzengl\u00e4ser eignen sich ideal f\u00fcr Duftkerzen, Geschenksets und die individuelle Gestaltung von Markenartikeln im Gro\u00dfhandel.<\/p>","protected":false},"featured_media":4878,"template":"","meta":{"site-sidebar-layout":"default","site-content-layout":"","ast-site-content-layout":"default","site-content-style":"default","site-sidebar-style":"default","ast-global-header-display":"","ast-banner-title-visibility":"","ast-main-header-display":"","ast-hfb-above-header-display":"","ast-hfb-below-header-display":"","ast-hfb-mobile-header-display":"","site-post-title":"","ast-breadcrumbs-content":"","ast-featured-img":"","footer-sml-layout":"","theme-transparent-header-meta":"default","adv-header-id-meta":"","stick-header-meta":"","header-above-stick-meta":"","header-main-stick-meta":"","header-below-stick-meta":"","astra-migrate-meta-layouts":"set","ast-page-background-enabled":"default","ast-page-background-meta":{"desktop":{"background-color":"var(--ast-global-color-5)","background-image":"","background-repeat":"repeat","background-position":"center center","background-size":"auto","background-attachment":"scroll","background-type":"","background-media":"","overlay-type":"","overlay-color":"","overlay-opacity":"","overlay-gradient":""},"tablet":{"background-color":"","background-image":"","background-repeat":"repeat","background-position":"center center","background-size":"auto","background-attachment":"scroll","background-type":"","background-media":"","overlay-type":"","overlay-color":"","overlay-opacity":"","overlay-gradient":""},"mobile":{"background-color":"","background-image":"","background-repeat":"repeat","background-position":"center center","background-size":"auto","background-attachment":"scroll","background-type":"","background-media":"","overlay-type":"","overlay-color":"","overlay-opacity":"","overlay-gradient":""}},"ast-content-background-meta":{"desktop":{"background-color":"var(--ast-global-color-4)","background-image":"","background-repeat":"repeat","background-position":"center center","background-size":"auto","background-attachment":"scroll","background-type":"","background-media":"","overlay-type":"","overlay-color":"","overlay-opacity":"","overlay-gradient":""},"tablet":{"background-color":"var(--ast-global-color-4)","background-image":"","background-repeat":"repeat","background-position":"center center","background-size":"auto","background-attachment":"scroll","background-type":"","background-media":"","overlay-type":"","overlay-color":"","overlay-opacity":"","overlay-gradient":""},"mobile":{"background-color":"var(--ast-global-color-4)","background-image":"","background-repeat":"repeat","background-position":"center center","background-size":"auto","background-attachment":"scroll","background-type":"","background-media":"","overlay-type":"","overlay-color":"","overlay-opacity":"","overlay-gradient":""}}},"product_brand":[],"product_cat":[28,21],"product_tag":[39,40],"class_list":{"0":"post-414","1":"product","2":"type-product","3":"status-publish","4":"has-post-thumbnail","6":"product_cat-glass-candle-jars","7":"product_cat-product","8":"product_tag-candle-jar","9":"product_tag-empty-candle-jar","10":"desktop-align-left","11":"tablet-align-left","12":"mobile-align-left","14":"first","15":"instock","16":"shipping-taxable","17":"product-type-simple"},"jetpack_sharing_enabled":true,"_links":{"self":[{"href":"https:\/\/mostebglass.com\/de\/wp-json\/wp\/v2\/product\/414","targetHints":{"allow":["GET"]}}],"collection":[{"href":"https:\/\/mostebglass.com\/de\/wp-json\/wp\/v2\/product"}],"about":[{"href":"https:\/\/mostebglass.com\/de\/wp-json\/wp\/v2\/types\/product"}],"wp:featuredmedia":[{"embeddable":true,"href":"https:\/\/mostebglass.com\/de\/wp-json\/wp\/v2\/media\/4878"}],"wp:attachment":[{"href":"https:\/\/mostebglass.com\/de\/wp-json\/wp\/v2\/media?parent=414"}],"wp:term":[{"taxonomy":"product_brand","embeddable":true,"href":"https:\/\/mostebglass.com\/de\/wp-json\/wp\/v2\/product_brand?post=414"},{"taxonomy":"product_cat","embeddable":true,"href":"https:\/\/mostebglass.com\/de\/wp-json\/wp\/v2\/product_cat?post=414"},{"taxonomy":"product_tag","embeddable":true,"href":"https:\/\/mostebglass.com\/de\/wp-json\/wp\/v2\/product_tag?post=414"}],"curies":[{"name":"wp","href":"https:\/\/api.w.org\/{rel}","templated":true}]}}