{"id":4521,"date":"2026-02-28T15:44:08","date_gmt":"2026-02-28T07:44:08","guid":{"rendered":"https:\/\/mostebglass.com\/?post_type=product&#038;p=4521"},"modified":"2026-02-28T15:51:22","modified_gmt":"2026-02-28T07:51:22","slug":"dual-use-colored-glass-candle-stand-holders-bulk","status":"publish","type":"product","link":"https:\/\/mostebglass.com\/de\/dual-use-colored-glass-candle-stand-holders-bulk\/","title":{"rendered":"Gro\u00dfpackung Kerzenst\u00e4nder aus farbigem Glas mit Doppelfunktion"},"content":{"rendered":"<p>Die Serie umfasst multifunktionale Glasgef\u00e4\u00dfe (Kerzenst\u00e4nder und Kerzenglas) mit einem skulpturalen, gerippten und beschwerten Boden und vertikalen Rillen an der Oberseite. Die Produktpalette bietet verschiedene Formvarianten \u2013 von gestuft \u00fcber zylindrisch bis leicht ausgestellt \u2013, die alle eine harmonische geometrische Gestalt aufweisen. Die Oberfl\u00e4che ist mit linearen Pr\u00e4gungen versehen, die das Licht brechen und beim Abbrennen der Kerzen ein sanftes Leuchten erzeugen.<\/p>\n<figure id=\"attachment_4526\" aria-describedby=\"caption-attachment-4526\" style=\"width: 500px\" class=\"wp-caption aligncenter\"><img fetchpriority=\"high\" decoding=\"async\" class=\"wp-image-4526\" title=\"Kerzenst\u00e4nder aus Glas\" src=\"https:\/\/mostebglass.com\/wp-content\/uploads\/2026\/02\/glass-Candle-Stand-Holders.webp\" alt=\"Kerzenst\u00e4nder aus Glas\" width=\"500\" height=\"500\" srcset=\"https:\/\/mostebglass.com\/wp-content\/uploads\/2026\/02\/glass-Candle-Stand-Holders.webp 1024w, https:\/\/mostebglass.com\/wp-content\/uploads\/2026\/02\/glass-Candle-Stand-Holders-768x768.webp 768w, https:\/\/mostebglass.com\/wp-content\/uploads\/2026\/02\/glass-Candle-Stand-Holders-12x12.webp 12w, https:\/\/mostebglass.com\/wp-content\/uploads\/2026\/02\/glass-Candle-Stand-Holders-300x300.webp 300w, https:\/\/mostebglass.com\/wp-content\/uploads\/2026\/02\/glass-Candle-Stand-Holders-600x600.webp 600w, https:\/\/mostebglass.com\/wp-content\/uploads\/2026\/02\/glass-Candle-Stand-Holders-100x100.webp 100w\" sizes=\"(max-width: 500px) 100vw, 500px\" \/><figcaption id=\"caption-attachment-4526\" class=\"wp-caption-text\">Kerzenhalter aus bernsteinfarbenem Glas<\/figcaption><\/figure>\n<p>Die Farbvarianten umfassen unter anderem transparent und hell sowie warm und stimmungsvoll. Erh\u00e4ltlich ist das Glas in Klar, Rosa, Bernstein, Gr\u00fcn und Grau. Dank seiner Dicke ist es stabil und langlebig.<\/p>\n<h2>Wichtige Spezifikationen<\/h2>\n<table style=\"border-collapse: collapse; width: 80%; margin-left: auto; margin-right: auto;\" border=\"0\" width=\"80%\" cellspacing=\"0\" cellpadding=\"0\">\n<tbody>\n<tr style=\"height: 13.50pt;\">\n<td style=\"height: 13.50pt; width: 137.25pt;\" width=\"183\" height=\"18\">Merkmale<\/td>\n<td style=\"width: 270.00pt;\" width=\"360\">An beiden Enden verf\u00fcgbar<\/td>\n<\/tr>\n<tr style=\"height: 13.50pt;\">\n<td style=\"height: 13.50pt;\" height=\"18\">Form<\/td>\n<td>Runden<\/td>\n<\/tr>\n<tr style=\"height: 13.50pt;\">\n<td style=\"height: 13.50pt;\" height=\"18\">Material<\/td>\n<td>Natrium-Kalzium-haltiges bleifreies Glas<\/td>\n<\/tr>\n<tr style=\"height: 13.50pt;\">\n<td style=\"height: 13.50pt;\" height=\"18\">Stil<\/td>\n<td>modern<\/td>\n<\/tr>\n<tr style=\"height: 13.50pt;\">\n<td style=\"height: 13.50pt;\" height=\"18\">Gr\u00f6\u00dfe<\/td>\n<td>Das obige Bild ist beschriftet<\/td>\n<\/tr>\n<tr style=\"height: 13.50pt;\">\n<td style=\"height: 13.50pt;\" height=\"18\">Oberfl\u00e4chenbehandlung<\/td>\n<td>Gepr\u00e4gt<\/td>\n<\/tr>\n<tr style=\"height: 13.50pt;\">\n<td style=\"height: 13.50pt;\" height=\"18\">Farben<\/td>\n<td>Transparent, Bernstein, Gr\u00fcn, Rosa, Grau<\/td>\n<\/tr>\n<tr style=\"height: 13.50pt;\">\n<td style=\"height: 13.50pt;\" height=\"18\">Anpassungsoptionen<\/td>\n<td>Farbe, Gr\u00f6\u00dfe, Logo, Zubeh\u00f6r, Verpackung<\/td>\n<\/tr>\n<\/tbody>\n<\/table>\n<h2>Anwendungen<\/h2>\n<p>Diese Fernsehsendung verfolgt zwei Ziele. Zum einen werden Stumpenkerzen oder Kerzen in kleinen Beh\u00e4ltern vorgestellt, zum anderen Spitzkerzen, die sich f\u00fcr flexible Dekorationsstile in Wohnr\u00e4umen, Hotels, bei Hochzeiten und saisonalen Anl\u00e4ssen eignen. Die dekorativen Oberfl\u00e4chen und die Farbvielfalt machen die Produkte vielseitig einsetzbar \u2013 ob im Kerzenhandel, in Lifestyle-L\u00e4den, in Geschenkkollektionen oder bei Dekorationsprojekten f\u00fcr Veranstaltungen.<\/p>\n<h2>Vorschl\u00e4ge f\u00fcr B2B-K\u00e4ufer: Anpassung<\/h2>\n<ul>\n<li>Logogravur, -pr\u00e4gung oder Siebdruck.<\/li>\n<li>Markenkartons, individuelle Verpackungen (Geschenkbox, Einleger, Schachtel) und Geschenkboxen, individuelle Verpackungen (Geschenkbox, Einleger, Schachtel).<\/li>\n<li>Die Nachfragegr\u00f6\u00dfe \u00e4ndert sich bei bestimmten Kerzengr\u00f6\u00dfen.<\/li>\n<li>Einzelhandelskollektionen Entwicklung von Eigenmarken.<\/li>\n<\/ul>\n<p>Diese Serie eignet sich sowohl f\u00fcr die \u00e4sthetische Platzierung im Einzelhandel als auch f\u00fcr die funktionale Anwendung von Kerzenhaltern und bietet Markeninhabern und Gro\u00dfh\u00e4ndlern eine hervorragende visuelle Markenunterscheidung.<\/p>","protected":false},"excerpt":{"rendered":"<p>Doppelt verwendbare Kerzenst\u00e4nder aus Glas in Klar, Rosa, Bernstein, Gr\u00fcn und Grau. Geeignet f\u00fcr Stumpen- und Spitzkerzen. Ideal f\u00fcr Einzelhandel, Dekoration und Eigenmarkenprojekte.<\/p>","protected":false},"featured_media":4522,"template":"","meta":{"site-sidebar-layout":"default","site-content-layout":"","ast-site-content-layout":"default","site-content-style":"default","site-sidebar-style":"default","ast-global-header-display":"","ast-banner-title-visibility":"","ast-main-header-display":"","ast-hfb-above-header-display":"","ast-hfb-below-header-display":"","ast-hfb-mobile-header-display":"","site-post-title":"","ast-breadcrumbs-content":"","ast-featured-img":"","footer-sml-layout":"","theme-transparent-header-meta":"default","adv-header-id-meta":"","stick-header-meta":"","header-above-stick-meta":"","header-main-stick-meta":"","header-below-stick-meta":"","astra-migrate-meta-layouts":"set","ast-page-background-enabled":"default","ast-page-background-meta":{"desktop":{"background-color":"var(--ast-global-color-5)","background-image":"","background-repeat":"repeat","background-position":"center center","background-size":"auto","background-attachment":"scroll","background-type":"","background-media":"","overlay-type":"","overlay-color":"","overlay-opacity":"","overlay-gradient":""},"tablet":{"background-color":"","background-image":"","background-repeat":"repeat","background-position":"center center","background-size":"auto","background-attachment":"scroll","background-type":"","background-media":"","overlay-type":"","overlay-color":"","overlay-opacity":"","overlay-gradient":""},"mobile":{"background-color":"","background-image":"","background-repeat":"repeat","background-position":"center center","background-size":"auto","background-attachment":"scroll","background-type":"","background-media":"","overlay-type":"","overlay-color":"","overlay-opacity":"","overlay-gradient":""}},"ast-content-background-meta":{"desktop":{"background-color":"var(--ast-global-color-4)","background-image":"","background-repeat":"repeat","background-position":"center center","background-size":"auto","background-attachment":"scroll","background-type":"","background-media":"","overlay-type":"","overlay-color":"","overlay-opacity":"","overlay-gradient":""},"tablet":{"background-color":"var(--ast-global-color-4)","background-image":"","background-repeat":"repeat","background-position":"center center","background-size":"auto","background-attachment":"scroll","background-type":"","background-media":"","overlay-type":"","overlay-color":"","overlay-opacity":"","overlay-gradient":""},"mobile":{"background-color":"var(--ast-global-color-4)","background-image":"","background-repeat":"repeat","background-position":"center center","background-size":"auto","background-attachment":"scroll","background-type":"","background-media":"","overlay-type":"","overlay-color":"","overlay-opacity":"","overlay-gradient":""}}},"product_brand":[],"product_cat":[28,21],"product_tag":[],"class_list":{"0":"post-4521","1":"product","2":"type-product","3":"status-publish","4":"has-post-thumbnail","6":"product_cat-glass-candle-jars","7":"product_cat-product","8":"desktop-align-left","9":"tablet-align-left","10":"mobile-align-left","12":"first","13":"instock","14":"shipping-taxable","15":"product-type-simple"},"jetpack_sharing_enabled":true,"_links":{"self":[{"href":"https:\/\/mostebglass.com\/de\/wp-json\/wp\/v2\/product\/4521","targetHints":{"allow":["GET"]}}],"collection":[{"href":"https:\/\/mostebglass.com\/de\/wp-json\/wp\/v2\/product"}],"about":[{"href":"https:\/\/mostebglass.com\/de\/wp-json\/wp\/v2\/types\/product"}],"wp:featuredmedia":[{"embeddable":true,"href":"https:\/\/mostebglass.com\/de\/wp-json\/wp\/v2\/media\/4522"}],"wp:attachment":[{"href":"https:\/\/mostebglass.com\/de\/wp-json\/wp\/v2\/media?parent=4521"}],"wp:term":[{"taxonomy":"product_brand","embeddable":true,"href":"https:\/\/mostebglass.com\/de\/wp-json\/wp\/v2\/product_brand?post=4521"},{"taxonomy":"product_cat","embeddable":true,"href":"https:\/\/mostebglass.com\/de\/wp-json\/wp\/v2\/product_cat?post=4521"},{"taxonomy":"product_tag","embeddable":true,"href":"https:\/\/mostebglass.com\/de\/wp-json\/wp\/v2\/product_tag?post=4521"}],"curies":[{"name":"wp","href":"https:\/\/api.w.org\/{rel}","templated":true}]}}