{"id":500,"date":"2025-08-18T17:56:50","date_gmt":"2025-08-18T09:56:50","guid":{"rendered":"https:\/\/mostebglass.com\/?post_type=product&#038;p=500"},"modified":"2026-02-09T16:42:30","modified_gmt":"2026-02-09T08:42:30","slug":"tulip-flower-candle-glass-jars-glass-candle-holders-wholesale","status":"publish","type":"product","link":"https:\/\/mostebglass.com\/de\/tulip-flower-candle-glass-jars-glass-candle-holders-wholesale\/","title":{"rendered":"110 ml Tulpenbl\u00fcten-Kerzengl\u00e4ser | Glaskerzenhalter im Gro\u00dfhandel"},"content":{"rendered":"<p>Diese Glaskerzengef\u00e4\u00dfe sind au\u00dfen mit einem geschnitzten Tulpenmotiv verziert. Die Bl\u00fctenbl\u00e4tter sind in mehreren Schichten angeordnet und bilden die Au\u00dfenw\u00e4nde des Gef\u00e4\u00dfes. Das Glas ist dick und fein poliert, die sanften Rundungen und die symmetrische Form, die eine runde Optik erzeugt, sind deutlich sichtbar. Die brennende Kerze im Inneren des durchscheinenden und halbtransparenten Glases reflektiert und verteilt das Licht gleichm\u00e4\u00dfig, das warme und sanfte Licht umspielt die erhabenen Stellen. Die Gef\u00e4\u00dfe sind in verschiedenen Ausf\u00fchrungen erh\u00e4ltlich: klar, bernsteinfarben und mattiert. Jede Ausf\u00fchrung erzeugt eine andere optische Wirkung, das florale Muster ist jedoch bei allen gleich.<\/p>\n<p><img fetchpriority=\"high\" decoding=\"async\" class=\"wp-image-4400 aligncenter\" src=\"https:\/\/mostebglass.com\/wp-content\/uploads\/2025\/08\/clear-Tulip-Flower-Candle-Glass-Jars.webp\" alt=\"durchsichtige Tulpenbl\u00fcten-Kerzengl\u00e4ser\" width=\"500\" height=\"500\" srcset=\"https:\/\/mostebglass.com\/wp-content\/uploads\/2025\/08\/clear-Tulip-Flower-Candle-Glass-Jars.webp 1024w, https:\/\/mostebglass.com\/wp-content\/uploads\/2025\/08\/clear-Tulip-Flower-Candle-Glass-Jars-768x768.webp 768w, https:\/\/mostebglass.com\/wp-content\/uploads\/2025\/08\/clear-Tulip-Flower-Candle-Glass-Jars-12x12.webp 12w, https:\/\/mostebglass.com\/wp-content\/uploads\/2025\/08\/clear-Tulip-Flower-Candle-Glass-Jars-300x300.webp 300w, https:\/\/mostebglass.com\/wp-content\/uploads\/2025\/08\/clear-Tulip-Flower-Candle-Glass-Jars-600x600.webp 600w, https:\/\/mostebglass.com\/wp-content\/uploads\/2025\/08\/clear-Tulip-Flower-Candle-Glass-Jars-100x100.webp 100w\" sizes=\"(max-width: 500px) 100vw, 500px\" \/><\/p>\n<h2>Produktmerkmale<\/h2>\n<p><strong>Felge in Benzinform f\u00fcr k\u00fcnstlerisches Design:\u00a0<\/strong>Der kerzen\u00e4hnliche Beh\u00e4lter erinnert an eine bl\u00fchende Blume und l\u00e4sst Ihre Luxuskerze \u00fcberall zum Blickfang werden.<\/p>\n<p><strong>Vertikale Streifen f\u00fcr Lichtbrechung:\u00a0<\/strong>Die strukturierte Oberfl\u00e4che verleiht dem geschliffenen Glaskerzengef\u00e4\u00df einen kristallklaren Glanz, f\u00e4ngt das Licht ein und sorgt so f\u00fcr mehr Tiefe in Ihrer Kerzenauslage.<\/p>\n<h2>Wichtige Spezifikationen<\/h2>\n<table style=\"border-collapse: collapse; width: 80%; margin-left: auto; margin-right: auto;\" border=\"0\" width=\"144\" cellspacing=\"0\" cellpadding=\"0\">\n<tbody>\n<tr style=\"height: 13.50pt;\">\n<td style=\"height: 13.50pt; width: 54.00pt;\" width=\"72\" height=\"18\">Besonderheit<\/td>\n<td style=\"width: 54.00pt;\" width=\"72\">Details<\/td>\n<\/tr>\n<tr style=\"height: 13.50pt;\">\n<td style=\"height: 13.50pt;\" height=\"18\">Kapazit\u00e4t<\/td>\n<td>110 ml<\/td>\n<\/tr>\n<tr style=\"height: 13.50pt;\">\n<td style=\"height: 13.50pt;\" height=\"18\">Abmessungen<\/td>\n<td>75*75 mm<\/td>\n<\/tr>\n<tr style=\"height: 13.50pt;\">\n<td style=\"height: 13.50pt;\" height=\"18\">Muster<\/td>\n<td>\u00c9tude de cas\u00a0: Surmonter les d\u00e9fis de la fabrication de grands flacons diffuseurs en verre<\/td>\n<\/tr>\n<tr style=\"height: 13.50pt;\">\n<td style=\"height: 13.50pt;\" height=\"18\">Farbe<\/td>\n<td>Bernstein, Wei\u00df, Farbverlauf Rosa, Transparent oder Ihre Wunschfarbe.<\/td>\n<\/tr>\n<\/tbody>\n<\/table>\n<h2>Tipps zur individuellen Anpassung<\/h2>\n<p><strong>Saisonale Texturkombinationen f\u00fcr die Gro\u00dfhandels-Kerzenkollektion: <\/strong>W\u00e4hrend der Feiertage werden Kerzen mit limitierten Sanskrit-Texturen wie \u201ebereifte Bl\u00fctenbl\u00e4tter\u201c oder \u201everzierte Linien\u201c angeboten. Diese scheinbaren Glaskerzen werden von den Gro\u00dfhandelsmarken f\u00fcr Kerzen im Glasformat bezogen, die auf saisonale Trends setzen.<\/p>","protected":false},"excerpt":{"rendered":"<p>Hochwertige Glasbeh\u00e4lter mit Tulpenbl\u00fcten-Design und kunstvoller Bl\u00fctenform. Ideal f\u00fcr Duftkerzen, Wohnaccessoires und Gro\u00dfbestellungen. Direkt vom Hersteller, individuelle Anpassung m\u00f6glich.<\/p>","protected":false},"featured_media":4404,"template":"","meta":{"site-sidebar-layout":"default","site-content-layout":"","ast-site-content-layout":"default","site-content-style":"default","site-sidebar-style":"default","ast-global-header-display":"","ast-banner-title-visibility":"","ast-main-header-display":"","ast-hfb-above-header-display":"","ast-hfb-below-header-display":"","ast-hfb-mobile-header-display":"","site-post-title":"","ast-breadcrumbs-content":"","ast-featured-img":"","footer-sml-layout":"","theme-transparent-header-meta":"default","adv-header-id-meta":"","stick-header-meta":"","header-above-stick-meta":"","header-main-stick-meta":"","header-below-stick-meta":"","astra-migrate-meta-layouts":"set","ast-page-background-enabled":"default","ast-page-background-meta":{"desktop":{"background-color":"var(--ast-global-color-5)","background-image":"","background-repeat":"repeat","background-position":"center center","background-size":"auto","background-attachment":"scroll","background-type":"","background-media":"","overlay-type":"","overlay-color":"","overlay-opacity":"","overlay-gradient":""},"tablet":{"background-color":"","background-image":"","background-repeat":"repeat","background-position":"center center","background-size":"auto","background-attachment":"scroll","background-type":"","background-media":"","overlay-type":"","overlay-color":"","overlay-opacity":"","overlay-gradient":""},"mobile":{"background-color":"","background-image":"","background-repeat":"repeat","background-position":"center center","background-size":"auto","background-attachment":"scroll","background-type":"","background-media":"","overlay-type":"","overlay-color":"","overlay-opacity":"","overlay-gradient":""}},"ast-content-background-meta":{"desktop":{"background-color":"var(--ast-global-color-4)","background-image":"","background-repeat":"repeat","background-position":"center center","background-size":"auto","background-attachment":"scroll","background-type":"","background-media":"","overlay-type":"","overlay-color":"","overlay-opacity":"","overlay-gradient":""},"tablet":{"background-color":"var(--ast-global-color-4)","background-image":"","background-repeat":"repeat","background-position":"center center","background-size":"auto","background-attachment":"scroll","background-type":"","background-media":"","overlay-type":"","overlay-color":"","overlay-opacity":"","overlay-gradient":""},"mobile":{"background-color":"var(--ast-global-color-4)","background-image":"","background-repeat":"repeat","background-position":"center center","background-size":"auto","background-attachment":"scroll","background-type":"","background-media":"","overlay-type":"","overlay-color":"","overlay-opacity":"","overlay-gradient":""}}},"product_brand":[],"product_cat":[28,21],"product_tag":[],"class_list":{"0":"post-500","1":"product","2":"type-product","3":"status-publish","4":"has-post-thumbnail","6":"product_cat-glass-candle-jars","7":"product_cat-product","8":"desktop-align-left","9":"tablet-align-left","10":"mobile-align-left","12":"first","13":"instock","14":"shipping-taxable","15":"product-type-simple"},"jetpack_sharing_enabled":true,"_links":{"self":[{"href":"https:\/\/mostebglass.com\/de\/wp-json\/wp\/v2\/product\/500","targetHints":{"allow":["GET"]}}],"collection":[{"href":"https:\/\/mostebglass.com\/de\/wp-json\/wp\/v2\/product"}],"about":[{"href":"https:\/\/mostebglass.com\/de\/wp-json\/wp\/v2\/types\/product"}],"wp:featuredmedia":[{"embeddable":true,"href":"https:\/\/mostebglass.com\/de\/wp-json\/wp\/v2\/media\/4404"}],"wp:attachment":[{"href":"https:\/\/mostebglass.com\/de\/wp-json\/wp\/v2\/media?parent=500"}],"wp:term":[{"taxonomy":"product_brand","embeddable":true,"href":"https:\/\/mostebglass.com\/de\/wp-json\/wp\/v2\/product_brand?post=500"},{"taxonomy":"product_cat","embeddable":true,"href":"https:\/\/mostebglass.com\/de\/wp-json\/wp\/v2\/product_cat?post=500"},{"taxonomy":"product_tag","embeddable":true,"href":"https:\/\/mostebglass.com\/de\/wp-json\/wp\/v2\/product_tag?post=500"}],"curies":[{"name":"wp","href":"https:\/\/api.w.org\/{rel}","templated":true}]}}