{"id":558,"date":"2025-08-19T11:29:06","date_gmt":"2025-08-19T03:29:06","guid":{"rendered":"https:\/\/mostebglass.com\/?post_type=product&#038;p=558"},"modified":"2026-02-26T18:08:14","modified_gmt":"2026-02-26T10:08:14","slug":"25ml-48ml-flat-rim-mini-glass-candle-jars-for-wholesale","status":"publish","type":"product","link":"https:\/\/mostebglass.com\/de\/25ml-48ml-flat-rim-mini-glass-candle-jars-for-wholesale\/","title":{"rendered":"25 ml und 48 ml Mini-Kerzengl\u00e4ser mit flachem Rand f\u00fcr den Gro\u00dfhandel"},"content":{"rendered":"<p>Die 25-ml- und 48-ml-Mini-Kerzengl\u00e4ser aus Glas zeichnen sich durch ihre klare, zylindrische Form mit geraden, glatten Seiten und einem dicken, beschwerten Boden f\u00fcr zus\u00e4tzliche Stabilit\u00e4t aus. Hergestellt aus hochtransparentem Glas, bestechen die Gl\u00e4ser durch ihr minimalistisches und modernes Design und eignen sich sowohl f\u00fcr dekorative als auch f\u00fcr funktionale Zwecke.<\/p>\n<p>Die 25-ml-Flasche hat die Ma\u00dfe 37 x 45 x 28 mm, die 48-ml-Flasche 45 x 39 x 53 mm. Beide Mini-Glasfl\u00e4schchen haben einen flachen Rand und eine glatte, nicht verschraubte \u00d6ffnung, wodurch sie sich besonders gut f\u00fcr die Kerzenherstellung eignen und die Deckelaufs\u00e4tze leicht anbringen lassen.<\/p>\n<h2>Wichtige Spezifikationen<\/h2>\n<table style=\"border-collapse: collapse; width: 80%; margin-left: auto; margin-right: auto;\" border=\"0\" width=\"80%\" cellspacing=\"0\" cellpadding=\"0\">\n<tbody>\n<tr style=\"height: 13.50pt;\">\n<td style=\"height: 13.50pt;\" height=\"18\">Kapazit\u00e4t<\/td>\n<td>25 ml ( 37*45*28 mm ) \/ 48 ml ( 45*39*53 mm )<\/td>\n<\/tr>\n<tr style=\"height: 13.50pt;\">\n<td style=\"height: 13.50pt;\" height=\"18\">Material<\/td>\n<td>Bleifreies Natronkalkglas<\/td>\n<\/tr>\n<tr style=\"height: 13.50pt;\">\n<td style=\"height: 13.50pt;\" height=\"18\">Anpassungsoptionen<\/td>\n<td>Farbe, Fassungsverm\u00f6gen, Gr\u00f6\u00dfe, Etikett, Logo, Oberfl\u00e4chenbeschaffenheit, Zubeh\u00f6r.<\/td>\n<\/tr>\n<\/tbody>\n<\/table>\n<h2>Anwendung<\/h2>\n<p>Neben der Verwendung f\u00fcr Kerzen eignen sich diese Glasgef\u00e4\u00dfe mit flachem Rand auch als Mini-Schnapsgl\u00e4ser, Verkostungsbecher, Probenbeh\u00e4lter oder kleine Dessertbecher und sind somit vielseitig im Gastgewerbe, Einzelhandel, bei Geschenksets und Werbeverpackungen einsetzbar.<\/p>\n<h2>Anpassungsberatung<\/h2>\n<ol>\n<li><strong>Gro\u00dfhandel mit umweltfreundlichen Kerzenglasdeckeleins\u00e4tzen:<\/strong>Bieten Sie einen biologisch abbaubaren Silikon-Dichtungsdeckel an. Dieser ist besonders f\u00fcr Gro\u00dfh\u00e4ndler und Abnehmer interessant, die Wert auf Stabilit\u00e4t legen, ohne dabei auf hohe Qualit\u00e4t und Langlebigkeit zu verzichten.<\/li>\n<li><strong>Integrierter QR-Code zur Beantwortung h\u00e4ufig gestellter Fragen:<\/strong>M\u00f6glicherweise geht ein QR-Code auf dem Deckel des Glases verloren, der mit Ihrer Unternehmenskultur in Verbindung steht. Dadurch erfahren K\u00e4ufer mehr \u00fcber Ihre Kerzenherstellung und die Geschichte Ihres Unternehmens, was die Kaufbereitschaft erh\u00f6ht.<\/li>\n<\/ol>","protected":false},"excerpt":{"rendered":"<p>Mini-Kerzengl\u00e4ser aus Glas mit flachem Rand (25 ml und 48 ml), kompatibel mit Bambus- oder Metalldeckeln. Ideal f\u00fcr Mini-Kerzen, Geschenksets, Einzelhandel und die Massenproduktion.<\/p>","protected":false},"featured_media":4498,"template":"","meta":{"site-sidebar-layout":"default","site-content-layout":"","ast-site-content-layout":"default","site-content-style":"default","site-sidebar-style":"default","ast-global-header-display":"","ast-banner-title-visibility":"","ast-main-header-display":"","ast-hfb-above-header-display":"","ast-hfb-below-header-display":"","ast-hfb-mobile-header-display":"","site-post-title":"","ast-breadcrumbs-content":"","ast-featured-img":"","footer-sml-layout":"","theme-transparent-header-meta":"default","adv-header-id-meta":"","stick-header-meta":"","header-above-stick-meta":"","header-main-stick-meta":"","header-below-stick-meta":"","astra-migrate-meta-layouts":"set","ast-page-background-enabled":"default","ast-page-background-meta":{"desktop":{"background-color":"var(--ast-global-color-5)","background-image":"","background-repeat":"repeat","background-position":"center center","background-size":"auto","background-attachment":"scroll","background-type":"","background-media":"","overlay-type":"","overlay-color":"","overlay-opacity":"","overlay-gradient":""},"tablet":{"background-color":"","background-image":"","background-repeat":"repeat","background-position":"center center","background-size":"auto","background-attachment":"scroll","background-type":"","background-media":"","overlay-type":"","overlay-color":"","overlay-opacity":"","overlay-gradient":""},"mobile":{"background-color":"","background-image":"","background-repeat":"repeat","background-position":"center center","background-size":"auto","background-attachment":"scroll","background-type":"","background-media":"","overlay-type":"","overlay-color":"","overlay-opacity":"","overlay-gradient":""}},"ast-content-background-meta":{"desktop":{"background-color":"var(--ast-global-color-4)","background-image":"","background-repeat":"repeat","background-position":"center center","background-size":"auto","background-attachment":"scroll","background-type":"","background-media":"","overlay-type":"","overlay-color":"","overlay-opacity":"","overlay-gradient":""},"tablet":{"background-color":"var(--ast-global-color-4)","background-image":"","background-repeat":"repeat","background-position":"center center","background-size":"auto","background-attachment":"scroll","background-type":"","background-media":"","overlay-type":"","overlay-color":"","overlay-opacity":"","overlay-gradient":""},"mobile":{"background-color":"var(--ast-global-color-4)","background-image":"","background-repeat":"repeat","background-position":"center center","background-size":"auto","background-attachment":"scroll","background-type":"","background-media":"","overlay-type":"","overlay-color":"","overlay-opacity":"","overlay-gradient":""}}},"product_brand":[],"product_cat":[28,21],"product_tag":[],"class_list":{"0":"post-558","1":"product","2":"type-product","3":"status-publish","4":"has-post-thumbnail","6":"product_cat-glass-candle-jars","7":"product_cat-product","8":"desktop-align-left","9":"tablet-align-left","10":"mobile-align-left","12":"first","13":"instock","14":"shipping-taxable","15":"product-type-simple"},"jetpack_sharing_enabled":true,"_links":{"self":[{"href":"https:\/\/mostebglass.com\/de\/wp-json\/wp\/v2\/product\/558","targetHints":{"allow":["GET"]}}],"collection":[{"href":"https:\/\/mostebglass.com\/de\/wp-json\/wp\/v2\/product"}],"about":[{"href":"https:\/\/mostebglass.com\/de\/wp-json\/wp\/v2\/types\/product"}],"wp:featuredmedia":[{"embeddable":true,"href":"https:\/\/mostebglass.com\/de\/wp-json\/wp\/v2\/media\/4498"}],"wp:attachment":[{"href":"https:\/\/mostebglass.com\/de\/wp-json\/wp\/v2\/media?parent=558"}],"wp:term":[{"taxonomy":"product_brand","embeddable":true,"href":"https:\/\/mostebglass.com\/de\/wp-json\/wp\/v2\/product_brand?post=558"},{"taxonomy":"product_cat","embeddable":true,"href":"https:\/\/mostebglass.com\/de\/wp-json\/wp\/v2\/product_cat?post=558"},{"taxonomy":"product_tag","embeddable":true,"href":"https:\/\/mostebglass.com\/de\/wp-json\/wp\/v2\/product_tag?post=558"}],"curies":[{"name":"wp","href":"https:\/\/api.w.org\/{rel}","templated":true}]}}