{"id":567,"date":"2025-08-19T13:33:36","date_gmt":"2025-08-19T05:33:36","guid":{"rendered":"https:\/\/mostebglass.com\/?post_type=product&#038;p=567"},"modified":"2026-03-09T15:09:53","modified_gmt":"2026-03-09T07:09:53","slug":"custom-empty-diffuser-bottles-and-reeds-with-bowl-shape-bulk","status":"publish","type":"product","link":"https:\/\/mostebglass.com\/de\/custom-empty-diffuser-bottles-and-reeds-with-bowl-shape-bulk\/","title":{"rendered":"130 ml leere Diffusorflaschen und Duftst\u00e4bchen in Schalenform (Gro\u00dfpackung)"},"content":{"rendered":"<p>Sie erwerben mehr als nur leere Diffusorflaschen; Sie schaffen ein Markenerlebnis. Betrachten Sie die Flasche unserer 130-ml-Diffusorflaschen mit ihrer formsch\u00f6nen Schale. Die Flasche dieser Aromatherapie-St\u00e4bchen besticht durch klare, geometrische Linien und sanft abgerundete Kanten. Sie vereint die Stabilit\u00e4t eines breiten Bodens mit der eleganten Raffinesse eines schlanken Halses. Hergestellt aus hochwertigem Kristallglas, bietet diese leere Diffusorflasche vielf\u00e4ltige Gestaltungsm\u00f6glichkeiten \u2013 ob f\u00fcr die Aromatherapie-Verpackung oder als Teil einer kompletten Verpackungsl\u00f6sung.<\/p>\n<h2>Produkteigenschaften<\/h2>\n<ul>\n<li><strong>Hochwertiges Glas:<\/strong> Die dicke, robuste Glasflasche ist zerbrochen und vollst\u00e4ndig mit einem Aromatherapie-Rohr versehen, um das \u00e4therische \u00d6l zu bewahren und ein Auslaufen zu verhindern.<\/li>\n<li><strong>Glatte Form:<\/strong> Die runde Form und die weichen Linien der Flasche erzeugen ein warmes und beruhigendes visuelles Erlebnis bei gleichzeitiger Stabilit\u00e4t.<\/li>\n<li><strong>Mindestdesign:<\/strong> Das Gesamtdesign ist minimalistisch und elegant, frei von unn\u00f6tigem Schnickschnack und passt zu einer Vielzahl von Einrichtungsstilen.<\/li>\n<\/ul>\n<h2>Erfolgsbeispiel<\/h2>\n<p>Eine unserer 130-ml-Glasdiffusorflaschen wurde von einem europ\u00e4ischen Raumdufthersteller ausgew\u00e4hlt. Die untere H\u00e4lfte der Flasche ist leicht mattiert und mit einem hellgoldenen Siebdruck des Markennamens versehen \u2013 eine sehr edle und elegante Optik.<\/p>\n<p>In den ersten f\u00fcnf Monaten nach Einf\u00fchrung der Produktlinie konnte ein Umsatzplus von 27 Prozent erzielt werden. Aufgrund des positiven Marktfeedbacks, das zu einer Verdopplung des Bestellvolumens gef\u00fchrt hat, hat der Kunde innerhalb von acht Monaten drei Nachbestellungen aufgegeben.<\/p>\n<h2>M\u00f6chten Sie Ihr Exemplar individuell gestalten? So geht&#039;s:<\/h2>\n<ol>\n<li><strong>Drucken:<\/strong> Logo- und Musterdruck. Wir unterst\u00fctzen Siebdruck, Goldpr\u00e4gung, UV-Druck oder Abziehbilddruck als Markenidentit\u00e4t.<\/li>\n<li><strong>Anpassung der Rohrblattst\u00e4be:<\/strong> Die Duftst\u00e4bchen werden mit nat\u00fcrlichen Rattanrohren, schwarzen Faserrohren oder bl\u00fctenf\u00f6rmigen Rohren angeboten.<\/li>\n<li><strong>Passende Verschlussl\u00f6sungen:<\/strong> Dekorative Stopfen, Holzkappen oder Metallmanschetten verbessern die Pr\u00e4sentation und die Abdichtung.<\/li>\n<\/ol>","protected":false},"excerpt":{"rendered":"<p>Individuell gestaltete Diffusorflaschen und -st\u00e4bchen sowie robuste leere Diffusorflaschen f\u00fcr Aroma-, Spa- und Raumduftmarken in gro\u00dfen Mengen f\u00fcr Gro\u00dfhandelsbestellungen.<\/p>","protected":false},"featured_media":4676,"template":"","meta":{"site-sidebar-layout":"default","site-content-layout":"","ast-site-content-layout":"default","site-content-style":"default","site-sidebar-style":"default","ast-global-header-display":"","ast-banner-title-visibility":"","ast-main-header-display":"","ast-hfb-above-header-display":"","ast-hfb-below-header-display":"","ast-hfb-mobile-header-display":"","site-post-title":"","ast-breadcrumbs-content":"","ast-featured-img":"","footer-sml-layout":"","theme-transparent-header-meta":"default","adv-header-id-meta":"","stick-header-meta":"","header-above-stick-meta":"","header-main-stick-meta":"","header-below-stick-meta":"","astra-migrate-meta-layouts":"set","ast-page-background-enabled":"default","ast-page-background-meta":{"desktop":{"background-color":"var(--ast-global-color-5)","background-image":"","background-repeat":"repeat","background-position":"center center","background-size":"auto","background-attachment":"scroll","background-type":"","background-media":"","overlay-type":"","overlay-color":"","overlay-opacity":"","overlay-gradient":""},"tablet":{"background-color":"","background-image":"","background-repeat":"repeat","background-position":"center center","background-size":"auto","background-attachment":"scroll","background-type":"","background-media":"","overlay-type":"","overlay-color":"","overlay-opacity":"","overlay-gradient":""},"mobile":{"background-color":"","background-image":"","background-repeat":"repeat","background-position":"center center","background-size":"auto","background-attachment":"scroll","background-type":"","background-media":"","overlay-type":"","overlay-color":"","overlay-opacity":"","overlay-gradient":""}},"ast-content-background-meta":{"desktop":{"background-color":"var(--ast-global-color-4)","background-image":"","background-repeat":"repeat","background-position":"center center","background-size":"auto","background-attachment":"scroll","background-type":"","background-media":"","overlay-type":"","overlay-color":"","overlay-opacity":"","overlay-gradient":""},"tablet":{"background-color":"var(--ast-global-color-4)","background-image":"","background-repeat":"repeat","background-position":"center center","background-size":"auto","background-attachment":"scroll","background-type":"","background-media":"","overlay-type":"","overlay-color":"","overlay-opacity":"","overlay-gradient":""},"mobile":{"background-color":"var(--ast-global-color-4)","background-image":"","background-repeat":"repeat","background-position":"center center","background-size":"auto","background-attachment":"scroll","background-type":"","background-media":"","overlay-type":"","overlay-color":"","overlay-opacity":"","overlay-gradient":""}}},"product_brand":[],"product_cat":[54],"product_tag":[],"class_list":{"0":"post-567","1":"product","2":"type-product","3":"status-publish","4":"has-post-thumbnail","6":"product_cat-reed-diffuser-bottles","7":"desktop-align-left","8":"tablet-align-left","9":"mobile-align-left","11":"first","12":"instock","13":"shipping-taxable","14":"product-type-simple"},"jetpack_sharing_enabled":true,"_links":{"self":[{"href":"https:\/\/mostebglass.com\/de\/wp-json\/wp\/v2\/product\/567","targetHints":{"allow":["GET"]}}],"collection":[{"href":"https:\/\/mostebglass.com\/de\/wp-json\/wp\/v2\/product"}],"about":[{"href":"https:\/\/mostebglass.com\/de\/wp-json\/wp\/v2\/types\/product"}],"wp:featuredmedia":[{"embeddable":true,"href":"https:\/\/mostebglass.com\/de\/wp-json\/wp\/v2\/media\/4676"}],"wp:attachment":[{"href":"https:\/\/mostebglass.com\/de\/wp-json\/wp\/v2\/media?parent=567"}],"wp:term":[{"taxonomy":"product_brand","embeddable":true,"href":"https:\/\/mostebglass.com\/de\/wp-json\/wp\/v2\/product_brand?post=567"},{"taxonomy":"product_cat","embeddable":true,"href":"https:\/\/mostebglass.com\/de\/wp-json\/wp\/v2\/product_cat?post=567"},{"taxonomy":"product_tag","embeddable":true,"href":"https:\/\/mostebglass.com\/de\/wp-json\/wp\/v2\/product_tag?post=567"}],"curies":[{"name":"wp","href":"https:\/\/api.w.org\/{rel}","templated":true}]}}