{"id":656,"date":"2025-08-20T13:34:30","date_gmt":"2025-08-20T05:34:30","guid":{"rendered":"https:\/\/mostebglass.com\/?post_type=product&#038;p=656"},"modified":"2026-02-10T14:12:36","modified_gmt":"2026-02-10T06:12:36","slug":"35ml-glass-candle-jar-small-candle-container-for-tealights-samples","status":"publish","type":"product","link":"https:\/\/mostebglass.com\/de\/35ml-glass-candle-jar-small-candle-container-for-tealights-samples\/","title":{"rendered":"35-ml-Glaskerzenbeh\u00e4lter | Kleiner Beh\u00e4lter f\u00fcr Teelichter und Proben"},"content":{"rendered":"<p>Dieses 35-ml-Kerzenglas besticht durch seine flache, zylindrische Form mit geraden Seitenw\u00e4nden und einem dicken, stabilen Boden, der f\u00fcr hervorragende Standfestigkeit und eine hochwertige Haptik sorgt. Das klare Glas mit seiner glatten, gl\u00e4nzenden Oberfl\u00e4che l\u00e4sst die Wachsfarbe und die Flamme optimal zur Geltung kommen und erzeugt so beim Anz\u00fcnden einen klaren und hellen optischen Effekt. Dank der kompakten Gr\u00f6\u00dfe und der gro\u00dfen \u00d6ffnung l\u00e4sst es sich leicht bef\u00fcllen, mit Docht versehen und sorgt f\u00fcr ein gleichm\u00e4\u00dfiges Abbrennen. Das schlichte, moderne Design gew\u00e4hrleistet ein einheitliches Erscheinungsbild beim Verpacken und Pr\u00e4sentieren von Gro\u00dfpackungen und macht dieses kleine Kerzengef\u00e4\u00df ideal f\u00fcr Proben und Kleinserien.<\/p>\n<p><img fetchpriority=\"high\" decoding=\"async\" class=\"wp-image-4442 aligncenter\" src=\"https:\/\/mostebglass.com\/wp-content\/uploads\/2025\/08\/some-small-candle-jars.webp\" alt=\"einige kleine Kerzengl\u00e4ser\" width=\"500\" height=\"500\" srcset=\"https:\/\/mostebglass.com\/wp-content\/uploads\/2025\/08\/some-small-candle-jars.webp 1024w, https:\/\/mostebglass.com\/wp-content\/uploads\/2025\/08\/some-small-candle-jars-768x768.webp 768w, https:\/\/mostebglass.com\/wp-content\/uploads\/2025\/08\/some-small-candle-jars-12x12.webp 12w, https:\/\/mostebglass.com\/wp-content\/uploads\/2025\/08\/some-small-candle-jars-300x300.webp 300w, https:\/\/mostebglass.com\/wp-content\/uploads\/2025\/08\/some-small-candle-jars-600x600.webp 600w, https:\/\/mostebglass.com\/wp-content\/uploads\/2025\/08\/some-small-candle-jars-100x100.webp 100w\" sizes=\"(max-width: 500px) 100vw, 500px\" \/><\/p>\n<h2>Anwendung<\/h2>\n<p>Dieses 35 ml Glasgef\u00e4\u00df eignet sich ideal f\u00fcr Teelichter, Votivkerzen, Reisekerzen, Probekerzen und kann auch f\u00fcr dekorative Zwecke, Geschenksets oder im Gastgewerbe, beispielsweise in Hotels, bei Veranstaltungen und in Aromatherapier\u00e4umen, verwendet werden.<\/p>\n<h2>Wichtige Spezifikationen<\/h2>\n<table style=\"border-collapse: collapse; width: 80%; margin-right: auto; margin-left: auto;\" border=\"0\" width=\"144\" cellspacing=\"0\" cellpadding=\"0\">\n<tbody>\n<tr style=\"height: 13.50pt;\">\n<td style=\"height: 13.50pt; width: 54.00pt;\" width=\"72\" height=\"18\">Besonderheit<\/td>\n<td style=\"width: 54.00pt;\" width=\"72\">Details<\/td>\n<\/tr>\n<tr style=\"height: 13.50pt;\">\n<td style=\"height: 13.50pt;\" height=\"18\">Kapazit\u00e4t<\/td>\n<td>35 ml<\/td>\n<\/tr>\n<tr style=\"height: 13.50pt;\">\n<td style=\"height: 13.50pt;\" height=\"18\">Abmessungen<\/td>\n<td>\u00d6ffnung 52 mm, Boden 48 mm, H\u00f6he 34 mm<\/td>\n<\/tr>\n<tr style=\"height: 13.50pt;\">\n<td style=\"height: 13.50pt;\" height=\"18\">Farboptionen<\/td>\n<td>Transparent oder in einer individuellen Farbe<\/td>\n<\/tr>\n<tr style=\"height: 13.50pt;\">\n<td style=\"height: 13.50pt;\" height=\"18\">Material<\/td>\n<td>Bleifreies Natronkalkglas + Metalldeckel<\/td>\n<\/tr>\n<\/tbody>\n<\/table>\n<h2>Personalisierungsideen f\u00fcr Sie<img decoding=\"async\" class=\"wp-image-4440 aligncenter\" src=\"https:\/\/mostebglass.com\/wp-content\/uploads\/2025\/08\/colored-35ml-glass-candle-jars.webp\" alt=\"farbige 35-ml-Glaskerzengl\u00e4ser\" width=\"500\" height=\"500\" srcset=\"https:\/\/mostebglass.com\/wp-content\/uploads\/2025\/08\/colored-35ml-glass-candle-jars.webp 1024w, https:\/\/mostebglass.com\/wp-content\/uploads\/2025\/08\/colored-35ml-glass-candle-jars-768x768.webp 768w, https:\/\/mostebglass.com\/wp-content\/uploads\/2025\/08\/colored-35ml-glass-candle-jars-12x12.webp 12w, https:\/\/mostebglass.com\/wp-content\/uploads\/2025\/08\/colored-35ml-glass-candle-jars-300x300.webp 300w, https:\/\/mostebglass.com\/wp-content\/uploads\/2025\/08\/colored-35ml-glass-candle-jars-600x600.webp 600w, https:\/\/mostebglass.com\/wp-content\/uploads\/2025\/08\/colored-35ml-glass-candle-jars-100x100.webp 100w\" sizes=\"(max-width: 500px) 100vw, 500px\" \/><\/h2>\n<ol>\n<li><strong>Farbverl\u00e4ufe:<\/strong> Verwenden Sie mehrschichtige Farb\u00fcberg\u00e4nge, um eine moderne \u00c4sthetik zu erzielen.<\/li>\n<li><strong>Gro\u00dfverpackung:<\/strong> Gruppieren Sie diese 35-ml-Glaskerzengl\u00e4ser in einem wiederverwendeten Beh\u00e4lter f\u00fcr die Zusammenstellung von Kerzengeschenksets, die auf Gro\u00dfhandelsm\u00e4rkten angeboten werden.<\/li>\n<\/ol>","protected":false},"excerpt":{"rendered":"<p>Kompaktes 35-ml-Glas mit individuellen Gestaltungsm\u00f6glichkeiten. Ideal f\u00fcr Probierkerzen, Teelichter, Votivkerzen und Reisekerzen. Geeignet f\u00fcr Gro\u00dfbestellungen und Marken-Kerzenkollektionen.<\/p>","protected":false},"featured_media":4439,"template":"","meta":{"site-sidebar-layout":"default","site-content-layout":"","ast-site-content-layout":"default","site-content-style":"default","site-sidebar-style":"default","ast-global-header-display":"","ast-banner-title-visibility":"","ast-main-header-display":"","ast-hfb-above-header-display":"","ast-hfb-below-header-display":"","ast-hfb-mobile-header-display":"","site-post-title":"","ast-breadcrumbs-content":"","ast-featured-img":"","footer-sml-layout":"","theme-transparent-header-meta":"default","adv-header-id-meta":"","stick-header-meta":"","header-above-stick-meta":"","header-main-stick-meta":"","header-below-stick-meta":"","astra-migrate-meta-layouts":"set","ast-page-background-enabled":"default","ast-page-background-meta":{"desktop":{"background-color":"var(--ast-global-color-5)","background-image":"","background-repeat":"repeat","background-position":"center center","background-size":"auto","background-attachment":"scroll","background-type":"","background-media":"","overlay-type":"","overlay-color":"","overlay-opacity":"","overlay-gradient":""},"tablet":{"background-color":"","background-image":"","background-repeat":"repeat","background-position":"center center","background-size":"auto","background-attachment":"scroll","background-type":"","background-media":"","overlay-type":"","overlay-color":"","overlay-opacity":"","overlay-gradient":""},"mobile":{"background-color":"","background-image":"","background-repeat":"repeat","background-position":"center center","background-size":"auto","background-attachment":"scroll","background-type":"","background-media":"","overlay-type":"","overlay-color":"","overlay-opacity":"","overlay-gradient":""}},"ast-content-background-meta":{"desktop":{"background-color":"var(--ast-global-color-4)","background-image":"","background-repeat":"repeat","background-position":"center center","background-size":"auto","background-attachment":"scroll","background-type":"","background-media":"","overlay-type":"","overlay-color":"","overlay-opacity":"","overlay-gradient":""},"tablet":{"background-color":"var(--ast-global-color-4)","background-image":"","background-repeat":"repeat","background-position":"center center","background-size":"auto","background-attachment":"scroll","background-type":"","background-media":"","overlay-type":"","overlay-color":"","overlay-opacity":"","overlay-gradient":""},"mobile":{"background-color":"var(--ast-global-color-4)","background-image":"","background-repeat":"repeat","background-position":"center center","background-size":"auto","background-attachment":"scroll","background-type":"","background-media":"","overlay-type":"","overlay-color":"","overlay-opacity":"","overlay-gradient":""}}},"product_brand":[],"product_cat":[28,21],"product_tag":[],"class_list":{"0":"post-656","1":"product","2":"type-product","3":"status-publish","4":"has-post-thumbnail","6":"product_cat-glass-candle-jars","7":"product_cat-product","8":"desktop-align-left","9":"tablet-align-left","10":"mobile-align-left","12":"first","13":"instock","14":"shipping-taxable","15":"product-type-simple"},"jetpack_sharing_enabled":true,"_links":{"self":[{"href":"https:\/\/mostebglass.com\/de\/wp-json\/wp\/v2\/product\/656","targetHints":{"allow":["GET"]}}],"collection":[{"href":"https:\/\/mostebglass.com\/de\/wp-json\/wp\/v2\/product"}],"about":[{"href":"https:\/\/mostebglass.com\/de\/wp-json\/wp\/v2\/types\/product"}],"wp:featuredmedia":[{"embeddable":true,"href":"https:\/\/mostebglass.com\/de\/wp-json\/wp\/v2\/media\/4439"}],"wp:attachment":[{"href":"https:\/\/mostebglass.com\/de\/wp-json\/wp\/v2\/media?parent=656"}],"wp:term":[{"taxonomy":"product_brand","embeddable":true,"href":"https:\/\/mostebglass.com\/de\/wp-json\/wp\/v2\/product_brand?post=656"},{"taxonomy":"product_cat","embeddable":true,"href":"https:\/\/mostebglass.com\/de\/wp-json\/wp\/v2\/product_cat?post=656"},{"taxonomy":"product_tag","embeddable":true,"href":"https:\/\/mostebglass.com\/de\/wp-json\/wp\/v2\/product_tag?post=656"}],"curies":[{"name":"wp","href":"https:\/\/api.w.org\/{rel}","templated":true}]}}