{"id":755,"date":"2025-08-21T19:14:33","date_gmt":"2025-08-21T11:14:33","guid":{"rendered":"https:\/\/mostebglass.com\/?post_type=product&#038;p=755"},"modified":"2026-03-13T14:29:12","modified_gmt":"2026-03-13T06:29:12","slug":"empty-glass-diffuser-bottles-in-pumpkin-shape-for-wholesale","status":"publish","type":"product","link":"https:\/\/mostebglass.com\/de\/empty-glass-diffuser-bottles-in-pumpkin-shape-for-wholesale\/","title":{"rendered":"Leere Glasdiffusorflaschen (100 ml und 200 ml) in K\u00fcrbisform f\u00fcr den Gro\u00dfhandel"},"content":{"rendered":"<p>Ob Sie leere Glasflakons f\u00fcr eine neue Duftlinie kaufen oder eine komplette Duftverpackungskollektion zusammenstellen m\u00f6chten: Dieser kurze, bauchige Glasflakon mit seinen klaren, geometrischen Kanten erinnert an einen modernen, sonnenbeschienenen K\u00fcrbis. Er ist mehr als nur ein gew\u00f6hnlicher Flakon \u2013 er ist ein Stielglasdiffusor, der sich hervorragend verkaufen l\u00e4sst.<\/p>\n<h2>Produkteigenschaften<\/h2>\n<ul>\n<li><strong>Facettiertes Glasdesign:<\/strong> Die Flasche ist vielschichtig gestaltet und hat die Form eines K\u00fcrbisses, der das Licht auf eleganteste Weise reflektiert und sich zudem in jede Inneneinrichtung einf\u00fcgt.<\/li>\n<li><strong>Stabile runde Basis:<\/strong> Durch die abgerundete Unterseite und die breite Bodenform kippt das Produkt beim Gebrauch nicht um und ist somit sicher und bequem auf Regalen, Tischen und Arbeitsplatten zu verwenden.<\/li>\n<li><strong>Hochwertige Auswahl an dekorativen Halsb\u00e4ndern:<\/strong> Kunden haben die Wahl zwischen einem schicken Metallkragen in Gold oder Schwarz, der dem Kleidungsst\u00fcck eine elegante Note verleiht und die Gesamtwirkung steigert.<\/li>\n<\/ul>\n<h2>Echter Erfolg: Wie eine Marke das Einzelhandelsinteresse verdoppelte<\/h2>\n<p>Eine kalifornische Marke hat eine neue Linie von Aromatherapieprodukten auf den Markt gebracht. Sie entschied sich f\u00fcr unsere 100-ml-Glasdiffusorflaschen. F\u00fcr ihr Branding w\u00e4hlte sie individuell gestaltete, bernsteinfarbene, leere Glasdiffusorflaschen mit Lasergravur. Diese Glasdiffusoren mit St\u00e4bchen haben sich zu einem Verkaufsschlager entwickelt. Einzelh\u00e4ndler legen Wert auf einzigartiges Design, und der Absatz der Marke ist innerhalb von drei Monaten um 35 % gestiegen. Dies zeigt, wie eine ansprechend gestaltete Flasche die Attraktivit\u00e4t steigern kann.<\/p>\n<h2>Anpassungstipps<\/h2>\n<ol>\n<li>Verleihen Sie den Rippen ein mattiertes Finish f\u00fcr einen weicheren Look oder sch\u00e4rfen Sie die Linien auf dem Diffusorglas durch S\u00e4ure\u00e4tzung.<\/li>\n<li>Die Flaschen k\u00f6nnen in einem sanften, matten Schwarz individuell gestaltet werden \u2013 eine seltene Option auf dem Markt.<\/li>\n<li>Tauschen Sie den Standard-Flaschenverschluss gegen einen Verschluss aus Naturholz oder Glas aus.<\/li>\n<\/ol>","protected":false},"excerpt":{"rendered":"<p>Hochwertiger Glasdiffusor mit St\u00e4bchen und leeren Glasdiffusorflaschen. Ideal f\u00fcr Gro\u00dfbestellungen, individuelle Anpassungen und kostenlose Muster f\u00fcr Ihr Unternehmen.<\/p>","protected":false},"featured_media":4752,"template":"","meta":{"site-sidebar-layout":"default","site-content-layout":"","ast-site-content-layout":"default","site-content-style":"default","site-sidebar-style":"default","ast-global-header-display":"","ast-banner-title-visibility":"","ast-main-header-display":"","ast-hfb-above-header-display":"","ast-hfb-below-header-display":"","ast-hfb-mobile-header-display":"","site-post-title":"","ast-breadcrumbs-content":"","ast-featured-img":"","footer-sml-layout":"","theme-transparent-header-meta":"default","adv-header-id-meta":"","stick-header-meta":"","header-above-stick-meta":"","header-main-stick-meta":"","header-below-stick-meta":"","astra-migrate-meta-layouts":"set","ast-page-background-enabled":"default","ast-page-background-meta":{"desktop":{"background-color":"var(--ast-global-color-5)","background-image":"","background-repeat":"repeat","background-position":"center center","background-size":"auto","background-attachment":"scroll","background-type":"","background-media":"","overlay-type":"","overlay-color":"","overlay-opacity":"","overlay-gradient":""},"tablet":{"background-color":"","background-image":"","background-repeat":"repeat","background-position":"center center","background-size":"auto","background-attachment":"scroll","background-type":"","background-media":"","overlay-type":"","overlay-color":"","overlay-opacity":"","overlay-gradient":""},"mobile":{"background-color":"","background-image":"","background-repeat":"repeat","background-position":"center center","background-size":"auto","background-attachment":"scroll","background-type":"","background-media":"","overlay-type":"","overlay-color":"","overlay-opacity":"","overlay-gradient":""}},"ast-content-background-meta":{"desktop":{"background-color":"var(--ast-global-color-4)","background-image":"","background-repeat":"repeat","background-position":"center center","background-size":"auto","background-attachment":"scroll","background-type":"","background-media":"","overlay-type":"","overlay-color":"","overlay-opacity":"","overlay-gradient":""},"tablet":{"background-color":"var(--ast-global-color-4)","background-image":"","background-repeat":"repeat","background-position":"center center","background-size":"auto","background-attachment":"scroll","background-type":"","background-media":"","overlay-type":"","overlay-color":"","overlay-opacity":"","overlay-gradient":""},"mobile":{"background-color":"var(--ast-global-color-4)","background-image":"","background-repeat":"repeat","background-position":"center center","background-size":"auto","background-attachment":"scroll","background-type":"","background-media":"","overlay-type":"","overlay-color":"","overlay-opacity":"","overlay-gradient":""}}},"product_brand":[],"product_cat":[54],"product_tag":[],"class_list":{"0":"post-755","1":"product","2":"type-product","3":"status-publish","4":"has-post-thumbnail","6":"product_cat-reed-diffuser-bottles","7":"desktop-align-left","8":"tablet-align-left","9":"mobile-align-left","11":"first","12":"instock","13":"shipping-taxable","14":"product-type-simple"},"jetpack_sharing_enabled":true,"_links":{"self":[{"href":"https:\/\/mostebglass.com\/de\/wp-json\/wp\/v2\/product\/755","targetHints":{"allow":["GET"]}}],"collection":[{"href":"https:\/\/mostebglass.com\/de\/wp-json\/wp\/v2\/product"}],"about":[{"href":"https:\/\/mostebglass.com\/de\/wp-json\/wp\/v2\/types\/product"}],"wp:featuredmedia":[{"embeddable":true,"href":"https:\/\/mostebglass.com\/de\/wp-json\/wp\/v2\/media\/4752"}],"wp:attachment":[{"href":"https:\/\/mostebglass.com\/de\/wp-json\/wp\/v2\/media?parent=755"}],"wp:term":[{"taxonomy":"product_brand","embeddable":true,"href":"https:\/\/mostebglass.com\/de\/wp-json\/wp\/v2\/product_brand?post=755"},{"taxonomy":"product_cat","embeddable":true,"href":"https:\/\/mostebglass.com\/de\/wp-json\/wp\/v2\/product_cat?post=755"},{"taxonomy":"product_tag","embeddable":true,"href":"https:\/\/mostebglass.com\/de\/wp-json\/wp\/v2\/product_tag?post=755"}],"curies":[{"name":"wp","href":"https:\/\/api.w.org\/{rel}","templated":true}]}}