{"id":760,"date":"2025-08-22T08:49:51","date_gmt":"2025-08-22T00:49:51","guid":{"rendered":"https:\/\/mostebglass.com\/?post_type=product&#038;p=760"},"modified":"2026-05-15T16:54:54","modified_gmt":"2026-05-15T08:54:54","slug":"glass-reed-diffuser-containers-with-ribbed-bulk","status":"publish","type":"product","link":"https:\/\/mostebglass.com\/de\/glass-reed-diffuser-containers-with-ribbed-bulk\/","title":{"rendered":"100ml 200ml Glas-Duftst\u00e4bchenbeh\u00e4lter mit geripptem Korpus"},"content":{"rendered":"<p>Es handelt sich um ein Ensemble aus Glasparf\u00fcmflakons (100 ml und 200 ml), die als Beispiel f\u00fcr einen Duftdiffusor mit zylindrischer Form und ovalem, stabilem Boden dienen. Die Glask\u00f6rper sind mit einer vertikalen Rippenstruktur versehen, die ihnen ein edles, geradliniges Aussehen verleiht und durch die farbige Fl\u00fcssigkeit im Inneren die Lichtreflexion verst\u00e4rkt.<\/p>\n<h2>Anlagen<\/h2>\n<p>Die T-f\u00f6rmigen Verschl\u00fcsse der Flakons sind ebenfalls goldfarben und bilden so einen klaren, polierten Kontrast zum transparenten Glas. Verschiedene Duftst\u00e4bchen im Inneren sorgen f\u00fcr eine optimale Duftverteilung. Der pr\u00e4zise verschlossene Korken und der Deckel unterstreichen das elegante und hochwertige Erscheinungsbild und positionieren die Flakons als exklusive Diffusorflaschen.<\/p>\n<h2>Anwendung<\/h2>\n<p>Diese luxuri\u00f6sen Duftflakons eignen sich als Raumduftst\u00e4bchen f\u00fcr den Heimgebrauch. Dar\u00fcber hinaus k\u00f6nnen sie auch als kleine Blumenvase zu Dekorationszwecken verwendet werden. Sie finden \u00fcblicherweise Anwendung in Wohnr\u00e4umen, Hotels und Lifestyle-Einrichtungen. Strukturiertes Glas und ein Metallverschluss sorgen daf\u00fcr, dass jeder Duftst\u00e4bchen-Diffusor \u00fcber einen dekorativen Beh\u00e4lter verf\u00fcgt, der kontinuierlich Duft freisetzt.<\/p>\n<h2>Erfolgsbeispiel<\/h2>\n<p>A French home fragrance company had to find a good packaging solution for its all-new high-end aromatherapy line. The client after a careful inspection of many suppliers chose one of our geometrically shaped glass diffuser bottles. The bottles were customised with bespoke spray-painted finishes in smoky gray and amber colours, to complement the company\u2019s unique fragrance lines. In addition, the client had a custom silk-screen print process for their brand logo and a thicker black fiber diffuser reed as well as electroplated gold neck rings to create a very polished and sophisticated look.<\/p>\n<p>Since launching this new collection, the client has seen a 35% uplift in sales of their premium fragrance category in the first quarter alone. These luxury diffuser bottles were met with a very positive response and reviews from both the distributors and online consumers and the brand subsequently made continuous orders for these items, thereby expanding the product line with limited edition seasonal releases.<\/p>\n<h2>Wie kann ich mein eigenes Produkt personalisieren?<\/h2>\n<p>Sie haben die Wahl \u2013 und wir helfen Ihnen, jedes Detail perfekt umzusetzen.<\/p>\n<ul>\n<li>Besondere Oberfl\u00e4chenveredelungen: Probieren Sie mattiertes Glas, farbige Kappen oder sogar Zweifarbendruck f\u00fcr einen herausragenden Look.<\/li>\n<li>Flaschenfarbe: Ersetzen Sie Klarglas durch Rauchglas in Schwarz, Ozeanblau oder einem sanften Bernsteinton. Dunkles Diffusorglas reduziert den Lichteinfall und erh\u00e4lt die \u00d6lqualit\u00e4t.<\/li>\n<li>Gr\u00f6\u00dfe: W\u00e4hlen Sie 40 ml f\u00fcr Proben, 100 ml f\u00fcr den Standard-Einzelhandel oder 200 ml f\u00fcr Premium-Geschenksets.<\/li>\n<li>Logo &amp; Branding: Drucken Sie Ihr Logo direkt auf das Glas oder verwenden Sie individuelle Etiketten.<\/li>\n<\/ul>\n<p>Diese Diffusorflaschen im Gro\u00dfhandel sind mehr als nur Beh\u00e4lter. Sie sind der erste Eindruck Ihrer Marke. Nutzen Sie ihn!<\/p>","protected":false},"excerpt":{"rendered":"<p>The reed diffuser containers with ribbed glass, and gold stopper. These luxury diffuser bottles Ideal for brands and fragrance lines. Free samples.<\/p>","protected":false},"featured_media":5337,"template":"","meta":{"site-sidebar-layout":"default","site-content-layout":"","ast-site-content-layout":"default","site-content-style":"default","site-sidebar-style":"default","ast-global-header-display":"","ast-banner-title-visibility":"","ast-main-header-display":"","ast-hfb-above-header-display":"","ast-hfb-below-header-display":"","ast-hfb-mobile-header-display":"","site-post-title":"","ast-breadcrumbs-content":"","ast-featured-img":"","footer-sml-layout":"","theme-transparent-header-meta":"default","adv-header-id-meta":"","stick-header-meta":"","header-above-stick-meta":"","header-main-stick-meta":"","header-below-stick-meta":"","astra-migrate-meta-layouts":"set","ast-page-background-enabled":"default","ast-page-background-meta":{"desktop":{"background-color":"var(--ast-global-color-5)","background-image":"","background-repeat":"repeat","background-position":"center center","background-size":"auto","background-attachment":"scroll","background-type":"","background-media":"","overlay-type":"","overlay-color":"","overlay-opacity":"","overlay-gradient":""},"tablet":{"background-color":"","background-image":"","background-repeat":"repeat","background-position":"center center","background-size":"auto","background-attachment":"scroll","background-type":"","background-media":"","overlay-type":"","overlay-color":"","overlay-opacity":"","overlay-gradient":""},"mobile":{"background-color":"","background-image":"","background-repeat":"repeat","background-position":"center center","background-size":"auto","background-attachment":"scroll","background-type":"","background-media":"","overlay-type":"","overlay-color":"","overlay-opacity":"","overlay-gradient":""}},"ast-content-background-meta":{"desktop":{"background-color":"var(--ast-global-color-4)","background-image":"","background-repeat":"repeat","background-position":"center center","background-size":"auto","background-attachment":"scroll","background-type":"","background-media":"","overlay-type":"","overlay-color":"","overlay-opacity":"","overlay-gradient":""},"tablet":{"background-color":"var(--ast-global-color-4)","background-image":"","background-repeat":"repeat","background-position":"center center","background-size":"auto","background-attachment":"scroll","background-type":"","background-media":"","overlay-type":"","overlay-color":"","overlay-opacity":"","overlay-gradient":""},"mobile":{"background-color":"var(--ast-global-color-4)","background-image":"","background-repeat":"repeat","background-position":"center center","background-size":"auto","background-attachment":"scroll","background-type":"","background-media":"","overlay-type":"","overlay-color":"","overlay-opacity":"","overlay-gradient":""}}},"product_brand":[],"product_cat":[54,21],"product_tag":[],"class_list":{"0":"post-760","1":"product","2":"type-product","3":"status-publish","4":"has-post-thumbnail","6":"product_cat-reed-diffuser-bottles","7":"product_cat-product","8":"desktop-align-left","9":"tablet-align-left","10":"mobile-align-left","12":"first","13":"instock","14":"shipping-taxable","15":"product-type-simple"},"jetpack_sharing_enabled":true,"_links":{"self":[{"href":"https:\/\/mostebglass.com\/de\/wp-json\/wp\/v2\/product\/760","targetHints":{"allow":["GET"]}}],"collection":[{"href":"https:\/\/mostebglass.com\/de\/wp-json\/wp\/v2\/product"}],"about":[{"href":"https:\/\/mostebglass.com\/de\/wp-json\/wp\/v2\/types\/product"}],"wp:featuredmedia":[{"embeddable":true,"href":"https:\/\/mostebglass.com\/de\/wp-json\/wp\/v2\/media\/5337"}],"wp:attachment":[{"href":"https:\/\/mostebglass.com\/de\/wp-json\/wp\/v2\/media?parent=760"}],"wp:term":[{"taxonomy":"product_brand","embeddable":true,"href":"https:\/\/mostebglass.com\/de\/wp-json\/wp\/v2\/product_brand?post=760"},{"taxonomy":"product_cat","embeddable":true,"href":"https:\/\/mostebglass.com\/de\/wp-json\/wp\/v2\/product_cat?post=760"},{"taxonomy":"product_tag","embeddable":true,"href":"https:\/\/mostebglass.com\/de\/wp-json\/wp\/v2\/product_tag?post=760"}],"curies":[{"name":"wp","href":"https:\/\/api.w.org\/{rel}","templated":true}]}}