{"id":917,"date":"2025-08-26T11:09:53","date_gmt":"2025-08-26T03:09:53","guid":{"rendered":"https:\/\/mostebglass.com\/?post_type=product&#038;p=917"},"modified":"2026-03-13T15:13:32","modified_gmt":"2026-03-13T07:13:32","slug":"round-reed-diffuser-bottles-empty-for-aromatherapy-bulk","status":"publish","type":"product","link":"https:\/\/mostebglass.com\/de\/round-reed-diffuser-bottles-empty-for-aromatherapy-bulk\/","title":{"rendered":"100 ml 200 ml Runde Reed Diffusor Flaschen Leere f\u00fcr Aromatherapie Gro\u00df"},"content":{"rendered":"<p>Die leeren Flakons dieser Serie von Duftst\u00e4bchen-Serien zeichnen sich durch ihre einzigartige, abgeflachte Rundform aus. Die Flakons stehen auf einem breiten, stabilen Fu\u00df, und der Korpus wird durch sanft geschwungene Linien, die sich zum Hals hin verj\u00fcngen, elegant gewichtet. Der dekorative Metallring am Flaschenhals verleiht den Duftst\u00e4bchen ein ansprechendes und stilvolles Aussehen. Diese Produktserie eignet sich ideal f\u00fcr Wohnzimmer, Schlafzimmer, B\u00fcros, Hotels und Spas.<\/p>\n<h2>Produkteigenschaften<\/h2>\n<ul>\n<li><strong>Runde Form:<\/strong> Das einzigartige, flache, abgerundete Design unterscheidet sich von herk\u00f6mmlichen Diffusoren, spart Platz und bietet eine langlebige und stabile Oberfl\u00e4che.<\/li>\n<li><strong>Der ideale Rattanst\u00e4bchen-Diffusor:<\/strong> Es enth\u00e4lt ausreichend \u00e4therische \u00d6le f\u00fcr mehrere Wochen. Es ist weder zu schwer noch zu leicht und passt perfekt in die meisten handels\u00fcblichen Glasdiffusorflaschen.<\/li>\n<li><strong>Klares Glas pr\u00e4sentiert Ihren Duft:<\/strong> \u00c4therische \u00d6le in Bernstein, Gr\u00fcn oder Klar erzeugen einen faszinierenden Glanz. Sie verziehen sich nicht und erzeugen keinen billigen Dunst. Diffusorqualit\u00e4t aus reinem Glas.<\/li>\n<\/ul>\n<h2>Wie eine Marke ihr Produkt kreierte<\/h2>\n<p>Ein aufstrebendes Start-up f\u00fcr Raumd\u00fcfte wollte mit seinem Diffusor eine beruhigende Atmosph\u00e4re schaffen und gleichzeitig eine moderne \u00c4sthetik verk\u00f6rpern. Sie w\u00e4hlten diese runden Diffusorflaschen, f\u00e4rbten das Glas in einem sanften, matten Salbeigr\u00fcn und kombinierten sie mit einem nat\u00fcrlichen Bambusverschluss und schwarzem Schilfrohr. Die flie\u00dfenden Rundungen verleihen den Flaschen eine steinerne Ruhe. Das Ergebnis? Ihre leeren Schilfrohr-Diffusoren sind ein Bestseller in Geschenkboutiquen. Kunden sagen, sie \u201ef\u00fchlen sich wie ein Spa im Zimmer an\u201c.<\/p>\n<h2>Clevere Anpassungstechniken (Beginnen Sie mit der Flasche)<\/h2>\n<ul>\n<li>Versuchen Sie get\u00f6ntes Glas, um eine harmonische Atmosph\u00e4re zu schaffen: Sanfte Blaut\u00f6ne eignen sich perfekt f\u00fcr D\u00fcfte mit Meeresduft. Warmes Bernstein harmoniert gut mit Vanillemischungen. Sogar rauchiges Schwarz eignet sich perfekt f\u00fcr reiche, geheimnisvolle Noten. Get\u00f6nte Glasdiffusoren sorgen sofort f\u00fcr Stimmung.<\/li>\n<li>Benutzerdefiniertes Logo: F\u00fcgen Sie Ihr Logo per Siebdruck oder \u00c4tzen hinzu, um die Markenbekanntheit zu steigern.<\/li>\n<li>Einstellbare Flaschenhalsh\u00f6he (optional): M\u00fcssen Sie den Flaschenhals erh\u00f6hen, um den Verschluss oder die Pumpe anzupassen? Wir k\u00f6nnen ihn f\u00fcr Sie anpassen. Oder Sie k\u00f6nnen ihn f\u00fcr einen dezenteren, modernen Look verk\u00fcrzen.<\/li>\n<\/ul>\n<p>Wir liefern Diffusorzubeh\u00f6r. Sie bringen die Vision mit. Lassen Sie uns Ihre n\u00e4chste Kollektion unvergesslich machen.<\/p>","protected":false},"excerpt":{"rendered":"<p>Hochwertige runde Diffusorflaschen und leere Schilfdiffusorflaschen f\u00fcr den Gro\u00dfhandel. Individuelles Design, Mengenrabatte und kostenlose Proben zur F\u00f6rderung Ihrer Duftmarke.<\/p>","protected":false},"featured_media":4753,"template":"","meta":{"site-sidebar-layout":"default","site-content-layout":"","ast-site-content-layout":"default","site-content-style":"default","site-sidebar-style":"default","ast-global-header-display":"","ast-banner-title-visibility":"","ast-main-header-display":"","ast-hfb-above-header-display":"","ast-hfb-below-header-display":"","ast-hfb-mobile-header-display":"","site-post-title":"","ast-breadcrumbs-content":"","ast-featured-img":"","footer-sml-layout":"","theme-transparent-header-meta":"default","adv-header-id-meta":"","stick-header-meta":"","header-above-stick-meta":"","header-main-stick-meta":"","header-below-stick-meta":"","astra-migrate-meta-layouts":"set","ast-page-background-enabled":"default","ast-page-background-meta":{"desktop":{"background-color":"var(--ast-global-color-5)","background-image":"","background-repeat":"repeat","background-position":"center center","background-size":"auto","background-attachment":"scroll","background-type":"","background-media":"","overlay-type":"","overlay-color":"","overlay-opacity":"","overlay-gradient":""},"tablet":{"background-color":"","background-image":"","background-repeat":"repeat","background-position":"center center","background-size":"auto","background-attachment":"scroll","background-type":"","background-media":"","overlay-type":"","overlay-color":"","overlay-opacity":"","overlay-gradient":""},"mobile":{"background-color":"","background-image":"","background-repeat":"repeat","background-position":"center center","background-size":"auto","background-attachment":"scroll","background-type":"","background-media":"","overlay-type":"","overlay-color":"","overlay-opacity":"","overlay-gradient":""}},"ast-content-background-meta":{"desktop":{"background-color":"var(--ast-global-color-4)","background-image":"","background-repeat":"repeat","background-position":"center center","background-size":"auto","background-attachment":"scroll","background-type":"","background-media":"","overlay-type":"","overlay-color":"","overlay-opacity":"","overlay-gradient":""},"tablet":{"background-color":"var(--ast-global-color-4)","background-image":"","background-repeat":"repeat","background-position":"center center","background-size":"auto","background-attachment":"scroll","background-type":"","background-media":"","overlay-type":"","overlay-color":"","overlay-opacity":"","overlay-gradient":""},"mobile":{"background-color":"var(--ast-global-color-4)","background-image":"","background-repeat":"repeat","background-position":"center center","background-size":"auto","background-attachment":"scroll","background-type":"","background-media":"","overlay-type":"","overlay-color":"","overlay-opacity":"","overlay-gradient":""}}},"product_brand":[],"product_cat":[54],"product_tag":[],"class_list":{"0":"post-917","1":"product","2":"type-product","3":"status-publish","4":"has-post-thumbnail","6":"product_cat-reed-diffuser-bottles","7":"desktop-align-left","8":"tablet-align-left","9":"mobile-align-left","11":"first","12":"instock","13":"shipping-taxable","14":"product-type-simple"},"jetpack_sharing_enabled":true,"_links":{"self":[{"href":"https:\/\/mostebglass.com\/de\/wp-json\/wp\/v2\/product\/917","targetHints":{"allow":["GET"]}}],"collection":[{"href":"https:\/\/mostebglass.com\/de\/wp-json\/wp\/v2\/product"}],"about":[{"href":"https:\/\/mostebglass.com\/de\/wp-json\/wp\/v2\/types\/product"}],"wp:featuredmedia":[{"embeddable":true,"href":"https:\/\/mostebglass.com\/de\/wp-json\/wp\/v2\/media\/4753"}],"wp:attachment":[{"href":"https:\/\/mostebglass.com\/de\/wp-json\/wp\/v2\/media?parent=917"}],"wp:term":[{"taxonomy":"product_brand","embeddable":true,"href":"https:\/\/mostebglass.com\/de\/wp-json\/wp\/v2\/product_brand?post=917"},{"taxonomy":"product_cat","embeddable":true,"href":"https:\/\/mostebglass.com\/de\/wp-json\/wp\/v2\/product_cat?post=917"},{"taxonomy":"product_tag","embeddable":true,"href":"https:\/\/mostebglass.com\/de\/wp-json\/wp\/v2\/product_tag?post=917"}],"curies":[{"name":"wp","href":"https:\/\/api.w.org\/{rel}","templated":true}]}}