{"id":978,"date":"2025-08-27T10:49:56","date_gmt":"2025-08-27T02:49:56","guid":{"rendered":"https:\/\/mostebglass.com\/?post_type=product&#038;p=978"},"modified":"2026-03-05T17:04:02","modified_gmt":"2026-03-05T09:04:02","slug":"groshandel-quadratischen-diffusor-flaschen-mit-schraubdeckel","status":"publish","type":"product","link":"https:\/\/mostebglass.com\/de\/wholesale-square-diffuser-bottles-with-screw-lids\/","title":{"rendered":"200 ml 250 ml quadratische Diffusorflaschen mit Schraubdeckeln Gro\u00dfhandel"},"content":{"rendered":"<p>Sie erwerben mehr als nur Duftflakons \u2013 Sie entscheiden \u00fcber den ersten Eindruck. Diese quadratischen Duftflakons bestechen durch klare Linien und ein elegantes Design. Gefertigt aus dickem, klarem Glas, verleihen sie Ihrem Zuhause einen Hauch von Luxus.<\/p>\n<h2>Produkteigenschaften<\/h2>\n<ul>\n<li><strong>Modern Style:<\/strong> The clean, square silhouette creates a contemporary look that complements a variety of decor styles.<\/li>\n<li><strong>Premiumglas:<\/strong> Our bottles are made from thick, high-quality glass that\u2019s shatter-resistant and comfortable to the touch, making them ideal for luxurious fragrances.<\/li>\n<li><strong>Leak-Proof Stopper and Bottle Neck:<\/strong> The threaded bottle neck features a secure stopper and leak-proof stopper to prevent leaks, eliminating the need for leak-proof nails.<\/li>\n<\/ul>\n<h2>Erfolg in der Praxis: Wie eine Marke rasant wuchs<\/h2>\n<p>Ein kalifornisches Startup brachte seine erste Linie von Aromatherapie-Flaschen auf den Markt. Gesucht wurde ein elegantes und gleichzeitig erschwingliches Produkt \u2013 eines, das exklusiv wirkte und sich in gro\u00dfen Mengen produzieren lie\u00df. Die Wahl fiel auf unsere speziell angefertigten, dunkelgr\u00fcnen, quadratischen Diffusorflaschen mit 200 ml Fassungsverm\u00f6gen. Die daraus entstandene Aromatherapie-Flasche mit ihrem minimalistischen Etikett und dem nat\u00fcrlichen Holzst\u00e4bchen wirkte wie direkt aus einem Luxus-Spa. Innerhalb von sechs Monaten waren sie bereits in zwei gro\u00dfen Einzelhandelsketten erh\u00e4ltlich. Warum? Weil diese Aromatherapie-Flaschen nicht nur f\u00fcr \u00e4therische \u00d6le geeignet sind, sondern auch ein echter Hingucker.<\/p>\n<h2>Sie w\u00fcnschen sich individuelle Anpassungen? Dann fangen Sie hier an!<\/h2>\n<p>Beschr\u00e4nken Sie sich nicht auf die Grundlagen. Versuchen Sie Folgendes:<\/p>\n<ul>\n<li>Tauschen Sie das Klarglas gegen bernsteinfarbenes oder kobaltblaues Glas aus, um lichtempfindliche \u00e4therische \u00d6le zu sch\u00fctzen.<\/li>\n<li>F\u00fcr einen Kontrast einen mattschwarzen Stopper hinzuf\u00fcgen \u2013 schlicht und doch wirkungsvoll.<\/li>\n<li>R\u00fcsten Sie auf individuell gestaltete Aromatherapie-Verpackungen mit Markenh\u00fcllen oder Geschenkboxen auf.<\/li>\n<li>Noch besser: Bestellen Sie 200-ml- und 250-ml-Glasdiffusoren in einer gemeinsamen Bestellung. So bieten Sie Ihren Kunden verschiedene Gr\u00f6\u00dfen zur Auswahl.<\/li>\n<\/ul>","protected":false},"excerpt":{"rendered":"<p>Quadratische Diffusorflaschen und Apotheker-Diffusorflaschen im Gro\u00dfhandel. Hochwertiges Glas, individuell gestaltbar, Gro\u00dfmengen und kostenlose Muster f\u00fcr Duftmarken.<\/p>","protected":false},"featured_media":4636,"template":"","meta":{"site-sidebar-layout":"default","site-content-layout":"","ast-site-content-layout":"default","site-content-style":"default","site-sidebar-style":"default","ast-global-header-display":"","ast-banner-title-visibility":"","ast-main-header-display":"","ast-hfb-above-header-display":"","ast-hfb-below-header-display":"","ast-hfb-mobile-header-display":"","site-post-title":"","ast-breadcrumbs-content":"","ast-featured-img":"","footer-sml-layout":"","theme-transparent-header-meta":"default","adv-header-id-meta":"","stick-header-meta":"","header-above-stick-meta":"","header-main-stick-meta":"","header-below-stick-meta":"","astra-migrate-meta-layouts":"set","ast-page-background-enabled":"default","ast-page-background-meta":{"desktop":{"background-color":"var(--ast-global-color-5)","background-image":"","background-repeat":"repeat","background-position":"center center","background-size":"auto","background-attachment":"scroll","background-type":"","background-media":"","overlay-type":"","overlay-color":"","overlay-opacity":"","overlay-gradient":""},"tablet":{"background-color":"","background-image":"","background-repeat":"repeat","background-position":"center center","background-size":"auto","background-attachment":"scroll","background-type":"","background-media":"","overlay-type":"","overlay-color":"","overlay-opacity":"","overlay-gradient":""},"mobile":{"background-color":"","background-image":"","background-repeat":"repeat","background-position":"center center","background-size":"auto","background-attachment":"scroll","background-type":"","background-media":"","overlay-type":"","overlay-color":"","overlay-opacity":"","overlay-gradient":""}},"ast-content-background-meta":{"desktop":{"background-color":"var(--ast-global-color-4)","background-image":"","background-repeat":"repeat","background-position":"center center","background-size":"auto","background-attachment":"scroll","background-type":"","background-media":"","overlay-type":"","overlay-color":"","overlay-opacity":"","overlay-gradient":""},"tablet":{"background-color":"var(--ast-global-color-4)","background-image":"","background-repeat":"repeat","background-position":"center center","background-size":"auto","background-attachment":"scroll","background-type":"","background-media":"","overlay-type":"","overlay-color":"","overlay-opacity":"","overlay-gradient":""},"mobile":{"background-color":"var(--ast-global-color-4)","background-image":"","background-repeat":"repeat","background-position":"center center","background-size":"auto","background-attachment":"scroll","background-type":"","background-media":"","overlay-type":"","overlay-color":"","overlay-opacity":"","overlay-gradient":""}}},"product_brand":[],"product_cat":[54],"product_tag":[],"class_list":{"0":"post-978","1":"product","2":"type-product","3":"status-publish","4":"has-post-thumbnail","6":"product_cat-reed-diffuser-bottles","7":"desktop-align-left","8":"tablet-align-left","9":"mobile-align-left","11":"first","12":"instock","13":"shipping-taxable","14":"product-type-simple"},"jetpack_sharing_enabled":true,"_links":{"self":[{"href":"https:\/\/mostebglass.com\/de\/wp-json\/wp\/v2\/product\/978","targetHints":{"allow":["GET"]}}],"collection":[{"href":"https:\/\/mostebglass.com\/de\/wp-json\/wp\/v2\/product"}],"about":[{"href":"https:\/\/mostebglass.com\/de\/wp-json\/wp\/v2\/types\/product"}],"wp:featuredmedia":[{"embeddable":true,"href":"https:\/\/mostebglass.com\/de\/wp-json\/wp\/v2\/media\/4636"}],"wp:attachment":[{"href":"https:\/\/mostebglass.com\/de\/wp-json\/wp\/v2\/media?parent=978"}],"wp:term":[{"taxonomy":"product_brand","embeddable":true,"href":"https:\/\/mostebglass.com\/de\/wp-json\/wp\/v2\/product_brand?post=978"},{"taxonomy":"product_cat","embeddable":true,"href":"https:\/\/mostebglass.com\/de\/wp-json\/wp\/v2\/product_cat?post=978"},{"taxonomy":"product_tag","embeddable":true,"href":"https:\/\/mostebglass.com\/de\/wp-json\/wp\/v2\/product_tag?post=978"}],"curies":[{"name":"wp","href":"https:\/\/api.w.org\/{rel}","templated":true}]}}