{"id":988,"date":"2025-08-27T11:53:06","date_gmt":"2025-08-27T03:53:06","guid":{"rendered":"https:\/\/mostebglass.com\/?post_type=product&#038;p=988"},"modified":"2026-02-28T18:49:16","modified_gmt":"2026-02-28T10:49:16","slug":"multi-size-clear-glass-candle-jars-containers-wholesale","status":"publish","type":"product","link":"https:\/\/mostebglass.com\/de\/multi-size-clear-glass-candle-jars-containers-wholesale\/","title":{"rendered":"Gro\u00dfhandel f\u00fcr klare Glaskerzengl\u00e4ser und -beh\u00e4lter in verschiedenen Gr\u00f6\u00dfen (320\u2013950 ml)"},"content":{"rendered":"<p>Die Serie umfasst vielseitige, klare Glaskerzengl\u00e4ser mit einer eleganten, abgerundeten Form, einem dicken Boden und einer zylindrischen Gestalt, die ein modernes und ansprechendes Erscheinungsbild bietet. Das transparente Kalk-Natron-Glas zeichnet sich durch hohe Klarheit und gleichm\u00e4\u00dfige Wandst\u00e4rke aus, was f\u00fcr eine attraktive Optik und lange Lebensdauer sorgt.<\/p>\n<p>Die Kollektion umfasst sechs verschiedene Gr\u00f6\u00dfen (320 ml, 410 ml, 430 ml, 550 ml, 690 ml und 950 ml) und bietet Marken damit die M\u00f6glichkeit, aufeinander abgestimmte Produktlinien f\u00fcr vielf\u00e4ltige Anwendungsbereiche zu gestalten. Die ausgew\u00e4hlten Modelle sind sowohl mit Deckeln aus nat\u00fcrlichem Bambus als auch mit Metalldeckeln kompatibel. Dies sorgt f\u00fcr einen sch\u00f6nen Materialkontrast und verbessert die Dichtigkeit.<\/p>\n<h2>Wichtige Spezifikationen<\/h2>\n<p>&nbsp;<\/p>\n<table style=\"border-collapse: collapse; width: 100%; margin-left: auto; margin-right: auto;\" border=\"0\" width=\"100%\" cellspacing=\"0\" cellpadding=\"0\">\n<tbody>\n<tr style=\"height: 13.50pt;\">\n<td style=\"height: 13.50pt; width: 54.00pt;\" width=\"72\" height=\"18\">Kapazit\u00e4t<\/td>\n<td style=\"width: 54.00pt;\" width=\"72\">320 ml<\/td>\n<td style=\"width: 54.00pt;\" width=\"72\">410 ml<\/td>\n<td style=\"width: 54.00pt;\" width=\"72\">430 ml<\/td>\n<td style=\"width: 54.00pt;\" width=\"72\">550 ml<\/td>\n<td style=\"width: 54.00pt;\" width=\"72\">690 ml<\/td>\n<td style=\"width: 54.00pt;\" width=\"72\">950 ml<\/td>\n<\/tr>\n<tr style=\"height: 13.50pt;\">\n<td style=\"height: 13.50pt;\" height=\"18\">Abmessungen<\/td>\n<td>80x75x100mm<\/td>\n<td>88x83x100mm<\/td>\n<td>90 x 85 x 102 mm<\/td>\n<td>100 x 94 x 101 mm<\/td>\n<td>100 x 92 x 125 mm<\/td>\n<td>120 x 113 x 120 mm<\/td>\n<\/tr>\n<tr style=\"height: 13.50pt;\">\n<td style=\"height: 13.50pt;\" height=\"18\">Material<\/td>\n<td class=\"et2\" style=\"text-align: center;\" colspan=\"6\">Hochtransparentes, bleifreies Natronkalkglas<\/td>\n<\/tr>\n<tr style=\"height: 13.50pt;\">\n<td style=\"height: 13.50pt;\" height=\"18\">Farboptionen<\/td>\n<td class=\"et2\" style=\"text-align: center;\" colspan=\"6\">Transparent, Ihre Wunschfarbe<\/td>\n<\/tr>\n<tr style=\"height: 13.50pt;\">\n<td style=\"height: 13.50pt;\" height=\"18\">Form<\/td>\n<td class=\"et2\" style=\"text-align: center;\" colspan=\"6\">Zylindrischer K\u00f6rper mit geraden Seiten und stabilem, dickem und schwerem Sockel.<\/td>\n<\/tr>\n<tr style=\"height: 13.50pt;\">\n<td style=\"height: 13.50pt;\" height=\"18\">Deckelkompatibilit\u00e4t<\/td>\n<td class=\"et2\" style=\"text-align: center;\" colspan=\"6\">Bambusdeckel und Metalldeckel mit Silikonpads<\/td>\n<\/tr>\n<tr style=\"height: 13.50pt;\">\n<td style=\"height: 13.50pt;\" height=\"18\">Anpassungsoptionen<\/td>\n<td class=\"et2\" style=\"text-align: center;\" colspan=\"6\">Farbe, Gr\u00f6\u00dfe, Fassungsverm\u00f6gen, Oberfl\u00e4chenbeschaffenheit, Logo, Verpackungskarton<\/td>\n<\/tr>\n<\/tbody>\n<\/table>\n<h2>Anwendungen<\/h2>\n<p>Diese durchsichtigen Glaskerzengl\u00e4ser dienen verschiedenen Anwendungen in unterschiedlichen M\u00e4rkten:<\/p>\n<ul>\n<li><strong>Kerzengl\u00e4ser<\/strong>Die Kerzen eignen sich f\u00fcr Duftkerzen, Sojakerzen und Kerzen im Glas. Der dichte Boden erh\u00f6ht die Brennhitze und die Sicherheit.<\/li>\n<li><strong>Trinkgl\u00e4ser<\/strong>: Die Wahl des Fassungsverm\u00f6gens (z. B. 320 ml - 430 ml Gl\u00e4ser) erm\u00f6glicht die Verwendung als Whiskygl\u00e4ser oder Wassergl\u00e4ser aufgrund der Proportionalit\u00e4t und des stabilen Standes.<\/li>\n<li><strong>Vorratsgl\u00e4ser<\/strong>Diese Gl\u00e4ser eignen sich perfekt f\u00fcr Kaffeebohnen, Gew\u00fcrze, Zucker, Tee, Badesalz oder kleine Haushaltsgegenst\u00e4nde und sollten am besten mit einem Deckel verwendet werden.<\/li>\n<li><strong>Vasen<\/strong>Gr\u00f6\u00dfere Vasen (690 ml-950 ml) sind als minimalistische Glasvasen mit frischen oder getrockneten Blumenarrangements m\u00f6glich.<\/li>\n<li><strong>Gastfreundschaft\/Geschenke<\/strong>Dies eignet sich f\u00fcr Hotels, Restaurants, Merchandise-Geschenksets und Marketingverpackungen.<\/li>\n<\/ul>\n<h2>Empfehlungen zur B2B-Anpassung.<\/h2>\n<p>Die Serie bietet ein hohes Potenzial zur individuellen Anpassung an die Bed\u00fcrfnisse von Markeninhabern, Gro\u00dfh\u00e4ndlern und K\u00e4ufern von Eigenmarken:<\/p>\n<ul>\n<li><strong>Verzierungen auf Logos<\/strong>: Siebdruck, Thermotransferdruck, mattiertes Logo, Lasergravur.<\/li>\n<li><strong>Oberfl\u00e4chenveredelung:<\/strong> Mattiertes Glas, Spr\u00fchbeschichtung, Galvanisierung, Farbverlauf.<\/li>\n<li><strong>Unterschiedliche Deckel:<\/strong> Deckel aus Holz, Bambus, Metall oder individuell lackierte Deckel.<\/li>\n<li><strong>Gr\u00f6\u00dfenanpassung:<\/strong> Individuell angepasste Formteile mit exklusiver Kapazit\u00e4t oder exklusivem Durchmesser.<\/li>\n<li><strong>Verpackungsoptionen:<\/strong> Markeneinlagen, gro\u00dfe Exportkartons, personalisierte Geschenkboxen.<\/li>\n<li><strong>Wir sind bereit, Kerzen zu liefern:<\/strong> Von vorgewachsten F\u00fcllungen bis hin zu schl\u00fcsselfertigen Kerzenauftr\u00e4gen.<\/li>\n<\/ul>\n<p>Das einheitliche Erscheinungsbild der Mehrkapazit\u00e4tsbeh\u00e4lter erm\u00f6glicht es Marken, komplette Produktfamilien zu schaffen und die Produktions- und Verpackungseffizienz zu maximieren.<\/p>","protected":false},"excerpt":{"rendered":"<p>Glasbeh\u00e4lter in verschiedenen Gr\u00f6\u00dfen (320 ml bis 950 ml) f\u00fcr klare Glaskerzengl\u00e4ser, Trinkgl\u00e4ser und Vasen. Individuell anpassbar f\u00fcr Eigenmarken und Gro\u00dfhandelsprojekte.<\/p>","protected":false},"featured_media":4529,"template":"","meta":{"site-sidebar-layout":"default","site-content-layout":"","ast-site-content-layout":"default","site-content-style":"default","site-sidebar-style":"default","ast-global-header-display":"","ast-banner-title-visibility":"","ast-main-header-display":"","ast-hfb-above-header-display":"","ast-hfb-below-header-display":"","ast-hfb-mobile-header-display":"","site-post-title":"","ast-breadcrumbs-content":"","ast-featured-img":"","footer-sml-layout":"","theme-transparent-header-meta":"default","adv-header-id-meta":"","stick-header-meta":"","header-above-stick-meta":"","header-main-stick-meta":"","header-below-stick-meta":"","astra-migrate-meta-layouts":"set","ast-page-background-enabled":"default","ast-page-background-meta":{"desktop":{"background-color":"var(--ast-global-color-5)","background-image":"","background-repeat":"repeat","background-position":"center center","background-size":"auto","background-attachment":"scroll","background-type":"","background-media":"","overlay-type":"","overlay-color":"","overlay-opacity":"","overlay-gradient":""},"tablet":{"background-color":"","background-image":"","background-repeat":"repeat","background-position":"center center","background-size":"auto","background-attachment":"scroll","background-type":"","background-media":"","overlay-type":"","overlay-color":"","overlay-opacity":"","overlay-gradient":""},"mobile":{"background-color":"","background-image":"","background-repeat":"repeat","background-position":"center center","background-size":"auto","background-attachment":"scroll","background-type":"","background-media":"","overlay-type":"","overlay-color":"","overlay-opacity":"","overlay-gradient":""}},"ast-content-background-meta":{"desktop":{"background-color":"var(--ast-global-color-4)","background-image":"","background-repeat":"repeat","background-position":"center center","background-size":"auto","background-attachment":"scroll","background-type":"","background-media":"","overlay-type":"","overlay-color":"","overlay-opacity":"","overlay-gradient":""},"tablet":{"background-color":"var(--ast-global-color-4)","background-image":"","background-repeat":"repeat","background-position":"center center","background-size":"auto","background-attachment":"scroll","background-type":"","background-media":"","overlay-type":"","overlay-color":"","overlay-opacity":"","overlay-gradient":""},"mobile":{"background-color":"var(--ast-global-color-4)","background-image":"","background-repeat":"repeat","background-position":"center center","background-size":"auto","background-attachment":"scroll","background-type":"","background-media":"","overlay-type":"","overlay-color":"","overlay-opacity":"","overlay-gradient":""}}},"product_brand":[],"product_cat":[28,21],"product_tag":[],"class_list":{"0":"post-988","1":"product","2":"type-product","3":"status-publish","4":"has-post-thumbnail","6":"product_cat-glass-candle-jars","7":"product_cat-product","8":"desktop-align-left","9":"tablet-align-left","10":"mobile-align-left","12":"first","13":"instock","14":"shipping-taxable","15":"product-type-simple"},"jetpack_sharing_enabled":true,"_links":{"self":[{"href":"https:\/\/mostebglass.com\/de\/wp-json\/wp\/v2\/product\/988","targetHints":{"allow":["GET"]}}],"collection":[{"href":"https:\/\/mostebglass.com\/de\/wp-json\/wp\/v2\/product"}],"about":[{"href":"https:\/\/mostebglass.com\/de\/wp-json\/wp\/v2\/types\/product"}],"wp:featuredmedia":[{"embeddable":true,"href":"https:\/\/mostebglass.com\/de\/wp-json\/wp\/v2\/media\/4529"}],"wp:attachment":[{"href":"https:\/\/mostebglass.com\/de\/wp-json\/wp\/v2\/media?parent=988"}],"wp:term":[{"taxonomy":"product_brand","embeddable":true,"href":"https:\/\/mostebglass.com\/de\/wp-json\/wp\/v2\/product_brand?post=988"},{"taxonomy":"product_cat","embeddable":true,"href":"https:\/\/mostebglass.com\/de\/wp-json\/wp\/v2\/product_cat?post=988"},{"taxonomy":"product_tag","embeddable":true,"href":"https:\/\/mostebglass.com\/de\/wp-json\/wp\/v2\/product_tag?post=988"}],"curies":[{"name":"wp","href":"https:\/\/api.w.org\/{rel}","templated":true}]}}