{"id":1032,"date":"2025-08-28T11:26:08","date_gmt":"2025-08-28T03:26:08","guid":{"rendered":"https:\/\/mostebglass.com\/?post_type=product&#038;p=1032"},"modified":"2026-03-20T17:00:21","modified_gmt":"2026-03-20T09:00:21","slug":"round-candle-holder-85ml-jars-and-lids-for-candles","status":"publish","type":"product","link":"https:\/\/mostebglass.com\/es\/round-candle-holder-85ml-jars-and-lids-for-candles\/","title":{"rendered":"Portavelas redondo \u2013 Tarros y tapas de 85 ml para velas"},"content":{"rendered":"<p>Nuestros tarros y tapas de 85 ml para velas son un dise\u00f1o minimalista de boca ancha, ideal como recipiente vers\u00e1til. Fabricados en vidrio de cal sodada de alta calidad, presentan un acabado transparente que se adapta a la imagen de lujo y modernidad de la marca. Este peque\u00f1o recipiente tiene una capacidad total de 85 ml y es perfecto para velas arom\u00e1ticas, estuches de regalo y envases de vidrio listos para la venta. Compatible con tapas de metal o bamb\u00fa (con junta de silicona), ofrece una soluci\u00f3n completa para tarros y tapas de velas, siendo ampliamente utilizados por marcas y distribuidores que buscan tarros y recipientes para velas al por mayor.<\/p>\n<h2>Especificaciones clave<\/h2>\n<table style=\"border-collapse: collapse; width: 80%; margin-left: auto; margin-right: auto;\" border=\"0\" width=\"593\" cellspacing=\"0\" cellpadding=\"0\">\n<tbody>\n<tr style=\"height: 13.50pt;\">\n<td style=\"height: 13.50pt; width: 119.25pt;\" width=\"159\" height=\"18\">Forma<\/td>\n<td style=\"width: 325.50pt;\" width=\"434\">Boca redonda y ancha<\/td>\n<\/tr>\n<tr style=\"height: 13.50pt;\">\n<td style=\"height: 13.50pt;\" height=\"18\">Capacidad<\/td>\n<td>85 ml<\/td>\n<\/tr>\n<tr style=\"height: 13.50pt;\">\n<td style=\"height: 13.50pt;\" height=\"18\">Dimensiones<\/td>\n<td>Di\u00e1metro superior: 65 mm \/ Di\u00e1metro inferior: 58 mm \/ Altura: 60 mm<\/td>\n<\/tr>\n<tr style=\"height: 13.50pt;\">\n<td style=\"height: 13.50pt;\" height=\"18\">Peso<\/td>\n<td>200 g<\/td>\n<\/tr>\n<tr style=\"height: 13.50pt;\">\n<td style=\"height: 13.50pt;\" height=\"18\">Material<\/td>\n<td>Vidrio grueso de s\u00edlice-soda (compatible con materiales reciclados)<\/td>\n<\/tr>\n<tr style=\"height: 13.50pt;\">\n<td style=\"height: 13.50pt;\" height=\"18\">Opciones de tapa<\/td>\n<td>Tapa de metal\/bamb\u00fa con anillo de silicona (personalizada)<\/td>\n<\/tr>\n<tr style=\"height: 13.50pt;\">\n<td style=\"height: 13.50pt;\" height=\"18\">Color<\/td>\n<td>Transparente (colores personalizados disponibles)<\/td>\n<\/tr>\n<tr style=\"height: 13.50pt;\">\n<td style=\"height: 13.50pt;\" height=\"18\">Proceso de producci\u00f3n<\/td>\n<td>M\u00e1quina prensada<\/td>\n<\/tr>\n<tr style=\"height: 13.50pt;\">\n<td style=\"height: 13.50pt;\" height=\"18\">Embalaje<\/td>\n<td>90 unidades\/caja<\/td>\n<\/tr>\n<tr style=\"height: 13.50pt;\">\n<td style=\"height: 13.50pt;\" height=\"18\">Estilo<\/td>\n<td>Portavelas minimalista y moderno<\/td>\n<\/tr>\n<tr style=\"height: 13.50pt;\">\n<td style=\"height: 13.50pt;\" height=\"18\">Opciones personalizadas<\/td>\n<td>Logotipo, acabado superficial, color, tama\u00f1o, forma, capacidad<\/td>\n<\/tr>\n<\/tbody>\n<\/table>\n<h2>Caracter\u00edsticas principales<\/h2>\n<ol>\n<li><strong>Boca ancha para una mejor difusi\u00f3n del aroma<\/strong>Su amplia abertura permite una mayor difusi\u00f3n del aroma, convirti\u00e9ndolo en un recipiente perfecto para las mejores velas de aromaterapia.<\/li>\n<li><strong>Vidrio resistente y templado al calor.<\/strong>La estructura de este vidrio es m\u00e1s gruesa, lo que garantiza una gran resistencia al choque t\u00e9rmico y la seguridad de todo tipo de ceras.<\/li>\n<li><strong>Dise\u00f1o reutilizable y respetuoso con el medio ambiente.<\/strong>Se trata de un envase apto para el reciclaje, robusto y reutilizable, en consonancia con las tendencias de los envases de vidrio sostenibles.<\/li>\n<\/ol>\n<h2>Caso de \u00e9xito<\/h2>\n<p>Uno de los propietarios de una marca de velas de lujo en Francia adquiri\u00f3 20.000 de estos frascos de vidrio para velas como parte de su l\u00ednea de regalos de temporada. Al ser un minorista de estilo de vida de alta gama, necesitaban su propio empaque, con un acabado mate esmerilado, logotipo impreso en dorado y tapas de bamb\u00fa. Este estilo minimalista y el envase transparente permit\u00edan a los clientes apreciar el color de la cera, lo que mejoraba su atractivo en el lineal. La l\u00ednea se agot\u00f3 en tres meses debido a las ventas en tiendas online y f\u00edsicas, que incrementaron sus ingresos por velas en un 35%. El cliente ya ha realizado varios pedidos al por mayor y ha establecido una colaboraci\u00f3n a largo plazo con la empresa, tanto al por mayor como al por mayor.<\/p>\n<h2>Recomendaciones de personalizaci\u00f3n para compradores B2B<\/h2>\n<ol>\n<li><strong>Personalizaci\u00f3n centrada en la marca<\/strong>: Serigraf\u00eda, grabado en relieve o etiquetado de los frascos de velas est\u00e1ndar para crear frascos de velas de lujo \u00fanicos.<\/li>\n<li><strong>Tapa y embalaje<\/strong>: Combinaci\u00f3n de tapas de bamb\u00fa o metal: Combine cajas exteriores personalizadas con tapas de bamb\u00fa o metal para crear recipientes completos para velas con tapa, ideales para vender o regalar.<\/li>\n<li><strong>Opciones de color\/acabado<\/strong>Personaliza el acabado esmerilado, de color o pulverizado para que combine con la temporada o la imagen de marca de tu portavelas.<\/li>\n<\/ol>\n<p>Este producto es la mejor opci\u00f3n del mercado para marcas, distribuidores y socios fabricantes que desean contar con art\u00edculos duraderos y de buen aspecto, con opciones de embalaje personalizadas y flexibles.<\/p>","protected":false},"excerpt":{"rendered":"<p>Portavelas redondo de alta calidad con frascos y tapas para velas. Envase de vidrio minimalista y duradero, ideal para la venta al por mayor de velas.<\/p>","protected":false},"featured_media":4859,"template":"","meta":{"site-sidebar-layout":"default","site-content-layout":"","ast-site-content-layout":"default","site-content-style":"default","site-sidebar-style":"default","ast-global-header-display":"","ast-banner-title-visibility":"","ast-main-header-display":"","ast-hfb-above-header-display":"","ast-hfb-below-header-display":"","ast-hfb-mobile-header-display":"","site-post-title":"","ast-breadcrumbs-content":"","ast-featured-img":"","footer-sml-layout":"","theme-transparent-header-meta":"default","adv-header-id-meta":"","stick-header-meta":"","header-above-stick-meta":"","header-main-stick-meta":"","header-below-stick-meta":"","astra-migrate-meta-layouts":"set","ast-page-background-enabled":"default","ast-page-background-meta":{"desktop":{"background-color":"var(--ast-global-color-5)","background-image":"","background-repeat":"repeat","background-position":"center center","background-size":"auto","background-attachment":"scroll","background-type":"","background-media":"","overlay-type":"","overlay-color":"","overlay-opacity":"","overlay-gradient":""},"tablet":{"background-color":"","background-image":"","background-repeat":"repeat","background-position":"center center","background-size":"auto","background-attachment":"scroll","background-type":"","background-media":"","overlay-type":"","overlay-color":"","overlay-opacity":"","overlay-gradient":""},"mobile":{"background-color":"","background-image":"","background-repeat":"repeat","background-position":"center center","background-size":"auto","background-attachment":"scroll","background-type":"","background-media":"","overlay-type":"","overlay-color":"","overlay-opacity":"","overlay-gradient":""}},"ast-content-background-meta":{"desktop":{"background-color":"var(--ast-global-color-4)","background-image":"","background-repeat":"repeat","background-position":"center center","background-size":"auto","background-attachment":"scroll","background-type":"","background-media":"","overlay-type":"","overlay-color":"","overlay-opacity":"","overlay-gradient":""},"tablet":{"background-color":"var(--ast-global-color-4)","background-image":"","background-repeat":"repeat","background-position":"center center","background-size":"auto","background-attachment":"scroll","background-type":"","background-media":"","overlay-type":"","overlay-color":"","overlay-opacity":"","overlay-gradient":""},"mobile":{"background-color":"var(--ast-global-color-4)","background-image":"","background-repeat":"repeat","background-position":"center center","background-size":"auto","background-attachment":"scroll","background-type":"","background-media":"","overlay-type":"","overlay-color":"","overlay-opacity":"","overlay-gradient":""}}},"product_brand":[],"product_cat":[28,21],"product_tag":[],"class_list":{"0":"post-1032","1":"product","2":"type-product","3":"status-publish","4":"has-post-thumbnail","6":"product_cat-glass-candle-jars","7":"product_cat-product","8":"desktop-align-left","9":"tablet-align-left","10":"mobile-align-left","12":"first","13":"instock","14":"shipping-taxable","15":"product-type-simple"},"jetpack_sharing_enabled":true,"_links":{"self":[{"href":"https:\/\/mostebglass.com\/es\/wp-json\/wp\/v2\/product\/1032","targetHints":{"allow":["GET"]}}],"collection":[{"href":"https:\/\/mostebglass.com\/es\/wp-json\/wp\/v2\/product"}],"about":[{"href":"https:\/\/mostebglass.com\/es\/wp-json\/wp\/v2\/types\/product"}],"wp:featuredmedia":[{"embeddable":true,"href":"https:\/\/mostebglass.com\/es\/wp-json\/wp\/v2\/media\/4859"}],"wp:attachment":[{"href":"https:\/\/mostebglass.com\/es\/wp-json\/wp\/v2\/media?parent=1032"}],"wp:term":[{"taxonomy":"product_brand","embeddable":true,"href":"https:\/\/mostebglass.com\/es\/wp-json\/wp\/v2\/product_brand?post=1032"},{"taxonomy":"product_cat","embeddable":true,"href":"https:\/\/mostebglass.com\/es\/wp-json\/wp\/v2\/product_cat?post=1032"},{"taxonomy":"product_tag","embeddable":true,"href":"https:\/\/mostebglass.com\/es\/wp-json\/wp\/v2\/product_tag?post=1032"}],"curies":[{"name":"wp","href":"https:\/\/api.w.org\/{rel}","templated":true}]}}