{"id":1068,"date":"2025-08-28T15:52:49","date_gmt":"2025-08-28T07:52:49","guid":{"rendered":"https:\/\/mostebglass.com\/?post_type=product&#038;p=1068"},"modified":"2026-03-17T14:16:54","modified_gmt":"2026-03-17T06:16:54","slug":"custom-empty-car-diffuser-containers-with-hanging-rope-bulk","status":"publish","type":"product","link":"https:\/\/mostebglass.com\/es\/custom-empty-car-diffuser-containers-with-hanging-rope-bulk\/","title":{"rendered":"Contenedores difusores de coche vac\u00edos personalizados de 10ml con cuerda para colgar al por mayor"},"content":{"rendered":"<p>\u00bfBuscas difusores de coche compactos y de cristal? Este difusor colgante con cuerda tiene un toque de personalidad. Su frasco cil\u00edndrico de cristal contiene solo 10 ml de aceite esencial y se puede colgar en un lugar estrat\u00e9gico. Su frasco liso y sim\u00e9trico funciona como un peque\u00f1o estuche, mostrando los vibrantes colores de los aceites esenciales.<\/p>\n<h2>P\u0159izp\u016fsoben\u00e9 n\u00e1vrhy<\/h2>\n<ul>\n<li><strong>Compacto y port\u00e1til:<\/strong> Mini es una botella f\u00e1cil de transportar y protege la fragancia inmediata, lo que es ideal para la aromaterapia en movimiento.<\/li>\n<li><strong>Construcci\u00f3n de vidrio y madera de primera calidad:<\/strong> El vidrio transparente difunde el rico y dulce aroma del aceite, mientras que el punto de madera agrega un toque c\u00e1lido y natural.<\/li>\n<li><strong>Dise\u00f1o Easy-Lataka:<\/strong> \u00danete a un cord\u00f3n tejido para colgarlo en tu auto u otros lugares, ahorra espacio y satisface las necesidades de tu aromaterapia m\u00f3vil.<\/li>\n<\/ul>\n<h2>Caso de \u00e9xito: Del concepto al lanzamiento nacional en tan solo 6 semanas<\/h2>\n<p>Una de nuestras botellas colgantes que conten\u00edan difusor de coche fue elegida por una marca espa\u00f1ola de accesorios para autom\u00f3viles. Eligieron el tama\u00f1o peque\u00f1o, de 10ml, que est\u00e1 espec\u00edficamente dise\u00f1ado para funcionar en el entorno automotriz, e indicaron que necesitaban usar vidrio de alta claridad y fondo grueso para aumentar la durabilidad del producto y su atractivo visual. La tapa de madera se mejor\u00f3 a madera de haya donde el logotipo de la marca est\u00e1 grabado con l\u00e1ser en la superficie superior. En el caso del cord\u00f3n para colgar, se decidi\u00f3 producir un dise\u00f1o trenzado de dos tonos, con sus propios hilos de brillo met\u00e1lico mezclados con beige natural, y un sistema de nudo deslizante que permitir\u00eda al usuario ajustar de forma flexible la longitud del cord\u00f3n para colgar a sus requisitos deseados.<\/p>\n<p>Despu\u00e9s del lanzamiento oficial del producto, la marca obtuvo unas ventas impresionantes del 41 por ciento en el primer trimestre. El cliente realiz\u00f3 seis pedidos repetidos consecutivos en un per\u00edodo de un a\u00f1o.<\/p>\n<h2>\u00bfC\u00f3mo puedo personalizar los contenedores del difusor para el autom\u00f3vil?<\/h2>\n<ul>\n<li>Agregue su logotipo al vidrio mediante grabado l\u00e1ser para lograr una apariencia sofisticada y exclusiva.<\/li>\n<li>Ti\u00f1e un \u00e1mbar suave o un vidrio de color azul para complementar tu colecci\u00f3n de fragancias (por ejemplo, azul para una mezcla relajante).<\/li>\n<li>Personalice la tapa de madera de la botella con el sello de su marca o un acabado de veta de madera \u00fanico.<\/li>\n<li>Utilice vidrio esmerilado para una est\u00e9tica mate y moderna, perfecta para marcas minimalistas.<\/li>\n<\/ul>\n<p>Estas no son solo opciones. Son maneras de convertir los difusores colgantes para coche en recuerdos de marca. Al comprar difusores vac\u00edos para coche al por mayor, no solo vendes aroma, sino estilo.<\/p>","protected":false},"excerpt":{"rendered":"<p>Contenedores y botellas vac\u00edas para difusores de coche al por mayor. Vidrio cil\u00edndrico de primera calidad, dise\u00f1o elegante, precio competitivo y entrega r\u00e1pida.<\/p>","protected":false},"featured_media":4791,"template":"","meta":{"site-sidebar-layout":"default","site-content-layout":"","ast-site-content-layout":"default","site-content-style":"default","site-sidebar-style":"default","ast-global-header-display":"","ast-banner-title-visibility":"","ast-main-header-display":"","ast-hfb-above-header-display":"","ast-hfb-below-header-display":"","ast-hfb-mobile-header-display":"","site-post-title":"","ast-breadcrumbs-content":"","ast-featured-img":"","footer-sml-layout":"","theme-transparent-header-meta":"default","adv-header-id-meta":"","stick-header-meta":"","header-above-stick-meta":"","header-main-stick-meta":"","header-below-stick-meta":"","astra-migrate-meta-layouts":"set","ast-page-background-enabled":"default","ast-page-background-meta":{"desktop":{"background-color":"var(--ast-global-color-5)","background-image":"","background-repeat":"repeat","background-position":"center center","background-size":"auto","background-attachment":"scroll","background-type":"","background-media":"","overlay-type":"","overlay-color":"","overlay-opacity":"","overlay-gradient":""},"tablet":{"background-color":"","background-image":"","background-repeat":"repeat","background-position":"center center","background-size":"auto","background-attachment":"scroll","background-type":"","background-media":"","overlay-type":"","overlay-color":"","overlay-opacity":"","overlay-gradient":""},"mobile":{"background-color":"","background-image":"","background-repeat":"repeat","background-position":"center center","background-size":"auto","background-attachment":"scroll","background-type":"","background-media":"","overlay-type":"","overlay-color":"","overlay-opacity":"","overlay-gradient":""}},"ast-content-background-meta":{"desktop":{"background-color":"var(--ast-global-color-4)","background-image":"","background-repeat":"repeat","background-position":"center center","background-size":"auto","background-attachment":"scroll","background-type":"","background-media":"","overlay-type":"","overlay-color":"","overlay-opacity":"","overlay-gradient":""},"tablet":{"background-color":"var(--ast-global-color-4)","background-image":"","background-repeat":"repeat","background-position":"center center","background-size":"auto","background-attachment":"scroll","background-type":"","background-media":"","overlay-type":"","overlay-color":"","overlay-opacity":"","overlay-gradient":""},"mobile":{"background-color":"var(--ast-global-color-4)","background-image":"","background-repeat":"repeat","background-position":"center center","background-size":"auto","background-attachment":"scroll","background-type":"","background-media":"","overlay-type":"","overlay-color":"","overlay-opacity":"","overlay-gradient":""}}},"product_brand":[],"product_cat":[54],"product_tag":[],"class_list":{"0":"post-1068","1":"product","2":"type-product","3":"status-publish","4":"has-post-thumbnail","6":"product_cat-reed-diffuser-bottles","7":"desktop-align-left","8":"tablet-align-left","9":"mobile-align-left","11":"first","12":"instock","13":"shipping-taxable","14":"product-type-simple"},"jetpack_sharing_enabled":true,"_links":{"self":[{"href":"https:\/\/mostebglass.com\/es\/wp-json\/wp\/v2\/product\/1068","targetHints":{"allow":["GET"]}}],"collection":[{"href":"https:\/\/mostebglass.com\/es\/wp-json\/wp\/v2\/product"}],"about":[{"href":"https:\/\/mostebglass.com\/es\/wp-json\/wp\/v2\/types\/product"}],"wp:featuredmedia":[{"embeddable":true,"href":"https:\/\/mostebglass.com\/es\/wp-json\/wp\/v2\/media\/4791"}],"wp:attachment":[{"href":"https:\/\/mostebglass.com\/es\/wp-json\/wp\/v2\/media?parent=1068"}],"wp:term":[{"taxonomy":"product_brand","embeddable":true,"href":"https:\/\/mostebglass.com\/es\/wp-json\/wp\/v2\/product_brand?post=1068"},{"taxonomy":"product_cat","embeddable":true,"href":"https:\/\/mostebglass.com\/es\/wp-json\/wp\/v2\/product_cat?post=1068"},{"taxonomy":"product_tag","embeddable":true,"href":"https:\/\/mostebglass.com\/es\/wp-json\/wp\/v2\/product_tag?post=1068"}],"curies":[{"name":"wp","href":"https:\/\/api.w.org\/{rel}","templated":true}]}}