{"id":1093,"date":"2025-08-29T10:29:29","date_gmt":"2025-08-29T02:29:29","guid":{"rendered":"https:\/\/mostebglass.com\/?post_type=product&#038;p=1093"},"modified":"2026-04-09T13:34:12","modified_gmt":"2026-04-09T05:34:12","slug":"recipientes-para-velas-de-cristal-transparente-de-140-ml-315-ml-con-opciones-personalizadas","status":"publish","type":"product","link":"https:\/\/mostebglass.com\/es\/140ml-315ml-clear-glass-candle-containers-with-custom-options\/","title":{"rendered":"Recipientes de vidrio transparente redondos para velas de 140 ml a 315 ml con opciones personalizadas"},"content":{"rendered":"<p style=\"text-align: left;\">\u00bfBusca candelabros que combinen elegancia atemporal con durabilidad moderna? Nuestros recipientes de vidrio para velas est\u00e1n dise\u00f1ados con vidrio de alta calidad, ofreciendo una opci\u00f3n ideal para envasar velas, perfecta para la decoraci\u00f3n del hogar, bodas o colecciones de velas de lujo. Disponibles en tama\u00f1os de 140 ml a 315 ml y con opciones adaptables, le permiten elegir la vela perfecta para sus compras al por mayor.<\/p>\n<h2>Caracter\u00edsticas de los productos para potenciar tu marca<\/h2>\n<p><strong>Base redonda para mayor estabilidad<\/strong><\/p>\n<p>Los candelabros Clear Vote cuentan con una base gruesa (73\u201390 mm de altura) y bordes redondeados y suaves, lo que garantiza que su vela de vidrio permanezca recta sobre la mesa del contenedor o durante el env\u00edo de velas a granel.<\/p>\n<p><strong>Transparencia de la caba\u00f1a de cristal para un atractivo visual<\/strong><\/p>\n<p>Las velas transparentes realzan la luz de las velas en frasco y muestran colores de cera vibrantes, lo que hace que estos recipientes para velas sean perfectos para l\u00edneas de velas de lujo o decoraci\u00f3n del hogar.<\/p>\n<p><strong>opciones de belleza adaptables<\/strong><\/p>\n<p>Elija entre vidrio transparente o tintado (ahumado, \u00e1mbar, esmerilado) y un logotipo envejecido con l\u00e1ser o un efecto de escudo para seleccionar envases de velas que se alineen con la identidad de su marca.<\/p>\n<h2>Especificaciones clave<\/h2>\n<table style=\"border-collapse: collapse; width: 80%; margin-left: auto; margin-right: auto;\" border=\"0\" width=\"288\" cellspacing=\"0\" cellpadding=\"0\">\n<tbody>\n<tr style=\"height: 13.50pt;\">\n<td style=\"height: 13.50pt; width: 54.00pt;\" width=\"72\" height=\"18\">Caracter\u00edstica<\/td>\n<td class=\"et2\" style=\"width: 162pt; text-align: center;\" colspan=\"3\" width=\"216\">Detalles<\/td>\n<\/tr>\n<tr style=\"height: 13.50pt;\">\n<td style=\"height: 13.50pt;\" height=\"18\">Peso<\/td>\n<td style=\"text-align: center;\">130 g<\/td>\n<td style=\"text-align: center;\">160 g<\/td>\n<td style=\"text-align: center;\">250 g<\/td>\n<\/tr>\n<tr style=\"height: 13.50pt;\">\n<td style=\"height: 13.50pt;\" height=\"18\">Capacidad<\/td>\n<td style=\"text-align: center;\">140 ml<\/td>\n<td style=\"text-align: center;\">210 ml<\/td>\n<td style=\"text-align: center;\">315 ml<\/td>\n<\/tr>\n<tr style=\"height: 13.50pt;\">\n<td style=\"height: 13.50pt;\" height=\"18\">Dimensiones<\/td>\n<td style=\"text-align: center;\">62 x 57 x 73 mm<\/td>\n<td style=\"text-align: center;\">70 x 65 x 78 mm<\/td>\n<td style=\"text-align: center;\">81x76x90 mm<\/td>\n<\/tr>\n<tr style=\"height: 13.50pt;\">\n<td style=\"height: 13.50pt;\" height=\"18\">Opciones de color<\/td>\n<td class=\"et2\" style=\"text-align: center;\" colspan=\"3\">Transparente\/tintado<\/td>\n<\/tr>\n<tr style=\"height: 13.50pt;\">\n<td style=\"height: 13.50pt;\" height=\"18\">Compatibilidad de la tapa<\/td>\n<td class=\"et2\" style=\"text-align: center;\" colspan=\"3\">Opcional<\/td>\n<\/tr>\n<\/tbody>\n<\/table>\n<h2>Opciones de adaptaci\u00f3n<\/h2>\n<ol>\n<li><strong>Grabado l\u00e1ser: <\/strong>A\u00f1ade un distintivo de marca discreto al tarro de la vela, permitiendo a los vendedores y compradores mayoristas elegir un embalaje discreto.<\/li>\n<li><strong>Juego de productos a granel Stabil:<\/strong> Los candelabros transparentes para velas de votaci\u00f3n est\u00e1n dise\u00f1ados para apilarse unos dentro de otros, lo que optimiza el almacenamiento de velas al por mayor.<\/li>\n<li><strong>Vidrio grueso de plum\u00f3n:<\/strong> El suelo grueso proporciona estabilidad y previene accidentes durante la combusti\u00f3n.<\/li>\n<\/ol>","protected":false},"excerpt":{"rendered":"<p>\u00a1Potencia tu marca con recipientes de vidrio para velas y candelabros transparentes! Empaques de alta calidad a precios competitivos. Colores y tama\u00f1os personalizados para pedidos al por mayor y en grandes cantidades.<\/p>","protected":false},"featured_media":1097,"template":"","meta":{"site-sidebar-layout":"default","site-content-layout":"","ast-site-content-layout":"default","site-content-style":"default","site-sidebar-style":"default","ast-global-header-display":"","ast-banner-title-visibility":"","ast-main-header-display":"","ast-hfb-above-header-display":"","ast-hfb-below-header-display":"","ast-hfb-mobile-header-display":"","site-post-title":"","ast-breadcrumbs-content":"","ast-featured-img":"","footer-sml-layout":"","theme-transparent-header-meta":"default","adv-header-id-meta":"","stick-header-meta":"","header-above-stick-meta":"","header-main-stick-meta":"","header-below-stick-meta":"","astra-migrate-meta-layouts":"set","ast-page-background-enabled":"default","ast-page-background-meta":{"desktop":{"background-color":"var(--ast-global-color-5)","background-image":"","background-repeat":"repeat","background-position":"center center","background-size":"auto","background-attachment":"scroll","background-type":"","background-media":"","overlay-type":"","overlay-color":"","overlay-opacity":"","overlay-gradient":""},"tablet":{"background-color":"","background-image":"","background-repeat":"repeat","background-position":"center center","background-size":"auto","background-attachment":"scroll","background-type":"","background-media":"","overlay-type":"","overlay-color":"","overlay-opacity":"","overlay-gradient":""},"mobile":{"background-color":"","background-image":"","background-repeat":"repeat","background-position":"center center","background-size":"auto","background-attachment":"scroll","background-type":"","background-media":"","overlay-type":"","overlay-color":"","overlay-opacity":"","overlay-gradient":""}},"ast-content-background-meta":{"desktop":{"background-color":"var(--ast-global-color-4)","background-image":"","background-repeat":"repeat","background-position":"center center","background-size":"auto","background-attachment":"scroll","background-type":"","background-media":"","overlay-type":"","overlay-color":"","overlay-opacity":"","overlay-gradient":""},"tablet":{"background-color":"var(--ast-global-color-4)","background-image":"","background-repeat":"repeat","background-position":"center center","background-size":"auto","background-attachment":"scroll","background-type":"","background-media":"","overlay-type":"","overlay-color":"","overlay-opacity":"","overlay-gradient":""},"mobile":{"background-color":"var(--ast-global-color-4)","background-image":"","background-repeat":"repeat","background-position":"center center","background-size":"auto","background-attachment":"scroll","background-type":"","background-media":"","overlay-type":"","overlay-color":"","overlay-opacity":"","overlay-gradient":""}}},"product_brand":[],"product_cat":[28,21],"product_tag":[],"class_list":{"0":"post-1093","1":"product","2":"type-product","3":"status-publish","4":"has-post-thumbnail","6":"product_cat-glass-candle-jars","7":"product_cat-product","8":"desktop-align-left","9":"tablet-align-left","10":"mobile-align-left","12":"first","13":"instock","14":"shipping-taxable","15":"product-type-simple"},"jetpack_sharing_enabled":true,"_links":{"self":[{"href":"https:\/\/mostebglass.com\/es\/wp-json\/wp\/v2\/product\/1093","targetHints":{"allow":["GET"]}}],"collection":[{"href":"https:\/\/mostebglass.com\/es\/wp-json\/wp\/v2\/product"}],"about":[{"href":"https:\/\/mostebglass.com\/es\/wp-json\/wp\/v2\/types\/product"}],"wp:featuredmedia":[{"embeddable":true,"href":"https:\/\/mostebglass.com\/es\/wp-json\/wp\/v2\/media\/1097"}],"wp:attachment":[{"href":"https:\/\/mostebglass.com\/es\/wp-json\/wp\/v2\/media?parent=1093"}],"wp:term":[{"taxonomy":"product_brand","embeddable":true,"href":"https:\/\/mostebglass.com\/es\/wp-json\/wp\/v2\/product_brand?post=1093"},{"taxonomy":"product_cat","embeddable":true,"href":"https:\/\/mostebglass.com\/es\/wp-json\/wp\/v2\/product_cat?post=1093"},{"taxonomy":"product_tag","embeddable":true,"href":"https:\/\/mostebglass.com\/es\/wp-json\/wp\/v2\/product_tag?post=1093"}],"curies":[{"name":"wp","href":"https:\/\/api.w.org\/{rel}","templated":true}]}}