{"id":1100,"date":"2025-08-29T11:10:50","date_gmt":"2025-08-29T03:10:50","guid":{"rendered":"https:\/\/mostebglass.com\/?post_type=product&#038;p=1100"},"modified":"2026-03-19T16:41:38","modified_gmt":"2026-03-19T08:41:38","slug":"oil-diffuser-bottles-with-flat-square-shape-wholesale","status":"publish","type":"product","link":"https:\/\/mostebglass.com\/es\/oil-diffuser-bottles-with-flat-square-shape-wholesale\/","title":{"rendered":"Botellas difusoras de aceite de 200 ml y 350 ml con forma cuadrada plana al por mayor"},"content":{"rendered":"<p>Este modelo de botella difusora de aceites esenciales est\u00e1 fabricada con vidrio de primera calidad. Su dise\u00f1o plano y cuadrado es elegante, con un cuello corto y una boca redondeada est\u00e1ndar para facilitar la infusi\u00f3n de aceites esenciales. Adem\u00e1s, combina a la perfecci\u00f3n con un difusor de varillas.<\/p>\n<h2>P\u0159izp\u016fsoben\u00e9 n\u00e1vrhy<\/h2>\n<ul>\n<li><strong>Dise\u00f1o plano y cuadrado:<\/strong> Su perfil delgado ahorra espacio y luce elegante en cualquier estante.<\/li>\n<li><strong>Vidrio de alta calidad:<\/strong> Utilizamos vidrio grueso y transparente para una experiencia rica y duradera que protege eficazmente sus aceites esenciales.<\/li>\n<li><strong>Sencillo y vers\u00e1til:<\/strong> Su superficie lisa y redondeada, junto con su dise\u00f1o minimalista, complementan cualquier estilo de hogar.<\/li>\n<\/ul>\n<h2>Una verdadera historia de \u00e9xito.<\/h2>\n<p>Una marca estaba lanzando una nueva l\u00ednea de productos de fragancias para el hogar. Necesitaba un difusor que fuera a la vez elegante y econ\u00f3mico. Tras probar varios estilos de frasco, eligieron este difusor de vidrio de 100 ml por su dise\u00f1o limpio y durabilidad. Para proteger los aceites esenciales sensibles a la luz, lo adaptaron con un suave color \u00e1mbar. Con un inserto rojo negro y una etiqueta minimalista, el producto final luce realmente pr\u00e9mium. En tres meses, sus pedidos al por mayor se duplicaron: a los minoristas les encant\u00f3 c\u00f3mo luc\u00eda el difusor en el estante.<\/p>\n<h2>Consejos de personalizaci\u00f3n<\/h2>\n<ul>\n<li>Prueba con vidrios de colores: ve m\u00e1s all\u00e1 de la transparencia. El \u00e1mbar, el azul cobalto o el ahumado a\u00f1aden un toque de elegancia gris y protegen los aceites esenciales de los rayos UV.<\/li>\n<li>Acabado Frustaded Finishing: un aspecto mate grabado que proporciona una sensaci\u00f3n suave, similar a la de un spa.<\/li>\n<li>Amplia gama de opciones para el cuello: f\u00e1cil llenado y ajuste de los haces de ca\u00f1as decorativas.<\/li>\n<li>Grabado personalizado: Su logotipo o dise\u00f1o se graba directamente en el cristal.<\/li>\n<\/ul>\n<p>Estos peque\u00f1os detalles pueden convertir un simple difusor de luz en una pieza distintiva. Al comprar difusores al por mayor, incluso los cambios m\u00e1s peque\u00f1os pueden generar un gran impacto en tu marca.<\/p>","protected":false},"excerpt":{"rendered":"<p>Frascos difusores y botellas para aceites esenciales al por mayor. Vidrio liso, plano y cuadrado. Pedidos al por mayor, personalizaci\u00f3n OEM, precios de f\u00e1brica, entrega r\u00e1pida, muestras gratuitas.<\/p>","protected":false},"featured_media":4826,"template":"","meta":{"site-sidebar-layout":"default","site-content-layout":"","ast-site-content-layout":"default","site-content-style":"default","site-sidebar-style":"default","ast-global-header-display":"","ast-banner-title-visibility":"","ast-main-header-display":"","ast-hfb-above-header-display":"","ast-hfb-below-header-display":"","ast-hfb-mobile-header-display":"","site-post-title":"","ast-breadcrumbs-content":"","ast-featured-img":"","footer-sml-layout":"","theme-transparent-header-meta":"default","adv-header-id-meta":"","stick-header-meta":"","header-above-stick-meta":"","header-main-stick-meta":"","header-below-stick-meta":"","astra-migrate-meta-layouts":"set","ast-page-background-enabled":"default","ast-page-background-meta":{"desktop":{"background-color":"var(--ast-global-color-5)","background-image":"","background-repeat":"repeat","background-position":"center center","background-size":"auto","background-attachment":"scroll","background-type":"","background-media":"","overlay-type":"","overlay-color":"","overlay-opacity":"","overlay-gradient":""},"tablet":{"background-color":"","background-image":"","background-repeat":"repeat","background-position":"center center","background-size":"auto","background-attachment":"scroll","background-type":"","background-media":"","overlay-type":"","overlay-color":"","overlay-opacity":"","overlay-gradient":""},"mobile":{"background-color":"","background-image":"","background-repeat":"repeat","background-position":"center center","background-size":"auto","background-attachment":"scroll","background-type":"","background-media":"","overlay-type":"","overlay-color":"","overlay-opacity":"","overlay-gradient":""}},"ast-content-background-meta":{"desktop":{"background-color":"var(--ast-global-color-4)","background-image":"","background-repeat":"repeat","background-position":"center center","background-size":"auto","background-attachment":"scroll","background-type":"","background-media":"","overlay-type":"","overlay-color":"","overlay-opacity":"","overlay-gradient":""},"tablet":{"background-color":"var(--ast-global-color-4)","background-image":"","background-repeat":"repeat","background-position":"center center","background-size":"auto","background-attachment":"scroll","background-type":"","background-media":"","overlay-type":"","overlay-color":"","overlay-opacity":"","overlay-gradient":""},"mobile":{"background-color":"var(--ast-global-color-4)","background-image":"","background-repeat":"repeat","background-position":"center center","background-size":"auto","background-attachment":"scroll","background-type":"","background-media":"","overlay-type":"","overlay-color":"","overlay-opacity":"","overlay-gradient":""}}},"product_brand":[],"product_cat":[54],"product_tag":[],"class_list":{"0":"post-1100","1":"product","2":"type-product","3":"status-publish","4":"has-post-thumbnail","6":"product_cat-reed-diffuser-bottles","7":"desktop-align-left","8":"tablet-align-left","9":"mobile-align-left","11":"first","12":"instock","13":"shipping-taxable","14":"product-type-simple"},"jetpack_sharing_enabled":true,"_links":{"self":[{"href":"https:\/\/mostebglass.com\/es\/wp-json\/wp\/v2\/product\/1100","targetHints":{"allow":["GET"]}}],"collection":[{"href":"https:\/\/mostebglass.com\/es\/wp-json\/wp\/v2\/product"}],"about":[{"href":"https:\/\/mostebglass.com\/es\/wp-json\/wp\/v2\/types\/product"}],"wp:featuredmedia":[{"embeddable":true,"href":"https:\/\/mostebglass.com\/es\/wp-json\/wp\/v2\/media\/4826"}],"wp:attachment":[{"href":"https:\/\/mostebglass.com\/es\/wp-json\/wp\/v2\/media?parent=1100"}],"wp:term":[{"taxonomy":"product_brand","embeddable":true,"href":"https:\/\/mostebglass.com\/es\/wp-json\/wp\/v2\/product_brand?post=1100"},{"taxonomy":"product_cat","embeddable":true,"href":"https:\/\/mostebglass.com\/es\/wp-json\/wp\/v2\/product_cat?post=1100"},{"taxonomy":"product_tag","embeddable":true,"href":"https:\/\/mostebglass.com\/es\/wp-json\/wp\/v2\/product_tag?post=1100"}],"curies":[{"name":"wp","href":"https:\/\/api.w.org\/{rel}","templated":true}]}}