{"id":1123,"date":"2025-08-29T15:10:16","date_gmt":"2025-08-29T07:10:16","guid":{"rendered":"https:\/\/mostebglass.com\/?post_type=product&#038;p=1123"},"modified":"2026-03-20T14:02:22","modified_gmt":"2026-03-20T06:02:22","slug":"unique-diffuser-bottles-with-chinese-knot-design-bulk","status":"publish","type":"product","link":"https:\/\/mostebglass.com\/es\/unique-diffuser-bottles-with-chinese-knot-design-bulk\/","title":{"rendered":"Botellas difusoras \u00fanicas de 120 ml y 250 ml con dise\u00f1o de nudo chino (venta al por mayor)"},"content":{"rendered":"<p>Este no es solo un bonito frasco difusor, sino una obra de arte que huele bien. No son simples recipientes comunes; son frascos difusores \u00fanicos con forma de nudo chino, un prestigioso s\u00edmbolo de buena suerte.<\/p>\n<h2>P\u0159izp\u016fsoben\u00e9 n\u00e1vrhy<\/h2>\n<ul>\n<li><strong>Nudo chino en relieve:<\/strong> La botella est\u00e1 decorada con un patr\u00f3n de nudos chinos, heredando s\u00edmbolos tradicionales y fusionando el producto con la herencia cultural y una est\u00e9tica oriental.<\/li>\n<li><strong>Material transparente:<\/strong> El vidrio altamente transparente revela claramente el interior, mientras que el patr\u00f3n en relieve crea un contraste entre lo virtual y lo real, creando una rica superposici\u00f3n visual.<\/li>\n<li><strong>Forma \u00fanica y reconocible:<\/strong> Rompiendo con las formas convencionales de las botellas, la silueta del nudo chino crea diferenciaci\u00f3n, combinando funciones decorativas y pr\u00e1cticas.<\/li>\n<\/ul>\n<h2>Caso de \u00e9xito<\/h2>\n<p>Una de las marcas de fragancias australianas eligi\u00f3 nuestro difusor de nuevo dise\u00f1o y cre\u00f3 su propia colecci\u00f3n de fragancias orientales con el frasco. Los patrones en relieve del frasco se perfeccionaron y se les aplic\u00f3 un acabado esmerilado semitransparente personalizado para lograr profundidad visual. Este producto se combin\u00f3 con una tapa de aluminio negro mate y varillas de rat\u00e1n natural de 3,5 mm hechas a medida (dise\u00f1adas para asegurar una difusi\u00f3n uniforme). El resultado final fue un equilibrio perfecto entre expresi\u00f3n art\u00edstica y funcionalidad.<\/p>\n<p>Las ventas de esta colecci\u00f3n aumentaron aproximadamente un 47% en tan solo tres meses tras su lanzamiento. Adem\u00e1s, la marca realiz\u00f3 dos pedidos de reposici\u00f3n al por mayor durante el segundo trimestre, convirtiendo esta l\u00ednea en uno de sus productos estrella m\u00e1s vendidos.<\/p>\n<h2>Personalizaci\u00f3n de botellas de aromaterapia<\/h2>\n<p>\u00bfQuieres crear tus propias botellas difusoras \u00fanicas? Empieza por el cristal:<\/p>\n<ul>\n<li>Colorea el vidrio: prueba con un color degradado, que se difumine desde una base oscura hasta una parte superior transparente, o prueba con verde esmeralda, rojo rub\u00ed o dorado \u00e1mbar para lograr un tono festivo o espec\u00edfico de la marca.<\/li>\n<li>Alivio m\u00e1s profundo: agregue profundidad al relieve para lograr un toque m\u00e1s audaz y con m\u00e1s textura.<\/li>\n<li>Nudos m\u00e1s peque\u00f1os o m\u00e1s grandes: ajuste la escala del patr\u00f3n para envolver m\u00e1s o menos alrededor del cuello.<\/li>\n<li>Cuerpo mate, m\u00e1stil brillante: los acabados contrastantes hacen que la obra de arte se destaque.<\/li>\n<\/ul>\n<p>Estos ingeniosos dise\u00f1os convierten las bonitas botellas difusoras en piezas exclusivas. Al comprar al por mayor, cada pieza tiene un valor a\u00f1adido.<\/p>","protected":false},"excerpt":{"rendered":"<p>Botellas difusoras \u00fanicas con dise\u00f1o de nudo chino. Preciosas botellas difusoras para pedidos al por mayor, muestras gratis, entrega r\u00e1pida y empaquetado de aroma premium.<\/p>","protected":false},"featured_media":4841,"template":"","meta":{"site-sidebar-layout":"default","site-content-layout":"","ast-site-content-layout":"default","site-content-style":"default","site-sidebar-style":"default","ast-global-header-display":"","ast-banner-title-visibility":"","ast-main-header-display":"","ast-hfb-above-header-display":"","ast-hfb-below-header-display":"","ast-hfb-mobile-header-display":"","site-post-title":"","ast-breadcrumbs-content":"","ast-featured-img":"","footer-sml-layout":"","theme-transparent-header-meta":"default","adv-header-id-meta":"","stick-header-meta":"","header-above-stick-meta":"","header-main-stick-meta":"","header-below-stick-meta":"","astra-migrate-meta-layouts":"set","ast-page-background-enabled":"default","ast-page-background-meta":{"desktop":{"background-color":"var(--ast-global-color-5)","background-image":"","background-repeat":"repeat","background-position":"center center","background-size":"auto","background-attachment":"scroll","background-type":"","background-media":"","overlay-type":"","overlay-color":"","overlay-opacity":"","overlay-gradient":""},"tablet":{"background-color":"","background-image":"","background-repeat":"repeat","background-position":"center center","background-size":"auto","background-attachment":"scroll","background-type":"","background-media":"","overlay-type":"","overlay-color":"","overlay-opacity":"","overlay-gradient":""},"mobile":{"background-color":"","background-image":"","background-repeat":"repeat","background-position":"center center","background-size":"auto","background-attachment":"scroll","background-type":"","background-media":"","overlay-type":"","overlay-color":"","overlay-opacity":"","overlay-gradient":""}},"ast-content-background-meta":{"desktop":{"background-color":"var(--ast-global-color-4)","background-image":"","background-repeat":"repeat","background-position":"center center","background-size":"auto","background-attachment":"scroll","background-type":"","background-media":"","overlay-type":"","overlay-color":"","overlay-opacity":"","overlay-gradient":""},"tablet":{"background-color":"var(--ast-global-color-4)","background-image":"","background-repeat":"repeat","background-position":"center center","background-size":"auto","background-attachment":"scroll","background-type":"","background-media":"","overlay-type":"","overlay-color":"","overlay-opacity":"","overlay-gradient":""},"mobile":{"background-color":"var(--ast-global-color-4)","background-image":"","background-repeat":"repeat","background-position":"center center","background-size":"auto","background-attachment":"scroll","background-type":"","background-media":"","overlay-type":"","overlay-color":"","overlay-opacity":"","overlay-gradient":""}}},"product_brand":[],"product_cat":[54],"product_tag":[],"class_list":{"0":"post-1123","1":"product","2":"type-product","3":"status-publish","4":"has-post-thumbnail","6":"product_cat-reed-diffuser-bottles","7":"desktop-align-left","8":"tablet-align-left","9":"mobile-align-left","11":"first","12":"instock","13":"shipping-taxable","14":"product-type-simple"},"jetpack_sharing_enabled":true,"_links":{"self":[{"href":"https:\/\/mostebglass.com\/es\/wp-json\/wp\/v2\/product\/1123","targetHints":{"allow":["GET"]}}],"collection":[{"href":"https:\/\/mostebglass.com\/es\/wp-json\/wp\/v2\/product"}],"about":[{"href":"https:\/\/mostebglass.com\/es\/wp-json\/wp\/v2\/types\/product"}],"wp:featuredmedia":[{"embeddable":true,"href":"https:\/\/mostebglass.com\/es\/wp-json\/wp\/v2\/media\/4841"}],"wp:attachment":[{"href":"https:\/\/mostebglass.com\/es\/wp-json\/wp\/v2\/media?parent=1123"}],"wp:term":[{"taxonomy":"product_brand","embeddable":true,"href":"https:\/\/mostebglass.com\/es\/wp-json\/wp\/v2\/product_brand?post=1123"},{"taxonomy":"product_cat","embeddable":true,"href":"https:\/\/mostebglass.com\/es\/wp-json\/wp\/v2\/product_cat?post=1123"},{"taxonomy":"product_tag","embeddable":true,"href":"https:\/\/mostebglass.com\/es\/wp-json\/wp\/v2\/product_tag?post=1123"}],"curies":[{"name":"wp","href":"https:\/\/api.w.org\/{rel}","templated":true}]}}