{"id":1129,"date":"2025-08-29T15:39:21","date_gmt":"2025-08-29T07:39:21","guid":{"rendered":"https:\/\/mostebglass.com\/?post_type=product&#038;p=1129"},"modified":"2026-03-17T13:38:07","modified_gmt":"2026-03-17T05:38:07","slug":"scent-diffuser-bottles-with-four-petal-flower-base-wholesale","status":"publish","type":"product","link":"https:\/\/mostebglass.com\/es\/scent-diffuser-bottles-with-four-petal-flower-base-wholesale\/","title":{"rendered":"Botellas difusoras de aroma de 200 ml con base de flor de cuatro p\u00e9talos (venta al por mayor)"},"content":{"rendered":"<p>Vznikaj\u00edc\u00ed zna\u010dka parf\u00e9m\u016f se cht\u011bla odli\u0161it na p\u0159epln\u011bn\u00e9m trhu. Testoval \u010dtvercov\u00e9 i \u0161estihrann\u00e9 flakony, ale nikdo nebyl konkr\u00e9tn\u00ed. Proto pou\u017eili tento neblah\u00fd tvar kv\u011btiny. Zachoval \u010dir\u00e9 sklo, aby zd\u016fraznil svou jedine\u010dnou siluetu. P\u0159\u00edrodn\u00ed jaz\u00fd\u010dek a jednoduch\u00fd uz\u00e1v\u011br vytv\u00e1\u0159ej\u00ed modern\u00ed, dekorativn\u00ed tvar. Z\u00e1kazn\u00edci si toho v\u0161imli. Nazvali to \u201eroztomil\u00fdm, ani\u017e by to bylo d\u011btinsk\u00e9\u201c a \u201ejednoduch\u00fdm, ale nezapomenuteln\u00fdm\u201c. Prodejci za\u010dali b\u011bhem n\u011bkolika t\u00fddn\u016f opakovan\u011b objedn\u00e1vat. Flakon se stal tv\u00e1\u0159\u00ed jeho zna\u010dky.<\/p>\n<h2>P\u0159izp\u016fsoben\u00e9 n\u00e1vrhy<\/h2>\n<ul>\n<li><strong>Vyzkou\u0161ejte t\u00f3novan\u00e9 sklo \u2013 pro jemnou levandulovou, mo\u0159skou zelenou nebo jemnou barevnou paletu pou\u017eijte horkou tv\u00e1\u0159enku.<\/strong> Hlubok\u00fd okv\u011btn\u00ed l\u00edstek se zmen\u0161uje \u2013 samostatn\u00e9 prohlubn\u011b nebo zvln\u011bn\u00ed p\u0159i p\u0159id\u00e1v\u00e1n\u00ed hloubky na ka\u017ed\u00e9m okv\u011btn\u00edm l\u00edstku.<\/li>\n<li><strong>Siln\u011bj\u0161\u00ed sklen\u011bn\u00e9 st\u011bny \u2013 zvy\u0161uj\u00ed odolnost a dod\u00e1vaj\u00ed mu pevn\u011bj\u0161\u00ed vzhled.<\/strong> D\u00edky t\u011bmto zm\u011bn\u00e1m se oby\u010dejn\u00e1 sklen\u011bn\u00e1 lahvi\u010dka s difuz\u00e9rem st\u00e1v\u00e1 ikonou zna\u010dky. P\u0159i velkoobchodn\u00edm n\u00e1kupu lahvi\u010dek s difuz\u00e9rem se po\u010d\u00edt\u00e1 na ka\u017ed\u00e9m detailu.<\/li>\n<li><strong>Dise\u00f1o del m\u00e1stil:<\/strong> El cuello abierto, redondo y roscado de la botella ofrece una estructura clara y es f\u00e1cil de llenar con l\u00edquido arom\u00e1tico o aceites esenciales.<\/li>\n<\/ul>\n<h2>C\u00f3mo una marca crea una imagen distintiva<\/h2>\n<p>Nuestras botellas difusoras de 200 ml, de forma \u00fanica, fueron elegidas por una marca de estilo de vida del Reino Unido. Para personalizarlas, el cliente propuso una gama de tapones multicolores \u2014con diferentes acabados como morado lavanda, verde oscuro y texturas de m\u00e1rmol\u2014 para diferenciar sus distintas fragancias. En su lugar, optaron por etiquetas transparentes removibles impresas con un m\u00ednimo de texto, de modo que el protagonismo visual recayera en el dise\u00f1o exclusivo de la botella. Tambi\u00e9n encargaron varillas difusoras de fibra blanca de menor longitud, fabricadas a medida.<\/p>\n<p>La serie registr\u00f3 un crecimiento del 27 por ciento en las ventas en tienda durante el primer trimestre tras su lanzamiento. El cliente realiz\u00f3 cinco pedidos de reposici\u00f3n consecutivos en tan solo diez meses debido a los constantes pedidos de los minoristas.<\/p>\n<h2>Sugerencias personalizadas<\/h2>\n<ul>\n<li>Prueba con vidrio tintado: prueba con un rubor intenso para un lavanda suave, un verde mar o una paleta de colores suaves.<\/li>\n<li>El p\u00e9talo profundo disminuye: se forman hendiduras u ondulaciones separadas al agregar profundidad en cada p\u00e9talo.<\/li>\n<li>Paredes de vidrio m\u00e1s gruesas: aumentan la durabilidad y le dan una sensaci\u00f3n m\u00e1s s\u00f3lida.<\/li>\n<\/ul>\n<p>Estos cambios transforman una botella difusora de vidrio com\u00fan en un icono de marca. Al comprar botellas difusoras al por mayor, cada detalle cuenta.<\/p>","protected":false},"excerpt":{"rendered":"<p data-pm-slice=\"1 1 []\">Elegantes frascos difusores de aromas con dise\u00f1o floral. Frasco difusor transparente para pedidos al por mayor, con muestras gratuitas, ideal para soluciones de envasado de fragancias de alta gama.<\/p>","protected":false},"featured_media":4789,"template":"","meta":{"site-sidebar-layout":"default","site-content-layout":"","ast-site-content-layout":"default","site-content-style":"default","site-sidebar-style":"default","ast-global-header-display":"","ast-banner-title-visibility":"","ast-main-header-display":"","ast-hfb-above-header-display":"","ast-hfb-below-header-display":"","ast-hfb-mobile-header-display":"","site-post-title":"","ast-breadcrumbs-content":"","ast-featured-img":"","footer-sml-layout":"","theme-transparent-header-meta":"default","adv-header-id-meta":"","stick-header-meta":"","header-above-stick-meta":"","header-main-stick-meta":"","header-below-stick-meta":"","astra-migrate-meta-layouts":"set","ast-page-background-enabled":"default","ast-page-background-meta":{"desktop":{"background-color":"var(--ast-global-color-5)","background-image":"","background-repeat":"repeat","background-position":"center center","background-size":"auto","background-attachment":"scroll","background-type":"","background-media":"","overlay-type":"","overlay-color":"","overlay-opacity":"","overlay-gradient":""},"tablet":{"background-color":"","background-image":"","background-repeat":"repeat","background-position":"center center","background-size":"auto","background-attachment":"scroll","background-type":"","background-media":"","overlay-type":"","overlay-color":"","overlay-opacity":"","overlay-gradient":""},"mobile":{"background-color":"","background-image":"","background-repeat":"repeat","background-position":"center center","background-size":"auto","background-attachment":"scroll","background-type":"","background-media":"","overlay-type":"","overlay-color":"","overlay-opacity":"","overlay-gradient":""}},"ast-content-background-meta":{"desktop":{"background-color":"var(--ast-global-color-4)","background-image":"","background-repeat":"repeat","background-position":"center center","background-size":"auto","background-attachment":"scroll","background-type":"","background-media":"","overlay-type":"","overlay-color":"","overlay-opacity":"","overlay-gradient":""},"tablet":{"background-color":"var(--ast-global-color-4)","background-image":"","background-repeat":"repeat","background-position":"center center","background-size":"auto","background-attachment":"scroll","background-type":"","background-media":"","overlay-type":"","overlay-color":"","overlay-opacity":"","overlay-gradient":""},"mobile":{"background-color":"var(--ast-global-color-4)","background-image":"","background-repeat":"repeat","background-position":"center center","background-size":"auto","background-attachment":"scroll","background-type":"","background-media":"","overlay-type":"","overlay-color":"","overlay-opacity":"","overlay-gradient":""}}},"product_brand":[],"product_cat":[54],"product_tag":[],"class_list":{"0":"post-1129","1":"product","2":"type-product","3":"status-publish","4":"has-post-thumbnail","6":"product_cat-reed-diffuser-bottles","7":"desktop-align-left","8":"tablet-align-left","9":"mobile-align-left","11":"first","12":"instock","13":"shipping-taxable","14":"product-type-simple"},"jetpack_sharing_enabled":true,"_links":{"self":[{"href":"https:\/\/mostebglass.com\/es\/wp-json\/wp\/v2\/product\/1129","targetHints":{"allow":["GET"]}}],"collection":[{"href":"https:\/\/mostebglass.com\/es\/wp-json\/wp\/v2\/product"}],"about":[{"href":"https:\/\/mostebglass.com\/es\/wp-json\/wp\/v2\/types\/product"}],"wp:featuredmedia":[{"embeddable":true,"href":"https:\/\/mostebglass.com\/es\/wp-json\/wp\/v2\/media\/4789"}],"wp:attachment":[{"href":"https:\/\/mostebglass.com\/es\/wp-json\/wp\/v2\/media?parent=1129"}],"wp:term":[{"taxonomy":"product_brand","embeddable":true,"href":"https:\/\/mostebglass.com\/es\/wp-json\/wp\/v2\/product_brand?post=1129"},{"taxonomy":"product_cat","embeddable":true,"href":"https:\/\/mostebglass.com\/es\/wp-json\/wp\/v2\/product_cat?post=1129"},{"taxonomy":"product_tag","embeddable":true,"href":"https:\/\/mostebglass.com\/es\/wp-json\/wp\/v2\/product_tag?post=1129"}],"curies":[{"name":"wp","href":"https:\/\/api.w.org\/{rel}","templated":true}]}}