{"id":1406,"date":"2025-09-09T12:04:32","date_gmt":"2025-09-09T04:04:32","guid":{"rendered":"https:\/\/mostebglass.com\/?post_type=product&#038;p=1406"},"modified":"2026-03-10T13:54:34","modified_gmt":"2026-03-10T05:54:34","slug":"green-glass-vases-with-vertical-stripes-bulk","status":"publish","type":"product","link":"https:\/\/mostebglass.com\/es\/green-glass-vases-with-vertical-stripes-bulk\/","title":{"rendered":"Jarrones de vidrio verde con rayas verticales a granel"},"content":{"rendered":"<p>Es un jarr\u00f3n de vidrio con un fino patr\u00f3n acanalado de color verde claro y disponible en tres formas muy bonitas: calabaza, cono y cil\u00edndrico. Su boca estrecha y acampanada facilita la colocaci\u00f3n de flores.<\/p>\n<h2>Caracter\u00edsticas del producto<\/h2>\n<ul>\n<li><strong>Hay tres formas:<\/strong> Seleccione una hermosa calabaza, un cono contempor\u00e1neo o un cilindro antiguo que se adapte a su estilo de decoraci\u00f3n.<\/li>\n<li><strong>Tinte verde suave y estr\u00edas:<\/strong> Color verde suave y p\u00e1lido y bonitas estr\u00edas, que tienen un borde vertical, hacen la superficie y dan el aspecto arcaico.<\/li>\n<li><strong>Base estable y plana:<\/strong> Los jarrones est\u00e1n fabricados con fondo plano para garantizar la estabilidad de cualquier tipo de superficie.<\/li>\n<\/ul>\n<h2>Especificaciones clave<\/h2>\n<table style=\"border-collapse: collapse; width: 80%; margin-left: auto; margin-right: auto;\" border=\"0\" width=\"288\" cellspacing=\"0\" cellpadding=\"0\">\n<tbody>\n<tr style=\"height: 13.50pt;\">\n<td style=\"height: 13.5pt; width: 54pt; text-align: center;\" width=\"72\" height=\"18\">Estilo<\/td>\n<td style=\"width: 54pt; text-align: center;\" width=\"72\">Tama\u00f1o<\/td>\n<td style=\"width: 54pt; text-align: center;\" width=\"72\">Material<\/td>\n<td style=\"width: 54pt; text-align: center;\" width=\"72\">Opciones de color<\/td>\n<\/tr>\n<tr style=\"height: 13.50pt;\">\n<td style=\"height: 13.5pt; text-align: center;\" height=\"18\">Jarr\u00f3n alto<\/td>\n<td style=\"text-align: center;\">68 x 110 x 35 mm<\/td>\n<td class=\"et2\" style=\"text-align: center;\" rowspan=\"3\">Vaso<\/td>\n<td class=\"et2\" style=\"text-align: center;\" rowspan=\"3\">Transparente, gris, verde, rosa, personalizado<\/td>\n<\/tr>\n<tr style=\"height: 13.50pt;\">\n<td style=\"height: 13.5pt; text-align: center;\" height=\"18\">Jarr\u00f3n redondo<\/td>\n<td style=\"text-align: center;\">70 x 120 x 40 mm<\/td>\n<\/tr>\n<tr style=\"height: 13.50pt;\">\n<td style=\"height: 13.5pt; text-align: center;\" height=\"18\">Jarr\u00f3n ovalado<\/td>\n<td style=\"text-align: center;\">106 x 90 x 40 mm<\/td>\n<\/tr>\n<\/tbody>\n<\/table>\n<h2>Historia de \u00e9xito<\/h2>\n<p>Uno de nuestros clientes es una importante cadena de tiendas de muebles para el hogar que encarg\u00f3 nuestro juego de jarrones texturizados verde salvia, compuesto por 5000 piezas de cada dise\u00f1o. Las ventas promedio de este conjunto de jarrones aumentaron un 40 %. La forma de la base del jarr\u00f3n se mantuvo estable durante la entrega en tienda, sin roturas, y la tasa de exposici\u00f3n fue del 99,9 %. La enorme popularidad de la cadena result\u00f3 en un nuevo env\u00edo de 1,2 millones de jarrones para mantener la demanda en todas las tiendas durante las dos temporadas navide\u00f1as.<\/p>\n<h2>Ideas de personalizaci\u00f3n para ti<\/h2>\n<ol>\n<li><strong>Variaciones de textura acanalada:<\/strong> Patr\u00f3n de nervaduras verticales o Rishi en color rosa para un atractivo jarr\u00f3n moderno.<\/li>\n<li><strong>Conjunto de colores de temporada:<\/strong> Ofrecemos juegos de jarrones de mesa en tonos azules y blancos para bodas de verano o rosas para la decoraci\u00f3n de la casa en primavera.<\/li>\n<li><strong>Iniciales monogramadas:<\/strong> A\u00f1ade microesferas de oro en el borde de los jarrones de vidrio para regalar en sets individuales. La mesa transforma el jarr\u00f3n en un elegante jarr\u00f3n para bodas o eventos corporativos, ideal para pedidos de jarrones de flores al por mayor.<\/li>\n<\/ol>","protected":false},"excerpt":{"rendered":"<p>Colecci\u00f3n de jarrones decorativos de vidrio con formas de calabaza, cono y cilindro. Los jarrones de mesa con textura realzan la decoraci\u00f3n moderna del hogar. Env\u00edo r\u00e1pido para pedidos al por mayor.<\/p>","protected":false},"featured_media":1416,"template":"","meta":{"site-sidebar-layout":"default","site-content-layout":"","ast-site-content-layout":"default","site-content-style":"default","site-sidebar-style":"default","ast-global-header-display":"","ast-banner-title-visibility":"","ast-main-header-display":"","ast-hfb-above-header-display":"","ast-hfb-below-header-display":"","ast-hfb-mobile-header-display":"","site-post-title":"","ast-breadcrumbs-content":"","ast-featured-img":"","footer-sml-layout":"","theme-transparent-header-meta":"default","adv-header-id-meta":"","stick-header-meta":"","header-above-stick-meta":"","header-main-stick-meta":"","header-below-stick-meta":"","astra-migrate-meta-layouts":"set","ast-page-background-enabled":"default","ast-page-background-meta":{"desktop":{"background-color":"var(--ast-global-color-5)","background-image":"","background-repeat":"repeat","background-position":"center center","background-size":"auto","background-attachment":"scroll","background-type":"","background-media":"","overlay-type":"","overlay-color":"","overlay-opacity":"","overlay-gradient":""},"tablet":{"background-color":"","background-image":"","background-repeat":"repeat","background-position":"center center","background-size":"auto","background-attachment":"scroll","background-type":"","background-media":"","overlay-type":"","overlay-color":"","overlay-opacity":"","overlay-gradient":""},"mobile":{"background-color":"","background-image":"","background-repeat":"repeat","background-position":"center center","background-size":"auto","background-attachment":"scroll","background-type":"","background-media":"","overlay-type":"","overlay-color":"","overlay-opacity":"","overlay-gradient":""}},"ast-content-background-meta":{"desktop":{"background-color":"var(--ast-global-color-4)","background-image":"","background-repeat":"repeat","background-position":"center center","background-size":"auto","background-attachment":"scroll","background-type":"","background-media":"","overlay-type":"","overlay-color":"","overlay-opacity":"","overlay-gradient":""},"tablet":{"background-color":"var(--ast-global-color-4)","background-image":"","background-repeat":"repeat","background-position":"center center","background-size":"auto","background-attachment":"scroll","background-type":"","background-media":"","overlay-type":"","overlay-color":"","overlay-opacity":"","overlay-gradient":""},"mobile":{"background-color":"var(--ast-global-color-4)","background-image":"","background-repeat":"repeat","background-position":"center center","background-size":"auto","background-attachment":"scroll","background-type":"","background-media":"","overlay-type":"","overlay-color":"","overlay-opacity":"","overlay-gradient":""}}},"product_brand":[],"product_cat":[57,21],"product_tag":[],"class_list":{"0":"post-1406","1":"product","2":"type-product","3":"status-publish","4":"has-post-thumbnail","6":"product_cat-glass-vases","7":"product_cat-product","8":"desktop-align-left","9":"tablet-align-left","10":"mobile-align-left","12":"first","13":"instock","14":"shipping-taxable","15":"product-type-simple"},"jetpack_sharing_enabled":true,"_links":{"self":[{"href":"https:\/\/mostebglass.com\/es\/wp-json\/wp\/v2\/product\/1406","targetHints":{"allow":["GET"]}}],"collection":[{"href":"https:\/\/mostebglass.com\/es\/wp-json\/wp\/v2\/product"}],"about":[{"href":"https:\/\/mostebglass.com\/es\/wp-json\/wp\/v2\/types\/product"}],"wp:featuredmedia":[{"embeddable":true,"href":"https:\/\/mostebglass.com\/es\/wp-json\/wp\/v2\/media\/1416"}],"wp:attachment":[{"href":"https:\/\/mostebglass.com\/es\/wp-json\/wp\/v2\/media?parent=1406"}],"wp:term":[{"taxonomy":"product_brand","embeddable":true,"href":"https:\/\/mostebglass.com\/es\/wp-json\/wp\/v2\/product_brand?post=1406"},{"taxonomy":"product_cat","embeddable":true,"href":"https:\/\/mostebglass.com\/es\/wp-json\/wp\/v2\/product_cat?post=1406"},{"taxonomy":"product_tag","embeddable":true,"href":"https:\/\/mostebglass.com\/es\/wp-json\/wp\/v2\/product_tag?post=1406"}],"curies":[{"name":"wp","href":"https:\/\/api.w.org\/{rel}","templated":true}]}}