{"id":1523,"date":"2025-09-09T16:20:01","date_gmt":"2025-09-09T08:20:01","guid":{"rendered":"https:\/\/mostebglass.com\/?post_type=product&#038;p=1523"},"modified":"2026-03-23T14:03:42","modified_gmt":"2026-03-23T06:03:42","slug":"mayorista-jarrones-de-cristal-para-flores-con-elegante-efecto-ondulado","status":"publish","type":"product","link":"https:\/\/mostebglass.com\/es\/wholesale-glass-flower-vases-with-stylish-ripple-effect\/","title":{"rendered":"Jarrones de cristal con efecto ondulado al por mayor"},"content":{"rendered":"<p>Estos floreros de vidrio tienen una forma especial de ondas y est\u00e1n hechos de vidrio transparente. Son multiusos, con un cuerpo corto y achaparrado y un cuello delgado, ideales para exhibir flores individuales o arreglos peque\u00f1os.<\/p>\n<h2>P\u0159izp\u016fsoben\u00e9 n\u00e1vrhy<\/h2>\n<ul>\n<li><strong>Patr\u00f3n ondulado:<\/strong> Incluso cuando est\u00e1 vac\u00eda, la superficie ondulada capta la luz y a\u00f1ade profundidad visual.<\/li>\n<li><strong>Cuello estrecho y boca estrecha:<\/strong> Perfecto para flores individuales o ramos densos, agrega un toque de artesan\u00eda a su arreglo floral.<\/li>\n<li><strong>Vidrio transparente de primera calidad:<\/strong> El vidrio grueso y duradero se siente de alta calidad y es irrompible.<\/li>\n<\/ul>\n<h2>Especificaciones clave<\/h2>\n<table style=\"border-collapse: collapse; margin-left: auto; margin-right: auto; width: 485.27pt;\" border=\"0\" width=\"647\" cellspacing=\"0\" cellpadding=\"0\">\n<tbody>\n<tr style=\"height: 13.50pt;\">\n<td style=\"height: 13.50pt; width: 107.25pt;\" width=\"143\" height=\"18\">Caracter\u00edstica<\/td>\n<td style=\"width: 378.00pt;\" width=\"504\">Especificaci\u00f3n<\/td>\n<\/tr>\n<tr style=\"height: 13.50pt;\">\n<td style=\"height: 13.50pt;\" height=\"18\">Altura<\/td>\n<td>130 mm<\/td>\n<\/tr>\n<tr style=\"height: 13.50pt;\">\n<td style=\"height: 13.50pt;\" height=\"18\">Di\u00e1metro de la base<\/td>\n<td>110 mm<\/td>\n<\/tr>\n<tr style=\"height: 13.50pt;\">\n<td style=\"height: 13.50pt;\" height=\"18\">Estilo de cuello<\/td>\n<td>Delgado, c\u00f3nico<\/td>\n<\/tr>\n<tr style=\"height: 13.50pt;\">\n<td style=\"height: 13.50pt;\" height=\"18\">Apertura de la boca<\/td>\n<td>Peque\u00f1o (amigable con los cogollos)<\/td>\n<\/tr>\n<tr style=\"height: 13.50pt;\">\n<td style=\"height: 13.50pt;\" height=\"18\">Material<\/td>\n<td>Vidrio de alta calidad<\/td>\n<\/tr>\n<tr style=\"height: 13.50pt;\">\n<td style=\"height: 13.50pt;\" height=\"18\">Finalizar<\/td>\n<td>Texturizado (patr\u00f3n de ondas)<\/td>\n<\/tr>\n<tr style=\"height: 13.50pt;\">\n<td style=\"height: 13.50pt;\" height=\"18\">Opciones de color<\/td>\n<td>Tinte transparente o personalizado<\/td>\n<\/tr>\n<tr style=\"height: 13.50pt;\">\n<td style=\"height: 13.50pt;\" height=\"18\">Ideal para<\/td>\n<td>Jarrones, arreglos florales, decoraci\u00f3n del hogar, exhibiciones de macetas.<\/td>\n<\/tr>\n<\/tbody>\n<\/table>\n<h2>Historia de \u00e9xito<\/h2>\n<p>Nuestro peque\u00f1o jarr\u00f3n, de perfil bajo y textura discreta, se convirti\u00f3 en parte de una marca de estilo de vida n\u00f3rdico. Lo personalizamos para que combinara con la est\u00e9tica natural de la marca: sustituimos el material original, que era vidrio transparente, por uno mucho m\u00e1s transl\u00facido de tono c\u00e1lido, que facilita sostener un tallo recto sin que se incline; redise\u00f1amos la textura del cuerpo del jarr\u00f3n con un patr\u00f3n ondulado ligeramente irregular y fino, que le da la apariencia de un objeto artesanal; y modificamos el \u00e1ngulo del borde para que fuera f\u00e1cil colocar un solo tallo en posici\u00f3n vertical sin que se inclinara.<\/p>\n<p>Seis semanas despu\u00e9s de su lanzamiento, el producto registr\u00f3 un crecimiento de ventas de aproximadamente el 49 por ciento. Tras agotarse el primer lote, se realizaron dos pedidos m\u00e1s, convirti\u00e9ndose en un producto b\u00e1sico de alta rotaci\u00f3n que deb\u00eda reponerse peri\u00f3dicamente en los puntos de venta.<\/p>\n<h2>\u00bfC\u00f3mo personalizar tus jarrones de flores?<\/h2>\n<ul>\n<li>Ajuste la profundidad de las ondas: las ondas m\u00e1s profundas agregan dramatismo y mantienen las cosas m\u00e1s claras suaves.<\/li>\n<li>Ti\u00f1e el vidrio: el gris ahumado crea una elegancia melanc\u00f3lica, mientras que el verde suave brinda una experiencia natural.<\/li>\n<li>Ajuste la longitud del cuello: las personas m\u00e1s largas hacen juegos, mientras que las personas peque\u00f1as son m\u00e1s adecuadas para lugares peque\u00f1os.<\/li>\n<\/ul>\n<p>Estos no son solo un simple toque, pueden convertir simples recipientes de vidrio en decoraciones ic\u00f3nicas para el hogar.<\/p>","protected":false},"excerpt":{"rendered":"<p data-pm-slice=\"1 1 []\">Elegantes floreros de vidrio de alta transparencia. Los floreros de vidrio texturizado con relieve ondulado aportan un toque vintage a la decoraci\u00f3n moderna del hogar. Muestras gratuitas.<\/p>","protected":false},"featured_media":4869,"template":"","meta":{"site-sidebar-layout":"default","site-content-layout":"","ast-site-content-layout":"default","site-content-style":"default","site-sidebar-style":"default","ast-global-header-display":"","ast-banner-title-visibility":"","ast-main-header-display":"","ast-hfb-above-header-display":"","ast-hfb-below-header-display":"","ast-hfb-mobile-header-display":"","site-post-title":"","ast-breadcrumbs-content":"","ast-featured-img":"","footer-sml-layout":"","theme-transparent-header-meta":"default","adv-header-id-meta":"","stick-header-meta":"","header-above-stick-meta":"","header-main-stick-meta":"","header-below-stick-meta":"","astra-migrate-meta-layouts":"set","ast-page-background-enabled":"default","ast-page-background-meta":{"desktop":{"background-color":"var(--ast-global-color-5)","background-image":"","background-repeat":"repeat","background-position":"center center","background-size":"auto","background-attachment":"scroll","background-type":"","background-media":"","overlay-type":"","overlay-color":"","overlay-opacity":"","overlay-gradient":""},"tablet":{"background-color":"","background-image":"","background-repeat":"repeat","background-position":"center center","background-size":"auto","background-attachment":"scroll","background-type":"","background-media":"","overlay-type":"","overlay-color":"","overlay-opacity":"","overlay-gradient":""},"mobile":{"background-color":"","background-image":"","background-repeat":"repeat","background-position":"center center","background-size":"auto","background-attachment":"scroll","background-type":"","background-media":"","overlay-type":"","overlay-color":"","overlay-opacity":"","overlay-gradient":""}},"ast-content-background-meta":{"desktop":{"background-color":"var(--ast-global-color-4)","background-image":"","background-repeat":"repeat","background-position":"center center","background-size":"auto","background-attachment":"scroll","background-type":"","background-media":"","overlay-type":"","overlay-color":"","overlay-opacity":"","overlay-gradient":""},"tablet":{"background-color":"var(--ast-global-color-4)","background-image":"","background-repeat":"repeat","background-position":"center center","background-size":"auto","background-attachment":"scroll","background-type":"","background-media":"","overlay-type":"","overlay-color":"","overlay-opacity":"","overlay-gradient":""},"mobile":{"background-color":"var(--ast-global-color-4)","background-image":"","background-repeat":"repeat","background-position":"center center","background-size":"auto","background-attachment":"scroll","background-type":"","background-media":"","overlay-type":"","overlay-color":"","overlay-opacity":"","overlay-gradient":""}}},"product_brand":[],"product_cat":[57,21],"product_tag":[],"class_list":{"0":"post-1523","1":"product","2":"type-product","3":"status-publish","4":"has-post-thumbnail","6":"product_cat-glass-vases","7":"product_cat-product","8":"desktop-align-left","9":"tablet-align-left","10":"mobile-align-left","12":"first","13":"instock","14":"shipping-taxable","15":"product-type-simple"},"jetpack_sharing_enabled":true,"_links":{"self":[{"href":"https:\/\/mostebglass.com\/es\/wp-json\/wp\/v2\/product\/1523","targetHints":{"allow":["GET"]}}],"collection":[{"href":"https:\/\/mostebglass.com\/es\/wp-json\/wp\/v2\/product"}],"about":[{"href":"https:\/\/mostebglass.com\/es\/wp-json\/wp\/v2\/types\/product"}],"wp:featuredmedia":[{"embeddable":true,"href":"https:\/\/mostebglass.com\/es\/wp-json\/wp\/v2\/media\/4869"}],"wp:attachment":[{"href":"https:\/\/mostebglass.com\/es\/wp-json\/wp\/v2\/media?parent=1523"}],"wp:term":[{"taxonomy":"product_brand","embeddable":true,"href":"https:\/\/mostebglass.com\/es\/wp-json\/wp\/v2\/product_brand?post=1523"},{"taxonomy":"product_cat","embeddable":true,"href":"https:\/\/mostebglass.com\/es\/wp-json\/wp\/v2\/product_cat?post=1523"},{"taxonomy":"product_tag","embeddable":true,"href":"https:\/\/mostebglass.com\/es\/wp-json\/wp\/v2\/product_tag?post=1523"}],"curies":[{"name":"wp","href":"https:\/\/api.w.org\/{rel}","templated":true}]}}