{"id":1621,"date":"2025-09-11T11:39:16","date_gmt":"2025-09-11T03:39:16","guid":{"rendered":"https:\/\/mostebglass.com\/?post_type=product&#038;p=1621"},"modified":"2026-03-10T14:22:20","modified_gmt":"2026-03-10T06:22:20","slug":"clear-flower-bud-vases-with-thick-base-bulk","status":"publish","type":"product","link":"https:\/\/mostebglass.com\/es\/clear-flower-bud-vases-with-thick-base-bulk\/","title":{"rendered":"Jarrones transparentes con base gruesa a granel"},"content":{"rendered":"<p>Estos jarrones con flores tienen un dise\u00f1o limpio y suave y est\u00e1n disponibles en tres formas diferentes: redonda, trapezoidal y esf\u00e9rica, hechas de vidrio transparente con un fondo resistente y engrosado.<\/p>\n<h2>P\u0159izp\u016fsoben\u00e9 n\u00e1vrhy<\/h2>\n<ul>\n<li><strong>Material de vidrio de alta transparencia:<\/strong> Est\u00e1 hecho de vidrio transparente de alta pureza, que tiene un alto nivel de claridad y presenta la vista de las flores o el l\u00edquido en el interior en un patr\u00f3n ligero y aireado.<\/li>\n<li><strong>Varias formas:<\/strong> Hay tres formas diferentes: redondeada y robusta, trapezoidal y redondeada, y se pueden usar individualmente o juntas para adaptarse a una amplia variedad de requisitos de decoraci\u00f3n de espacios.<\/li>\n<li><strong>Dise\u00f1o de base engrosada:<\/strong> Esto se mejora para proporcionar estabilidad a la botella, adem\u00e1s, tambi\u00e9n se mejora la textura y la durabilidad de la botella.<\/li>\n<\/ul>\n<h2><strong data-spm-anchor-id=\"5176.28103460.0.i16.29ab2e31arMQTt\">Especificaciones clave<\/strong><\/h2>\n<table style=\"border-collapse: collapse; width: 80%; margin-left: auto; margin-right: auto;\" border=\"0\" width=\"216\" cellspacing=\"0\" cellpadding=\"0\">\n<tbody>\n<tr style=\"height: 13.50pt;\">\n<td style=\"height: 13.5pt; width: 54pt; text-align: center;\" width=\"72\" height=\"18\">Estilo<\/td>\n<td style=\"width: 54pt; text-align: center;\" width=\"72\">Dimensiones<\/td>\n<td style=\"width: 54pt; text-align: center;\" width=\"72\">Opciones de color<\/td>\n<\/tr>\n<tr style=\"height: 13.50pt;\">\n<td style=\"height: 13.5pt; text-align: center;\" height=\"18\">Jarr\u00f3n de barriga peque\u00f1a<\/td>\n<td style=\"text-align: center;\">50 x 68 x 28 mm<\/td>\n<td class=\"et2\" style=\"text-align: center;\" rowspan=\"3\">Borrar o personalizado<\/td>\n<\/tr>\n<tr style=\"height: 13.50pt;\">\n<td style=\"height: 13.5pt; text-align: center;\" height=\"18\">Jarr\u00f3n de yurta mediano<\/td>\n<td style=\"text-align: center;\">70 x 76 x 33 mm<\/td>\n<\/tr>\n<tr style=\"height: 13.50pt;\">\n<td style=\"height: 13.5pt; text-align: center;\" height=\"18\">Jarr\u00f3n de vientre grande<\/td>\n<td style=\"text-align: center;\">67 x 100 x 45 mm<\/td>\n<\/tr>\n<\/tbody>\n<\/table>\n<h2>Caso de \u00e9xito: Estandarizaci\u00f3n de una cadena hotelera multinacional<\/h2>\n<p>Una cadena hotelera internacional encarg\u00f3 nuestro juego de tres jarrones de vidrio transparente, con un pedido de 20.000 unidades al mismo tiempo. La s\u00f3lida base minimiz\u00f3 la destrucci\u00f3n de la limpieza diaria en un 95 %. El cuerpo transparente combina con cualquier estilo de decoraci\u00f3n, reduciendo el uso de otras marcas en un 70 %. El hotel qued\u00f3 m\u00e1s que satisfecho y realiz\u00f3 un pedido adicional de 500.000 jarrones para realizar renovaciones y ampliaciones en los pr\u00f3ximos 10 a\u00f1os.<\/p>\n<h2>Alternativas de personalizaci\u00f3n masiva de jarrones de vidrio<\/h2>\n<ul>\n<li>Detalles de la base: Agregar un anillo o bisel ligeramente empotrado en la parte inferior de la base con peso resulta m\u00e1s atractivo para el dise\u00f1o.<\/li>\n<li>Variaciones del m\u00e1stil: Se realizan cambios menores en el m\u00e1stil alto o ensanchado de los m\u00e1stiles de distintas formas para brindarles diferentes niveles de soporte del v\u00e1stago.<\/li>\n<li>Opciones de montaje: Deber\u00eda poder tener m\u00e1s opciones en nuestro cat\u00e1logo donde los clientes puedan personalizar un conjunto de tres piezas.<\/li>\n<\/ul>","protected":false},"excerpt":{"rendered":"<p>Jarrones transparentes con capullos de flores, elaborados en vidrio transparente con base gruesa. Jarrones de vidrio resistentes, ideales para florister\u00edas y decoraci\u00f3n de eventos. Env\u00edo r\u00e1pido.<\/p>","protected":false},"featured_media":1623,"template":"","meta":{"site-sidebar-layout":"default","site-content-layout":"","ast-site-content-layout":"default","site-content-style":"default","site-sidebar-style":"default","ast-global-header-display":"","ast-banner-title-visibility":"","ast-main-header-display":"","ast-hfb-above-header-display":"","ast-hfb-below-header-display":"","ast-hfb-mobile-header-display":"","site-post-title":"","ast-breadcrumbs-content":"","ast-featured-img":"","footer-sml-layout":"","theme-transparent-header-meta":"default","adv-header-id-meta":"","stick-header-meta":"","header-above-stick-meta":"","header-main-stick-meta":"","header-below-stick-meta":"","astra-migrate-meta-layouts":"set","ast-page-background-enabled":"default","ast-page-background-meta":{"desktop":{"background-color":"var(--ast-global-color-5)","background-image":"","background-repeat":"repeat","background-position":"center center","background-size":"auto","background-attachment":"scroll","background-type":"","background-media":"","overlay-type":"","overlay-color":"","overlay-opacity":"","overlay-gradient":""},"tablet":{"background-color":"","background-image":"","background-repeat":"repeat","background-position":"center center","background-size":"auto","background-attachment":"scroll","background-type":"","background-media":"","overlay-type":"","overlay-color":"","overlay-opacity":"","overlay-gradient":""},"mobile":{"background-color":"","background-image":"","background-repeat":"repeat","background-position":"center center","background-size":"auto","background-attachment":"scroll","background-type":"","background-media":"","overlay-type":"","overlay-color":"","overlay-opacity":"","overlay-gradient":""}},"ast-content-background-meta":{"desktop":{"background-color":"var(--ast-global-color-4)","background-image":"","background-repeat":"repeat","background-position":"center center","background-size":"auto","background-attachment":"scroll","background-type":"","background-media":"","overlay-type":"","overlay-color":"","overlay-opacity":"","overlay-gradient":""},"tablet":{"background-color":"var(--ast-global-color-4)","background-image":"","background-repeat":"repeat","background-position":"center center","background-size":"auto","background-attachment":"scroll","background-type":"","background-media":"","overlay-type":"","overlay-color":"","overlay-opacity":"","overlay-gradient":""},"mobile":{"background-color":"var(--ast-global-color-4)","background-image":"","background-repeat":"repeat","background-position":"center center","background-size":"auto","background-attachment":"scroll","background-type":"","background-media":"","overlay-type":"","overlay-color":"","overlay-opacity":"","overlay-gradient":""}}},"product_brand":[],"product_cat":[57,21],"product_tag":[],"class_list":{"0":"post-1621","1":"product","2":"type-product","3":"status-publish","4":"has-post-thumbnail","6":"product_cat-glass-vases","7":"product_cat-product","8":"desktop-align-left","9":"tablet-align-left","10":"mobile-align-left","12":"first","13":"instock","14":"shipping-taxable","15":"product-type-simple"},"jetpack_sharing_enabled":true,"_links":{"self":[{"href":"https:\/\/mostebglass.com\/es\/wp-json\/wp\/v2\/product\/1621","targetHints":{"allow":["GET"]}}],"collection":[{"href":"https:\/\/mostebglass.com\/es\/wp-json\/wp\/v2\/product"}],"about":[{"href":"https:\/\/mostebglass.com\/es\/wp-json\/wp\/v2\/types\/product"}],"wp:featuredmedia":[{"embeddable":true,"href":"https:\/\/mostebglass.com\/es\/wp-json\/wp\/v2\/media\/1623"}],"wp:attachment":[{"href":"https:\/\/mostebglass.com\/es\/wp-json\/wp\/v2\/media?parent=1621"}],"wp:term":[{"taxonomy":"product_brand","embeddable":true,"href":"https:\/\/mostebglass.com\/es\/wp-json\/wp\/v2\/product_brand?post=1621"},{"taxonomy":"product_cat","embeddable":true,"href":"https:\/\/mostebglass.com\/es\/wp-json\/wp\/v2\/product_cat?post=1621"},{"taxonomy":"product_tag","embeddable":true,"href":"https:\/\/mostebglass.com\/es\/wp-json\/wp\/v2\/product_tag?post=1621"}],"curies":[{"name":"wp","href":"https:\/\/api.w.org\/{rel}","templated":true}]}}