{"id":1839,"date":"2025-09-16T17:21:12","date_gmt":"2025-09-16T09:21:12","guid":{"rendered":"https:\/\/mostebglass.com\/?post_type=product&#038;p=1839"},"modified":"2026-03-10T15:14:15","modified_gmt":"2026-03-10T07:14:15","slug":"clear-embossed-glass-bud-vases-bulk","status":"publish","type":"product","link":"https:\/\/mostebglass.com\/es\/clear-embossed-glass-bud-vases-bulk\/","title":{"rendered":"Jarrones de vidrio transparente con relieve a granel"},"content":{"rendered":"<p>Estos jarrones de cristal est\u00e1n decorados con llamativos dise\u00f1os en relieve geom\u00e9trico, como acolchado de diamantes y ranuras verticales, y est\u00e1n disponibles en tres estilos, lo que produce un efecto espectacular.<\/p>\n<h2>Caracter\u00edsticas del producto<\/h2>\n<ul>\n<li><strong>Dise\u00f1os generosamente trabajados a mano:<\/strong> Los tres dise\u00f1os de relieve distintivos proporcionan a las flores una textura fuerte, un efecto de luz y sombra y un toque antiguo.<\/li>\n<li><strong>Base fuerte y estable:<\/strong> Todos los jarrones tienen una base pesada y plana para evitar que se vuelquen, incluso cuando se coloca un ramo de flores asim\u00e9trico en la base.<\/li>\n<li><strong>M\u00e1stil elegante en forma de trompeta:<\/strong> La construcci\u00f3n del cuello es conveniente para sostener los tallos de las flores y tambi\u00e9n crea una hermosa figura.<\/li>\n<\/ul>\n<h3><strong data-spm-anchor-id=\"5176.28103460.0.i12.2fc72e31pE2N38\">Especificaciones clave<\/strong><\/h3>\n<table style=\"border-collapse: collapse; width: 80%; margin-left: auto; margin-right: auto;\" border=\"0\" width=\"288\" cellspacing=\"0\" cellpadding=\"0\">\n<tbody>\n<tr style=\"height: 13.50pt;\">\n<td style=\"height: 13.5pt; width: 54pt; text-align: center;\" width=\"72\" height=\"18\">Estilo<\/td>\n<td style=\"width: 54pt; text-align: center;\" width=\"72\">Dimensiones<\/td>\n<td style=\"width: 54pt; text-align: center;\" width=\"72\">Material<\/td>\n<td style=\"width: 54pt; text-align: center;\" width=\"72\">Opciones de color<\/td>\n<\/tr>\n<tr style=\"height: 13.50pt;\">\n<td style=\"height: 13.5pt; text-align: center;\" height=\"18\">Repujado<\/td>\n<td style=\"text-align: center;\">55 x 100 x 35 mm<\/td>\n<td class=\"et2\" style=\"text-align: center;\" rowspan=\"3\">Vaso<\/td>\n<td class=\"et2\" style=\"text-align: center;\" rowspan=\"3\">Claro, personalizado<\/td>\n<\/tr>\n<tr style=\"height: 13.50pt;\">\n<td style=\"height: 13.5pt; text-align: center;\" height=\"18\">Panal<\/td>\n<td style=\"text-align: center;\">60 x 100 x 45 mm<\/td>\n<\/tr>\n<tr style=\"height: 13.50pt;\">\n<td style=\"height: 13.5pt; text-align: center;\" height=\"18\">Costilla fina<\/td>\n<td style=\"text-align: center;\">55 x 130 x 35 mm<\/td>\n<\/tr>\n<\/tbody>\n<\/table>\n<h2>Caso de \u00e9xito: Pedido masivo de un grupo hotelero de lujo<\/h2>\n<p>Nuestros jarrones peque\u00f1os de vidrio, altos y con dise\u00f1o de rombos, fueron elegidos por una reconocida cadena hotelera internacional. Estos jarrones ofrecieron una excelente relaci\u00f3n calidad-precio: se inform\u00f3 que la satisfacci\u00f3n de los hu\u00e9spedes con la apariencia de la habitaci\u00f3n aument\u00f3 un 25 %. Su aspecto uniforme y exquisito les permiti\u00f3 homogeneizar los arreglos florales en todas sus marcas, lo que redujo los gastos de proveedores en un 15 %. El grupo hotelero qued\u00f3 impresionado y, por lo tanto, realiz\u00f3 un nuevo pedido de 75\u00a0000 jarrones para adornar nuevos hoteles y renovar su inventario.<\/p>\n<h2>Personalizaci\u00f3n de jarrones de cristal<\/h2>\n<ul>\n<li>Brillo met\u00e1lico: agregue una capa muy fina de brillo met\u00e1lico (oro, cobre) a las ranuras en relieve para resaltar los detalles.<\/li>\n<li>Tama\u00f1o y proporci\u00f3n: use el mismo dise\u00f1o texturizado en jarrones m\u00e1s grandes y llamativos o en jarrones para velas de t\u00e9 m\u00e1s peque\u00f1os.<\/li>\n<li>Dise\u00f1o de cuello y boca: modifique el \u00e1ngulo de la boca, los ramos m\u00e1s claros deben tener la boca abierta, mientras que las bocas m\u00e1s estrechas deben tener la boca abierta.<\/li>\n<\/ul>","protected":false},"excerpt":{"rendered":"<p>Jarrones cl\u00e1sicos de vidrio con detalles en relieve y base estable. Juego de jarrones peque\u00f1os y vers\u00e1tiles, ideal para flores, tallos secos o detalles decorativos. Opciones personalizadas.<\/p>","protected":false},"featured_media":1840,"template":"","meta":{"site-sidebar-layout":"default","site-content-layout":"","ast-site-content-layout":"default","site-content-style":"default","site-sidebar-style":"default","ast-global-header-display":"","ast-banner-title-visibility":"","ast-main-header-display":"","ast-hfb-above-header-display":"","ast-hfb-below-header-display":"","ast-hfb-mobile-header-display":"","site-post-title":"","ast-breadcrumbs-content":"","ast-featured-img":"","footer-sml-layout":"","theme-transparent-header-meta":"default","adv-header-id-meta":"","stick-header-meta":"","header-above-stick-meta":"","header-main-stick-meta":"","header-below-stick-meta":"","astra-migrate-meta-layouts":"set","ast-page-background-enabled":"default","ast-page-background-meta":{"desktop":{"background-color":"var(--ast-global-color-5)","background-image":"","background-repeat":"repeat","background-position":"center center","background-size":"auto","background-attachment":"scroll","background-type":"","background-media":"","overlay-type":"","overlay-color":"","overlay-opacity":"","overlay-gradient":""},"tablet":{"background-color":"","background-image":"","background-repeat":"repeat","background-position":"center center","background-size":"auto","background-attachment":"scroll","background-type":"","background-media":"","overlay-type":"","overlay-color":"","overlay-opacity":"","overlay-gradient":""},"mobile":{"background-color":"","background-image":"","background-repeat":"repeat","background-position":"center center","background-size":"auto","background-attachment":"scroll","background-type":"","background-media":"","overlay-type":"","overlay-color":"","overlay-opacity":"","overlay-gradient":""}},"ast-content-background-meta":{"desktop":{"background-color":"var(--ast-global-color-4)","background-image":"","background-repeat":"repeat","background-position":"center center","background-size":"auto","background-attachment":"scroll","background-type":"","background-media":"","overlay-type":"","overlay-color":"","overlay-opacity":"","overlay-gradient":""},"tablet":{"background-color":"var(--ast-global-color-4)","background-image":"","background-repeat":"repeat","background-position":"center center","background-size":"auto","background-attachment":"scroll","background-type":"","background-media":"","overlay-type":"","overlay-color":"","overlay-opacity":"","overlay-gradient":""},"mobile":{"background-color":"var(--ast-global-color-4)","background-image":"","background-repeat":"repeat","background-position":"center center","background-size":"auto","background-attachment":"scroll","background-type":"","background-media":"","overlay-type":"","overlay-color":"","overlay-opacity":"","overlay-gradient":""}}},"product_brand":[],"product_cat":[57,21],"product_tag":[],"class_list":{"0":"post-1839","1":"product","2":"type-product","3":"status-publish","4":"has-post-thumbnail","6":"product_cat-glass-vases","7":"product_cat-product","8":"desktop-align-left","9":"tablet-align-left","10":"mobile-align-left","12":"first","13":"instock","14":"shipping-taxable","15":"product-type-simple"},"jetpack_sharing_enabled":true,"_links":{"self":[{"href":"https:\/\/mostebglass.com\/es\/wp-json\/wp\/v2\/product\/1839","targetHints":{"allow":["GET"]}}],"collection":[{"href":"https:\/\/mostebglass.com\/es\/wp-json\/wp\/v2\/product"}],"about":[{"href":"https:\/\/mostebglass.com\/es\/wp-json\/wp\/v2\/types\/product"}],"wp:featuredmedia":[{"embeddable":true,"href":"https:\/\/mostebglass.com\/es\/wp-json\/wp\/v2\/media\/1840"}],"wp:attachment":[{"href":"https:\/\/mostebglass.com\/es\/wp-json\/wp\/v2\/media?parent=1839"}],"wp:term":[{"taxonomy":"product_brand","embeddable":true,"href":"https:\/\/mostebglass.com\/es\/wp-json\/wp\/v2\/product_brand?post=1839"},{"taxonomy":"product_cat","embeddable":true,"href":"https:\/\/mostebglass.com\/es\/wp-json\/wp\/v2\/product_cat?post=1839"},{"taxonomy":"product_tag","embeddable":true,"href":"https:\/\/mostebglass.com\/es\/wp-json\/wp\/v2\/product_tag?post=1839"}],"curies":[{"name":"wp","href":"https:\/\/api.w.org\/{rel}","templated":true}]}}