{"id":2064,"date":"2025-09-18T16:55:44","date_gmt":"2025-09-18T08:55:44","guid":{"rendered":"https:\/\/mostebglass.com\/?post_type=product&#038;p=2064"},"modified":"2026-03-24T15:20:55","modified_gmt":"2026-03-24T07:20:55","slug":"unique-striped-glass-flower-vases-with-vertical-pattern-bulk","status":"publish","type":"product","link":"https:\/\/mostebglass.com\/es\/unique-striped-glass-flower-vases-with-vertical-pattern-bulk\/","title":{"rendered":"Jarrones de cristal a rayas \u00fanicos con dise\u00f1o vertical (venta al por mayor)"},"content":{"rendered":"<p>Echa un vistazo a estos jarrones \u00fanicos: transparentes con nervaduras verticales que se estrechan hasta una parte superior plisada. Disponibles en tres tama\u00f1os, a\u00f1aden textura y elegancia a tus arreglos florales.<\/p>\n<h2><strong>P\u0159izp\u016fsoben\u00e9 n\u00e1vrhy<\/strong><\/h2>\n<ul>\n<li><strong>Acanalado vertical:<\/strong> Las l\u00edneas elevadas a\u00f1aden una calidad din\u00e1mica al vidrio transparente, permitiendo que la luz se convierta en parte de la exhibici\u00f3n floral.<\/li>\n<li><strong>Parte superior plisada:<\/strong> La parte superior plisada y c\u00f3nica rompe con el estilo convencional y agrega un toque art\u00edstico y distintivo a un aspecto minimalista.<\/li>\n<li><strong>Varios tama\u00f1os:<\/strong> Tres alturas diferentes permiten flexibilidad seg\u00fan la longitud de las flores y la ubicaci\u00f3n deseada, perfecto para cualquier ocasi\u00f3n.<\/li>\n<\/ul>\n<h2>Especificaciones clave<\/h2>\n<table style=\"border-collapse: collapse; width: 535.52pt; margin-left: auto; margin-right: auto;\" border=\"0\" width=\"714\" cellspacing=\"0\" cellpadding=\"0\">\n<tbody>\n<tr style=\"height: 13.50pt;\">\n<td style=\"height: 13.5pt; width: 114pt; text-align: center;\" width=\"152\" height=\"18\">Caracter\u00edstica<\/td>\n<td style=\"width: 421.5pt; text-align: center;\" width=\"562\">Especificaci\u00f3n<\/td>\n<\/tr>\n<tr style=\"height: 13.50pt;\">\n<td style=\"height: 13.5pt; text-align: center;\" height=\"18\">Material<\/td>\n<td style=\"text-align: center;\">vidrio borosilicato<\/td>\n<\/tr>\n<tr style=\"height: 13.50pt;\">\n<td style=\"height: 13.5pt; text-align: center;\" height=\"18\">Alturas<\/td>\n<td style=\"text-align: center;\">10 cm, 15 cm, 20 cm<\/td>\n<\/tr>\n<tr style=\"height: 13.50pt;\">\n<td style=\"height: 13.5pt; text-align: center;\" height=\"18\">Di\u00e1metro de la base<\/td>\n<td style=\"text-align: center;\">9 cm (todas las tallas)<\/td>\n<\/tr>\n<tr style=\"height: 13.50pt;\">\n<td style=\"height: 13.5pt; text-align: center;\" height=\"18\">Capacidad<\/td>\n<td style=\"text-align: center;\">500 ml, 800 ml, 1200 ml<\/td>\n<\/tr>\n<tr style=\"height: 13.50pt;\">\n<td style=\"height: 13.5pt; text-align: center;\" height=\"18\">Textura<\/td>\n<td style=\"text-align: center;\">Patr\u00f3n de nervaduras verticales<\/td>\n<\/tr>\n<tr style=\"height: 13.50pt;\">\n<td style=\"height: 13.5pt; text-align: center;\" height=\"18\">Ideal para<\/td>\n<td style=\"text-align: center;\">Tallos individuales, arreglos florales, flores artificiales, exhibiciones de decoraci\u00f3n del hogar.<\/td>\n<\/tr>\n<\/tbody>\n<\/table>\n<h2>Caso de \u00e9xito<\/h2>\n<p>Nuestro jarr\u00f3n de vidrio de borosilicato de alta calidad de 800 ml fue elegido por una marca boutique de decoraci\u00f3n para el hogar con sede en Dinamarca. Se utiliz\u00f3 un proceso de moldeo para mejorar el cuerpo del jarr\u00f3n, logrando una hermosa textura superficial en forma de finas estr\u00edas verticales. Se opt\u00f3 por un elegante y sofisticado acabado degradado en gris ahumado, en lugar del cl\u00e1sico vidrio transparente. Adem\u00e1s, el dise\u00f1o permite a\u00f1adir un collar\u00edn de vidrio extra\u00edble y se completa con un sello de silicona que garantiza la sujeci\u00f3n segura de los tallos de las flores.<\/p>\n<p>Este jarr\u00f3n de edici\u00f3n especial logr\u00f3 un impresionante crecimiento del 37 % en ventas durante la temporada de su lanzamiento, gracias a la excelente acogida que tuvo en el mercado a trav\u00e9s de los canales de venta de la marca. Por ello, el cliente realiz\u00f3 dos pedidos adicionales.<\/p>\n<h2>\u00bfQuieres hacer tuyos estos jarrones?<\/h2>\n<ul>\n<li>Profundice las l\u00edneas de las costillas: h\u00e1galas m\u00e1s pronunciadas para un juego de sombras m\u00e1s fuerte.<\/li>\n<li>Agregue una banda esmerilada: acabado mate alrededor del medio para contrastar con las nervaduras brillantes.<\/li>\n<li>Arenado degradado: mate en la parte inferior que se desvanece hasta quedar transparente en la parte superior para lograr profundidad.<\/li>\n<\/ul>\n<p>Estos cambios mantienen la forma central pero le brindan un estilo distintivo en el mercado de la decoraci\u00f3n del hogar.<\/p>","protected":false},"excerpt":{"rendered":"<p data-pm-slice=\"1 1 []\">Jarrones \u00fanicos de vidrio transparente con rayas verticales y parte superior plisada. Delicados y elegantes, perfectos para la decoraci\u00f3n del hogar o para comprar jarrones \u00fanicos al por mayor. Muestra gratuita.<\/p>","protected":false},"featured_media":2080,"template":"","meta":{"site-sidebar-layout":"default","site-content-layout":"","ast-site-content-layout":"default","site-content-style":"default","site-sidebar-style":"default","ast-global-header-display":"","ast-banner-title-visibility":"","ast-main-header-display":"","ast-hfb-above-header-display":"","ast-hfb-below-header-display":"","ast-hfb-mobile-header-display":"","site-post-title":"","ast-breadcrumbs-content":"","ast-featured-img":"","footer-sml-layout":"","theme-transparent-header-meta":"default","adv-header-id-meta":"","stick-header-meta":"","header-above-stick-meta":"","header-main-stick-meta":"","header-below-stick-meta":"","astra-migrate-meta-layouts":"set","ast-page-background-enabled":"default","ast-page-background-meta":{"desktop":{"background-color":"var(--ast-global-color-5)","background-image":"","background-repeat":"repeat","background-position":"center center","background-size":"auto","background-attachment":"scroll","background-type":"","background-media":"","overlay-type":"","overlay-color":"","overlay-opacity":"","overlay-gradient":""},"tablet":{"background-color":"","background-image":"","background-repeat":"repeat","background-position":"center center","background-size":"auto","background-attachment":"scroll","background-type":"","background-media":"","overlay-type":"","overlay-color":"","overlay-opacity":"","overlay-gradient":""},"mobile":{"background-color":"","background-image":"","background-repeat":"repeat","background-position":"center center","background-size":"auto","background-attachment":"scroll","background-type":"","background-media":"","overlay-type":"","overlay-color":"","overlay-opacity":"","overlay-gradient":""}},"ast-content-background-meta":{"desktop":{"background-color":"var(--ast-global-color-4)","background-image":"","background-repeat":"repeat","background-position":"center center","background-size":"auto","background-attachment":"scroll","background-type":"","background-media":"","overlay-type":"","overlay-color":"","overlay-opacity":"","overlay-gradient":""},"tablet":{"background-color":"var(--ast-global-color-4)","background-image":"","background-repeat":"repeat","background-position":"center center","background-size":"auto","background-attachment":"scroll","background-type":"","background-media":"","overlay-type":"","overlay-color":"","overlay-opacity":"","overlay-gradient":""},"mobile":{"background-color":"var(--ast-global-color-4)","background-image":"","background-repeat":"repeat","background-position":"center center","background-size":"auto","background-attachment":"scroll","background-type":"","background-media":"","overlay-type":"","overlay-color":"","overlay-opacity":"","overlay-gradient":""}}},"product_brand":[],"product_cat":[57,21],"product_tag":[],"class_list":{"0":"post-2064","1":"product","2":"type-product","3":"status-publish","4":"has-post-thumbnail","6":"product_cat-glass-vases","7":"product_cat-product","8":"desktop-align-left","9":"tablet-align-left","10":"mobile-align-left","12":"first","13":"instock","14":"shipping-taxable","15":"product-type-simple"},"jetpack_sharing_enabled":true,"_links":{"self":[{"href":"https:\/\/mostebglass.com\/es\/wp-json\/wp\/v2\/product\/2064","targetHints":{"allow":["GET"]}}],"collection":[{"href":"https:\/\/mostebglass.com\/es\/wp-json\/wp\/v2\/product"}],"about":[{"href":"https:\/\/mostebglass.com\/es\/wp-json\/wp\/v2\/types\/product"}],"wp:featuredmedia":[{"embeddable":true,"href":"https:\/\/mostebglass.com\/es\/wp-json\/wp\/v2\/media\/2080"}],"wp:attachment":[{"href":"https:\/\/mostebglass.com\/es\/wp-json\/wp\/v2\/media?parent=2064"}],"wp:term":[{"taxonomy":"product_brand","embeddable":true,"href":"https:\/\/mostebglass.com\/es\/wp-json\/wp\/v2\/product_brand?post=2064"},{"taxonomy":"product_cat","embeddable":true,"href":"https:\/\/mostebglass.com\/es\/wp-json\/wp\/v2\/product_cat?post=2064"},{"taxonomy":"product_tag","embeddable":true,"href":"https:\/\/mostebglass.com\/es\/wp-json\/wp\/v2\/product_tag?post=2064"}],"curies":[{"name":"wp","href":"https:\/\/api.w.org\/{rel}","templated":true}]}}